{"id":7722,"date":"2025-05-07T09:16:55","date_gmt":"2025-05-07T15:16:55","guid":{"rendered":"https:\/\/prodekinc.com\/?post_type=product&#038;p=7722"},"modified":"2025-05-07T09:20:39","modified_gmt":"2025-05-07T15:20:39","slug":"steinfurth-nicolab","status":"publish","type":"product","link":"https:\/\/prodekinc.com\/es\/producto\/steinfurth-nicolab\/","title":{"rendered":"Steinfurth NICOlab"},"content":{"rendered":"","protected":false},"excerpt":{"rendered":"<p>An\u00e1lisis de Bebidas.<\/p>\n<ul>\n<li>El analizador de CO2 NICOlab combina tecnolog\u00eda de vanguardia y controles para ofrecer lo mejor en medici\u00f3n de di\u00f3xido de carbono.<\/li>\n<li>Tanto el sabor como la vida \u00fatil se ven influenciados por la cantidad de CO2 disuelto en las bebidas. Por lo tanto, es vital que los fabricantes de bebidas tengan total confianza en su capacidad de medici\u00f3n de CO2.<\/li>\n<li>El analizador NICOlab CO2 ofrece una preparaci\u00f3n y medici\u00f3n de muestras totalmente autom\u00e1ticas e independientes del usuario. Proporciona un m\u00e9todo de medici\u00f3n preciso y confiable para un monitoreo diagn\u00f3stico concluyente del contenido de CO2 en el paquete.<\/li>\n<li>Pruebas no destructivas basadas en l\u00e1ser.<\/li>\n<li>Con nuestra tecnolog\u00eda de medici\u00f3n patentada basada en l\u00e1ser, el NICOlab opera independientemente de los par\u00e1metros relacionados con el envase y el di\u00e1metro del espacio de cabeza.<\/li>\n<li>Ofreci\u00e9ndole una soluci\u00f3n de prueba no invasiva y no destructiva, nuestro analizador de CO2 reduce el desperdicio de productos y envases, \u00a1una excelente noticia para el medio ambiente y los resultados financieros de su organizaci\u00f3n!<\/li>\n<\/ul>\n<p>&nbsp;<\/p>\n<ul>\n<li><b>Tecnolog\u00eda patentada<\/b><\/li>\n<li><b><\/b><b style=\"font-style: inherit;\">Pantalla t\u00e1ctil responsiva<\/b><\/li>\n<li><b>Preparaci\u00f3n de muestras totalmente autom\u00e1tica e independiente del usuario<\/b><\/li>\n<li><strong>An\u00e1lisis no invasivo<\/strong><\/li>\n<\/ul>\n","protected":false},"featured_media":7730,"comment_status":"open","ping_status":"closed","template":"","meta":{"site-sidebar-layout":"default","site-content-layout":"","ast-site-content-layout":"default","site-content-style":"default","site-sidebar-style":"default","ast-global-header-display":"","ast-banner-title-visibility":"","ast-main-header-display":"","ast-hfb-above-header-display":"","ast-hfb-below-header-display":"","ast-hfb-mobile-header-display":"","site-post-title":"","ast-breadcrumbs-content":"","ast-featured-img":"","footer-sml-layout":"","ast-disable-related-posts":"","theme-transparent-header-meta":"default","adv-header-id-meta":"","stick-header-meta":"default","header-above-stick-meta":"","header-main-stick-meta":"","header-below-stick-meta":"","astra-migrate-meta-layouts":"set","ast-page-background-enabled":"default","ast-page-background-meta":{"desktop":{"background-color":"var(--ast-global-color-4)","background-image":"","background-repeat":"repeat","background-position":"center center","background-size":"auto","background-attachment":"scroll","background-type":"","background-media":"","overlay-type":"","overlay-color":"","overlay-opacity":"","overlay-gradient":""},"tablet":{"background-color":"","background-image":"","background-repeat":"repeat","background-position":"center center","background-size":"auto","background-attachment":"scroll","background-type":"","background-media":"","overlay-type":"","overlay-color":"","overlay-opacity":"","overlay-gradient":""},"mobile":{"background-color":"","background-image":"","background-repeat":"repeat","background-position":"center center","background-size":"auto","background-attachment":"scroll","background-type":"","background-media":"","overlay-type":"","overlay-color":"","overlay-opacity":"","overlay-gradient":""}},"ast-content-background-meta":{"desktop":{"background-color":"var(--ast-global-color-5)","background-image":"","background-repeat":"repeat","background-position":"center center","background-size":"auto","background-attachment":"scroll","background-type":"","background-media":"","overlay-type":"","overlay-color":"","overlay-opacity":"","overlay-gradient":""},"tablet":{"background-color":"var(--ast-global-color-5)","background-image":"","background-repeat":"repeat","background-position":"center center","background-size":"auto","background-attachment":"scroll","background-type":"","background-media":"","overlay-type":"","overlay-color":"","overlay-opacity":"","overlay-gradient":""},"mobile":{"background-color":"var(--ast-global-color-5)","background-image":"","background-repeat":"repeat","background-position":"center center","background-size":"auto","background-attachment":"scroll","background-type":"","background-media":"","overlay-type":"","overlay-color":"","overlay-opacity":"","overlay-gradient":""}}},"product_brand":[],"product_cat":[15],"product_tag":[],"class_list":{"0":"post-7722","1":"product","2":"type-product","3":"status-publish","4":"has-post-thumbnail","6":"product_cat-sin-categorizar","7":"desktop-align-left","8":"tablet-align-left","9":"mobile-align-left","10":"ast-product-gallery-layout-horizontal","11":"ast-product-tabs-layout-horizontal","13":"first","14":"instock","15":"shipping-taxable","16":"product-type-simple"},"yoast_head":"<!-- This site is optimized with the Yoast SEO plugin v27.2 - https:\/\/yoast.com\/product\/yoast-seo-wordpress\/ -->\n<title>Steinfurth NICOlab - ProdekInc<\/title>\n<meta name=\"description\" content=\"An\u00e1lisis de Bebidas. El analizador de CO2 NICOlab combina tecnolog\u00eda de vanguardia y controles para ofrecer lo mejor en medici\u00f3n de di\u00f3xido de carbono.Tanto el sabor como la vida \u00fatil se ven influenciados por la cantidad de CO2 disuelto en las bebidas. Por lo tanto, es vital que los fabricantes de bebidas tengan total confianza en su capacidad de medici\u00f3n de CO2.\" \/>\n<meta name=\"robots\" content=\"index, follow, max-snippet:-1, max-image-preview:large, max-video-preview:-1\" \/>\n<link rel=\"canonical\" href=\"https:\/\/prodekinc.com\/es\/producto\/steinfurth-nicolab\/\" \/>\n<meta property=\"og:locale\" content=\"es_ES\" \/>\n<meta property=\"og:type\" content=\"article\" \/>\n<meta property=\"og:title\" content=\"Steinfurth NICOlab - ProdekInc\" \/>\n<meta property=\"og:description\" content=\"An\u00e1lisis de Bebidas. El analizador de CO2 NICOlab combina tecnolog\u00eda de vanguardia y controles para ofrecer lo mejor en medici\u00f3n de di\u00f3xido de carbono.Tanto el sabor como la vida \u00fatil se ven influenciados por la cantidad de CO2 disuelto en las bebidas. Por lo tanto, es vital que los fabricantes de bebidas tengan total confianza en su capacidad de medici\u00f3n de CO2.\" \/>\n<meta property=\"og:url\" content=\"https:\/\/prodekinc.com\/es\/producto\/steinfurth-nicolab\/\" \/>\n<meta property=\"og:site_name\" content=\"ProdekInc\" \/>\n<meta property=\"article:modified_time\" content=\"2025-05-07T15:20:39+00:00\" \/>\n<meta property=\"og:image\" content=\"https:\/\/prodekinc.com\/wp-content\/uploads\/image00024white-684x1024-1.webp\" \/>\n\t<meta property=\"og:image:width\" content=\"684\" \/>\n\t<meta property=\"og:image:height\" content=\"1024\" \/>\n\t<meta property=\"og:image:type\" content=\"image\/webp\" \/>\n<meta name=\"twitter:card\" content=\"summary_large_image\" \/>\n<meta name=\"twitter:label1\" content=\"Tiempo de lectura\" \/>\n\t<meta name=\"twitter:data1\" content=\"1 minuto\" \/>\n<script type=\"application\/ld+json\" class=\"yoast-schema-graph\">{\"@context\":\"https:\/\/schema.org\",\"@graph\":[{\"@type\":\"WebPage\",\"@id\":\"https:\/\/prodekinc.com\/es\/producto\/steinfurth-nicolab\/\",\"url\":\"https:\/\/prodekinc.com\/es\/producto\/steinfurth-nicolab\/\",\"name\":\"Steinfurth NICOlab - ProdekInc\",\"isPartOf\":{\"@id\":\"https:\/\/prodekinc.com\/es\/#website\"},\"primaryImageOfPage\":{\"@id\":\"https:\/\/prodekinc.com\/es\/producto\/steinfurth-nicolab\/#primaryimage\"},\"image\":{\"@id\":\"https:\/\/prodekinc.com\/es\/producto\/steinfurth-nicolab\/#primaryimage\"},\"thumbnailUrl\":\"https:\/\/prodekinc.com\/wp-content\/uploads\/image00024white-684x1024-1.webp\",\"datePublished\":\"2025-05-07T15:16:55+00:00\",\"dateModified\":\"2025-05-07T15:20:39+00:00\",\"description\":\"An\u00e1lisis de Bebidas. El analizador de CO2 NICOlab combina tecnolog\u00eda de vanguardia y controles para ofrecer lo mejor en medici\u00f3n de di\u00f3xido de carbono.Tanto el sabor como la vida \u00fatil se ven influenciados por la cantidad de CO2 disuelto en las bebidas. Por lo tanto, es vital que los fabricantes de bebidas tengan total confianza en su capacidad de medici\u00f3n de CO2.\",\"breadcrumb\":{\"@id\":\"https:\/\/prodekinc.com\/es\/producto\/steinfurth-nicolab\/#breadcrumb\"},\"inLanguage\":\"es\",\"potentialAction\":[{\"@type\":\"ReadAction\",\"target\":[\"https:\/\/prodekinc.com\/es\/producto\/steinfurth-nicolab\/\"]}]},{\"@type\":\"ImageObject\",\"inLanguage\":\"es\",\"@id\":\"https:\/\/prodekinc.com\/es\/producto\/steinfurth-nicolab\/#primaryimage\",\"url\":\"https:\/\/prodekinc.com\/wp-content\/uploads\/image00024white-684x1024-1.webp\",\"contentUrl\":\"https:\/\/prodekinc.com\/wp-content\/uploads\/image00024white-684x1024-1.webp\",\"width\":684,\"height\":1024},{\"@type\":\"BreadcrumbList\",\"@id\":\"https:\/\/prodekinc.com\/es\/producto\/steinfurth-nicolab\/#breadcrumb\",\"itemListElement\":[{\"@type\":\"ListItem\",\"position\":1,\"name\":\"Portada\",\"item\":\"https:\/\/prodekinc.com\/es\/\"},{\"@type\":\"ListItem\",\"position\":2,\"name\":\"Tienda\",\"item\":\"https:\/\/prodekinc.com\/tienda\/\"},{\"@type\":\"ListItem\",\"position\":3,\"name\":\"Steinfurth NICOlab\"}]},{\"@type\":\"WebSite\",\"@id\":\"https:\/\/prodekinc.com\/es\/#website\",\"url\":\"https:\/\/prodekinc.com\/es\/\",\"name\":\"ProdekInc\",\"description\":\"\",\"publisher\":{\"@id\":\"https:\/\/prodekinc.com\/es\/#organization\"},\"potentialAction\":[{\"@type\":\"SearchAction\",\"target\":{\"@type\":\"EntryPoint\",\"urlTemplate\":\"https:\/\/prodekinc.com\/es\/?s={search_term_string}\"},\"query-input\":{\"@type\":\"PropertyValueSpecification\",\"valueRequired\":true,\"valueName\":\"search_term_string\"}}],\"inLanguage\":\"es\"},{\"@type\":\"Organization\",\"@id\":\"https:\/\/prodekinc.com\/es\/#organization\",\"name\":\"ProdekInc\",\"url\":\"https:\/\/prodekinc.com\/es\/\",\"logo\":{\"@type\":\"ImageObject\",\"inLanguage\":\"es\",\"@id\":\"https:\/\/prodekinc.com\/es\/#\/schema\/logo\/image\/\",\"url\":\"https:\/\/prodekinc.com\/wp-content\/uploads\/logo-footer.svg\",\"contentUrl\":\"https:\/\/prodekinc.com\/wp-content\/uploads\/logo-footer.svg\",\"width\":235.5,\"height\":155.2,\"caption\":\"ProdekInc\"},\"image\":{\"@id\":\"https:\/\/prodekinc.com\/es\/#\/schema\/logo\/image\/\"}}]}<\/script>\n<!-- \/ Yoast SEO plugin. -->","yoast_head_json":{"title":"Steinfurth NICOlab - ProdekInc","description":"An\u00e1lisis de Bebidas. El analizador de CO2 NICOlab combina tecnolog\u00eda de vanguardia y controles para ofrecer lo mejor en medici\u00f3n de di\u00f3xido de carbono.Tanto el sabor como la vida \u00fatil se ven influenciados por la cantidad de CO2 disuelto en las bebidas. Por lo tanto, es vital que los fabricantes de bebidas tengan total confianza en su capacidad de medici\u00f3n de CO2.","robots":{"index":"index","follow":"follow","max-snippet":"max-snippet:-1","max-image-preview":"max-image-preview:large","max-video-preview":"max-video-preview:-1"},"canonical":"https:\/\/prodekinc.com\/es\/producto\/steinfurth-nicolab\/","og_locale":"es_ES","og_type":"article","og_title":"Steinfurth NICOlab - ProdekInc","og_description":"An\u00e1lisis de Bebidas. El analizador de CO2 NICOlab combina tecnolog\u00eda de vanguardia y controles para ofrecer lo mejor en medici\u00f3n de di\u00f3xido de carbono.Tanto el sabor como la vida \u00fatil se ven influenciados por la cantidad de CO2 disuelto en las bebidas. Por lo tanto, es vital que los fabricantes de bebidas tengan total confianza en su capacidad de medici\u00f3n de CO2.","og_url":"https:\/\/prodekinc.com\/es\/producto\/steinfurth-nicolab\/","og_site_name":"ProdekInc","article_modified_time":"2025-05-07T15:20:39+00:00","og_image":[{"width":684,"height":1024,"url":"https:\/\/prodekinc.com\/wp-content\/uploads\/image00024white-684x1024-1.webp","type":"image\/webp"}],"twitter_card":"summary_large_image","twitter_misc":{"Tiempo de lectura":"1 minuto"},"schema":{"@context":"https:\/\/schema.org","@graph":[{"@type":"WebPage","@id":"https:\/\/prodekinc.com\/es\/producto\/steinfurth-nicolab\/","url":"https:\/\/prodekinc.com\/es\/producto\/steinfurth-nicolab\/","name":"Steinfurth NICOlab - ProdekInc","isPartOf":{"@id":"https:\/\/prodekinc.com\/es\/#website"},"primaryImageOfPage":{"@id":"https:\/\/prodekinc.com\/es\/producto\/steinfurth-nicolab\/#primaryimage"},"image":{"@id":"https:\/\/prodekinc.com\/es\/producto\/steinfurth-nicolab\/#primaryimage"},"thumbnailUrl":"https:\/\/prodekinc.com\/wp-content\/uploads\/image00024white-684x1024-1.webp","datePublished":"2025-05-07T15:16:55+00:00","dateModified":"2025-05-07T15:20:39+00:00","description":"An\u00e1lisis de Bebidas. El analizador de CO2 NICOlab combina tecnolog\u00eda de vanguardia y controles para ofrecer lo mejor en medici\u00f3n de di\u00f3xido de carbono.Tanto el sabor como la vida \u00fatil se ven influenciados por la cantidad de CO2 disuelto en las bebidas. Por lo tanto, es vital que los fabricantes de bebidas tengan total confianza en su capacidad de medici\u00f3n de CO2.","breadcrumb":{"@id":"https:\/\/prodekinc.com\/es\/producto\/steinfurth-nicolab\/#breadcrumb"},"inLanguage":"es","potentialAction":[{"@type":"ReadAction","target":["https:\/\/prodekinc.com\/es\/producto\/steinfurth-nicolab\/"]}]},{"@type":"ImageObject","inLanguage":"es","@id":"https:\/\/prodekinc.com\/es\/producto\/steinfurth-nicolab\/#primaryimage","url":"https:\/\/prodekinc.com\/wp-content\/uploads\/image00024white-684x1024-1.webp","contentUrl":"https:\/\/prodekinc.com\/wp-content\/uploads\/image00024white-684x1024-1.webp","width":684,"height":1024},{"@type":"BreadcrumbList","@id":"https:\/\/prodekinc.com\/es\/producto\/steinfurth-nicolab\/#breadcrumb","itemListElement":[{"@type":"ListItem","position":1,"name":"Portada","item":"https:\/\/prodekinc.com\/es\/"},{"@type":"ListItem","position":2,"name":"Tienda","item":"https:\/\/prodekinc.com\/tienda\/"},{"@type":"ListItem","position":3,"name":"Steinfurth NICOlab"}]},{"@type":"WebSite","@id":"https:\/\/prodekinc.com\/es\/#website","url":"https:\/\/prodekinc.com\/es\/","name":"ProdekInc","description":"","publisher":{"@id":"https:\/\/prodekinc.com\/es\/#organization"},"potentialAction":[{"@type":"SearchAction","target":{"@type":"EntryPoint","urlTemplate":"https:\/\/prodekinc.com\/es\/?s={search_term_string}"},"query-input":{"@type":"PropertyValueSpecification","valueRequired":true,"valueName":"search_term_string"}}],"inLanguage":"es"},{"@type":"Organization","@id":"https:\/\/prodekinc.com\/es\/#organization","name":"ProdekInc","url":"https:\/\/prodekinc.com\/es\/","logo":{"@type":"ImageObject","inLanguage":"es","@id":"https:\/\/prodekinc.com\/es\/#\/schema\/logo\/image\/","url":"https:\/\/prodekinc.com\/wp-content\/uploads\/logo-footer.svg","contentUrl":"https:\/\/prodekinc.com\/wp-content\/uploads\/logo-footer.svg","width":235.5,"height":155.2,"caption":"ProdekInc"},"image":{"@id":"https:\/\/prodekinc.com\/es\/#\/schema\/logo\/image\/"}}]}},"_links":{"self":[{"href":"https:\/\/prodekinc.com\/es\/wp-json\/wp\/v2\/product\/7722","targetHints":{"allow":["GET"]}}],"collection":[{"href":"https:\/\/prodekinc.com\/es\/wp-json\/wp\/v2\/product"}],"about":[{"href":"https:\/\/prodekinc.com\/es\/wp-json\/wp\/v2\/types\/product"}],"replies":[{"embeddable":true,"href":"https:\/\/prodekinc.com\/es\/wp-json\/wp\/v2\/comments?post=7722"}],"version-history":[{"count":0,"href":"https:\/\/prodekinc.com\/es\/wp-json\/wp\/v2\/product\/7722\/revisions"}],"wp:featuredmedia":[{"embeddable":true,"href":"https:\/\/prodekinc.com\/es\/wp-json\/wp\/v2\/media\/7730"}],"wp:attachment":[{"href":"https:\/\/prodekinc.com\/es\/wp-json\/wp\/v2\/media?parent=7722"}],"wp:term":[{"taxonomy":"product_brand","embeddable":true,"href":"https:\/\/prodekinc.com\/es\/wp-json\/wp\/v2\/product_brand?post=7722"},{"taxonomy":"product_cat","embeddable":true,"href":"https:\/\/prodekinc.com\/es\/wp-json\/wp\/v2\/product_cat?post=7722"},{"taxonomy":"product_tag","embeddable":true,"href":"https:\/\/prodekinc.com\/es\/wp-json\/wp\/v2\/product_tag?post=7722"}],"curies":[{"name":"wp","href":"https:\/\/api.w.org\/{rel}","templated":true}]}}