{"id":7626,"date":"2025-05-06T08:39:36","date_gmt":"2025-05-06T14:39:36","guid":{"rendered":"https:\/\/prodekinc.com\/?post_type=product&#038;p=7626"},"modified":"2025-05-06T08:39:37","modified_gmt":"2025-05-06T14:39:37","slug":"cmc-kuhnke-seamscan-spc","status":"publish","type":"product","link":"https:\/\/prodekinc.com\/es\/producto\/cmc-kuhnke-seamscan-spc\/","title":{"rendered":"CMC-KUHNKE SEAMscan SPC"},"content":{"rendered":"","protected":false},"excerpt":{"rendered":"<ul>\n<li>El SEAMscan SPC es una herramienta asequible y de alta resoluci\u00f3n para la inspecci\u00f3n y medici\u00f3n de costuras dobles con informes SPC.<\/li>\n<li>Descubra una evaluaci\u00f3n r\u00e1pida, precisa y completa de las costuras dobles para latas. Con el SEAMscan SPC, su inspecci\u00f3n de costura doble incluye la medici\u00f3n del grosor de la costura, la altura de la costura, la profundidad del contrafilo, el hueco de la costura, el gancho del cuerpo, el gancho de la tapa y el solapamiento.<\/li>\n<\/ul>\n<p>&nbsp;<\/p>\n<ul>\n<li><b>R\u00e1pido y eficiente para ahorrarle tiempo<\/b><\/li>\n<li><b>Capture, mida y guarde im\u00e1genes de la costura en menos de 1 segundo<\/b><\/li>\n<li><b>Altamente Preciso<\/b><\/li>\n<\/ul>\n","protected":false},"featured_media":7633,"comment_status":"open","ping_status":"closed","template":"","meta":{"site-sidebar-layout":"default","site-content-layout":"","ast-site-content-layout":"default","site-content-style":"default","site-sidebar-style":"default","ast-global-header-display":"","ast-banner-title-visibility":"","ast-main-header-display":"","ast-hfb-above-header-display":"","ast-hfb-below-header-display":"","ast-hfb-mobile-header-display":"","site-post-title":"","ast-breadcrumbs-content":"","ast-featured-img":"","footer-sml-layout":"","ast-disable-related-posts":"","theme-transparent-header-meta":"default","adv-header-id-meta":"","stick-header-meta":"default","header-above-stick-meta":"","header-main-stick-meta":"","header-below-stick-meta":"","astra-migrate-meta-layouts":"set","ast-page-background-enabled":"default","ast-page-background-meta":{"desktop":{"background-color":"var(--ast-global-color-4)","background-image":"","background-repeat":"repeat","background-position":"center center","background-size":"auto","background-attachment":"scroll","background-type":"","background-media":"","overlay-type":"","overlay-color":"","overlay-opacity":"","overlay-gradient":""},"tablet":{"background-color":"","background-image":"","background-repeat":"repeat","background-position":"center center","background-size":"auto","background-attachment":"scroll","background-type":"","background-media":"","overlay-type":"","overlay-color":"","overlay-opacity":"","overlay-gradient":""},"mobile":{"background-color":"","background-image":"","background-repeat":"repeat","background-position":"center center","background-size":"auto","background-attachment":"scroll","background-type":"","background-media":"","overlay-type":"","overlay-color":"","overlay-opacity":"","overlay-gradient":""}},"ast-content-background-meta":{"desktop":{"background-color":"var(--ast-global-color-5)","background-image":"","background-repeat":"repeat","background-position":"center center","background-size":"auto","background-attachment":"scroll","background-type":"","background-media":"","overlay-type":"","overlay-color":"","overlay-opacity":"","overlay-gradient":""},"tablet":{"background-color":"var(--ast-global-color-5)","background-image":"","background-repeat":"repeat","background-position":"center center","background-size":"auto","background-attachment":"scroll","background-type":"","background-media":"","overlay-type":"","overlay-color":"","overlay-opacity":"","overlay-gradient":""},"mobile":{"background-color":"var(--ast-global-color-5)","background-image":"","background-repeat":"repeat","background-position":"center center","background-size":"auto","background-attachment":"scroll","background-type":"","background-media":"","overlay-type":"","overlay-color":"","overlay-opacity":"","overlay-gradient":""}}},"product_brand":[],"product_cat":[15],"product_tag":[],"class_list":{"0":"post-7626","1":"product","2":"type-product","3":"status-publish","4":"has-post-thumbnail","6":"product_cat-sin-categorizar","7":"desktop-align-left","8":"tablet-align-left","9":"mobile-align-left","10":"ast-product-gallery-layout-horizontal","11":"ast-product-tabs-layout-horizontal","13":"first","14":"instock","15":"shipping-taxable","16":"product-type-simple"},"yoast_head":"<!-- This site is optimized with the Yoast SEO plugin v27.2 - https:\/\/yoast.com\/product\/yoast-seo-wordpress\/ -->\n<title>CMC-KUHNKE SEAMscan SPC - ProdekInc<\/title>\n<meta name=\"description\" content=\"El SEAMscan SPC es una herramienta asequible y de alta resoluci\u00f3n para la inspecci\u00f3n y medici\u00f3n de costuras dobles con informes SPC.Descubra una evaluaci\u00f3n r\u00e1pida, precisa y completa de las costuras dobles para latas. Con el SEAMscan SPC, su inspecci\u00f3n de costura doble incluye la medici\u00f3n del grosor de la costura, la altura de la costura, la profundidad del contrafilo, el hueco de la costura, el gancho del cuerpo, el gancho de la tapa y el solapamiento.\" \/>\n<meta name=\"robots\" content=\"index, follow, max-snippet:-1, max-image-preview:large, max-video-preview:-1\" \/>\n<link rel=\"canonical\" href=\"https:\/\/prodekinc.com\/es\/producto\/cmc-kuhnke-seamscan-spc\/\" \/>\n<meta property=\"og:locale\" content=\"es_ES\" \/>\n<meta property=\"og:type\" content=\"article\" \/>\n<meta property=\"og:title\" content=\"CMC-KUHNKE SEAMscan SPC - ProdekInc\" \/>\n<meta property=\"og:description\" content=\"El SEAMscan SPC es una herramienta asequible y de alta resoluci\u00f3n para la inspecci\u00f3n y medici\u00f3n de costuras dobles con informes SPC.Descubra una evaluaci\u00f3n r\u00e1pida, precisa y completa de las costuras dobles para latas. Con el SEAMscan SPC, su inspecci\u00f3n de costura doble incluye la medici\u00f3n del grosor de la costura, la altura de la costura, la profundidad del contrafilo, el hueco de la costura, el gancho del cuerpo, el gancho de la tapa y el solapamiento.\" \/>\n<meta property=\"og:url\" content=\"https:\/\/prodekinc.com\/es\/producto\/cmc-kuhnke-seamscan-spc\/\" \/>\n<meta property=\"og:site_name\" content=\"ProdekInc\" \/>\n<meta property=\"article:modified_time\" content=\"2025-05-06T14:39:37+00:00\" \/>\n<meta property=\"og:image\" content=\"https:\/\/prodekinc.com\/wp-content\/uploads\/1488384669_SEAMview-Food.webp\" \/>\n\t<meta property=\"og:image:width\" content=\"800\" \/>\n\t<meta property=\"og:image:height\" content=\"575\" \/>\n\t<meta property=\"og:image:type\" content=\"image\/webp\" \/>\n<meta name=\"twitter:card\" content=\"summary_large_image\" \/>\n<meta name=\"twitter:label1\" content=\"Tiempo de lectura\" \/>\n\t<meta name=\"twitter:data1\" content=\"1 minuto\" \/>\n<script type=\"application\/ld+json\" class=\"yoast-schema-graph\">{\"@context\":\"https:\/\/schema.org\",\"@graph\":[{\"@type\":\"WebPage\",\"@id\":\"https:\/\/prodekinc.com\/es\/producto\/cmc-kuhnke-seamscan-spc\/\",\"url\":\"https:\/\/prodekinc.com\/es\/producto\/cmc-kuhnke-seamscan-spc\/\",\"name\":\"CMC-KUHNKE SEAMscan SPC - ProdekInc\",\"isPartOf\":{\"@id\":\"https:\/\/prodekinc.com\/es\/#website\"},\"primaryImageOfPage\":{\"@id\":\"https:\/\/prodekinc.com\/es\/producto\/cmc-kuhnke-seamscan-spc\/#primaryimage\"},\"image\":{\"@id\":\"https:\/\/prodekinc.com\/es\/producto\/cmc-kuhnke-seamscan-spc\/#primaryimage\"},\"thumbnailUrl\":\"https:\/\/prodekinc.com\/wp-content\/uploads\/1488384669_SEAMview-Food.webp\",\"datePublished\":\"2025-05-06T14:39:36+00:00\",\"dateModified\":\"2025-05-06T14:39:37+00:00\",\"description\":\"El SEAMscan SPC es una herramienta asequible y de alta resoluci\u00f3n para la inspecci\u00f3n y medici\u00f3n de costuras dobles con informes SPC.Descubra una evaluaci\u00f3n r\u00e1pida, precisa y completa de las costuras dobles para latas. Con el SEAMscan SPC, su inspecci\u00f3n de costura doble incluye la medici\u00f3n del grosor de la costura, la altura de la costura, la profundidad del contrafilo, el hueco de la costura, el gancho del cuerpo, el gancho de la tapa y el solapamiento.\",\"breadcrumb\":{\"@id\":\"https:\/\/prodekinc.com\/es\/producto\/cmc-kuhnke-seamscan-spc\/#breadcrumb\"},\"inLanguage\":\"es\",\"potentialAction\":[{\"@type\":\"ReadAction\",\"target\":[\"https:\/\/prodekinc.com\/es\/producto\/cmc-kuhnke-seamscan-spc\/\"]}]},{\"@type\":\"ImageObject\",\"inLanguage\":\"es\",\"@id\":\"https:\/\/prodekinc.com\/es\/producto\/cmc-kuhnke-seamscan-spc\/#primaryimage\",\"url\":\"https:\/\/prodekinc.com\/wp-content\/uploads\/1488384669_SEAMview-Food.webp\",\"contentUrl\":\"https:\/\/prodekinc.com\/wp-content\/uploads\/1488384669_SEAMview-Food.webp\",\"width\":800,\"height\":575},{\"@type\":\"BreadcrumbList\",\"@id\":\"https:\/\/prodekinc.com\/es\/producto\/cmc-kuhnke-seamscan-spc\/#breadcrumb\",\"itemListElement\":[{\"@type\":\"ListItem\",\"position\":1,\"name\":\"Portada\",\"item\":\"https:\/\/prodekinc.com\/es\/\"},{\"@type\":\"ListItem\",\"position\":2,\"name\":\"Tienda\",\"item\":\"https:\/\/prodekinc.com\/tienda\/\"},{\"@type\":\"ListItem\",\"position\":3,\"name\":\"CMC-KUHNKE SEAMscan SPC\"}]},{\"@type\":\"WebSite\",\"@id\":\"https:\/\/prodekinc.com\/es\/#website\",\"url\":\"https:\/\/prodekinc.com\/es\/\",\"name\":\"ProdekInc\",\"description\":\"\",\"publisher\":{\"@id\":\"https:\/\/prodekinc.com\/es\/#organization\"},\"potentialAction\":[{\"@type\":\"SearchAction\",\"target\":{\"@type\":\"EntryPoint\",\"urlTemplate\":\"https:\/\/prodekinc.com\/es\/?s={search_term_string}\"},\"query-input\":{\"@type\":\"PropertyValueSpecification\",\"valueRequired\":true,\"valueName\":\"search_term_string\"}}],\"inLanguage\":\"es\"},{\"@type\":\"Organization\",\"@id\":\"https:\/\/prodekinc.com\/es\/#organization\",\"name\":\"ProdekInc\",\"url\":\"https:\/\/prodekinc.com\/es\/\",\"logo\":{\"@type\":\"ImageObject\",\"inLanguage\":\"es\",\"@id\":\"https:\/\/prodekinc.com\/es\/#\/schema\/logo\/image\/\",\"url\":\"https:\/\/prodekinc.com\/wp-content\/uploads\/logo-footer.svg\",\"contentUrl\":\"https:\/\/prodekinc.com\/wp-content\/uploads\/logo-footer.svg\",\"width\":235.5,\"height\":155.2,\"caption\":\"ProdekInc\"},\"image\":{\"@id\":\"https:\/\/prodekinc.com\/es\/#\/schema\/logo\/image\/\"}}]}<\/script>\n<!-- \/ Yoast SEO plugin. -->","yoast_head_json":{"title":"CMC-KUHNKE SEAMscan SPC - ProdekInc","description":"El SEAMscan SPC es una herramienta asequible y de alta resoluci\u00f3n para la inspecci\u00f3n y medici\u00f3n de costuras dobles con informes SPC.Descubra una evaluaci\u00f3n r\u00e1pida, precisa y completa de las costuras dobles para latas. Con el SEAMscan SPC, su inspecci\u00f3n de costura doble incluye la medici\u00f3n del grosor de la costura, la altura de la costura, la profundidad del contrafilo, el hueco de la costura, el gancho del cuerpo, el gancho de la tapa y el solapamiento.","robots":{"index":"index","follow":"follow","max-snippet":"max-snippet:-1","max-image-preview":"max-image-preview:large","max-video-preview":"max-video-preview:-1"},"canonical":"https:\/\/prodekinc.com\/es\/producto\/cmc-kuhnke-seamscan-spc\/","og_locale":"es_ES","og_type":"article","og_title":"CMC-KUHNKE SEAMscan SPC - ProdekInc","og_description":"El SEAMscan SPC es una herramienta asequible y de alta resoluci\u00f3n para la inspecci\u00f3n y medici\u00f3n de costuras dobles con informes SPC.Descubra una evaluaci\u00f3n r\u00e1pida, precisa y completa de las costuras dobles para latas. Con el SEAMscan SPC, su inspecci\u00f3n de costura doble incluye la medici\u00f3n del grosor de la costura, la altura de la costura, la profundidad del contrafilo, el hueco de la costura, el gancho del cuerpo, el gancho de la tapa y el solapamiento.","og_url":"https:\/\/prodekinc.com\/es\/producto\/cmc-kuhnke-seamscan-spc\/","og_site_name":"ProdekInc","article_modified_time":"2025-05-06T14:39:37+00:00","og_image":[{"width":800,"height":575,"url":"https:\/\/prodekinc.com\/wp-content\/uploads\/1488384669_SEAMview-Food.webp","type":"image\/webp"}],"twitter_card":"summary_large_image","twitter_misc":{"Tiempo de lectura":"1 minuto"},"schema":{"@context":"https:\/\/schema.org","@graph":[{"@type":"WebPage","@id":"https:\/\/prodekinc.com\/es\/producto\/cmc-kuhnke-seamscan-spc\/","url":"https:\/\/prodekinc.com\/es\/producto\/cmc-kuhnke-seamscan-spc\/","name":"CMC-KUHNKE SEAMscan SPC - ProdekInc","isPartOf":{"@id":"https:\/\/prodekinc.com\/es\/#website"},"primaryImageOfPage":{"@id":"https:\/\/prodekinc.com\/es\/producto\/cmc-kuhnke-seamscan-spc\/#primaryimage"},"image":{"@id":"https:\/\/prodekinc.com\/es\/producto\/cmc-kuhnke-seamscan-spc\/#primaryimage"},"thumbnailUrl":"https:\/\/prodekinc.com\/wp-content\/uploads\/1488384669_SEAMview-Food.webp","datePublished":"2025-05-06T14:39:36+00:00","dateModified":"2025-05-06T14:39:37+00:00","description":"El SEAMscan SPC es una herramienta asequible y de alta resoluci\u00f3n para la inspecci\u00f3n y medici\u00f3n de costuras dobles con informes SPC.Descubra una evaluaci\u00f3n r\u00e1pida, precisa y completa de las costuras dobles para latas. Con el SEAMscan SPC, su inspecci\u00f3n de costura doble incluye la medici\u00f3n del grosor de la costura, la altura de la costura, la profundidad del contrafilo, el hueco de la costura, el gancho del cuerpo, el gancho de la tapa y el solapamiento.","breadcrumb":{"@id":"https:\/\/prodekinc.com\/es\/producto\/cmc-kuhnke-seamscan-spc\/#breadcrumb"},"inLanguage":"es","potentialAction":[{"@type":"ReadAction","target":["https:\/\/prodekinc.com\/es\/producto\/cmc-kuhnke-seamscan-spc\/"]}]},{"@type":"ImageObject","inLanguage":"es","@id":"https:\/\/prodekinc.com\/es\/producto\/cmc-kuhnke-seamscan-spc\/#primaryimage","url":"https:\/\/prodekinc.com\/wp-content\/uploads\/1488384669_SEAMview-Food.webp","contentUrl":"https:\/\/prodekinc.com\/wp-content\/uploads\/1488384669_SEAMview-Food.webp","width":800,"height":575},{"@type":"BreadcrumbList","@id":"https:\/\/prodekinc.com\/es\/producto\/cmc-kuhnke-seamscan-spc\/#breadcrumb","itemListElement":[{"@type":"ListItem","position":1,"name":"Portada","item":"https:\/\/prodekinc.com\/es\/"},{"@type":"ListItem","position":2,"name":"Tienda","item":"https:\/\/prodekinc.com\/tienda\/"},{"@type":"ListItem","position":3,"name":"CMC-KUHNKE SEAMscan SPC"}]},{"@type":"WebSite","@id":"https:\/\/prodekinc.com\/es\/#website","url":"https:\/\/prodekinc.com\/es\/","name":"ProdekInc","description":"","publisher":{"@id":"https:\/\/prodekinc.com\/es\/#organization"},"potentialAction":[{"@type":"SearchAction","target":{"@type":"EntryPoint","urlTemplate":"https:\/\/prodekinc.com\/es\/?s={search_term_string}"},"query-input":{"@type":"PropertyValueSpecification","valueRequired":true,"valueName":"search_term_string"}}],"inLanguage":"es"},{"@type":"Organization","@id":"https:\/\/prodekinc.com\/es\/#organization","name":"ProdekInc","url":"https:\/\/prodekinc.com\/es\/","logo":{"@type":"ImageObject","inLanguage":"es","@id":"https:\/\/prodekinc.com\/es\/#\/schema\/logo\/image\/","url":"https:\/\/prodekinc.com\/wp-content\/uploads\/logo-footer.svg","contentUrl":"https:\/\/prodekinc.com\/wp-content\/uploads\/logo-footer.svg","width":235.5,"height":155.2,"caption":"ProdekInc"},"image":{"@id":"https:\/\/prodekinc.com\/es\/#\/schema\/logo\/image\/"}}]}},"_links":{"self":[{"href":"https:\/\/prodekinc.com\/es\/wp-json\/wp\/v2\/product\/7626","targetHints":{"allow":["GET"]}}],"collection":[{"href":"https:\/\/prodekinc.com\/es\/wp-json\/wp\/v2\/product"}],"about":[{"href":"https:\/\/prodekinc.com\/es\/wp-json\/wp\/v2\/types\/product"}],"replies":[{"embeddable":true,"href":"https:\/\/prodekinc.com\/es\/wp-json\/wp\/v2\/comments?post=7626"}],"version-history":[{"count":0,"href":"https:\/\/prodekinc.com\/es\/wp-json\/wp\/v2\/product\/7626\/revisions"}],"wp:featuredmedia":[{"embeddable":true,"href":"https:\/\/prodekinc.com\/es\/wp-json\/wp\/v2\/media\/7633"}],"wp:attachment":[{"href":"https:\/\/prodekinc.com\/es\/wp-json\/wp\/v2\/media?parent=7626"}],"wp:term":[{"taxonomy":"product_brand","embeddable":true,"href":"https:\/\/prodekinc.com\/es\/wp-json\/wp\/v2\/product_brand?post=7626"},{"taxonomy":"product_cat","embeddable":true,"href":"https:\/\/prodekinc.com\/es\/wp-json\/wp\/v2\/product_cat?post=7626"},{"taxonomy":"product_tag","embeddable":true,"href":"https:\/\/prodekinc.com\/es\/wp-json\/wp\/v2\/product_tag?post=7626"}],"curies":[{"name":"wp","href":"https:\/\/api.w.org\/{rel}","templated":true}]}}