{"id":6989,"date":"2024-08-06T15:32:38","date_gmt":"2024-08-06T21:32:38","guid":{"rendered":"https:\/\/prodekinc.com\/?post_type=product&#038;p=6989"},"modified":"2024-08-13T16:01:25","modified_gmt":"2024-08-13T22:01:25","slug":"analizadores-portatiles-de-gas","status":"publish","type":"product","link":"https:\/\/prodekinc.com\/es\/producto\/analizadores-portatiles-de-gas\/","title":{"rendered":"Analizadores Port\u00e1tiles de Gas"},"content":{"rendered":"","protected":false},"excerpt":{"rendered":"<p>Analizadores de gas port\u00e1tiles para probar productos empacados en atm\u00f3sfera modificada (MAP). Ambos analizadores son peque\u00f1os, robustos y est\u00e1n dise\u00f1ados para medir ox\u00edgeno utilizando una aguja de jeringa para el muestreo de gas o tanto ox\u00edgeno como di\u00f3xido de carbono utilizando un sensor NDIR.<\/p>\n<p><img decoding=\"async\" class=\"wp-image-7168 aligncenter\" src=\"https:\/\/prodekinc.com\/wp-content\/uploads\/bolsa-papa.png\" alt=\"\" width=\"162\" height=\"217\" srcset=\"https:\/\/prodekinc.com\/wp-content\/uploads\/bolsa-papa.png 616w, https:\/\/prodekinc.com\/wp-content\/uploads\/bolsa-papa-600x802.png 600w\" sizes=\"(max-width: 162px) 100vw, 162px\" \/><\/p>\n","protected":false},"featured_media":6936,"comment_status":"open","ping_status":"closed","template":"","meta":{"site-sidebar-layout":"default","site-content-layout":"default","ast-site-content-layout":"default","site-content-style":"default","site-sidebar-style":"default","ast-global-header-display":"","ast-banner-title-visibility":"","ast-main-header-display":"","ast-hfb-above-header-display":"","ast-hfb-below-header-display":"","ast-hfb-mobile-header-display":"","site-post-title":"","ast-breadcrumbs-content":"","ast-featured-img":"","footer-sml-layout":"","ast-disable-related-posts":"","theme-transparent-header-meta":"default","adv-header-id-meta":"","stick-header-meta":"default","header-above-stick-meta":"","header-main-stick-meta":"","header-below-stick-meta":"","astra-migrate-meta-layouts":"default","ast-page-background-enabled":"default","ast-page-background-meta":{"desktop":{"background-color":"var(--ast-global-color-4)","background-image":"","background-repeat":"repeat","background-position":"center center","background-size":"auto","background-attachment":"scroll","background-type":"","background-media":"","overlay-type":"","overlay-color":"","overlay-opacity":"","overlay-gradient":""},"tablet":{"background-color":"","background-image":"","background-repeat":"repeat","background-position":"center center","background-size":"auto","background-attachment":"scroll","background-type":"","background-media":"","overlay-type":"","overlay-color":"","overlay-opacity":"","overlay-gradient":""},"mobile":{"background-color":"","background-image":"","background-repeat":"repeat","background-position":"center center","background-size":"auto","background-attachment":"scroll","background-type":"","background-media":"","overlay-type":"","overlay-color":"","overlay-opacity":"","overlay-gradient":""}},"ast-content-background-meta":{"desktop":{"background-color":"var(--ast-global-color-5)","background-image":"","background-repeat":"repeat","background-position":"center center","background-size":"auto","background-attachment":"scroll","background-type":"","background-media":"","overlay-type":"","overlay-color":"","overlay-opacity":"","overlay-gradient":""},"tablet":{"background-color":"var(--ast-global-color-5)","background-image":"","background-repeat":"repeat","background-position":"center center","background-size":"auto","background-attachment":"scroll","background-type":"","background-media":"","overlay-type":"","overlay-color":"","overlay-opacity":"","overlay-gradient":""},"mobile":{"background-color":"var(--ast-global-color-5)","background-image":"","background-repeat":"repeat","background-position":"center center","background-size":"auto","background-attachment":"scroll","background-type":"","background-media":"","overlay-type":"","overlay-color":"","overlay-opacity":"","overlay-gradient":""}}},"product_brand":[],"product_cat":[15],"product_tag":[],"class_list":{"0":"post-6989","1":"product","2":"type-product","3":"status-publish","4":"has-post-thumbnail","6":"product_cat-sin-categorizar","7":"desktop-align-left","8":"tablet-align-left","9":"mobile-align-left","10":"ast-product-gallery-layout-horizontal","11":"ast-product-gallery-with-no-image","12":"ast-product-tabs-layout-horizontal","14":"first","15":"instock","16":"shipping-taxable","17":"product-type-simple"},"yoast_head":"<!-- This site is optimized with the Yoast SEO plugin v27.2 - https:\/\/yoast.com\/product\/yoast-seo-wordpress\/ -->\n<title>Analizadores Port\u00e1tiles de Gas - ProdekInc<\/title>\n<meta name=\"description\" content=\"Analizadores de gas port\u00e1tiles para probar productos empacados en atm\u00f3sfera modificada (MAP). Ambos analizadores son peque\u00f1os, robustos y est\u00e1n dise\u00f1ados para medir ox\u00edgeno utilizando una aguja de jeringa para el muestreo de gas o tanto ox\u00edgeno como di\u00f3xido de carbono utilizando un sensor NDIR.\" \/>\n<meta name=\"robots\" content=\"index, follow, max-snippet:-1, max-image-preview:large, max-video-preview:-1\" \/>\n<link rel=\"canonical\" href=\"https:\/\/prodekinc.com\/es\/producto\/analizadores-portatiles-de-gas\/\" \/>\n<meta property=\"og:locale\" content=\"es_ES\" \/>\n<meta property=\"og:type\" content=\"article\" \/>\n<meta property=\"og:title\" content=\"Analizadores Port\u00e1tiles de Gas - ProdekInc\" \/>\n<meta property=\"og:description\" content=\"Analizadores de gas port\u00e1tiles para probar productos empacados en atm\u00f3sfera modificada (MAP). Ambos analizadores son peque\u00f1os, robustos y est\u00e1n dise\u00f1ados para medir ox\u00edgeno utilizando una aguja de jeringa para el muestreo de gas o tanto ox\u00edgeno como di\u00f3xido de carbono utilizando un sensor NDIR.\" \/>\n<meta property=\"og:url\" content=\"https:\/\/prodekinc.com\/es\/producto\/analizadores-portatiles-de-gas\/\" \/>\n<meta property=\"og:site_name\" content=\"ProdekInc\" \/>\n<meta property=\"article:modified_time\" content=\"2024-08-13T22:01:25+00:00\" \/>\n<meta property=\"og:image\" content=\"https:\/\/prodekinc.com\/wp-content\/uploads\/Systech-Illinois-Gaspace-Handheld-Analyzers.png\" \/>\n\t<meta property=\"og:image:width\" content=\"515\" \/>\n\t<meta property=\"og:image:height\" content=\"344\" \/>\n\t<meta property=\"og:image:type\" content=\"image\/png\" \/>\n<meta name=\"twitter:card\" content=\"summary_large_image\" \/>\n<script type=\"application\/ld+json\" class=\"yoast-schema-graph\">{\"@context\":\"https:\/\/schema.org\",\"@graph\":[{\"@type\":\"WebPage\",\"@id\":\"https:\/\/prodekinc.com\/es\/producto\/analizadores-portatiles-de-gas\/\",\"url\":\"https:\/\/prodekinc.com\/es\/producto\/analizadores-portatiles-de-gas\/\",\"name\":\"Analizadores Port\u00e1tiles de Gas - ProdekInc\",\"isPartOf\":{\"@id\":\"https:\/\/prodekinc.com\/es\/#website\"},\"primaryImageOfPage\":{\"@id\":\"https:\/\/prodekinc.com\/es\/producto\/analizadores-portatiles-de-gas\/#primaryimage\"},\"image\":{\"@id\":\"https:\/\/prodekinc.com\/es\/producto\/analizadores-portatiles-de-gas\/#primaryimage\"},\"thumbnailUrl\":\"https:\/\/prodekinc.com\/wp-content\/uploads\/Systech-Illinois-Gaspace-Handheld-Analyzers.png\",\"datePublished\":\"2024-08-06T21:32:38+00:00\",\"dateModified\":\"2024-08-13T22:01:25+00:00\",\"description\":\"Analizadores de gas port\u00e1tiles para probar productos empacados en atm\u00f3sfera modificada (MAP). Ambos analizadores son peque\u00f1os, robustos y est\u00e1n dise\u00f1ados para medir ox\u00edgeno utilizando una aguja de jeringa para el muestreo de gas o tanto ox\u00edgeno como di\u00f3xido de carbono utilizando un sensor NDIR.\",\"breadcrumb\":{\"@id\":\"https:\/\/prodekinc.com\/es\/producto\/analizadores-portatiles-de-gas\/#breadcrumb\"},\"inLanguage\":\"es\",\"potentialAction\":[{\"@type\":\"ReadAction\",\"target\":[\"https:\/\/prodekinc.com\/es\/producto\/analizadores-portatiles-de-gas\/\"]}]},{\"@type\":\"ImageObject\",\"inLanguage\":\"es\",\"@id\":\"https:\/\/prodekinc.com\/es\/producto\/analizadores-portatiles-de-gas\/#primaryimage\",\"url\":\"https:\/\/prodekinc.com\/wp-content\/uploads\/Systech-Illinois-Gaspace-Handheld-Analyzers.png\",\"contentUrl\":\"https:\/\/prodekinc.com\/wp-content\/uploads\/Systech-Illinois-Gaspace-Handheld-Analyzers.png\",\"width\":515,\"height\":344},{\"@type\":\"BreadcrumbList\",\"@id\":\"https:\/\/prodekinc.com\/es\/producto\/analizadores-portatiles-de-gas\/#breadcrumb\",\"itemListElement\":[{\"@type\":\"ListItem\",\"position\":1,\"name\":\"Portada\",\"item\":\"https:\/\/prodekinc.com\/es\/\"},{\"@type\":\"ListItem\",\"position\":2,\"name\":\"Tienda\",\"item\":\"https:\/\/prodekinc.com\/tienda\/\"},{\"@type\":\"ListItem\",\"position\":3,\"name\":\"Analizadores Port\u00e1tiles de Gas\"}]},{\"@type\":\"WebSite\",\"@id\":\"https:\/\/prodekinc.com\/es\/#website\",\"url\":\"https:\/\/prodekinc.com\/es\/\",\"name\":\"ProdekInc\",\"description\":\"\",\"publisher\":{\"@id\":\"https:\/\/prodekinc.com\/es\/#organization\"},\"potentialAction\":[{\"@type\":\"SearchAction\",\"target\":{\"@type\":\"EntryPoint\",\"urlTemplate\":\"https:\/\/prodekinc.com\/es\/?s={search_term_string}\"},\"query-input\":{\"@type\":\"PropertyValueSpecification\",\"valueRequired\":true,\"valueName\":\"search_term_string\"}}],\"inLanguage\":\"es\"},{\"@type\":\"Organization\",\"@id\":\"https:\/\/prodekinc.com\/es\/#organization\",\"name\":\"ProdekInc\",\"url\":\"https:\/\/prodekinc.com\/es\/\",\"logo\":{\"@type\":\"ImageObject\",\"inLanguage\":\"es\",\"@id\":\"https:\/\/prodekinc.com\/es\/#\/schema\/logo\/image\/\",\"url\":\"https:\/\/prodekinc.com\/wp-content\/uploads\/logo-footer.svg\",\"contentUrl\":\"https:\/\/prodekinc.com\/wp-content\/uploads\/logo-footer.svg\",\"width\":235.5,\"height\":155.2,\"caption\":\"ProdekInc\"},\"image\":{\"@id\":\"https:\/\/prodekinc.com\/es\/#\/schema\/logo\/image\/\"}}]}<\/script>\n<!-- \/ Yoast SEO plugin. -->","yoast_head_json":{"title":"Analizadores Port\u00e1tiles de Gas - ProdekInc","description":"Analizadores de gas port\u00e1tiles para probar productos empacados en atm\u00f3sfera modificada (MAP). Ambos analizadores son peque\u00f1os, robustos y est\u00e1n dise\u00f1ados para medir ox\u00edgeno utilizando una aguja de jeringa para el muestreo de gas o tanto ox\u00edgeno como di\u00f3xido de carbono utilizando un sensor NDIR.","robots":{"index":"index","follow":"follow","max-snippet":"max-snippet:-1","max-image-preview":"max-image-preview:large","max-video-preview":"max-video-preview:-1"},"canonical":"https:\/\/prodekinc.com\/es\/producto\/analizadores-portatiles-de-gas\/","og_locale":"es_ES","og_type":"article","og_title":"Analizadores Port\u00e1tiles de Gas - ProdekInc","og_description":"Analizadores de gas port\u00e1tiles para probar productos empacados en atm\u00f3sfera modificada (MAP). Ambos analizadores son peque\u00f1os, robustos y est\u00e1n dise\u00f1ados para medir ox\u00edgeno utilizando una aguja de jeringa para el muestreo de gas o tanto ox\u00edgeno como di\u00f3xido de carbono utilizando un sensor NDIR.","og_url":"https:\/\/prodekinc.com\/es\/producto\/analizadores-portatiles-de-gas\/","og_site_name":"ProdekInc","article_modified_time":"2024-08-13T22:01:25+00:00","og_image":[{"width":515,"height":344,"url":"https:\/\/prodekinc.com\/wp-content\/uploads\/Systech-Illinois-Gaspace-Handheld-Analyzers.png","type":"image\/png"}],"twitter_card":"summary_large_image","schema":{"@context":"https:\/\/schema.org","@graph":[{"@type":"WebPage","@id":"https:\/\/prodekinc.com\/es\/producto\/analizadores-portatiles-de-gas\/","url":"https:\/\/prodekinc.com\/es\/producto\/analizadores-portatiles-de-gas\/","name":"Analizadores Port\u00e1tiles de Gas - ProdekInc","isPartOf":{"@id":"https:\/\/prodekinc.com\/es\/#website"},"primaryImageOfPage":{"@id":"https:\/\/prodekinc.com\/es\/producto\/analizadores-portatiles-de-gas\/#primaryimage"},"image":{"@id":"https:\/\/prodekinc.com\/es\/producto\/analizadores-portatiles-de-gas\/#primaryimage"},"thumbnailUrl":"https:\/\/prodekinc.com\/wp-content\/uploads\/Systech-Illinois-Gaspace-Handheld-Analyzers.png","datePublished":"2024-08-06T21:32:38+00:00","dateModified":"2024-08-13T22:01:25+00:00","description":"Analizadores de gas port\u00e1tiles para probar productos empacados en atm\u00f3sfera modificada (MAP). Ambos analizadores son peque\u00f1os, robustos y est\u00e1n dise\u00f1ados para medir ox\u00edgeno utilizando una aguja de jeringa para el muestreo de gas o tanto ox\u00edgeno como di\u00f3xido de carbono utilizando un sensor NDIR.","breadcrumb":{"@id":"https:\/\/prodekinc.com\/es\/producto\/analizadores-portatiles-de-gas\/#breadcrumb"},"inLanguage":"es","potentialAction":[{"@type":"ReadAction","target":["https:\/\/prodekinc.com\/es\/producto\/analizadores-portatiles-de-gas\/"]}]},{"@type":"ImageObject","inLanguage":"es","@id":"https:\/\/prodekinc.com\/es\/producto\/analizadores-portatiles-de-gas\/#primaryimage","url":"https:\/\/prodekinc.com\/wp-content\/uploads\/Systech-Illinois-Gaspace-Handheld-Analyzers.png","contentUrl":"https:\/\/prodekinc.com\/wp-content\/uploads\/Systech-Illinois-Gaspace-Handheld-Analyzers.png","width":515,"height":344},{"@type":"BreadcrumbList","@id":"https:\/\/prodekinc.com\/es\/producto\/analizadores-portatiles-de-gas\/#breadcrumb","itemListElement":[{"@type":"ListItem","position":1,"name":"Portada","item":"https:\/\/prodekinc.com\/es\/"},{"@type":"ListItem","position":2,"name":"Tienda","item":"https:\/\/prodekinc.com\/tienda\/"},{"@type":"ListItem","position":3,"name":"Analizadores Port\u00e1tiles de Gas"}]},{"@type":"WebSite","@id":"https:\/\/prodekinc.com\/es\/#website","url":"https:\/\/prodekinc.com\/es\/","name":"ProdekInc","description":"","publisher":{"@id":"https:\/\/prodekinc.com\/es\/#organization"},"potentialAction":[{"@type":"SearchAction","target":{"@type":"EntryPoint","urlTemplate":"https:\/\/prodekinc.com\/es\/?s={search_term_string}"},"query-input":{"@type":"PropertyValueSpecification","valueRequired":true,"valueName":"search_term_string"}}],"inLanguage":"es"},{"@type":"Organization","@id":"https:\/\/prodekinc.com\/es\/#organization","name":"ProdekInc","url":"https:\/\/prodekinc.com\/es\/","logo":{"@type":"ImageObject","inLanguage":"es","@id":"https:\/\/prodekinc.com\/es\/#\/schema\/logo\/image\/","url":"https:\/\/prodekinc.com\/wp-content\/uploads\/logo-footer.svg","contentUrl":"https:\/\/prodekinc.com\/wp-content\/uploads\/logo-footer.svg","width":235.5,"height":155.2,"caption":"ProdekInc"},"image":{"@id":"https:\/\/prodekinc.com\/es\/#\/schema\/logo\/image\/"}}]}},"_links":{"self":[{"href":"https:\/\/prodekinc.com\/es\/wp-json\/wp\/v2\/product\/6989","targetHints":{"allow":["GET"]}}],"collection":[{"href":"https:\/\/prodekinc.com\/es\/wp-json\/wp\/v2\/product"}],"about":[{"href":"https:\/\/prodekinc.com\/es\/wp-json\/wp\/v2\/types\/product"}],"replies":[{"embeddable":true,"href":"https:\/\/prodekinc.com\/es\/wp-json\/wp\/v2\/comments?post=6989"}],"version-history":[{"count":0,"href":"https:\/\/prodekinc.com\/es\/wp-json\/wp\/v2\/product\/6989\/revisions"}],"wp:featuredmedia":[{"embeddable":true,"href":"https:\/\/prodekinc.com\/es\/wp-json\/wp\/v2\/media\/6936"}],"wp:attachment":[{"href":"https:\/\/prodekinc.com\/es\/wp-json\/wp\/v2\/media?parent=6989"}],"wp:term":[{"taxonomy":"product_brand","embeddable":true,"href":"https:\/\/prodekinc.com\/es\/wp-json\/wp\/v2\/product_brand?post=6989"},{"taxonomy":"product_cat","embeddable":true,"href":"https:\/\/prodekinc.com\/es\/wp-json\/wp\/v2\/product_cat?post=6989"},{"taxonomy":"product_tag","embeddable":true,"href":"https:\/\/prodekinc.com\/es\/wp-json\/wp\/v2\/product_tag?post=6989"}],"curies":[{"name":"wp","href":"https:\/\/api.w.org\/{rel}","templated":true}]}}