{"id":6984,"date":"2024-08-06T15:25:11","date_gmt":"2024-08-06T21:25:11","guid":{"rendered":"https:\/\/prodekinc.com\/?post_type=product&#038;p=6984"},"modified":"2024-08-13T16:06:31","modified_gmt":"2024-08-13T22:06:31","slug":"analizador-de-tasa-de-transmision-de-oxigeno","status":"publish","type":"product","link":"https:\/\/prodekinc.com\/es\/producto\/analizador-de-tasa-de-transmision-de-oxigeno\/","title":{"rendered":"Analizador de Tasa de Transmisi\u00f3n de Ox\u00edgeno"},"content":{"rendered":"","protected":false},"excerpt":{"rendered":"<p>Estableciendo un nuevo punto de referencia en pruebas de tasa de transmisi\u00f3n de ox\u00edgeno, nuestros instrumentos OxySense\u00ae incorporan lo \u00faltimo en tecnolog\u00eda de sensores colorim\u00e9tricos con alta sensibilidad y el rango de prueba m\u00e1s amplio.<\/p>\n<p><img decoding=\"async\" class=\"wp-image-7168 aligncenter\" src=\"https:\/\/prodekinc.com\/wp-content\/uploads\/bolsa-papa.png\" alt=\"\" width=\"162\" height=\"217\" srcset=\"https:\/\/prodekinc.com\/wp-content\/uploads\/bolsa-papa.png 616w, https:\/\/prodekinc.com\/wp-content\/uploads\/bolsa-papa-600x802.png 600w\" sizes=\"(max-width: 162px) 100vw, 162px\" \/><\/p>\n","protected":false},"featured_media":6938,"comment_status":"open","ping_status":"closed","template":"","meta":{"site-sidebar-layout":"default","site-content-layout":"default","ast-site-content-layout":"default","site-content-style":"default","site-sidebar-style":"default","ast-global-header-display":"","ast-banner-title-visibility":"","ast-main-header-display":"","ast-hfb-above-header-display":"","ast-hfb-below-header-display":"","ast-hfb-mobile-header-display":"","site-post-title":"","ast-breadcrumbs-content":"","ast-featured-img":"","footer-sml-layout":"","ast-disable-related-posts":"","theme-transparent-header-meta":"default","adv-header-id-meta":"","stick-header-meta":"default","header-above-stick-meta":"","header-main-stick-meta":"","header-below-stick-meta":"","astra-migrate-meta-layouts":"default","ast-page-background-enabled":"default","ast-page-background-meta":{"desktop":{"background-color":"var(--ast-global-color-4)","background-image":"","background-repeat":"repeat","background-position":"center center","background-size":"auto","background-attachment":"scroll","background-type":"","background-media":"","overlay-type":"","overlay-color":"","overlay-opacity":"","overlay-gradient":""},"tablet":{"background-color":"","background-image":"","background-repeat":"repeat","background-position":"center center","background-size":"auto","background-attachment":"scroll","background-type":"","background-media":"","overlay-type":"","overlay-color":"","overlay-opacity":"","overlay-gradient":""},"mobile":{"background-color":"","background-image":"","background-repeat":"repeat","background-position":"center center","background-size":"auto","background-attachment":"scroll","background-type":"","background-media":"","overlay-type":"","overlay-color":"","overlay-opacity":"","overlay-gradient":""}},"ast-content-background-meta":{"desktop":{"background-color":"var(--ast-global-color-5)","background-image":"","background-repeat":"repeat","background-position":"center center","background-size":"auto","background-attachment":"scroll","background-type":"","background-media":"","overlay-type":"","overlay-color":"","overlay-opacity":"","overlay-gradient":""},"tablet":{"background-color":"var(--ast-global-color-5)","background-image":"","background-repeat":"repeat","background-position":"center center","background-size":"auto","background-attachment":"scroll","background-type":"","background-media":"","overlay-type":"","overlay-color":"","overlay-opacity":"","overlay-gradient":""},"mobile":{"background-color":"var(--ast-global-color-5)","background-image":"","background-repeat":"repeat","background-position":"center center","background-size":"auto","background-attachment":"scroll","background-type":"","background-media":"","overlay-type":"","overlay-color":"","overlay-opacity":"","overlay-gradient":""}}},"product_brand":[],"product_cat":[15],"product_tag":[],"class_list":{"0":"post-6984","1":"product","2":"type-product","3":"status-publish","4":"has-post-thumbnail","6":"product_cat-sin-categorizar","7":"desktop-align-left","8":"tablet-align-left","9":"mobile-align-left","10":"ast-product-gallery-layout-horizontal","11":"ast-product-gallery-with-no-image","12":"ast-product-tabs-layout-horizontal","14":"first","15":"instock","16":"shipping-taxable","17":"product-type-simple"},"yoast_head":"<!-- This site is optimized with the Yoast SEO plugin v27.2 - https:\/\/yoast.com\/product\/yoast-seo-wordpress\/ -->\n<title>Analizador de Tasa de Transmisi\u00f3n de Ox\u00edgeno - ProdekInc<\/title>\n<meta name=\"description\" content=\"Estableciendo un nuevo punto de referencia en pruebas de tasa de transmisi\u00f3n de ox\u00edgeno, nuestros instrumentos OxySense\u00ae incorporan lo \u00faltimo en tecnolog\u00eda de sensores colorim\u00e9tricos con alta sensibilidad y el rango de prueba m\u00e1s amplio.\" \/>\n<meta name=\"robots\" content=\"index, follow, max-snippet:-1, max-image-preview:large, max-video-preview:-1\" \/>\n<link rel=\"canonical\" href=\"https:\/\/prodekinc.com\/es\/producto\/analizador-de-tasa-de-transmision-de-oxigeno\/\" \/>\n<meta property=\"og:locale\" content=\"es_ES\" \/>\n<meta property=\"og:type\" content=\"article\" \/>\n<meta property=\"og:title\" content=\"Analizador de Tasa de Transmisi\u00f3n de Ox\u00edgeno - ProdekInc\" \/>\n<meta property=\"og:description\" content=\"Estableciendo un nuevo punto de referencia en pruebas de tasa de transmisi\u00f3n de ox\u00edgeno, nuestros instrumentos OxySense\u00ae incorporan lo \u00faltimo en tecnolog\u00eda de sensores colorim\u00e9tricos con alta sensibilidad y el rango de prueba m\u00e1s amplio.\" \/>\n<meta property=\"og:url\" content=\"https:\/\/prodekinc.com\/es\/producto\/analizador-de-tasa-de-transmision-de-oxigeno\/\" \/>\n<meta property=\"og:site_name\" content=\"ProdekInc\" \/>\n<meta property=\"article:modified_time\" content=\"2024-08-13T22:06:31+00:00\" \/>\n<meta property=\"og:image\" content=\"https:\/\/prodekinc.com\/wp-content\/uploads\/Systech-Illinois-8101e-OxySense\u00ae-Oxygen-Transmission-Rate-Analyzer.png\" \/>\n\t<meta property=\"og:image:width\" content=\"577\" \/>\n\t<meta property=\"og:image:height\" content=\"433\" \/>\n\t<meta property=\"og:image:type\" content=\"image\/png\" \/>\n<meta name=\"twitter:card\" content=\"summary_large_image\" \/>\n<script type=\"application\/ld+json\" class=\"yoast-schema-graph\">{\"@context\":\"https:\/\/schema.org\",\"@graph\":[{\"@type\":\"WebPage\",\"@id\":\"https:\/\/prodekinc.com\/es\/producto\/analizador-de-tasa-de-transmision-de-oxigeno\/\",\"url\":\"https:\/\/prodekinc.com\/es\/producto\/analizador-de-tasa-de-transmision-de-oxigeno\/\",\"name\":\"Analizador de Tasa de Transmisi\u00f3n de Ox\u00edgeno - ProdekInc\",\"isPartOf\":{\"@id\":\"https:\/\/prodekinc.com\/es\/#website\"},\"primaryImageOfPage\":{\"@id\":\"https:\/\/prodekinc.com\/es\/producto\/analizador-de-tasa-de-transmision-de-oxigeno\/#primaryimage\"},\"image\":{\"@id\":\"https:\/\/prodekinc.com\/es\/producto\/analizador-de-tasa-de-transmision-de-oxigeno\/#primaryimage\"},\"thumbnailUrl\":\"https:\/\/prodekinc.com\/wp-content\/uploads\/Systech-Illinois-8101e-OxySense\u00ae-Oxygen-Transmission-Rate-Analyzer.png\",\"datePublished\":\"2024-08-06T21:25:11+00:00\",\"dateModified\":\"2024-08-13T22:06:31+00:00\",\"description\":\"Estableciendo un nuevo punto de referencia en pruebas de tasa de transmisi\u00f3n de ox\u00edgeno, nuestros instrumentos OxySense\u00ae incorporan lo \u00faltimo en tecnolog\u00eda de sensores colorim\u00e9tricos con alta sensibilidad y el rango de prueba m\u00e1s amplio.\",\"breadcrumb\":{\"@id\":\"https:\/\/prodekinc.com\/es\/producto\/analizador-de-tasa-de-transmision-de-oxigeno\/#breadcrumb\"},\"inLanguage\":\"es\",\"potentialAction\":[{\"@type\":\"ReadAction\",\"target\":[\"https:\/\/prodekinc.com\/es\/producto\/analizador-de-tasa-de-transmision-de-oxigeno\/\"]}]},{\"@type\":\"ImageObject\",\"inLanguage\":\"es\",\"@id\":\"https:\/\/prodekinc.com\/es\/producto\/analizador-de-tasa-de-transmision-de-oxigeno\/#primaryimage\",\"url\":\"https:\/\/prodekinc.com\/wp-content\/uploads\/Systech-Illinois-8101e-OxySense\u00ae-Oxygen-Transmission-Rate-Analyzer.png\",\"contentUrl\":\"https:\/\/prodekinc.com\/wp-content\/uploads\/Systech-Illinois-8101e-OxySense\u00ae-Oxygen-Transmission-Rate-Analyzer.png\",\"width\":577,\"height\":433},{\"@type\":\"BreadcrumbList\",\"@id\":\"https:\/\/prodekinc.com\/es\/producto\/analizador-de-tasa-de-transmision-de-oxigeno\/#breadcrumb\",\"itemListElement\":[{\"@type\":\"ListItem\",\"position\":1,\"name\":\"Portada\",\"item\":\"https:\/\/prodekinc.com\/es\/\"},{\"@type\":\"ListItem\",\"position\":2,\"name\":\"Tienda\",\"item\":\"https:\/\/prodekinc.com\/tienda\/\"},{\"@type\":\"ListItem\",\"position\":3,\"name\":\"Analizador de Tasa de Transmisi\u00f3n de Ox\u00edgeno\"}]},{\"@type\":\"WebSite\",\"@id\":\"https:\/\/prodekinc.com\/es\/#website\",\"url\":\"https:\/\/prodekinc.com\/es\/\",\"name\":\"ProdekInc\",\"description\":\"\",\"publisher\":{\"@id\":\"https:\/\/prodekinc.com\/es\/#organization\"},\"potentialAction\":[{\"@type\":\"SearchAction\",\"target\":{\"@type\":\"EntryPoint\",\"urlTemplate\":\"https:\/\/prodekinc.com\/es\/?s={search_term_string}\"},\"query-input\":{\"@type\":\"PropertyValueSpecification\",\"valueRequired\":true,\"valueName\":\"search_term_string\"}}],\"inLanguage\":\"es\"},{\"@type\":\"Organization\",\"@id\":\"https:\/\/prodekinc.com\/es\/#organization\",\"name\":\"ProdekInc\",\"url\":\"https:\/\/prodekinc.com\/es\/\",\"logo\":{\"@type\":\"ImageObject\",\"inLanguage\":\"es\",\"@id\":\"https:\/\/prodekinc.com\/es\/#\/schema\/logo\/image\/\",\"url\":\"https:\/\/prodekinc.com\/wp-content\/uploads\/logo-footer.svg\",\"contentUrl\":\"https:\/\/prodekinc.com\/wp-content\/uploads\/logo-footer.svg\",\"width\":235.5,\"height\":155.2,\"caption\":\"ProdekInc\"},\"image\":{\"@id\":\"https:\/\/prodekinc.com\/es\/#\/schema\/logo\/image\/\"}}]}<\/script>\n<!-- \/ Yoast SEO plugin. -->","yoast_head_json":{"title":"Analizador de Tasa de Transmisi\u00f3n de Ox\u00edgeno - ProdekInc","description":"Estableciendo un nuevo punto de referencia en pruebas de tasa de transmisi\u00f3n de ox\u00edgeno, nuestros instrumentos OxySense\u00ae incorporan lo \u00faltimo en tecnolog\u00eda de sensores colorim\u00e9tricos con alta sensibilidad y el rango de prueba m\u00e1s amplio.","robots":{"index":"index","follow":"follow","max-snippet":"max-snippet:-1","max-image-preview":"max-image-preview:large","max-video-preview":"max-video-preview:-1"},"canonical":"https:\/\/prodekinc.com\/es\/producto\/analizador-de-tasa-de-transmision-de-oxigeno\/","og_locale":"es_ES","og_type":"article","og_title":"Analizador de Tasa de Transmisi\u00f3n de Ox\u00edgeno - ProdekInc","og_description":"Estableciendo un nuevo punto de referencia en pruebas de tasa de transmisi\u00f3n de ox\u00edgeno, nuestros instrumentos OxySense\u00ae incorporan lo \u00faltimo en tecnolog\u00eda de sensores colorim\u00e9tricos con alta sensibilidad y el rango de prueba m\u00e1s amplio.","og_url":"https:\/\/prodekinc.com\/es\/producto\/analizador-de-tasa-de-transmision-de-oxigeno\/","og_site_name":"ProdekInc","article_modified_time":"2024-08-13T22:06:31+00:00","og_image":[{"width":577,"height":433,"url":"https:\/\/prodekinc.com\/wp-content\/uploads\/Systech-Illinois-8101e-OxySense\u00ae-Oxygen-Transmission-Rate-Analyzer.png","type":"image\/png"}],"twitter_card":"summary_large_image","schema":{"@context":"https:\/\/schema.org","@graph":[{"@type":"WebPage","@id":"https:\/\/prodekinc.com\/es\/producto\/analizador-de-tasa-de-transmision-de-oxigeno\/","url":"https:\/\/prodekinc.com\/es\/producto\/analizador-de-tasa-de-transmision-de-oxigeno\/","name":"Analizador de Tasa de Transmisi\u00f3n de Ox\u00edgeno - ProdekInc","isPartOf":{"@id":"https:\/\/prodekinc.com\/es\/#website"},"primaryImageOfPage":{"@id":"https:\/\/prodekinc.com\/es\/producto\/analizador-de-tasa-de-transmision-de-oxigeno\/#primaryimage"},"image":{"@id":"https:\/\/prodekinc.com\/es\/producto\/analizador-de-tasa-de-transmision-de-oxigeno\/#primaryimage"},"thumbnailUrl":"https:\/\/prodekinc.com\/wp-content\/uploads\/Systech-Illinois-8101e-OxySense\u00ae-Oxygen-Transmission-Rate-Analyzer.png","datePublished":"2024-08-06T21:25:11+00:00","dateModified":"2024-08-13T22:06:31+00:00","description":"Estableciendo un nuevo punto de referencia en pruebas de tasa de transmisi\u00f3n de ox\u00edgeno, nuestros instrumentos OxySense\u00ae incorporan lo \u00faltimo en tecnolog\u00eda de sensores colorim\u00e9tricos con alta sensibilidad y el rango de prueba m\u00e1s amplio.","breadcrumb":{"@id":"https:\/\/prodekinc.com\/es\/producto\/analizador-de-tasa-de-transmision-de-oxigeno\/#breadcrumb"},"inLanguage":"es","potentialAction":[{"@type":"ReadAction","target":["https:\/\/prodekinc.com\/es\/producto\/analizador-de-tasa-de-transmision-de-oxigeno\/"]}]},{"@type":"ImageObject","inLanguage":"es","@id":"https:\/\/prodekinc.com\/es\/producto\/analizador-de-tasa-de-transmision-de-oxigeno\/#primaryimage","url":"https:\/\/prodekinc.com\/wp-content\/uploads\/Systech-Illinois-8101e-OxySense\u00ae-Oxygen-Transmission-Rate-Analyzer.png","contentUrl":"https:\/\/prodekinc.com\/wp-content\/uploads\/Systech-Illinois-8101e-OxySense\u00ae-Oxygen-Transmission-Rate-Analyzer.png","width":577,"height":433},{"@type":"BreadcrumbList","@id":"https:\/\/prodekinc.com\/es\/producto\/analizador-de-tasa-de-transmision-de-oxigeno\/#breadcrumb","itemListElement":[{"@type":"ListItem","position":1,"name":"Portada","item":"https:\/\/prodekinc.com\/es\/"},{"@type":"ListItem","position":2,"name":"Tienda","item":"https:\/\/prodekinc.com\/tienda\/"},{"@type":"ListItem","position":3,"name":"Analizador de Tasa de Transmisi\u00f3n de Ox\u00edgeno"}]},{"@type":"WebSite","@id":"https:\/\/prodekinc.com\/es\/#website","url":"https:\/\/prodekinc.com\/es\/","name":"ProdekInc","description":"","publisher":{"@id":"https:\/\/prodekinc.com\/es\/#organization"},"potentialAction":[{"@type":"SearchAction","target":{"@type":"EntryPoint","urlTemplate":"https:\/\/prodekinc.com\/es\/?s={search_term_string}"},"query-input":{"@type":"PropertyValueSpecification","valueRequired":true,"valueName":"search_term_string"}}],"inLanguage":"es"},{"@type":"Organization","@id":"https:\/\/prodekinc.com\/es\/#organization","name":"ProdekInc","url":"https:\/\/prodekinc.com\/es\/","logo":{"@type":"ImageObject","inLanguage":"es","@id":"https:\/\/prodekinc.com\/es\/#\/schema\/logo\/image\/","url":"https:\/\/prodekinc.com\/wp-content\/uploads\/logo-footer.svg","contentUrl":"https:\/\/prodekinc.com\/wp-content\/uploads\/logo-footer.svg","width":235.5,"height":155.2,"caption":"ProdekInc"},"image":{"@id":"https:\/\/prodekinc.com\/es\/#\/schema\/logo\/image\/"}}]}},"_links":{"self":[{"href":"https:\/\/prodekinc.com\/es\/wp-json\/wp\/v2\/product\/6984","targetHints":{"allow":["GET"]}}],"collection":[{"href":"https:\/\/prodekinc.com\/es\/wp-json\/wp\/v2\/product"}],"about":[{"href":"https:\/\/prodekinc.com\/es\/wp-json\/wp\/v2\/types\/product"}],"replies":[{"embeddable":true,"href":"https:\/\/prodekinc.com\/es\/wp-json\/wp\/v2\/comments?post=6984"}],"version-history":[{"count":0,"href":"https:\/\/prodekinc.com\/es\/wp-json\/wp\/v2\/product\/6984\/revisions"}],"wp:featuredmedia":[{"embeddable":true,"href":"https:\/\/prodekinc.com\/es\/wp-json\/wp\/v2\/media\/6938"}],"wp:attachment":[{"href":"https:\/\/prodekinc.com\/es\/wp-json\/wp\/v2\/media?parent=6984"}],"wp:term":[{"taxonomy":"product_brand","embeddable":true,"href":"https:\/\/prodekinc.com\/es\/wp-json\/wp\/v2\/product_brand?post=6984"},{"taxonomy":"product_cat","embeddable":true,"href":"https:\/\/prodekinc.com\/es\/wp-json\/wp\/v2\/product_cat?post=6984"},{"taxonomy":"product_tag","embeddable":true,"href":"https:\/\/prodekinc.com\/es\/wp-json\/wp\/v2\/product_tag?post=6984"}],"curies":[{"name":"wp","href":"https:\/\/api.w.org\/{rel}","templated":true}]}}