{"id":6970,"date":"2024-08-06T15:14:58","date_gmt":"2024-08-06T21:14:58","guid":{"rendered":"https:\/\/prodekinc.com\/?post_type=product&#038;p=6970"},"modified":"2024-08-13T15:12:48","modified_gmt":"2024-08-13T21:12:48","slug":"equipo-para-prueba-de-coeficiente-de-friccion-desprendimiento","status":"publish","type":"product","link":"https:\/\/prodekinc.com\/es\/producto\/equipo-para-prueba-de-coeficiente-de-friccion-desprendimiento\/","title":{"rendered":"Equipo para Prueba de Coeficiente de Fricci\u00f3n\/Desprendimiento"},"content":{"rendered":"","protected":false},"excerpt":{"rendered":"<p>Nuestro probador de coeficiente de fricci\u00f3n 32-76e ofrece un rendimiento y flexibilidad incomparables para probar una amplia gama de est\u00e1ndares para COF, pruebas de pelado, pruebas de adhesi\u00f3n y aplicaciones de sellado t\u00e9rmico.<\/p>\n<p><img decoding=\"async\" class=\"wp-image-7166 alignleft\" src=\"https:\/\/prodekinc.com\/wp-content\/uploads\/rollo-papel.png\" alt=\"\" width=\"274\" height=\"180\" srcset=\"https:\/\/prodekinc.com\/wp-content\/uploads\/rollo-papel.png 822w, https:\/\/prodekinc.com\/wp-content\/uploads\/rollo-papel-768x504.png 768w, https:\/\/prodekinc.com\/wp-content\/uploads\/rollo-papel-600x393.png 600w\" sizes=\"(max-width: 274px) 100vw, 274px\" \/> <img fetchpriority=\"high\" decoding=\"async\" class=\"wp-image-7178 alignleft\" src=\"https:\/\/prodekinc.com\/wp-content\/uploads\/pexels-photo-1555199.jpeg\" alt=\"\" width=\"197\" height=\"262\" srcset=\"https:\/\/prodekinc.com\/wp-content\/uploads\/pexels-photo-1555199.jpeg 1125w, https:\/\/prodekinc.com\/wp-content\/uploads\/pexels-photo-1555199-768x1024.jpeg 768w, https:\/\/prodekinc.com\/wp-content\/uploads\/pexels-photo-1555199-600x800.jpeg 600w\" sizes=\"(max-width: 197px) 100vw, 197px\" \/><\/p>\n","protected":false},"featured_media":6951,"comment_status":"open","ping_status":"closed","template":"","meta":{"site-sidebar-layout":"default","site-content-layout":"default","ast-site-content-layout":"default","site-content-style":"default","site-sidebar-style":"default","ast-global-header-display":"","ast-banner-title-visibility":"","ast-main-header-display":"","ast-hfb-above-header-display":"","ast-hfb-below-header-display":"","ast-hfb-mobile-header-display":"","site-post-title":"","ast-breadcrumbs-content":"","ast-featured-img":"","footer-sml-layout":"","ast-disable-related-posts":"","theme-transparent-header-meta":"default","adv-header-id-meta":"","stick-header-meta":"default","header-above-stick-meta":"","header-main-stick-meta":"","header-below-stick-meta":"","astra-migrate-meta-layouts":"default","ast-page-background-enabled":"default","ast-page-background-meta":{"desktop":{"background-color":"var(--ast-global-color-4)","background-image":"","background-repeat":"repeat","background-position":"center center","background-size":"auto","background-attachment":"scroll","background-type":"","background-media":"","overlay-type":"","overlay-color":"","overlay-opacity":"","overlay-gradient":""},"tablet":{"background-color":"","background-image":"","background-repeat":"repeat","background-position":"center center","background-size":"auto","background-attachment":"scroll","background-type":"","background-media":"","overlay-type":"","overlay-color":"","overlay-opacity":"","overlay-gradient":""},"mobile":{"background-color":"","background-image":"","background-repeat":"repeat","background-position":"center center","background-size":"auto","background-attachment":"scroll","background-type":"","background-media":"","overlay-type":"","overlay-color":"","overlay-opacity":"","overlay-gradient":""}},"ast-content-background-meta":{"desktop":{"background-color":"var(--ast-global-color-5)","background-image":"","background-repeat":"repeat","background-position":"center center","background-size":"auto","background-attachment":"scroll","background-type":"","background-media":"","overlay-type":"","overlay-color":"","overlay-opacity":"","overlay-gradient":""},"tablet":{"background-color":"var(--ast-global-color-5)","background-image":"","background-repeat":"repeat","background-position":"center center","background-size":"auto","background-attachment":"scroll","background-type":"","background-media":"","overlay-type":"","overlay-color":"","overlay-opacity":"","overlay-gradient":""},"mobile":{"background-color":"var(--ast-global-color-5)","background-image":"","background-repeat":"repeat","background-position":"center center","background-size":"auto","background-attachment":"scroll","background-type":"","background-media":"","overlay-type":"","overlay-color":"","overlay-opacity":"","overlay-gradient":""}}},"product_brand":[],"product_cat":[15],"product_tag":[],"class_list":{"0":"post-6970","1":"product","2":"type-product","3":"status-publish","4":"has-post-thumbnail","6":"product_cat-sin-categorizar","7":"desktop-align-left","8":"tablet-align-left","9":"mobile-align-left","10":"ast-product-gallery-layout-horizontal","11":"ast-product-gallery-with-no-image","12":"ast-product-tabs-layout-horizontal","14":"first","15":"instock","16":"shipping-taxable","17":"product-type-simple"},"yoast_head":"<!-- This site is optimized with the Yoast SEO plugin v27.2 - https:\/\/yoast.com\/product\/yoast-seo-wordpress\/ -->\n<title>Equipo para Prueba de Coeficiente de Fricci\u00f3n\/Desprendimiento - ProdekInc<\/title>\n<meta name=\"description\" content=\"Nuestro probador de coeficiente de fricci\u00f3n 32-76e ofrece un rendimiento y flexibilidad incomparables para probar una amplia gama de est\u00e1ndares para COF, pruebas de pelado, pruebas de adhesi\u00f3n y aplicaciones de sellado t\u00e9rmico.\" \/>\n<meta name=\"robots\" content=\"index, follow, max-snippet:-1, max-image-preview:large, max-video-preview:-1\" \/>\n<link rel=\"canonical\" href=\"https:\/\/prodekinc.com\/es\/producto\/equipo-para-prueba-de-coeficiente-de-friccion-desprendimiento\/\" \/>\n<meta property=\"og:locale\" content=\"es_ES\" \/>\n<meta property=\"og:type\" content=\"article\" \/>\n<meta property=\"og:title\" content=\"Equipo para Prueba de Coeficiente de Fricci\u00f3n\/Desprendimiento - ProdekInc\" \/>\n<meta property=\"og:description\" content=\"Nuestro probador de coeficiente de fricci\u00f3n 32-76e ofrece un rendimiento y flexibilidad incomparables para probar una amplia gama de est\u00e1ndares para COF, pruebas de pelado, pruebas de adhesi\u00f3n y aplicaciones de sellado t\u00e9rmico.\" \/>\n<meta property=\"og:url\" content=\"https:\/\/prodekinc.com\/es\/producto\/equipo-para-prueba-de-coeficiente-de-friccion-desprendimiento\/\" \/>\n<meta property=\"og:site_name\" content=\"ProdekInc\" \/>\n<meta property=\"article:modified_time\" content=\"2024-08-13T21:12:48+00:00\" \/>\n<meta property=\"og:image\" content=\"https:\/\/prodekinc.com\/wp-content\/uploads\/Testing-Machines-Inc.-Coefficient-Friction-Peel-Tester-32-76e.png\" \/>\n\t<meta property=\"og:image:width\" content=\"474\" \/>\n\t<meta property=\"og:image:height\" content=\"355\" \/>\n\t<meta property=\"og:image:type\" content=\"image\/png\" \/>\n<meta name=\"twitter:card\" content=\"summary_large_image\" \/>\n<script type=\"application\/ld+json\" class=\"yoast-schema-graph\">{\"@context\":\"https:\/\/schema.org\",\"@graph\":[{\"@type\":\"WebPage\",\"@id\":\"https:\/\/prodekinc.com\/es\/producto\/equipo-para-prueba-de-coeficiente-de-friccion-desprendimiento\/\",\"url\":\"https:\/\/prodekinc.com\/es\/producto\/equipo-para-prueba-de-coeficiente-de-friccion-desprendimiento\/\",\"name\":\"Equipo para Prueba de Coeficiente de Fricci\u00f3n\/Desprendimiento - ProdekInc\",\"isPartOf\":{\"@id\":\"https:\/\/prodekinc.com\/es\/#website\"},\"primaryImageOfPage\":{\"@id\":\"https:\/\/prodekinc.com\/es\/producto\/equipo-para-prueba-de-coeficiente-de-friccion-desprendimiento\/#primaryimage\"},\"image\":{\"@id\":\"https:\/\/prodekinc.com\/es\/producto\/equipo-para-prueba-de-coeficiente-de-friccion-desprendimiento\/#primaryimage\"},\"thumbnailUrl\":\"https:\/\/prodekinc.com\/wp-content\/uploads\/Testing-Machines-Inc.-Coefficient-Friction-Peel-Tester-32-76e.png\",\"datePublished\":\"2024-08-06T21:14:58+00:00\",\"dateModified\":\"2024-08-13T21:12:48+00:00\",\"description\":\"Nuestro probador de coeficiente de fricci\u00f3n 32-76e ofrece un rendimiento y flexibilidad incomparables para probar una amplia gama de est\u00e1ndares para COF, pruebas de pelado, pruebas de adhesi\u00f3n y aplicaciones de sellado t\u00e9rmico.\",\"breadcrumb\":{\"@id\":\"https:\/\/prodekinc.com\/es\/producto\/equipo-para-prueba-de-coeficiente-de-friccion-desprendimiento\/#breadcrumb\"},\"inLanguage\":\"es\",\"potentialAction\":[{\"@type\":\"ReadAction\",\"target\":[\"https:\/\/prodekinc.com\/es\/producto\/equipo-para-prueba-de-coeficiente-de-friccion-desprendimiento\/\"]}]},{\"@type\":\"ImageObject\",\"inLanguage\":\"es\",\"@id\":\"https:\/\/prodekinc.com\/es\/producto\/equipo-para-prueba-de-coeficiente-de-friccion-desprendimiento\/#primaryimage\",\"url\":\"https:\/\/prodekinc.com\/wp-content\/uploads\/Testing-Machines-Inc.-Coefficient-Friction-Peel-Tester-32-76e.png\",\"contentUrl\":\"https:\/\/prodekinc.com\/wp-content\/uploads\/Testing-Machines-Inc.-Coefficient-Friction-Peel-Tester-32-76e.png\",\"width\":474,\"height\":355},{\"@type\":\"BreadcrumbList\",\"@id\":\"https:\/\/prodekinc.com\/es\/producto\/equipo-para-prueba-de-coeficiente-de-friccion-desprendimiento\/#breadcrumb\",\"itemListElement\":[{\"@type\":\"ListItem\",\"position\":1,\"name\":\"Portada\",\"item\":\"https:\/\/prodekinc.com\/es\/\"},{\"@type\":\"ListItem\",\"position\":2,\"name\":\"Tienda\",\"item\":\"https:\/\/prodekinc.com\/tienda\/\"},{\"@type\":\"ListItem\",\"position\":3,\"name\":\"Equipo para Prueba de Coeficiente de Fricci\u00f3n\/Desprendimiento\"}]},{\"@type\":\"WebSite\",\"@id\":\"https:\/\/prodekinc.com\/es\/#website\",\"url\":\"https:\/\/prodekinc.com\/es\/\",\"name\":\"ProdekInc\",\"description\":\"\",\"publisher\":{\"@id\":\"https:\/\/prodekinc.com\/es\/#organization\"},\"potentialAction\":[{\"@type\":\"SearchAction\",\"target\":{\"@type\":\"EntryPoint\",\"urlTemplate\":\"https:\/\/prodekinc.com\/es\/?s={search_term_string}\"},\"query-input\":{\"@type\":\"PropertyValueSpecification\",\"valueRequired\":true,\"valueName\":\"search_term_string\"}}],\"inLanguage\":\"es\"},{\"@type\":\"Organization\",\"@id\":\"https:\/\/prodekinc.com\/es\/#organization\",\"name\":\"ProdekInc\",\"url\":\"https:\/\/prodekinc.com\/es\/\",\"logo\":{\"@type\":\"ImageObject\",\"inLanguage\":\"es\",\"@id\":\"https:\/\/prodekinc.com\/es\/#\/schema\/logo\/image\/\",\"url\":\"https:\/\/prodekinc.com\/wp-content\/uploads\/logo-footer.svg\",\"contentUrl\":\"https:\/\/prodekinc.com\/wp-content\/uploads\/logo-footer.svg\",\"width\":235.5,\"height\":155.2,\"caption\":\"ProdekInc\"},\"image\":{\"@id\":\"https:\/\/prodekinc.com\/es\/#\/schema\/logo\/image\/\"}}]}<\/script>\n<!-- \/ Yoast SEO plugin. -->","yoast_head_json":{"title":"Equipo para Prueba de Coeficiente de Fricci\u00f3n\/Desprendimiento - ProdekInc","description":"Nuestro probador de coeficiente de fricci\u00f3n 32-76e ofrece un rendimiento y flexibilidad incomparables para probar una amplia gama de est\u00e1ndares para COF, pruebas de pelado, pruebas de adhesi\u00f3n y aplicaciones de sellado t\u00e9rmico.","robots":{"index":"index","follow":"follow","max-snippet":"max-snippet:-1","max-image-preview":"max-image-preview:large","max-video-preview":"max-video-preview:-1"},"canonical":"https:\/\/prodekinc.com\/es\/producto\/equipo-para-prueba-de-coeficiente-de-friccion-desprendimiento\/","og_locale":"es_ES","og_type":"article","og_title":"Equipo para Prueba de Coeficiente de Fricci\u00f3n\/Desprendimiento - ProdekInc","og_description":"Nuestro probador de coeficiente de fricci\u00f3n 32-76e ofrece un rendimiento y flexibilidad incomparables para probar una amplia gama de est\u00e1ndares para COF, pruebas de pelado, pruebas de adhesi\u00f3n y aplicaciones de sellado t\u00e9rmico.","og_url":"https:\/\/prodekinc.com\/es\/producto\/equipo-para-prueba-de-coeficiente-de-friccion-desprendimiento\/","og_site_name":"ProdekInc","article_modified_time":"2024-08-13T21:12:48+00:00","og_image":[{"width":474,"height":355,"url":"https:\/\/prodekinc.com\/wp-content\/uploads\/Testing-Machines-Inc.-Coefficient-Friction-Peel-Tester-32-76e.png","type":"image\/png"}],"twitter_card":"summary_large_image","schema":{"@context":"https:\/\/schema.org","@graph":[{"@type":"WebPage","@id":"https:\/\/prodekinc.com\/es\/producto\/equipo-para-prueba-de-coeficiente-de-friccion-desprendimiento\/","url":"https:\/\/prodekinc.com\/es\/producto\/equipo-para-prueba-de-coeficiente-de-friccion-desprendimiento\/","name":"Equipo para Prueba de Coeficiente de Fricci\u00f3n\/Desprendimiento - ProdekInc","isPartOf":{"@id":"https:\/\/prodekinc.com\/es\/#website"},"primaryImageOfPage":{"@id":"https:\/\/prodekinc.com\/es\/producto\/equipo-para-prueba-de-coeficiente-de-friccion-desprendimiento\/#primaryimage"},"image":{"@id":"https:\/\/prodekinc.com\/es\/producto\/equipo-para-prueba-de-coeficiente-de-friccion-desprendimiento\/#primaryimage"},"thumbnailUrl":"https:\/\/prodekinc.com\/wp-content\/uploads\/Testing-Machines-Inc.-Coefficient-Friction-Peel-Tester-32-76e.png","datePublished":"2024-08-06T21:14:58+00:00","dateModified":"2024-08-13T21:12:48+00:00","description":"Nuestro probador de coeficiente de fricci\u00f3n 32-76e ofrece un rendimiento y flexibilidad incomparables para probar una amplia gama de est\u00e1ndares para COF, pruebas de pelado, pruebas de adhesi\u00f3n y aplicaciones de sellado t\u00e9rmico.","breadcrumb":{"@id":"https:\/\/prodekinc.com\/es\/producto\/equipo-para-prueba-de-coeficiente-de-friccion-desprendimiento\/#breadcrumb"},"inLanguage":"es","potentialAction":[{"@type":"ReadAction","target":["https:\/\/prodekinc.com\/es\/producto\/equipo-para-prueba-de-coeficiente-de-friccion-desprendimiento\/"]}]},{"@type":"ImageObject","inLanguage":"es","@id":"https:\/\/prodekinc.com\/es\/producto\/equipo-para-prueba-de-coeficiente-de-friccion-desprendimiento\/#primaryimage","url":"https:\/\/prodekinc.com\/wp-content\/uploads\/Testing-Machines-Inc.-Coefficient-Friction-Peel-Tester-32-76e.png","contentUrl":"https:\/\/prodekinc.com\/wp-content\/uploads\/Testing-Machines-Inc.-Coefficient-Friction-Peel-Tester-32-76e.png","width":474,"height":355},{"@type":"BreadcrumbList","@id":"https:\/\/prodekinc.com\/es\/producto\/equipo-para-prueba-de-coeficiente-de-friccion-desprendimiento\/#breadcrumb","itemListElement":[{"@type":"ListItem","position":1,"name":"Portada","item":"https:\/\/prodekinc.com\/es\/"},{"@type":"ListItem","position":2,"name":"Tienda","item":"https:\/\/prodekinc.com\/tienda\/"},{"@type":"ListItem","position":3,"name":"Equipo para Prueba de Coeficiente de Fricci\u00f3n\/Desprendimiento"}]},{"@type":"WebSite","@id":"https:\/\/prodekinc.com\/es\/#website","url":"https:\/\/prodekinc.com\/es\/","name":"ProdekInc","description":"","publisher":{"@id":"https:\/\/prodekinc.com\/es\/#organization"},"potentialAction":[{"@type":"SearchAction","target":{"@type":"EntryPoint","urlTemplate":"https:\/\/prodekinc.com\/es\/?s={search_term_string}"},"query-input":{"@type":"PropertyValueSpecification","valueRequired":true,"valueName":"search_term_string"}}],"inLanguage":"es"},{"@type":"Organization","@id":"https:\/\/prodekinc.com\/es\/#organization","name":"ProdekInc","url":"https:\/\/prodekinc.com\/es\/","logo":{"@type":"ImageObject","inLanguage":"es","@id":"https:\/\/prodekinc.com\/es\/#\/schema\/logo\/image\/","url":"https:\/\/prodekinc.com\/wp-content\/uploads\/logo-footer.svg","contentUrl":"https:\/\/prodekinc.com\/wp-content\/uploads\/logo-footer.svg","width":235.5,"height":155.2,"caption":"ProdekInc"},"image":{"@id":"https:\/\/prodekinc.com\/es\/#\/schema\/logo\/image\/"}}]}},"_links":{"self":[{"href":"https:\/\/prodekinc.com\/es\/wp-json\/wp\/v2\/product\/6970","targetHints":{"allow":["GET"]}}],"collection":[{"href":"https:\/\/prodekinc.com\/es\/wp-json\/wp\/v2\/product"}],"about":[{"href":"https:\/\/prodekinc.com\/es\/wp-json\/wp\/v2\/types\/product"}],"replies":[{"embeddable":true,"href":"https:\/\/prodekinc.com\/es\/wp-json\/wp\/v2\/comments?post=6970"}],"version-history":[{"count":0,"href":"https:\/\/prodekinc.com\/es\/wp-json\/wp\/v2\/product\/6970\/revisions"}],"wp:featuredmedia":[{"embeddable":true,"href":"https:\/\/prodekinc.com\/es\/wp-json\/wp\/v2\/media\/6951"}],"wp:attachment":[{"href":"https:\/\/prodekinc.com\/es\/wp-json\/wp\/v2\/media?parent=6970"}],"wp:term":[{"taxonomy":"product_brand","embeddable":true,"href":"https:\/\/prodekinc.com\/es\/wp-json\/wp\/v2\/product_brand?post=6970"},{"taxonomy":"product_cat","embeddable":true,"href":"https:\/\/prodekinc.com\/es\/wp-json\/wp\/v2\/product_cat?post=6970"},{"taxonomy":"product_tag","embeddable":true,"href":"https:\/\/prodekinc.com\/es\/wp-json\/wp\/v2\/product_tag?post=6970"}],"curies":[{"name":"wp","href":"https:\/\/api.w.org\/{rel}","templated":true}]}}