{"id":6959,"date":"2024-08-06T15:09:31","date_gmt":"2024-08-06T21:09:31","guid":{"rendered":"https:\/\/prodekinc.com\/?post_type=product&#038;p=6959"},"modified":"2024-08-13T15:17:00","modified_gmt":"2024-08-13T21:17:00","slug":"technidyne-colortouchx-iso","status":"publish","type":"product","link":"https:\/\/prodekinc.com\/es\/producto\/technidyne-colortouchx-iso\/","title":{"rendered":"Technidyne ColorTouch\u00aeX ISO"},"content":{"rendered":"","protected":false},"excerpt":{"rendered":"<p>Avanzado espectrofot\u00f3metro de color con pantalla t\u00e1ctil que mide la diferencia de color, brillo, blancura, opacidad y m\u00e1s. El ColorTouch\u00ae X ISO utiliza m\u00e9todos que cumplen con los est\u00e1ndares ISO y TAPPI m\u00e1s comunes.<\/p>\n<ul>\n<li>Aplicaciones: Muestras de papel, cart\u00f3n y pulpa.<\/li>\n<\/ul>\n<p><img decoding=\"async\" class=\"wp-image-7166 alignleft\" src=\"https:\/\/prodekinc.com\/wp-content\/uploads\/rollo-papel.png\" alt=\"\" width=\"274\" height=\"180\" srcset=\"https:\/\/prodekinc.com\/wp-content\/uploads\/rollo-papel.png 822w, https:\/\/prodekinc.com\/wp-content\/uploads\/rollo-papel-768x504.png 768w, https:\/\/prodekinc.com\/wp-content\/uploads\/rollo-papel-600x393.png 600w\" sizes=\"(max-width: 274px) 100vw, 274px\" \/><img fetchpriority=\"high\" decoding=\"async\" class=\"wp-image-7178 alignleft\" src=\"https:\/\/prodekinc.com\/wp-content\/uploads\/pexels-photo-1555199.jpeg\" alt=\"\" width=\"197\" height=\"262\" srcset=\"https:\/\/prodekinc.com\/wp-content\/uploads\/pexels-photo-1555199.jpeg 1125w, https:\/\/prodekinc.com\/wp-content\/uploads\/pexels-photo-1555199-768x1024.jpeg 768w, https:\/\/prodekinc.com\/wp-content\/uploads\/pexels-photo-1555199-600x800.jpeg 600w\" sizes=\"(max-width: 197px) 100vw, 197px\" \/><\/p>\n","protected":false},"featured_media":7197,"comment_status":"open","ping_status":"closed","template":"","meta":{"site-sidebar-layout":"default","site-content-layout":"default","ast-site-content-layout":"default","site-content-style":"default","site-sidebar-style":"default","ast-global-header-display":"","ast-banner-title-visibility":"","ast-main-header-display":"","ast-hfb-above-header-display":"","ast-hfb-below-header-display":"","ast-hfb-mobile-header-display":"","site-post-title":"","ast-breadcrumbs-content":"","ast-featured-img":"","footer-sml-layout":"","ast-disable-related-posts":"","theme-transparent-header-meta":"default","adv-header-id-meta":"","stick-header-meta":"default","header-above-stick-meta":"","header-main-stick-meta":"","header-below-stick-meta":"","astra-migrate-meta-layouts":"default","ast-page-background-enabled":"default","ast-page-background-meta":{"desktop":{"background-color":"var(--ast-global-color-4)","background-image":"","background-repeat":"repeat","background-position":"center center","background-size":"auto","background-attachment":"scroll","background-type":"","background-media":"","overlay-type":"","overlay-color":"","overlay-opacity":"","overlay-gradient":""},"tablet":{"background-color":"","background-image":"","background-repeat":"repeat","background-position":"center center","background-size":"auto","background-attachment":"scroll","background-type":"","background-media":"","overlay-type":"","overlay-color":"","overlay-opacity":"","overlay-gradient":""},"mobile":{"background-color":"","background-image":"","background-repeat":"repeat","background-position":"center center","background-size":"auto","background-attachment":"scroll","background-type":"","background-media":"","overlay-type":"","overlay-color":"","overlay-opacity":"","overlay-gradient":""}},"ast-content-background-meta":{"desktop":{"background-color":"var(--ast-global-color-5)","background-image":"","background-repeat":"repeat","background-position":"center center","background-size":"auto","background-attachment":"scroll","background-type":"","background-media":"","overlay-type":"","overlay-color":"","overlay-opacity":"","overlay-gradient":""},"tablet":{"background-color":"var(--ast-global-color-5)","background-image":"","background-repeat":"repeat","background-position":"center center","background-size":"auto","background-attachment":"scroll","background-type":"","background-media":"","overlay-type":"","overlay-color":"","overlay-opacity":"","overlay-gradient":""},"mobile":{"background-color":"var(--ast-global-color-5)","background-image":"","background-repeat":"repeat","background-position":"center center","background-size":"auto","background-attachment":"scroll","background-type":"","background-media":"","overlay-type":"","overlay-color":"","overlay-opacity":"","overlay-gradient":""}}},"product_brand":[],"product_cat":[15],"product_tag":[],"class_list":{"0":"post-6959","1":"product","2":"type-product","3":"status-publish","4":"has-post-thumbnail","6":"product_cat-sin-categorizar","7":"desktop-align-left","8":"tablet-align-left","9":"mobile-align-left","10":"ast-product-gallery-layout-horizontal","11":"ast-product-gallery-with-no-image","12":"ast-product-tabs-layout-horizontal","14":"first","15":"instock","16":"shipping-taxable","17":"product-type-simple"},"yoast_head":"<!-- This site is optimized with the Yoast SEO plugin v27.2 - https:\/\/yoast.com\/product\/yoast-seo-wordpress\/ -->\n<title>Technidyne ColorTouch\u00aeX ISO - ProdekInc<\/title>\n<meta name=\"description\" content=\"Avanzado espectrofot\u00f3metro de color con pantalla t\u00e1ctil que mide la diferencia de color, brillo, blancura, opacidad y m\u00e1s. El ColorTouch\u00ae X ISO utiliza m\u00e9todos que cumplen con los est\u00e1ndares ISO y TAPPI m\u00e1s comunes.Aplicaciones: Muestras de papel, cart\u00f3n y pulpa.\" \/>\n<meta name=\"robots\" content=\"index, follow, max-snippet:-1, max-image-preview:large, max-video-preview:-1\" \/>\n<link rel=\"canonical\" href=\"https:\/\/prodekinc.com\/es\/producto\/technidyne-colortouchx-iso\/\" \/>\n<meta property=\"og:locale\" content=\"es_ES\" \/>\n<meta property=\"og:type\" content=\"article\" \/>\n<meta property=\"og:title\" content=\"Technidyne ColorTouch\u00aeX ISO - ProdekInc\" \/>\n<meta property=\"og:description\" content=\"Avanzado espectrofot\u00f3metro de color con pantalla t\u00e1ctil que mide la diferencia de color, brillo, blancura, opacidad y m\u00e1s. El ColorTouch\u00ae X ISO utiliza m\u00e9todos que cumplen con los est\u00e1ndares ISO y TAPPI m\u00e1s comunes.Aplicaciones: Muestras de papel, cart\u00f3n y pulpa.\" \/>\n<meta property=\"og:url\" content=\"https:\/\/prodekinc.com\/es\/producto\/technidyne-colortouchx-iso\/\" \/>\n<meta property=\"og:site_name\" content=\"ProdekInc\" \/>\n<meta property=\"article:modified_time\" content=\"2024-08-13T21:17:00+00:00\" \/>\n<meta property=\"og:image\" content=\"https:\/\/prodekinc.com\/wp-content\/uploads\/ipp-2.png\" \/>\n\t<meta property=\"og:image:width\" content=\"408\" \/>\n\t<meta property=\"og:image:height\" content=\"294\" \/>\n\t<meta property=\"og:image:type\" content=\"image\/png\" \/>\n<meta name=\"twitter:card\" content=\"summary_large_image\" \/>\n<script type=\"application\/ld+json\" class=\"yoast-schema-graph\">{\"@context\":\"https:\/\/schema.org\",\"@graph\":[{\"@type\":\"WebPage\",\"@id\":\"https:\/\/prodekinc.com\/es\/producto\/technidyne-colortouchx-iso\/\",\"url\":\"https:\/\/prodekinc.com\/es\/producto\/technidyne-colortouchx-iso\/\",\"name\":\"Technidyne ColorTouch\u00aeX ISO - ProdekInc\",\"isPartOf\":{\"@id\":\"https:\/\/prodekinc.com\/es\/#website\"},\"primaryImageOfPage\":{\"@id\":\"https:\/\/prodekinc.com\/es\/producto\/technidyne-colortouchx-iso\/#primaryimage\"},\"image\":{\"@id\":\"https:\/\/prodekinc.com\/es\/producto\/technidyne-colortouchx-iso\/#primaryimage\"},\"thumbnailUrl\":\"https:\/\/prodekinc.com\/wp-content\/uploads\/ipp-2.png\",\"datePublished\":\"2024-08-06T21:09:31+00:00\",\"dateModified\":\"2024-08-13T21:17:00+00:00\",\"description\":\"Avanzado espectrofot\u00f3metro de color con pantalla t\u00e1ctil que mide la diferencia de color, brillo, blancura, opacidad y m\u00e1s. El ColorTouch\u00ae X ISO utiliza m\u00e9todos que cumplen con los est\u00e1ndares ISO y TAPPI m\u00e1s comunes.Aplicaciones: Muestras de papel, cart\u00f3n y pulpa.\",\"breadcrumb\":{\"@id\":\"https:\/\/prodekinc.com\/es\/producto\/technidyne-colortouchx-iso\/#breadcrumb\"},\"inLanguage\":\"es\",\"potentialAction\":[{\"@type\":\"ReadAction\",\"target\":[\"https:\/\/prodekinc.com\/es\/producto\/technidyne-colortouchx-iso\/\"]}]},{\"@type\":\"ImageObject\",\"inLanguage\":\"es\",\"@id\":\"https:\/\/prodekinc.com\/es\/producto\/technidyne-colortouchx-iso\/#primaryimage\",\"url\":\"https:\/\/prodekinc.com\/wp-content\/uploads\/ipp-2.png\",\"contentUrl\":\"https:\/\/prodekinc.com\/wp-content\/uploads\/ipp-2.png\",\"width\":408,\"height\":294},{\"@type\":\"BreadcrumbList\",\"@id\":\"https:\/\/prodekinc.com\/es\/producto\/technidyne-colortouchx-iso\/#breadcrumb\",\"itemListElement\":[{\"@type\":\"ListItem\",\"position\":1,\"name\":\"Portada\",\"item\":\"https:\/\/prodekinc.com\/es\/\"},{\"@type\":\"ListItem\",\"position\":2,\"name\":\"Tienda\",\"item\":\"https:\/\/prodekinc.com\/tienda\/\"},{\"@type\":\"ListItem\",\"position\":3,\"name\":\"Technidyne ColorTouch\u00aeX ISO\"}]},{\"@type\":\"WebSite\",\"@id\":\"https:\/\/prodekinc.com\/es\/#website\",\"url\":\"https:\/\/prodekinc.com\/es\/\",\"name\":\"ProdekInc\",\"description\":\"\",\"publisher\":{\"@id\":\"https:\/\/prodekinc.com\/es\/#organization\"},\"potentialAction\":[{\"@type\":\"SearchAction\",\"target\":{\"@type\":\"EntryPoint\",\"urlTemplate\":\"https:\/\/prodekinc.com\/es\/?s={search_term_string}\"},\"query-input\":{\"@type\":\"PropertyValueSpecification\",\"valueRequired\":true,\"valueName\":\"search_term_string\"}}],\"inLanguage\":\"es\"},{\"@type\":\"Organization\",\"@id\":\"https:\/\/prodekinc.com\/es\/#organization\",\"name\":\"ProdekInc\",\"url\":\"https:\/\/prodekinc.com\/es\/\",\"logo\":{\"@type\":\"ImageObject\",\"inLanguage\":\"es\",\"@id\":\"https:\/\/prodekinc.com\/es\/#\/schema\/logo\/image\/\",\"url\":\"https:\/\/prodekinc.com\/wp-content\/uploads\/logo-footer.svg\",\"contentUrl\":\"https:\/\/prodekinc.com\/wp-content\/uploads\/logo-footer.svg\",\"width\":235.5,\"height\":155.2,\"caption\":\"ProdekInc\"},\"image\":{\"@id\":\"https:\/\/prodekinc.com\/es\/#\/schema\/logo\/image\/\"}}]}<\/script>\n<!-- \/ Yoast SEO plugin. -->","yoast_head_json":{"title":"Technidyne ColorTouch\u00aeX ISO - ProdekInc","description":"Avanzado espectrofot\u00f3metro de color con pantalla t\u00e1ctil que mide la diferencia de color, brillo, blancura, opacidad y m\u00e1s. El ColorTouch\u00ae X ISO utiliza m\u00e9todos que cumplen con los est\u00e1ndares ISO y TAPPI m\u00e1s comunes.Aplicaciones: Muestras de papel, cart\u00f3n y pulpa.","robots":{"index":"index","follow":"follow","max-snippet":"max-snippet:-1","max-image-preview":"max-image-preview:large","max-video-preview":"max-video-preview:-1"},"canonical":"https:\/\/prodekinc.com\/es\/producto\/technidyne-colortouchx-iso\/","og_locale":"es_ES","og_type":"article","og_title":"Technidyne ColorTouch\u00aeX ISO - ProdekInc","og_description":"Avanzado espectrofot\u00f3metro de color con pantalla t\u00e1ctil que mide la diferencia de color, brillo, blancura, opacidad y m\u00e1s. El ColorTouch\u00ae X ISO utiliza m\u00e9todos que cumplen con los est\u00e1ndares ISO y TAPPI m\u00e1s comunes.Aplicaciones: Muestras de papel, cart\u00f3n y pulpa.","og_url":"https:\/\/prodekinc.com\/es\/producto\/technidyne-colortouchx-iso\/","og_site_name":"ProdekInc","article_modified_time":"2024-08-13T21:17:00+00:00","og_image":[{"width":408,"height":294,"url":"https:\/\/prodekinc.com\/wp-content\/uploads\/ipp-2.png","type":"image\/png"}],"twitter_card":"summary_large_image","schema":{"@context":"https:\/\/schema.org","@graph":[{"@type":"WebPage","@id":"https:\/\/prodekinc.com\/es\/producto\/technidyne-colortouchx-iso\/","url":"https:\/\/prodekinc.com\/es\/producto\/technidyne-colortouchx-iso\/","name":"Technidyne ColorTouch\u00aeX ISO - ProdekInc","isPartOf":{"@id":"https:\/\/prodekinc.com\/es\/#website"},"primaryImageOfPage":{"@id":"https:\/\/prodekinc.com\/es\/producto\/technidyne-colortouchx-iso\/#primaryimage"},"image":{"@id":"https:\/\/prodekinc.com\/es\/producto\/technidyne-colortouchx-iso\/#primaryimage"},"thumbnailUrl":"https:\/\/prodekinc.com\/wp-content\/uploads\/ipp-2.png","datePublished":"2024-08-06T21:09:31+00:00","dateModified":"2024-08-13T21:17:00+00:00","description":"Avanzado espectrofot\u00f3metro de color con pantalla t\u00e1ctil que mide la diferencia de color, brillo, blancura, opacidad y m\u00e1s. El ColorTouch\u00ae X ISO utiliza m\u00e9todos que cumplen con los est\u00e1ndares ISO y TAPPI m\u00e1s comunes.Aplicaciones: Muestras de papel, cart\u00f3n y pulpa.","breadcrumb":{"@id":"https:\/\/prodekinc.com\/es\/producto\/technidyne-colortouchx-iso\/#breadcrumb"},"inLanguage":"es","potentialAction":[{"@type":"ReadAction","target":["https:\/\/prodekinc.com\/es\/producto\/technidyne-colortouchx-iso\/"]}]},{"@type":"ImageObject","inLanguage":"es","@id":"https:\/\/prodekinc.com\/es\/producto\/technidyne-colortouchx-iso\/#primaryimage","url":"https:\/\/prodekinc.com\/wp-content\/uploads\/ipp-2.png","contentUrl":"https:\/\/prodekinc.com\/wp-content\/uploads\/ipp-2.png","width":408,"height":294},{"@type":"BreadcrumbList","@id":"https:\/\/prodekinc.com\/es\/producto\/technidyne-colortouchx-iso\/#breadcrumb","itemListElement":[{"@type":"ListItem","position":1,"name":"Portada","item":"https:\/\/prodekinc.com\/es\/"},{"@type":"ListItem","position":2,"name":"Tienda","item":"https:\/\/prodekinc.com\/tienda\/"},{"@type":"ListItem","position":3,"name":"Technidyne ColorTouch\u00aeX ISO"}]},{"@type":"WebSite","@id":"https:\/\/prodekinc.com\/es\/#website","url":"https:\/\/prodekinc.com\/es\/","name":"ProdekInc","description":"","publisher":{"@id":"https:\/\/prodekinc.com\/es\/#organization"},"potentialAction":[{"@type":"SearchAction","target":{"@type":"EntryPoint","urlTemplate":"https:\/\/prodekinc.com\/es\/?s={search_term_string}"},"query-input":{"@type":"PropertyValueSpecification","valueRequired":true,"valueName":"search_term_string"}}],"inLanguage":"es"},{"@type":"Organization","@id":"https:\/\/prodekinc.com\/es\/#organization","name":"ProdekInc","url":"https:\/\/prodekinc.com\/es\/","logo":{"@type":"ImageObject","inLanguage":"es","@id":"https:\/\/prodekinc.com\/es\/#\/schema\/logo\/image\/","url":"https:\/\/prodekinc.com\/wp-content\/uploads\/logo-footer.svg","contentUrl":"https:\/\/prodekinc.com\/wp-content\/uploads\/logo-footer.svg","width":235.5,"height":155.2,"caption":"ProdekInc"},"image":{"@id":"https:\/\/prodekinc.com\/es\/#\/schema\/logo\/image\/"}}]}},"_links":{"self":[{"href":"https:\/\/prodekinc.com\/es\/wp-json\/wp\/v2\/product\/6959","targetHints":{"allow":["GET"]}}],"collection":[{"href":"https:\/\/prodekinc.com\/es\/wp-json\/wp\/v2\/product"}],"about":[{"href":"https:\/\/prodekinc.com\/es\/wp-json\/wp\/v2\/types\/product"}],"replies":[{"embeddable":true,"href":"https:\/\/prodekinc.com\/es\/wp-json\/wp\/v2\/comments?post=6959"}],"version-history":[{"count":0,"href":"https:\/\/prodekinc.com\/es\/wp-json\/wp\/v2\/product\/6959\/revisions"}],"wp:featuredmedia":[{"embeddable":true,"href":"https:\/\/prodekinc.com\/es\/wp-json\/wp\/v2\/media\/7197"}],"wp:attachment":[{"href":"https:\/\/prodekinc.com\/es\/wp-json\/wp\/v2\/media?parent=6959"}],"wp:term":[{"taxonomy":"product_brand","embeddable":true,"href":"https:\/\/prodekinc.com\/es\/wp-json\/wp\/v2\/product_brand?post=6959"},{"taxonomy":"product_cat","embeddable":true,"href":"https:\/\/prodekinc.com\/es\/wp-json\/wp\/v2\/product_cat?post=6959"},{"taxonomy":"product_tag","embeddable":true,"href":"https:\/\/prodekinc.com\/es\/wp-json\/wp\/v2\/product_tag?post=6959"}],"curies":[{"name":"wp","href":"https:\/\/api.w.org\/{rel}","templated":true}]}}