{"id":6927,"date":"2024-08-06T15:04:03","date_gmt":"2024-08-06T21:04:03","guid":{"rendered":"https:\/\/prodekinc.com\/?post_type=product&#038;p=6927"},"modified":"2025-07-28T12:53:24","modified_gmt":"2025-07-28T18:53:24","slug":"cmc-kuhnke-seamscan-xts-iii","status":"publish","type":"product","link":"https:\/\/prodekinc.com\/es\/producto\/cmc-kuhnke-seamscan-xts-iii\/","title":{"rendered":"Sistema de Inspecci\u00f3n de Costura Doble (CMC-KUHNKE SEAMscan XTS III)"},"content":{"rendered":"","protected":false},"excerpt":{"rendered":"<ul>\n<li>Sistema de medici\u00f3n independiente. El calibrador preciso realiza mediciones r\u00e1pidas de secciones transversales y escaneos de hermeticidad de 360\u00b0 que reducen sus costos laborales.<\/li>\n<li>Es una herramienta poderosa para la inspecci\u00f3n de costuras dobles que mide con precisi\u00f3n la costura doble de cualquier lata redonda (altura de la costura, gancho del cuerpo, gancho de la tapa, solapamiento, hueco de la costura y % de contacto del gancho del cuerpo).<\/li>\n<li>Adem\u00e1s, nuestra medici\u00f3n radial \u00fanica proporciona mediciones precisas de un solo punto, lo que permite la detecci\u00f3n objetiva de arrugas y el monitoreo de la hermeticidad.<\/li>\n<li>Inspecci\u00f3n de costura doble segura, r\u00e1pida y precisa.<\/li>\n<li>Al usar la herramienta de inspecci\u00f3n de costura doble SEAMscan XTS III, estar\u00e1 protegido por una excelente protecci\u00f3n contra rayos X (probado y certificado por T\u00dcV Rheinland a &lt; 0.1 mSv por a\u00f1o).<\/li>\n<li>Este \u00faltimo modelo presenta un manejo mejorado y mayor versatilidad y precisi\u00f3n, habilitados por un procesamiento de im\u00e1genes de nueva generaci\u00f3n.<\/li>\n<\/ul>\n<p>&nbsp;<\/p>\n<ul>\n<li>Equipo para prueba de latas.<\/li>\n<li>Aumentar\u00e1 la precisi\u00f3n de su prueba de inspecci\u00f3n de doble costura, reducir\u00e1 el desperdicio y le ahorrar\u00e1 tiempo y dinero.<\/li>\n<li>Versi\u00f3n de mesa de laboratorio.<\/li>\n<li>No destructivo. Utiliza tecnolog\u00eda de rayos X.<\/li>\n<\/ul>\n<p>&nbsp;<\/p>\n<p><img fetchpriority=\"high\" decoding=\"async\" class=\"wp-image-7151 aligncenter\" src=\"https:\/\/prodekinc.com\/wp-content\/uploads\/majkl-velner-Bo9EbwEOUOs-unsplash-scaled.jpg\" alt=\"\" width=\"288\" height=\"216\" srcset=\"https:\/\/prodekinc.com\/wp-content\/uploads\/majkl-velner-Bo9EbwEOUOs-unsplash-scaled.jpg 2560w, https:\/\/prodekinc.com\/wp-content\/uploads\/majkl-velner-Bo9EbwEOUOs-unsplash-768x576.jpg 768w, https:\/\/prodekinc.com\/wp-content\/uploads\/majkl-velner-Bo9EbwEOUOs-unsplash-1536x1152.jpg 1536w, https:\/\/prodekinc.com\/wp-content\/uploads\/majkl-velner-Bo9EbwEOUOs-unsplash-2048x1536.jpg 2048w, https:\/\/prodekinc.com\/wp-content\/uploads\/majkl-velner-Bo9EbwEOUOs-unsplash-600x450.jpg 600w\" sizes=\"(max-width: 288px) 100vw, 288px\" \/><\/p>\n","protected":false},"featured_media":6934,"comment_status":"open","ping_status":"closed","template":"","meta":{"site-sidebar-layout":"default","site-content-layout":"default","ast-site-content-layout":"default","site-content-style":"default","site-sidebar-style":"default","ast-global-header-display":"","ast-banner-title-visibility":"","ast-main-header-display":"","ast-hfb-above-header-display":"","ast-hfb-below-header-display":"","ast-hfb-mobile-header-display":"","site-post-title":"","ast-breadcrumbs-content":"","ast-featured-img":"","footer-sml-layout":"","ast-disable-related-posts":"","theme-transparent-header-meta":"default","adv-header-id-meta":"","stick-header-meta":"default","header-above-stick-meta":"","header-main-stick-meta":"","header-below-stick-meta":"","astra-migrate-meta-layouts":"set","ast-page-background-enabled":"default","ast-page-background-meta":{"desktop":{"background-color":"var(--ast-global-color-4)","background-image":"","background-repeat":"repeat","background-position":"center center","background-size":"auto","background-attachment":"scroll","background-type":"","background-media":"","overlay-type":"","overlay-color":"","overlay-opacity":"","overlay-gradient":""},"tablet":{"background-color":"","background-image":"","background-repeat":"repeat","background-position":"center center","background-size":"auto","background-attachment":"scroll","background-type":"","background-media":"","overlay-type":"","overlay-color":"","overlay-opacity":"","overlay-gradient":""},"mobile":{"background-color":"","background-image":"","background-repeat":"repeat","background-position":"center center","background-size":"auto","background-attachment":"scroll","background-type":"","background-media":"","overlay-type":"","overlay-color":"","overlay-opacity":"","overlay-gradient":""}},"ast-content-background-meta":{"desktop":{"background-color":"var(--ast-global-color-5)","background-image":"","background-repeat":"repeat","background-position":"center center","background-size":"auto","background-attachment":"scroll","background-type":"","background-media":"","overlay-type":"","overlay-color":"","overlay-opacity":"","overlay-gradient":""},"tablet":{"background-color":"var(--ast-global-color-5)","background-image":"","background-repeat":"repeat","background-position":"center center","background-size":"auto","background-attachment":"scroll","background-type":"","background-media":"","overlay-type":"","overlay-color":"","overlay-opacity":"","overlay-gradient":""},"mobile":{"background-color":"var(--ast-global-color-5)","background-image":"","background-repeat":"repeat","background-position":"center center","background-size":"auto","background-attachment":"scroll","background-type":"","background-media":"","overlay-type":"","overlay-color":"","overlay-opacity":"","overlay-gradient":""}}},"product_brand":[],"product_cat":[15],"product_tag":[],"class_list":{"0":"post-6927","1":"product","2":"type-product","3":"status-publish","4":"has-post-thumbnail","6":"product_cat-sin-categorizar","7":"desktop-align-left","8":"tablet-align-left","9":"mobile-align-left","10":"ast-product-gallery-layout-horizontal","11":"ast-product-gallery-with-no-image","12":"ast-product-tabs-layout-horizontal","14":"first","15":"instock","16":"shipping-taxable","17":"product-type-simple"},"yoast_head":"<!-- This site is optimized with the Yoast SEO plugin v27.2 - https:\/\/yoast.com\/product\/yoast-seo-wordpress\/ -->\n<title>Sistema de Inspecci\u00f3n de Costura Doble (CMC-KUHNKE SEAMscan XTS III) - ProdekInc<\/title>\n<meta name=\"description\" content=\"Equipo para prueba de latas. Aumentar\u00e1 la precisi\u00f3n de su prueba de inspecci\u00f3n de doble costura, reducir\u00e1 el desperdicio y le ahorrar\u00e1 tiempo y dinero.Versi\u00f3n de mesa de laboratorio.No destructivo. Utiliza tecnolog\u00eda de rayos X.\" \/>\n<meta name=\"robots\" content=\"index, follow, max-snippet:-1, max-image-preview:large, max-video-preview:-1\" \/>\n<link rel=\"canonical\" href=\"https:\/\/prodekinc.com\/es\/producto\/cmc-kuhnke-seamscan-xts-iii\/\" \/>\n<meta property=\"og:locale\" content=\"es_ES\" \/>\n<meta property=\"og:type\" content=\"article\" \/>\n<meta property=\"og:title\" content=\"Sistema de Inspecci\u00f3n de Costura Doble (CMC-KUHNKE SEAMscan XTS III) - ProdekInc\" \/>\n<meta property=\"og:description\" content=\"Equipo para prueba de latas. Aumentar\u00e1 la precisi\u00f3n de su prueba de inspecci\u00f3n de doble costura, reducir\u00e1 el desperdicio y le ahorrar\u00e1 tiempo y dinero.Versi\u00f3n de mesa de laboratorio.No destructivo. Utiliza tecnolog\u00eda de rayos X.\" \/>\n<meta property=\"og:url\" content=\"https:\/\/prodekinc.com\/es\/producto\/cmc-kuhnke-seamscan-xts-iii\/\" \/>\n<meta property=\"og:site_name\" content=\"ProdekInc\" \/>\n<meta property=\"article:modified_time\" content=\"2025-07-28T18:53:24+00:00\" \/>\n<meta property=\"og:image\" content=\"https:\/\/prodekinc.com\/wp-content\/uploads\/CMC-KUHNKE-SEAMscan-XTS-III.png\" \/>\n\t<meta property=\"og:image:width\" content=\"594\" \/>\n\t<meta property=\"og:image:height\" content=\"373\" \/>\n\t<meta property=\"og:image:type\" content=\"image\/png\" \/>\n<meta name=\"twitter:card\" content=\"summary_large_image\" \/>\n<meta name=\"twitter:label1\" content=\"Tiempo de lectura\" \/>\n\t<meta name=\"twitter:data1\" content=\"1 minuto\" \/>\n<script type=\"application\/ld+json\" class=\"yoast-schema-graph\">{\"@context\":\"https:\/\/schema.org\",\"@graph\":[{\"@type\":\"WebPage\",\"@id\":\"https:\/\/prodekinc.com\/es\/producto\/cmc-kuhnke-seamscan-xts-iii\/\",\"url\":\"https:\/\/prodekinc.com\/es\/producto\/cmc-kuhnke-seamscan-xts-iii\/\",\"name\":\"Sistema de Inspecci\u00f3n de Costura Doble (CMC-KUHNKE SEAMscan XTS III) - ProdekInc\",\"isPartOf\":{\"@id\":\"https:\/\/prodekinc.com\/es\/#website\"},\"primaryImageOfPage\":{\"@id\":\"https:\/\/prodekinc.com\/es\/producto\/cmc-kuhnke-seamscan-xts-iii\/#primaryimage\"},\"image\":{\"@id\":\"https:\/\/prodekinc.com\/es\/producto\/cmc-kuhnke-seamscan-xts-iii\/#primaryimage\"},\"thumbnailUrl\":\"https:\/\/prodekinc.com\/wp-content\/uploads\/CMC-KUHNKE-SEAMscan-XTS-III.png\",\"datePublished\":\"2024-08-06T21:04:03+00:00\",\"dateModified\":\"2025-07-28T18:53:24+00:00\",\"description\":\"Equipo para prueba de latas. Aumentar\u00e1 la precisi\u00f3n de su prueba de inspecci\u00f3n de doble costura, reducir\u00e1 el desperdicio y le ahorrar\u00e1 tiempo y dinero.Versi\u00f3n de mesa de laboratorio.No destructivo. Utiliza tecnolog\u00eda de rayos X.\",\"breadcrumb\":{\"@id\":\"https:\/\/prodekinc.com\/es\/producto\/cmc-kuhnke-seamscan-xts-iii\/#breadcrumb\"},\"inLanguage\":\"es\",\"potentialAction\":[{\"@type\":\"ReadAction\",\"target\":[\"https:\/\/prodekinc.com\/es\/producto\/cmc-kuhnke-seamscan-xts-iii\/\"]}]},{\"@type\":\"ImageObject\",\"inLanguage\":\"es\",\"@id\":\"https:\/\/prodekinc.com\/es\/producto\/cmc-kuhnke-seamscan-xts-iii\/#primaryimage\",\"url\":\"https:\/\/prodekinc.com\/wp-content\/uploads\/CMC-KUHNKE-SEAMscan-XTS-III.png\",\"contentUrl\":\"https:\/\/prodekinc.com\/wp-content\/uploads\/CMC-KUHNKE-SEAMscan-XTS-III.png\",\"width\":594,\"height\":373},{\"@type\":\"BreadcrumbList\",\"@id\":\"https:\/\/prodekinc.com\/es\/producto\/cmc-kuhnke-seamscan-xts-iii\/#breadcrumb\",\"itemListElement\":[{\"@type\":\"ListItem\",\"position\":1,\"name\":\"Portada\",\"item\":\"https:\/\/prodekinc.com\/es\/\"},{\"@type\":\"ListItem\",\"position\":2,\"name\":\"Tienda\",\"item\":\"https:\/\/prodekinc.com\/tienda\/\"},{\"@type\":\"ListItem\",\"position\":3,\"name\":\"Sistema de Inspecci\u00f3n de Costura Doble (CMC-KUHNKE SEAMscan XTS III)\"}]},{\"@type\":\"WebSite\",\"@id\":\"https:\/\/prodekinc.com\/es\/#website\",\"url\":\"https:\/\/prodekinc.com\/es\/\",\"name\":\"ProdekInc\",\"description\":\"\",\"publisher\":{\"@id\":\"https:\/\/prodekinc.com\/es\/#organization\"},\"potentialAction\":[{\"@type\":\"SearchAction\",\"target\":{\"@type\":\"EntryPoint\",\"urlTemplate\":\"https:\/\/prodekinc.com\/es\/?s={search_term_string}\"},\"query-input\":{\"@type\":\"PropertyValueSpecification\",\"valueRequired\":true,\"valueName\":\"search_term_string\"}}],\"inLanguage\":\"es\"},{\"@type\":\"Organization\",\"@id\":\"https:\/\/prodekinc.com\/es\/#organization\",\"name\":\"ProdekInc\",\"url\":\"https:\/\/prodekinc.com\/es\/\",\"logo\":{\"@type\":\"ImageObject\",\"inLanguage\":\"es\",\"@id\":\"https:\/\/prodekinc.com\/es\/#\/schema\/logo\/image\/\",\"url\":\"https:\/\/prodekinc.com\/wp-content\/uploads\/logo-footer.svg\",\"contentUrl\":\"https:\/\/prodekinc.com\/wp-content\/uploads\/logo-footer.svg\",\"width\":235.5,\"height\":155.2,\"caption\":\"ProdekInc\"},\"image\":{\"@id\":\"https:\/\/prodekinc.com\/es\/#\/schema\/logo\/image\/\"}}]}<\/script>\n<!-- \/ Yoast SEO plugin. -->","yoast_head_json":{"title":"Sistema de Inspecci\u00f3n de Costura Doble (CMC-KUHNKE SEAMscan XTS III) - ProdekInc","description":"Equipo para prueba de latas. Aumentar\u00e1 la precisi\u00f3n de su prueba de inspecci\u00f3n de doble costura, reducir\u00e1 el desperdicio y le ahorrar\u00e1 tiempo y dinero.Versi\u00f3n de mesa de laboratorio.No destructivo. Utiliza tecnolog\u00eda de rayos X.","robots":{"index":"index","follow":"follow","max-snippet":"max-snippet:-1","max-image-preview":"max-image-preview:large","max-video-preview":"max-video-preview:-1"},"canonical":"https:\/\/prodekinc.com\/es\/producto\/cmc-kuhnke-seamscan-xts-iii\/","og_locale":"es_ES","og_type":"article","og_title":"Sistema de Inspecci\u00f3n de Costura Doble (CMC-KUHNKE SEAMscan XTS III) - ProdekInc","og_description":"Equipo para prueba de latas. Aumentar\u00e1 la precisi\u00f3n de su prueba de inspecci\u00f3n de doble costura, reducir\u00e1 el desperdicio y le ahorrar\u00e1 tiempo y dinero.Versi\u00f3n de mesa de laboratorio.No destructivo. Utiliza tecnolog\u00eda de rayos X.","og_url":"https:\/\/prodekinc.com\/es\/producto\/cmc-kuhnke-seamscan-xts-iii\/","og_site_name":"ProdekInc","article_modified_time":"2025-07-28T18:53:24+00:00","og_image":[{"width":594,"height":373,"url":"https:\/\/prodekinc.com\/wp-content\/uploads\/CMC-KUHNKE-SEAMscan-XTS-III.png","type":"image\/png"}],"twitter_card":"summary_large_image","twitter_misc":{"Tiempo de lectura":"1 minuto"},"schema":{"@context":"https:\/\/schema.org","@graph":[{"@type":"WebPage","@id":"https:\/\/prodekinc.com\/es\/producto\/cmc-kuhnke-seamscan-xts-iii\/","url":"https:\/\/prodekinc.com\/es\/producto\/cmc-kuhnke-seamscan-xts-iii\/","name":"Sistema de Inspecci\u00f3n de Costura Doble (CMC-KUHNKE SEAMscan XTS III) - ProdekInc","isPartOf":{"@id":"https:\/\/prodekinc.com\/es\/#website"},"primaryImageOfPage":{"@id":"https:\/\/prodekinc.com\/es\/producto\/cmc-kuhnke-seamscan-xts-iii\/#primaryimage"},"image":{"@id":"https:\/\/prodekinc.com\/es\/producto\/cmc-kuhnke-seamscan-xts-iii\/#primaryimage"},"thumbnailUrl":"https:\/\/prodekinc.com\/wp-content\/uploads\/CMC-KUHNKE-SEAMscan-XTS-III.png","datePublished":"2024-08-06T21:04:03+00:00","dateModified":"2025-07-28T18:53:24+00:00","description":"Equipo para prueba de latas. Aumentar\u00e1 la precisi\u00f3n de su prueba de inspecci\u00f3n de doble costura, reducir\u00e1 el desperdicio y le ahorrar\u00e1 tiempo y dinero.Versi\u00f3n de mesa de laboratorio.No destructivo. Utiliza tecnolog\u00eda de rayos X.","breadcrumb":{"@id":"https:\/\/prodekinc.com\/es\/producto\/cmc-kuhnke-seamscan-xts-iii\/#breadcrumb"},"inLanguage":"es","potentialAction":[{"@type":"ReadAction","target":["https:\/\/prodekinc.com\/es\/producto\/cmc-kuhnke-seamscan-xts-iii\/"]}]},{"@type":"ImageObject","inLanguage":"es","@id":"https:\/\/prodekinc.com\/es\/producto\/cmc-kuhnke-seamscan-xts-iii\/#primaryimage","url":"https:\/\/prodekinc.com\/wp-content\/uploads\/CMC-KUHNKE-SEAMscan-XTS-III.png","contentUrl":"https:\/\/prodekinc.com\/wp-content\/uploads\/CMC-KUHNKE-SEAMscan-XTS-III.png","width":594,"height":373},{"@type":"BreadcrumbList","@id":"https:\/\/prodekinc.com\/es\/producto\/cmc-kuhnke-seamscan-xts-iii\/#breadcrumb","itemListElement":[{"@type":"ListItem","position":1,"name":"Portada","item":"https:\/\/prodekinc.com\/es\/"},{"@type":"ListItem","position":2,"name":"Tienda","item":"https:\/\/prodekinc.com\/tienda\/"},{"@type":"ListItem","position":3,"name":"Sistema de Inspecci\u00f3n de Costura Doble (CMC-KUHNKE SEAMscan XTS III)"}]},{"@type":"WebSite","@id":"https:\/\/prodekinc.com\/es\/#website","url":"https:\/\/prodekinc.com\/es\/","name":"ProdekInc","description":"","publisher":{"@id":"https:\/\/prodekinc.com\/es\/#organization"},"potentialAction":[{"@type":"SearchAction","target":{"@type":"EntryPoint","urlTemplate":"https:\/\/prodekinc.com\/es\/?s={search_term_string}"},"query-input":{"@type":"PropertyValueSpecification","valueRequired":true,"valueName":"search_term_string"}}],"inLanguage":"es"},{"@type":"Organization","@id":"https:\/\/prodekinc.com\/es\/#organization","name":"ProdekInc","url":"https:\/\/prodekinc.com\/es\/","logo":{"@type":"ImageObject","inLanguage":"es","@id":"https:\/\/prodekinc.com\/es\/#\/schema\/logo\/image\/","url":"https:\/\/prodekinc.com\/wp-content\/uploads\/logo-footer.svg","contentUrl":"https:\/\/prodekinc.com\/wp-content\/uploads\/logo-footer.svg","width":235.5,"height":155.2,"caption":"ProdekInc"},"image":{"@id":"https:\/\/prodekinc.com\/es\/#\/schema\/logo\/image\/"}}]}},"_links":{"self":[{"href":"https:\/\/prodekinc.com\/es\/wp-json\/wp\/v2\/product\/6927","targetHints":{"allow":["GET"]}}],"collection":[{"href":"https:\/\/prodekinc.com\/es\/wp-json\/wp\/v2\/product"}],"about":[{"href":"https:\/\/prodekinc.com\/es\/wp-json\/wp\/v2\/types\/product"}],"replies":[{"embeddable":true,"href":"https:\/\/prodekinc.com\/es\/wp-json\/wp\/v2\/comments?post=6927"}],"version-history":[{"count":4,"href":"https:\/\/prodekinc.com\/es\/wp-json\/wp\/v2\/product\/6927\/revisions"}],"predecessor-version":[{"id":8233,"href":"https:\/\/prodekinc.com\/es\/wp-json\/wp\/v2\/product\/6927\/revisions\/8233"}],"wp:featuredmedia":[{"embeddable":true,"href":"https:\/\/prodekinc.com\/es\/wp-json\/wp\/v2\/media\/6934"}],"wp:attachment":[{"href":"https:\/\/prodekinc.com\/es\/wp-json\/wp\/v2\/media?parent=6927"}],"wp:term":[{"taxonomy":"product_brand","embeddable":true,"href":"https:\/\/prodekinc.com\/es\/wp-json\/wp\/v2\/product_brand?post=6927"},{"taxonomy":"product_cat","embeddable":true,"href":"https:\/\/prodekinc.com\/es\/wp-json\/wp\/v2\/product_cat?post=6927"},{"taxonomy":"product_tag","embeddable":true,"href":"https:\/\/prodekinc.com\/es\/wp-json\/wp\/v2\/product_tag?post=6927"}],"curies":[{"name":"wp","href":"https:\/\/api.w.org\/{rel}","templated":true}]}}