{"id":6585,"date":"2024-04-10T15:09:33","date_gmt":"2024-04-10T21:09:33","guid":{"rendered":"https:\/\/prodekinc.com\/?post_type=product&#038;p=6585"},"modified":"2024-04-11T13:49:35","modified_gmt":"2024-04-11T19:49:35","slug":"filtros-automaticos-backflush","status":"publish","type":"product","link":"https:\/\/prodekinc.com\/es\/producto\/filtros-automaticos-backflush\/","title":{"rendered":"Filtros Autom\u00e1ticos Contralavado o \u201cBackflush\u201d"},"content":{"rendered":"","protected":false},"excerpt":{"rendered":"<p>Su prop\u00f3sito es eliminar la materia particulada y los desechos acumulados del elemento o la pantalla del filtro sin necesidad de desmontar el filtro. Este proceso, conocido como <b>contralavado<\/b>, implica revertir el flujo de l\u00edquido a trav\u00e9s del elemento del filtro para desalojar y expulsar los contaminantes atrapados.<\/p>\n<p>Los filtros autom\u00e1ticos de contralavado est\u00e1n dise\u00f1ados para realizar esta operaci\u00f3n de limpieza autom\u00e1ticamente en intervalos predeterminados o cuando se alcanza un cierto nivel de presi\u00f3n diferencial a trav\u00e9s del filtro. Esto ayuda a mantener la eficiencia y el rendimiento del sistema de filtraci\u00f3n, prolongando la vida \u00fatil del elemento del filtro y garantizando un funcionamiento continuo con un tiempo de inactividad m\u00ednimo.<\/p>\n<ul>\n<li>Opciones: de presi\u00f3n interna y de presi\u00f3n externa<\/li>\n<li>Bajos costos de ciclo de vida, ya que no se consume material del filtro.<\/li>\n<li>Larga vida \u00fatil debido a una construcci\u00f3n s\u00f3lida y materiales de alta calidad.<\/li>\n<li>Posibilidades de reacondicionamiento posteriores del principio del filtro gracias a un sistema modular inteligente.<\/li>\n<li>Limpieza del filtro en segmentos con un fuerte pulso de retro-lavado.<\/li>\n<li>Peque\u00f1a p\u00e9rdida de l\u00edquido durante el proceso de limpieza.<\/li>\n<li>Variantes de material para una amplia gama de aplicaciones.<\/li>\n<li>Proveedor listado en la industria automotriz.<\/li>\n<li>Manejo f\u00e1cil y amigable con el servicio.<\/li>\n<li>Confiabilidad del proceso para los clientes a trav\u00e9s de una limpieza eficiente sin interrupci\u00f3n de la filtraci\u00f3n.<\/li>\n<li>Calidad de separaci\u00f3n precisa seg\u00fan el principio de superficie.<\/li>\n<li>Medio filtrante asim\u00e9trico de la m\u00e1s alta calidad, hecho de m\u00faltiples capas de malla de alambre de acero inoxidable sinterizado en un cuerpo de soporte robusto.<\/li>\n<\/ul>\n","protected":false},"featured_media":6586,"comment_status":"open","ping_status":"closed","template":"","meta":{"site-sidebar-layout":"default","site-content-layout":"default","ast-site-content-layout":"default","site-content-style":"default","site-sidebar-style":"default","ast-global-header-display":"","ast-banner-title-visibility":"","ast-main-header-display":"","ast-hfb-above-header-display":"","ast-hfb-below-header-display":"","ast-hfb-mobile-header-display":"","site-post-title":"","ast-breadcrumbs-content":"","ast-featured-img":"","footer-sml-layout":"","ast-disable-related-posts":"","theme-transparent-header-meta":"default","adv-header-id-meta":"","stick-header-meta":"default","header-above-stick-meta":"","header-main-stick-meta":"","header-below-stick-meta":"","astra-migrate-meta-layouts":"default","ast-page-background-enabled":"default","ast-page-background-meta":{"desktop":{"background-color":"var(--ast-global-color-4)","background-image":"","background-repeat":"repeat","background-position":"center center","background-size":"auto","background-attachment":"scroll","background-type":"","background-media":"","overlay-type":"","overlay-color":"","overlay-opacity":"","overlay-gradient":""},"tablet":{"background-color":"","background-image":"","background-repeat":"repeat","background-position":"center center","background-size":"auto","background-attachment":"scroll","background-type":"","background-media":"","overlay-type":"","overlay-color":"","overlay-opacity":"","overlay-gradient":""},"mobile":{"background-color":"","background-image":"","background-repeat":"repeat","background-position":"center center","background-size":"auto","background-attachment":"scroll","background-type":"","background-media":"","overlay-type":"","overlay-color":"","overlay-opacity":"","overlay-gradient":""}},"ast-content-background-meta":{"desktop":{"background-color":"var(--ast-global-color-5)","background-image":"","background-repeat":"repeat","background-position":"center center","background-size":"auto","background-attachment":"scroll","background-type":"","background-media":"","overlay-type":"","overlay-color":"","overlay-opacity":"","overlay-gradient":""},"tablet":{"background-color":"var(--ast-global-color-5)","background-image":"","background-repeat":"repeat","background-position":"center center","background-size":"auto","background-attachment":"scroll","background-type":"","background-media":"","overlay-type":"","overlay-color":"","overlay-opacity":"","overlay-gradient":""},"mobile":{"background-color":"var(--ast-global-color-5)","background-image":"","background-repeat":"repeat","background-position":"center center","background-size":"auto","background-attachment":"scroll","background-type":"","background-media":"","overlay-type":"","overlay-color":"","overlay-opacity":"","overlay-gradient":""}}},"product_brand":[],"product_cat":[15],"product_tag":[],"class_list":{"0":"post-6585","1":"product","2":"type-product","3":"status-publish","4":"has-post-thumbnail","6":"product_cat-sin-categorizar","7":"desktop-align-left","8":"tablet-align-left","9":"mobile-align-left","10":"ast-product-gallery-layout-horizontal","11":"ast-product-gallery-with-no-image","12":"ast-product-tabs-layout-horizontal","14":"first","15":"instock","16":"shipping-taxable","17":"product-type-simple"},"yoast_head":"<!-- This site is optimized with the Yoast SEO plugin v27.2 - https:\/\/yoast.com\/product\/yoast-seo-wordpress\/ -->\n<title>Filtros Autom\u00e1ticos Contralavado o \u201cBackflush\u201d - ProdekInc<\/title>\n<meta name=\"description\" content=\"Filtros Autolimpiantes Industriales\" \/>\n<meta name=\"robots\" content=\"index, follow, max-snippet:-1, max-image-preview:large, max-video-preview:-1\" \/>\n<link rel=\"canonical\" href=\"https:\/\/prodekinc.com\/es\/producto\/filtros-automaticos-backflush\/\" \/>\n<meta property=\"og:locale\" content=\"es_ES\" \/>\n<meta property=\"og:type\" content=\"article\" \/>\n<meta property=\"og:title\" content=\"Filtros Autom\u00e1ticos Contralavado o \u201cBackflush\u201d - ProdekInc\" \/>\n<meta property=\"og:description\" content=\"Filtros Autolimpiantes Industriales\" \/>\n<meta property=\"og:url\" content=\"https:\/\/prodekinc.com\/es\/producto\/filtros-automaticos-backflush\/\" \/>\n<meta property=\"og:site_name\" content=\"ProdekInc\" \/>\n<meta property=\"article:modified_time\" content=\"2024-04-11T19:49:35+00:00\" \/>\n<meta property=\"og:image\" content=\"https:\/\/prodekinc.com\/wp-content\/uploads\/back.jpg\" \/>\n\t<meta property=\"og:image:width\" content=\"318\" \/>\n\t<meta property=\"og:image:height\" content=\"589\" \/>\n\t<meta property=\"og:image:type\" content=\"image\/jpeg\" \/>\n<meta name=\"twitter:card\" content=\"summary_large_image\" \/>\n<script type=\"application\/ld+json\" class=\"yoast-schema-graph\">{\"@context\":\"https:\/\/schema.org\",\"@graph\":[{\"@type\":\"WebPage\",\"@id\":\"https:\/\/prodekinc.com\/es\/producto\/filtros-automaticos-backflush\/\",\"url\":\"https:\/\/prodekinc.com\/es\/producto\/filtros-automaticos-backflush\/\",\"name\":\"Filtros Autom\u00e1ticos Contralavado o \u201cBackflush\u201d - ProdekInc\",\"isPartOf\":{\"@id\":\"https:\/\/prodekinc.com\/es\/#website\"},\"primaryImageOfPage\":{\"@id\":\"https:\/\/prodekinc.com\/es\/producto\/filtros-automaticos-backflush\/#primaryimage\"},\"image\":{\"@id\":\"https:\/\/prodekinc.com\/es\/producto\/filtros-automaticos-backflush\/#primaryimage\"},\"thumbnailUrl\":\"https:\/\/prodekinc.com\/wp-content\/uploads\/back.jpg\",\"datePublished\":\"2024-04-10T21:09:33+00:00\",\"dateModified\":\"2024-04-11T19:49:35+00:00\",\"description\":\"Filtros Autolimpiantes Industriales\",\"breadcrumb\":{\"@id\":\"https:\/\/prodekinc.com\/es\/producto\/filtros-automaticos-backflush\/#breadcrumb\"},\"inLanguage\":\"es\",\"potentialAction\":[{\"@type\":\"ReadAction\",\"target\":[\"https:\/\/prodekinc.com\/es\/producto\/filtros-automaticos-backflush\/\"]}]},{\"@type\":\"ImageObject\",\"inLanguage\":\"es\",\"@id\":\"https:\/\/prodekinc.com\/es\/producto\/filtros-automaticos-backflush\/#primaryimage\",\"url\":\"https:\/\/prodekinc.com\/wp-content\/uploads\/back.jpg\",\"contentUrl\":\"https:\/\/prodekinc.com\/wp-content\/uploads\/back.jpg\",\"width\":318,\"height\":589},{\"@type\":\"BreadcrumbList\",\"@id\":\"https:\/\/prodekinc.com\/es\/producto\/filtros-automaticos-backflush\/#breadcrumb\",\"itemListElement\":[{\"@type\":\"ListItem\",\"position\":1,\"name\":\"Portada\",\"item\":\"https:\/\/prodekinc.com\/es\/\"},{\"@type\":\"ListItem\",\"position\":2,\"name\":\"Tienda\",\"item\":\"https:\/\/prodekinc.com\/tienda\/\"},{\"@type\":\"ListItem\",\"position\":3,\"name\":\"Filtros Autom\u00e1ticos Contralavado o \u201cBackflush\u201d\"}]},{\"@type\":\"WebSite\",\"@id\":\"https:\/\/prodekinc.com\/es\/#website\",\"url\":\"https:\/\/prodekinc.com\/es\/\",\"name\":\"ProdekInc\",\"description\":\"\",\"publisher\":{\"@id\":\"https:\/\/prodekinc.com\/es\/#organization\"},\"potentialAction\":[{\"@type\":\"SearchAction\",\"target\":{\"@type\":\"EntryPoint\",\"urlTemplate\":\"https:\/\/prodekinc.com\/es\/?s={search_term_string}\"},\"query-input\":{\"@type\":\"PropertyValueSpecification\",\"valueRequired\":true,\"valueName\":\"search_term_string\"}}],\"inLanguage\":\"es\"},{\"@type\":\"Organization\",\"@id\":\"https:\/\/prodekinc.com\/es\/#organization\",\"name\":\"ProdekInc\",\"url\":\"https:\/\/prodekinc.com\/es\/\",\"logo\":{\"@type\":\"ImageObject\",\"inLanguage\":\"es\",\"@id\":\"https:\/\/prodekinc.com\/es\/#\/schema\/logo\/image\/\",\"url\":\"https:\/\/prodekinc.com\/wp-content\/uploads\/logo-footer.svg\",\"contentUrl\":\"https:\/\/prodekinc.com\/wp-content\/uploads\/logo-footer.svg\",\"width\":235.5,\"height\":155.2,\"caption\":\"ProdekInc\"},\"image\":{\"@id\":\"https:\/\/prodekinc.com\/es\/#\/schema\/logo\/image\/\"}}]}<\/script>\n<!-- \/ Yoast SEO plugin. -->","yoast_head_json":{"title":"Filtros Autom\u00e1ticos Contralavado o \u201cBackflush\u201d - ProdekInc","description":"Filtros Autolimpiantes Industriales","robots":{"index":"index","follow":"follow","max-snippet":"max-snippet:-1","max-image-preview":"max-image-preview:large","max-video-preview":"max-video-preview:-1"},"canonical":"https:\/\/prodekinc.com\/es\/producto\/filtros-automaticos-backflush\/","og_locale":"es_ES","og_type":"article","og_title":"Filtros Autom\u00e1ticos Contralavado o \u201cBackflush\u201d - ProdekInc","og_description":"Filtros Autolimpiantes Industriales","og_url":"https:\/\/prodekinc.com\/es\/producto\/filtros-automaticos-backflush\/","og_site_name":"ProdekInc","article_modified_time":"2024-04-11T19:49:35+00:00","og_image":[{"width":318,"height":589,"url":"https:\/\/prodekinc.com\/wp-content\/uploads\/back.jpg","type":"image\/jpeg"}],"twitter_card":"summary_large_image","schema":{"@context":"https:\/\/schema.org","@graph":[{"@type":"WebPage","@id":"https:\/\/prodekinc.com\/es\/producto\/filtros-automaticos-backflush\/","url":"https:\/\/prodekinc.com\/es\/producto\/filtros-automaticos-backflush\/","name":"Filtros Autom\u00e1ticos Contralavado o \u201cBackflush\u201d - ProdekInc","isPartOf":{"@id":"https:\/\/prodekinc.com\/es\/#website"},"primaryImageOfPage":{"@id":"https:\/\/prodekinc.com\/es\/producto\/filtros-automaticos-backflush\/#primaryimage"},"image":{"@id":"https:\/\/prodekinc.com\/es\/producto\/filtros-automaticos-backflush\/#primaryimage"},"thumbnailUrl":"https:\/\/prodekinc.com\/wp-content\/uploads\/back.jpg","datePublished":"2024-04-10T21:09:33+00:00","dateModified":"2024-04-11T19:49:35+00:00","description":"Filtros Autolimpiantes Industriales","breadcrumb":{"@id":"https:\/\/prodekinc.com\/es\/producto\/filtros-automaticos-backflush\/#breadcrumb"},"inLanguage":"es","potentialAction":[{"@type":"ReadAction","target":["https:\/\/prodekinc.com\/es\/producto\/filtros-automaticos-backflush\/"]}]},{"@type":"ImageObject","inLanguage":"es","@id":"https:\/\/prodekinc.com\/es\/producto\/filtros-automaticos-backflush\/#primaryimage","url":"https:\/\/prodekinc.com\/wp-content\/uploads\/back.jpg","contentUrl":"https:\/\/prodekinc.com\/wp-content\/uploads\/back.jpg","width":318,"height":589},{"@type":"BreadcrumbList","@id":"https:\/\/prodekinc.com\/es\/producto\/filtros-automaticos-backflush\/#breadcrumb","itemListElement":[{"@type":"ListItem","position":1,"name":"Portada","item":"https:\/\/prodekinc.com\/es\/"},{"@type":"ListItem","position":2,"name":"Tienda","item":"https:\/\/prodekinc.com\/tienda\/"},{"@type":"ListItem","position":3,"name":"Filtros Autom\u00e1ticos Contralavado o \u201cBackflush\u201d"}]},{"@type":"WebSite","@id":"https:\/\/prodekinc.com\/es\/#website","url":"https:\/\/prodekinc.com\/es\/","name":"ProdekInc","description":"","publisher":{"@id":"https:\/\/prodekinc.com\/es\/#organization"},"potentialAction":[{"@type":"SearchAction","target":{"@type":"EntryPoint","urlTemplate":"https:\/\/prodekinc.com\/es\/?s={search_term_string}"},"query-input":{"@type":"PropertyValueSpecification","valueRequired":true,"valueName":"search_term_string"}}],"inLanguage":"es"},{"@type":"Organization","@id":"https:\/\/prodekinc.com\/es\/#organization","name":"ProdekInc","url":"https:\/\/prodekinc.com\/es\/","logo":{"@type":"ImageObject","inLanguage":"es","@id":"https:\/\/prodekinc.com\/es\/#\/schema\/logo\/image\/","url":"https:\/\/prodekinc.com\/wp-content\/uploads\/logo-footer.svg","contentUrl":"https:\/\/prodekinc.com\/wp-content\/uploads\/logo-footer.svg","width":235.5,"height":155.2,"caption":"ProdekInc"},"image":{"@id":"https:\/\/prodekinc.com\/es\/#\/schema\/logo\/image\/"}}]}},"_links":{"self":[{"href":"https:\/\/prodekinc.com\/es\/wp-json\/wp\/v2\/product\/6585","targetHints":{"allow":["GET"]}}],"collection":[{"href":"https:\/\/prodekinc.com\/es\/wp-json\/wp\/v2\/product"}],"about":[{"href":"https:\/\/prodekinc.com\/es\/wp-json\/wp\/v2\/types\/product"}],"replies":[{"embeddable":true,"href":"https:\/\/prodekinc.com\/es\/wp-json\/wp\/v2\/comments?post=6585"}],"version-history":[{"count":0,"href":"https:\/\/prodekinc.com\/es\/wp-json\/wp\/v2\/product\/6585\/revisions"}],"wp:featuredmedia":[{"embeddable":true,"href":"https:\/\/prodekinc.com\/es\/wp-json\/wp\/v2\/media\/6586"}],"wp:attachment":[{"href":"https:\/\/prodekinc.com\/es\/wp-json\/wp\/v2\/media?parent=6585"}],"wp:term":[{"taxonomy":"product_brand","embeddable":true,"href":"https:\/\/prodekinc.com\/es\/wp-json\/wp\/v2\/product_brand?post=6585"},{"taxonomy":"product_cat","embeddable":true,"href":"https:\/\/prodekinc.com\/es\/wp-json\/wp\/v2\/product_cat?post=6585"},{"taxonomy":"product_tag","embeddable":true,"href":"https:\/\/prodekinc.com\/es\/wp-json\/wp\/v2\/product_tag?post=6585"}],"curies":[{"name":"wp","href":"https:\/\/api.w.org\/{rel}","templated":true}]}}