{"id":6579,"date":"2024-04-10T15:06:42","date_gmt":"2024-04-10T21:06:42","guid":{"rendered":"https:\/\/prodekinc.com\/?post_type=product&#038;p=6579"},"modified":"2024-04-11T13:48:57","modified_gmt":"2024-04-11T19:48:57","slug":"filtros-tipo-strainer","status":"publish","type":"product","link":"https:\/\/prodekinc.com\/es\/producto\/filtros-tipo-strainer\/","title":{"rendered":"Filtros tipo \u201cStrainer\u201d"},"content":{"rendered":"<p><a href=\"https:\/\/prodekinc.com\/wp-content\/uploads\/Flyers-FG-Strainer.pdf\">Flyers FG &#8211; Strainer<\/a><\/p>\n","protected":false},"excerpt":{"rendered":"<p><b>Caracter\u00edsticas<\/b><\/p>\n<ul>\n<li>Alta variabilidad en la finura del filtro<\/li>\n<li>P\u00e9rdida m\u00ednima de presi\u00f3n debido al dise\u00f1o \u00f3ptimo del flujo<\/li>\n<li>Elementos con alta capacidad de retenci\u00f3n de suciedad<\/li>\n<li>Elementos f\u00e1ciles de limpiar<\/li>\n<li>F\u00e1cil de manejar<\/li>\n<li>Dise\u00f1o simple y robusto<\/li>\n<li>Soluci\u00f3n de bajo costo<\/li>\n<\/ul>\n<p><b>Industrias<\/b><\/p>\n<ul>\n<li>Plantas de Energ\u00eda<\/li>\n<li>Industria Automotriz<\/li>\n<li>Industria Qu\u00edmica<\/li>\n<li>Industria de Alimentos<\/li>\n<\/ul>\n<p><b>Aplicaciones<\/b><\/p>\n<ul>\n<li>Protecci\u00f3n de Intercambiadores de Calor<\/li>\n<li>Proteccion de Bombas<\/li>\n<li>Protecci\u00f3n de accesorios \/ Boquillas<\/li>\n<\/ul>\n","protected":false},"featured_media":6582,"comment_status":"open","ping_status":"closed","template":"","meta":{"site-sidebar-layout":"default","site-content-layout":"default","ast-site-content-layout":"default","site-content-style":"default","site-sidebar-style":"default","ast-global-header-display":"","ast-banner-title-visibility":"","ast-main-header-display":"","ast-hfb-above-header-display":"","ast-hfb-below-header-display":"","ast-hfb-mobile-header-display":"","site-post-title":"","ast-breadcrumbs-content":"","ast-featured-img":"","footer-sml-layout":"","ast-disable-related-posts":"","theme-transparent-header-meta":"default","adv-header-id-meta":"","stick-header-meta":"default","header-above-stick-meta":"","header-main-stick-meta":"","header-below-stick-meta":"","astra-migrate-meta-layouts":"default","ast-page-background-enabled":"default","ast-page-background-meta":{"desktop":{"background-color":"var(--ast-global-color-4)","background-image":"","background-repeat":"repeat","background-position":"center center","background-size":"auto","background-attachment":"scroll","background-type":"","background-media":"","overlay-type":"","overlay-color":"","overlay-opacity":"","overlay-gradient":""},"tablet":{"background-color":"","background-image":"","background-repeat":"repeat","background-position":"center center","background-size":"auto","background-attachment":"scroll","background-type":"","background-media":"","overlay-type":"","overlay-color":"","overlay-opacity":"","overlay-gradient":""},"mobile":{"background-color":"","background-image":"","background-repeat":"repeat","background-position":"center center","background-size":"auto","background-attachment":"scroll","background-type":"","background-media":"","overlay-type":"","overlay-color":"","overlay-opacity":"","overlay-gradient":""}},"ast-content-background-meta":{"desktop":{"background-color":"var(--ast-global-color-5)","background-image":"","background-repeat":"repeat","background-position":"center center","background-size":"auto","background-attachment":"scroll","background-type":"","background-media":"","overlay-type":"","overlay-color":"","overlay-opacity":"","overlay-gradient":""},"tablet":{"background-color":"var(--ast-global-color-5)","background-image":"","background-repeat":"repeat","background-position":"center center","background-size":"auto","background-attachment":"scroll","background-type":"","background-media":"","overlay-type":"","overlay-color":"","overlay-opacity":"","overlay-gradient":""},"mobile":{"background-color":"var(--ast-global-color-5)","background-image":"","background-repeat":"repeat","background-position":"center center","background-size":"auto","background-attachment":"scroll","background-type":"","background-media":"","overlay-type":"","overlay-color":"","overlay-opacity":"","overlay-gradient":""}}},"product_brand":[],"product_cat":[15],"product_tag":[],"class_list":{"0":"post-6579","1":"product","2":"type-product","3":"status-publish","4":"has-post-thumbnail","6":"product_cat-sin-categorizar","7":"desktop-align-left","8":"tablet-align-left","9":"mobile-align-left","10":"ast-product-gallery-layout-horizontal","11":"ast-product-tabs-layout-horizontal","13":"first","14":"instock","15":"shipping-taxable","16":"product-type-simple"},"yoast_head":"<!-- This site is optimized with the Yoast SEO plugin v27.2 - https:\/\/yoast.com\/product\/yoast-seo-wordpress\/ -->\n<title>Filtros tipo \u201cStrainer\u201d - ProdekInc<\/title>\n<meta name=\"robots\" content=\"index, follow, max-snippet:-1, max-image-preview:large, max-video-preview:-1\" \/>\n<link rel=\"canonical\" href=\"https:\/\/prodekinc.com\/es\/producto\/filtros-tipo-strainer\/\" \/>\n<meta property=\"og:locale\" content=\"es_ES\" \/>\n<meta property=\"og:type\" content=\"article\" \/>\n<meta property=\"og:title\" content=\"Filtros tipo \u201cStrainer\u201d - ProdekInc\" \/>\n<meta property=\"og:description\" content=\"Caracter\u00edsticas   Alta variabilidad en la finura del filtro  P\u00e9rdida m\u00ednima de presi\u00f3n debido al dise\u00f1o \u00f3ptimo del flujo  Elementos con alta capacidad de retenci\u00f3n de suciedad  Elementos f\u00e1ciles de limpiar  F\u00e1cil de manejar  Dise\u00f1o simple y robusto  Soluci\u00f3n de bajo costo  Industrias   Plantas de Energ\u00eda  Industria Automotriz  Industria Qu\u00edmica  Industria de Alimentos  Aplicaciones   Protecci\u00f3n de Intercambiadores de Calor  Proteccion de Bombas  Protecci\u00f3n de accesorios \/ Boquillas\" \/>\n<meta property=\"og:url\" content=\"https:\/\/prodekinc.com\/es\/producto\/filtros-tipo-strainer\/\" \/>\n<meta property=\"og:site_name\" content=\"ProdekInc\" \/>\n<meta property=\"article:modified_time\" content=\"2024-04-11T19:48:57+00:00\" \/>\n<meta property=\"og:image\" content=\"https:\/\/prodekinc.com\/wp-content\/uploads\/strainer.png\" \/>\n\t<meta property=\"og:image:width\" content=\"1230\" \/>\n\t<meta property=\"og:image:height\" content=\"1390\" \/>\n\t<meta property=\"og:image:type\" content=\"image\/png\" \/>\n<meta name=\"twitter:card\" content=\"summary_large_image\" \/>\n<meta name=\"twitter:label1\" content=\"Tiempo de lectura\" \/>\n\t<meta name=\"twitter:data1\" content=\"1 minuto\" \/>\n<script type=\"application\/ld+json\" class=\"yoast-schema-graph\">{\"@context\":\"https:\/\/schema.org\",\"@graph\":[{\"@type\":\"WebPage\",\"@id\":\"https:\/\/prodekinc.com\/es\/producto\/filtros-tipo-strainer\/\",\"url\":\"https:\/\/prodekinc.com\/es\/producto\/filtros-tipo-strainer\/\",\"name\":\"Filtros tipo \u201cStrainer\u201d - ProdekInc\",\"isPartOf\":{\"@id\":\"https:\/\/prodekinc.com\/es\/#website\"},\"primaryImageOfPage\":{\"@id\":\"https:\/\/prodekinc.com\/es\/producto\/filtros-tipo-strainer\/#primaryimage\"},\"image\":{\"@id\":\"https:\/\/prodekinc.com\/es\/producto\/filtros-tipo-strainer\/#primaryimage\"},\"thumbnailUrl\":\"https:\/\/prodekinc.com\/wp-content\/uploads\/strainer.png\",\"datePublished\":\"2024-04-10T21:06:42+00:00\",\"dateModified\":\"2024-04-11T19:48:57+00:00\",\"breadcrumb\":{\"@id\":\"https:\/\/prodekinc.com\/es\/producto\/filtros-tipo-strainer\/#breadcrumb\"},\"inLanguage\":\"es\",\"potentialAction\":[{\"@type\":\"ReadAction\",\"target\":[\"https:\/\/prodekinc.com\/es\/producto\/filtros-tipo-strainer\/\"]}]},{\"@type\":\"ImageObject\",\"inLanguage\":\"es\",\"@id\":\"https:\/\/prodekinc.com\/es\/producto\/filtros-tipo-strainer\/#primaryimage\",\"url\":\"https:\/\/prodekinc.com\/wp-content\/uploads\/strainer.png\",\"contentUrl\":\"https:\/\/prodekinc.com\/wp-content\/uploads\/strainer.png\",\"width\":1230,\"height\":1390},{\"@type\":\"BreadcrumbList\",\"@id\":\"https:\/\/prodekinc.com\/es\/producto\/filtros-tipo-strainer\/#breadcrumb\",\"itemListElement\":[{\"@type\":\"ListItem\",\"position\":1,\"name\":\"Portada\",\"item\":\"https:\/\/prodekinc.com\/es\/\"},{\"@type\":\"ListItem\",\"position\":2,\"name\":\"Tienda\",\"item\":\"https:\/\/prodekinc.com\/tienda\/\"},{\"@type\":\"ListItem\",\"position\":3,\"name\":\"Filtros tipo \u201cStrainer\u201d\"}]},{\"@type\":\"WebSite\",\"@id\":\"https:\/\/prodekinc.com\/es\/#website\",\"url\":\"https:\/\/prodekinc.com\/es\/\",\"name\":\"ProdekInc\",\"description\":\"\",\"publisher\":{\"@id\":\"https:\/\/prodekinc.com\/es\/#organization\"},\"potentialAction\":[{\"@type\":\"SearchAction\",\"target\":{\"@type\":\"EntryPoint\",\"urlTemplate\":\"https:\/\/prodekinc.com\/es\/?s={search_term_string}\"},\"query-input\":{\"@type\":\"PropertyValueSpecification\",\"valueRequired\":true,\"valueName\":\"search_term_string\"}}],\"inLanguage\":\"es\"},{\"@type\":\"Organization\",\"@id\":\"https:\/\/prodekinc.com\/es\/#organization\",\"name\":\"ProdekInc\",\"url\":\"https:\/\/prodekinc.com\/es\/\",\"logo\":{\"@type\":\"ImageObject\",\"inLanguage\":\"es\",\"@id\":\"https:\/\/prodekinc.com\/es\/#\/schema\/logo\/image\/\",\"url\":\"https:\/\/prodekinc.com\/wp-content\/uploads\/logo-footer.svg\",\"contentUrl\":\"https:\/\/prodekinc.com\/wp-content\/uploads\/logo-footer.svg\",\"width\":235.5,\"height\":155.2,\"caption\":\"ProdekInc\"},\"image\":{\"@id\":\"https:\/\/prodekinc.com\/es\/#\/schema\/logo\/image\/\"}}]}<\/script>\n<!-- \/ Yoast SEO plugin. -->","yoast_head_json":{"title":"Filtros tipo \u201cStrainer\u201d - ProdekInc","robots":{"index":"index","follow":"follow","max-snippet":"max-snippet:-1","max-image-preview":"max-image-preview:large","max-video-preview":"max-video-preview:-1"},"canonical":"https:\/\/prodekinc.com\/es\/producto\/filtros-tipo-strainer\/","og_locale":"es_ES","og_type":"article","og_title":"Filtros tipo \u201cStrainer\u201d - ProdekInc","og_description":"Caracter\u00edsticas   Alta variabilidad en la finura del filtro  P\u00e9rdida m\u00ednima de presi\u00f3n debido al dise\u00f1o \u00f3ptimo del flujo  Elementos con alta capacidad de retenci\u00f3n de suciedad  Elementos f\u00e1ciles de limpiar  F\u00e1cil de manejar  Dise\u00f1o simple y robusto  Soluci\u00f3n de bajo costo  Industrias   Plantas de Energ\u00eda  Industria Automotriz  Industria Qu\u00edmica  Industria de Alimentos  Aplicaciones   Protecci\u00f3n de Intercambiadores de Calor  Proteccion de Bombas  Protecci\u00f3n de accesorios \/ Boquillas","og_url":"https:\/\/prodekinc.com\/es\/producto\/filtros-tipo-strainer\/","og_site_name":"ProdekInc","article_modified_time":"2024-04-11T19:48:57+00:00","og_image":[{"width":1230,"height":1390,"url":"https:\/\/prodekinc.com\/wp-content\/uploads\/strainer.png","type":"image\/png"}],"twitter_card":"summary_large_image","twitter_misc":{"Tiempo de lectura":"1 minuto"},"schema":{"@context":"https:\/\/schema.org","@graph":[{"@type":"WebPage","@id":"https:\/\/prodekinc.com\/es\/producto\/filtros-tipo-strainer\/","url":"https:\/\/prodekinc.com\/es\/producto\/filtros-tipo-strainer\/","name":"Filtros tipo \u201cStrainer\u201d - ProdekInc","isPartOf":{"@id":"https:\/\/prodekinc.com\/es\/#website"},"primaryImageOfPage":{"@id":"https:\/\/prodekinc.com\/es\/producto\/filtros-tipo-strainer\/#primaryimage"},"image":{"@id":"https:\/\/prodekinc.com\/es\/producto\/filtros-tipo-strainer\/#primaryimage"},"thumbnailUrl":"https:\/\/prodekinc.com\/wp-content\/uploads\/strainer.png","datePublished":"2024-04-10T21:06:42+00:00","dateModified":"2024-04-11T19:48:57+00:00","breadcrumb":{"@id":"https:\/\/prodekinc.com\/es\/producto\/filtros-tipo-strainer\/#breadcrumb"},"inLanguage":"es","potentialAction":[{"@type":"ReadAction","target":["https:\/\/prodekinc.com\/es\/producto\/filtros-tipo-strainer\/"]}]},{"@type":"ImageObject","inLanguage":"es","@id":"https:\/\/prodekinc.com\/es\/producto\/filtros-tipo-strainer\/#primaryimage","url":"https:\/\/prodekinc.com\/wp-content\/uploads\/strainer.png","contentUrl":"https:\/\/prodekinc.com\/wp-content\/uploads\/strainer.png","width":1230,"height":1390},{"@type":"BreadcrumbList","@id":"https:\/\/prodekinc.com\/es\/producto\/filtros-tipo-strainer\/#breadcrumb","itemListElement":[{"@type":"ListItem","position":1,"name":"Portada","item":"https:\/\/prodekinc.com\/es\/"},{"@type":"ListItem","position":2,"name":"Tienda","item":"https:\/\/prodekinc.com\/tienda\/"},{"@type":"ListItem","position":3,"name":"Filtros tipo \u201cStrainer\u201d"}]},{"@type":"WebSite","@id":"https:\/\/prodekinc.com\/es\/#website","url":"https:\/\/prodekinc.com\/es\/","name":"ProdekInc","description":"","publisher":{"@id":"https:\/\/prodekinc.com\/es\/#organization"},"potentialAction":[{"@type":"SearchAction","target":{"@type":"EntryPoint","urlTemplate":"https:\/\/prodekinc.com\/es\/?s={search_term_string}"},"query-input":{"@type":"PropertyValueSpecification","valueRequired":true,"valueName":"search_term_string"}}],"inLanguage":"es"},{"@type":"Organization","@id":"https:\/\/prodekinc.com\/es\/#organization","name":"ProdekInc","url":"https:\/\/prodekinc.com\/es\/","logo":{"@type":"ImageObject","inLanguage":"es","@id":"https:\/\/prodekinc.com\/es\/#\/schema\/logo\/image\/","url":"https:\/\/prodekinc.com\/wp-content\/uploads\/logo-footer.svg","contentUrl":"https:\/\/prodekinc.com\/wp-content\/uploads\/logo-footer.svg","width":235.5,"height":155.2,"caption":"ProdekInc"},"image":{"@id":"https:\/\/prodekinc.com\/es\/#\/schema\/logo\/image\/"}}]}},"_links":{"self":[{"href":"https:\/\/prodekinc.com\/es\/wp-json\/wp\/v2\/product\/6579","targetHints":{"allow":["GET"]}}],"collection":[{"href":"https:\/\/prodekinc.com\/es\/wp-json\/wp\/v2\/product"}],"about":[{"href":"https:\/\/prodekinc.com\/es\/wp-json\/wp\/v2\/types\/product"}],"replies":[{"embeddable":true,"href":"https:\/\/prodekinc.com\/es\/wp-json\/wp\/v2\/comments?post=6579"}],"version-history":[{"count":0,"href":"https:\/\/prodekinc.com\/es\/wp-json\/wp\/v2\/product\/6579\/revisions"}],"wp:featuredmedia":[{"embeddable":true,"href":"https:\/\/prodekinc.com\/es\/wp-json\/wp\/v2\/media\/6582"}],"wp:attachment":[{"href":"https:\/\/prodekinc.com\/es\/wp-json\/wp\/v2\/media?parent=6579"}],"wp:term":[{"taxonomy":"product_brand","embeddable":true,"href":"https:\/\/prodekinc.com\/es\/wp-json\/wp\/v2\/product_brand?post=6579"},{"taxonomy":"product_cat","embeddable":true,"href":"https:\/\/prodekinc.com\/es\/wp-json\/wp\/v2\/product_cat?post=6579"},{"taxonomy":"product_tag","embeddable":true,"href":"https:\/\/prodekinc.com\/es\/wp-json\/wp\/v2\/product_tag?post=6579"}],"curies":[{"name":"wp","href":"https:\/\/api.w.org\/{rel}","templated":true}]}}