{"id":6292,"date":"2024-02-07T10:23:41","date_gmt":"2024-02-07T16:23:41","guid":{"rendered":"https:\/\/prodekinc.com\/producto\/octapol-reactivo-clarificante-de-azucares\/"},"modified":"2024-02-07T10:23:41","modified_gmt":"2024-02-07T16:23:41","slug":"reactivo-clarificante-del-azucar-octapol","status":"publish","type":"product","link":"https:\/\/prodekinc.com\/es\/producto\/reactivo-clarificante-del-azucar-octapol\/","title":{"rendered":"OCTAPOL\u00ae Reactivo Clarificante de Az\u00facares"},"content":{"rendered":"","protected":false},"excerpt":{"rendered":"<p>OCTAPOL\u00ae Sugar Clarifying Reagent es una formulaci\u00f3n patentada de ocho productos qu\u00edmicos (OCTA) para la clarificaci\u00f3n previa al an\u00e1lisis polarim\u00e9trico (POL) del zumo de ca\u00f1a de az\u00facar y de remolacha. Desde 1998, este reactivo eficaz y respetuoso con el medio ambiente es ampliamente utilizado por las f\u00e1bricas de ca\u00f1a de az\u00facar y remolacha azucarera de los seis continentes. Ha demostrado ser un sustituto eficaz del subacetato de plomo, sin las peligrosas e inaceptables propiedades del plomo.<\/p>\n<ul>\n<li>No contiene sustancias qu\u00edmicas cancer\u00edgenas ni t\u00f3xicas de ning\u00fan tipo<\/li>\n<li>Los ingredientes ecol\u00f3gicos son biodegradables<\/li>\n<li>Clarificaci\u00f3n eficaz &#8211; apta para su uso en el laboratorio de la f\u00e1brica<\/li>\n<li>Filtraci\u00f3n r\u00e1pida: apta para su uso en el laboratorio de trituraci\u00f3n\/n\u00facleo entrante<\/li>\n<li>La mezcla tiene vida \u00fatil indefinida antes de su activaci\u00f3n<\/li>\n<\/ul>\n<p>El producto se envasa en una botella de pl\u00e1stico de 1 gal\u00f3n (3,785 litros) que contiene 1,5 Kg de producto, incluye:<\/p>\n<ul>\n<li>1350 gramos de clarificador y 150 gramos de activador.<\/li>\n<li>Las botellas se envasar\u00e1n en cajas de 4 unidades.<\/li>\n<\/ul>\n<p>Caracter\u00edsticas y especificaciones:<\/p>\n<ol>\n<li>No contiene plomo ni otros metales pesados o productos qu\u00edmicos t\u00f3xicos.<\/li>\n<li>Excelente sustituto del subacetato de plomo, sin el subacetato qu\u00edmico cancer\u00edgeno.<\/li>\n<li>Respetuosos con el medio ambiente, los componentes org\u00e1nicos son biodegradables.<\/li>\n<li>Clarificaci\u00f3n eficaz apta para su uso en el laboratorio de la f\u00e1brica.<\/li>\n<li>Filtraci\u00f3n r\u00e1pida apta para su uso en el laboratorio central.<\/li>\n<li>Estable indefinidamente en estado no activado. Puede utilizarse durante 30 d\u00edas tras su activaci\u00f3n.<\/li>\n<li>No requiere equipos ni procedimientos especiales. Los procedimientos son los mismos que para el uso hist\u00f3rico del subacetato de plomo.<\/li>\n<li>Octapol\u00ae es un producto patentado, sin plomo, biodegradable y no t\u00f3xico desarrollado tras conocer los graves problemas medioambientales y sanitarios relacionados con el uso del subacetato de plomo t\u00f3xico utilizado para la clarificaci\u00f3n de zumos azucarados.<\/li>\n<li>Octapol\u00ae se basa en una formulaci\u00f3n consistente en una mezcla de ocho sustancias qu\u00edmicas (OCTA-) y su uso en la clarificaci\u00f3n previa a la medici\u00f3n de pol (-POL) de los zumos de remolacha azucarera y ca\u00f1a de az\u00facar.<\/li>\n<\/ol>\n","protected":false},"featured_media":6284,"comment_status":"open","ping_status":"closed","template":"","meta":{"site-sidebar-layout":"default","site-content-layout":"default","ast-site-content-layout":"default","site-content-style":"default","site-sidebar-style":"default","ast-global-header-display":"","ast-banner-title-visibility":"","ast-main-header-display":"","ast-hfb-above-header-display":"","ast-hfb-below-header-display":"","ast-hfb-mobile-header-display":"","site-post-title":"","ast-breadcrumbs-content":"","ast-featured-img":"","footer-sml-layout":"","ast-disable-related-posts":"","theme-transparent-header-meta":"default","adv-header-id-meta":"","stick-header-meta":"default","header-above-stick-meta":"","header-main-stick-meta":"","header-below-stick-meta":"","astra-migrate-meta-layouts":"default","ast-page-background-enabled":"default","ast-page-background-meta":{"desktop":{"background-color":"var(--ast-global-color-4)","background-image":"","background-repeat":"repeat","background-position":"center center","background-size":"auto","background-attachment":"scroll","background-type":"","background-media":"","overlay-type":"","overlay-color":"","overlay-opacity":"","overlay-gradient":""},"tablet":{"background-color":"","background-image":"","background-repeat":"repeat","background-position":"center center","background-size":"auto","background-attachment":"scroll","background-type":"","background-media":"","overlay-type":"","overlay-color":"","overlay-opacity":"","overlay-gradient":""},"mobile":{"background-color":"","background-image":"","background-repeat":"repeat","background-position":"center center","background-size":"auto","background-attachment":"scroll","background-type":"","background-media":"","overlay-type":"","overlay-color":"","overlay-opacity":"","overlay-gradient":""}},"ast-content-background-meta":{"desktop":{"background-color":"var(--ast-global-color-5)","background-image":"","background-repeat":"repeat","background-position":"center center","background-size":"auto","background-attachment":"scroll","background-type":"","background-media":"","overlay-type":"","overlay-color":"","overlay-opacity":"","overlay-gradient":""},"tablet":{"background-color":"var(--ast-global-color-5)","background-image":"","background-repeat":"repeat","background-position":"center center","background-size":"auto","background-attachment":"scroll","background-type":"","background-media":"","overlay-type":"","overlay-color":"","overlay-opacity":"","overlay-gradient":""},"mobile":{"background-color":"var(--ast-global-color-5)","background-image":"","background-repeat":"repeat","background-position":"center center","background-size":"auto","background-attachment":"scroll","background-type":"","background-media":"","overlay-type":"","overlay-color":"","overlay-opacity":"","overlay-gradient":""}}},"product_brand":[],"product_cat":[15],"product_tag":[],"class_list":{"0":"post-6292","1":"product","2":"type-product","3":"status-publish","4":"has-post-thumbnail","6":"product_cat-sin-categorizar","7":"desktop-align-left","8":"tablet-align-left","9":"mobile-align-left","10":"ast-product-gallery-layout-horizontal","11":"ast-product-tabs-layout-horizontal","13":"first","14":"instock","15":"shipping-taxable","16":"product-type-simple"},"yoast_head":"<!-- This site is optimized with the Yoast SEO plugin v27.2 - https:\/\/yoast.com\/product\/yoast-seo-wordpress\/ -->\n<title>OCTAPOL\u00ae Reactivo Clarificante de Az\u00facares - ProdekInc<\/title>\n<meta name=\"robots\" content=\"index, follow, max-snippet:-1, max-image-preview:large, max-video-preview:-1\" \/>\n<link rel=\"canonical\" href=\"https:\/\/prodekinc.com\/es\/producto\/reactivo-clarificante-del-azucar-octapol\/\" \/>\n<meta property=\"og:locale\" content=\"es_ES\" \/>\n<meta property=\"og:type\" content=\"article\" \/>\n<meta property=\"og:title\" content=\"OCTAPOL\u00ae Reactivo Clarificante de Az\u00facares - ProdekInc\" \/>\n<meta property=\"og:description\" content=\"OCTAPOL\u00ae Sugar Clarifying Reagent es una formulaci\u00f3n patentada de ocho productos qu\u00edmicos (OCTA) para la clarificaci\u00f3n previa al an\u00e1lisis polarim\u00e9trico (POL) del zumo de ca\u00f1a de az\u00facar y de remolacha. Desde 1998, este reactivo eficaz y respetuoso con el medio ambiente es ampliamente utilizado por las f\u00e1bricas de ca\u00f1a de az\u00facar y remolacha azucarera de los seis continentes. Ha demostrado ser un sustituto eficaz del subacetato de plomo, sin las peligrosas e inaceptables propiedades del plomo.  No contiene sustancias qu\u00edmicas cancer\u00edgenas ni t\u00f3xicas de ning\u00fan tipo  Los ingredientes ecol\u00f3gicos son biodegradables  Clarificaci\u00f3n eficaz - apta para su uso en el laboratorio de la f\u00e1brica  Filtraci\u00f3n r\u00e1pida: apta para su uso en el laboratorio de trituraci\u00f3n\/n\u00facleo entrante  La mezcla tiene vida \u00fatil indefinida antes de su activaci\u00f3n El producto se envasa en una botella de pl\u00e1stico de 1 gal\u00f3n (3,785 litros) que contiene 1,5 Kg de producto, incluye:  1350 gramos de clarificador y 150 gramos de activador.  Las botellas se envasar\u00e1n en cajas de 4 unidades. Caracter\u00edsticas y especificaciones:  No contiene plomo ni otros metales pesados o productos qu\u00edmicos t\u00f3xicos.  Excelente sustituto del subacetato de plomo, sin el subacetato qu\u00edmico cancer\u00edgeno.  Respetuosos con el medio ambiente, los componentes org\u00e1nicos son biodegradables.  Clarificaci\u00f3n eficaz apta para su uso en el laboratorio de la f\u00e1brica.  Filtraci\u00f3n r\u00e1pida apta para su uso en el laboratorio central.  Estable indefinidamente en estado no activado. Puede utilizarse durante 30 d\u00edas tras su activaci\u00f3n.  No requiere equipos ni procedimientos especiales. Los procedimientos son los mismos que para el uso hist\u00f3rico del subacetato de plomo.  Octapol\u00ae es un producto patentado, sin plomo, biodegradable y no t\u00f3xico desarrollado tras conocer los graves problemas medioambientales y sanitarios relacionados con el uso del subacetato de plomo t\u00f3xico utilizado para la clarificaci\u00f3n de zumos azucarados.  Octapol\u00ae se basa en una formulaci\u00f3n consistente en una mezcla de ocho sustancias qu\u00edmicas (OCTA-) y su uso en la clarificaci\u00f3n previa a la medici\u00f3n de pol (-POL) de los zumos de remolacha azucarera y ca\u00f1a de az\u00facar.\" \/>\n<meta property=\"og:url\" content=\"https:\/\/prodekinc.com\/es\/producto\/reactivo-clarificante-del-azucar-octapol\/\" \/>\n<meta property=\"og:site_name\" content=\"ProdekInc\" \/>\n<meta property=\"og:image\" content=\"https:\/\/prodekinc.com\/wp-content\/uploads\/Picture1-1.png\" \/>\n\t<meta property=\"og:image:width\" content=\"720\" \/>\n\t<meta property=\"og:image:height\" content=\"720\" \/>\n\t<meta property=\"og:image:type\" content=\"image\/png\" \/>\n<meta name=\"twitter:card\" content=\"summary_large_image\" \/>\n<script type=\"application\/ld+json\" class=\"yoast-schema-graph\">{\"@context\":\"https:\/\/schema.org\",\"@graph\":[{\"@type\":\"WebPage\",\"@id\":\"https:\/\/prodekinc.com\/es\/producto\/reactivo-clarificante-del-azucar-octapol\/\",\"url\":\"https:\/\/prodekinc.com\/es\/producto\/reactivo-clarificante-del-azucar-octapol\/\",\"name\":\"OCTAPOL\u00ae Reactivo Clarificante de Az\u00facares - ProdekInc\",\"isPartOf\":{\"@id\":\"https:\/\/prodekinc.com\/es\/#website\"},\"primaryImageOfPage\":{\"@id\":\"https:\/\/prodekinc.com\/es\/producto\/reactivo-clarificante-del-azucar-octapol\/#primaryimage\"},\"image\":{\"@id\":\"https:\/\/prodekinc.com\/es\/producto\/reactivo-clarificante-del-azucar-octapol\/#primaryimage\"},\"thumbnailUrl\":\"https:\/\/prodekinc.com\/wp-content\/uploads\/Picture1-1.png\",\"datePublished\":\"2024-02-07T16:23:41+00:00\",\"breadcrumb\":{\"@id\":\"https:\/\/prodekinc.com\/es\/producto\/reactivo-clarificante-del-azucar-octapol\/#breadcrumb\"},\"inLanguage\":\"es\",\"potentialAction\":[{\"@type\":\"ReadAction\",\"target\":[\"https:\/\/prodekinc.com\/es\/producto\/reactivo-clarificante-del-azucar-octapol\/\"]}]},{\"@type\":\"ImageObject\",\"inLanguage\":\"es\",\"@id\":\"https:\/\/prodekinc.com\/es\/producto\/reactivo-clarificante-del-azucar-octapol\/#primaryimage\",\"url\":\"https:\/\/prodekinc.com\/wp-content\/uploads\/Picture1-1.png\",\"contentUrl\":\"https:\/\/prodekinc.com\/wp-content\/uploads\/Picture1-1.png\",\"width\":720,\"height\":720},{\"@type\":\"BreadcrumbList\",\"@id\":\"https:\/\/prodekinc.com\/es\/producto\/reactivo-clarificante-del-azucar-octapol\/#breadcrumb\",\"itemListElement\":[{\"@type\":\"ListItem\",\"position\":1,\"name\":\"Portada\",\"item\":\"https:\/\/prodekinc.com\/es\/\"},{\"@type\":\"ListItem\",\"position\":2,\"name\":\"Tienda\",\"item\":\"https:\/\/prodekinc.com\/tienda\/\"},{\"@type\":\"ListItem\",\"position\":3,\"name\":\"OCTAPOL\u00ae Reactivo Clarificante de Az\u00facares\"}]},{\"@type\":\"WebSite\",\"@id\":\"https:\/\/prodekinc.com\/es\/#website\",\"url\":\"https:\/\/prodekinc.com\/es\/\",\"name\":\"ProdekInc\",\"description\":\"\",\"publisher\":{\"@id\":\"https:\/\/prodekinc.com\/es\/#organization\"},\"potentialAction\":[{\"@type\":\"SearchAction\",\"target\":{\"@type\":\"EntryPoint\",\"urlTemplate\":\"https:\/\/prodekinc.com\/es\/?s={search_term_string}\"},\"query-input\":{\"@type\":\"PropertyValueSpecification\",\"valueRequired\":true,\"valueName\":\"search_term_string\"}}],\"inLanguage\":\"es\"},{\"@type\":\"Organization\",\"@id\":\"https:\/\/prodekinc.com\/es\/#organization\",\"name\":\"ProdekInc\",\"url\":\"https:\/\/prodekinc.com\/es\/\",\"logo\":{\"@type\":\"ImageObject\",\"inLanguage\":\"es\",\"@id\":\"https:\/\/prodekinc.com\/es\/#\/schema\/logo\/image\/\",\"url\":\"https:\/\/prodekinc.com\/wp-content\/uploads\/logo-footer.svg\",\"contentUrl\":\"https:\/\/prodekinc.com\/wp-content\/uploads\/logo-footer.svg\",\"width\":235.5,\"height\":155.2,\"caption\":\"ProdekInc\"},\"image\":{\"@id\":\"https:\/\/prodekinc.com\/es\/#\/schema\/logo\/image\/\"}}]}<\/script>\n<!-- \/ Yoast SEO plugin. -->","yoast_head_json":{"title":"OCTAPOL\u00ae Reactivo Clarificante de Az\u00facares - ProdekInc","robots":{"index":"index","follow":"follow","max-snippet":"max-snippet:-1","max-image-preview":"max-image-preview:large","max-video-preview":"max-video-preview:-1"},"canonical":"https:\/\/prodekinc.com\/es\/producto\/reactivo-clarificante-del-azucar-octapol\/","og_locale":"es_ES","og_type":"article","og_title":"OCTAPOL\u00ae Reactivo Clarificante de Az\u00facares - ProdekInc","og_description":"OCTAPOL\u00ae Sugar Clarifying Reagent es una formulaci\u00f3n patentada de ocho productos qu\u00edmicos (OCTA) para la clarificaci\u00f3n previa al an\u00e1lisis polarim\u00e9trico (POL) del zumo de ca\u00f1a de az\u00facar y de remolacha. Desde 1998, este reactivo eficaz y respetuoso con el medio ambiente es ampliamente utilizado por las f\u00e1bricas de ca\u00f1a de az\u00facar y remolacha azucarera de los seis continentes. Ha demostrado ser un sustituto eficaz del subacetato de plomo, sin las peligrosas e inaceptables propiedades del plomo.  No contiene sustancias qu\u00edmicas cancer\u00edgenas ni t\u00f3xicas de ning\u00fan tipo  Los ingredientes ecol\u00f3gicos son biodegradables  Clarificaci\u00f3n eficaz - apta para su uso en el laboratorio de la f\u00e1brica  Filtraci\u00f3n r\u00e1pida: apta para su uso en el laboratorio de trituraci\u00f3n\/n\u00facleo entrante  La mezcla tiene vida \u00fatil indefinida antes de su activaci\u00f3n El producto se envasa en una botella de pl\u00e1stico de 1 gal\u00f3n (3,785 litros) que contiene 1,5 Kg de producto, incluye:  1350 gramos de clarificador y 150 gramos de activador.  Las botellas se envasar\u00e1n en cajas de 4 unidades. Caracter\u00edsticas y especificaciones:  No contiene plomo ni otros metales pesados o productos qu\u00edmicos t\u00f3xicos.  Excelente sustituto del subacetato de plomo, sin el subacetato qu\u00edmico cancer\u00edgeno.  Respetuosos con el medio ambiente, los componentes org\u00e1nicos son biodegradables.  Clarificaci\u00f3n eficaz apta para su uso en el laboratorio de la f\u00e1brica.  Filtraci\u00f3n r\u00e1pida apta para su uso en el laboratorio central.  Estable indefinidamente en estado no activado. Puede utilizarse durante 30 d\u00edas tras su activaci\u00f3n.  No requiere equipos ni procedimientos especiales. Los procedimientos son los mismos que para el uso hist\u00f3rico del subacetato de plomo.  Octapol\u00ae es un producto patentado, sin plomo, biodegradable y no t\u00f3xico desarrollado tras conocer los graves problemas medioambientales y sanitarios relacionados con el uso del subacetato de plomo t\u00f3xico utilizado para la clarificaci\u00f3n de zumos azucarados.  Octapol\u00ae se basa en una formulaci\u00f3n consistente en una mezcla de ocho sustancias qu\u00edmicas (OCTA-) y su uso en la clarificaci\u00f3n previa a la medici\u00f3n de pol (-POL) de los zumos de remolacha azucarera y ca\u00f1a de az\u00facar.","og_url":"https:\/\/prodekinc.com\/es\/producto\/reactivo-clarificante-del-azucar-octapol\/","og_site_name":"ProdekInc","og_image":[{"width":720,"height":720,"url":"https:\/\/prodekinc.com\/wp-content\/uploads\/Picture1-1.png","type":"image\/png"}],"twitter_card":"summary_large_image","schema":{"@context":"https:\/\/schema.org","@graph":[{"@type":"WebPage","@id":"https:\/\/prodekinc.com\/es\/producto\/reactivo-clarificante-del-azucar-octapol\/","url":"https:\/\/prodekinc.com\/es\/producto\/reactivo-clarificante-del-azucar-octapol\/","name":"OCTAPOL\u00ae Reactivo Clarificante de Az\u00facares - ProdekInc","isPartOf":{"@id":"https:\/\/prodekinc.com\/es\/#website"},"primaryImageOfPage":{"@id":"https:\/\/prodekinc.com\/es\/producto\/reactivo-clarificante-del-azucar-octapol\/#primaryimage"},"image":{"@id":"https:\/\/prodekinc.com\/es\/producto\/reactivo-clarificante-del-azucar-octapol\/#primaryimage"},"thumbnailUrl":"https:\/\/prodekinc.com\/wp-content\/uploads\/Picture1-1.png","datePublished":"2024-02-07T16:23:41+00:00","breadcrumb":{"@id":"https:\/\/prodekinc.com\/es\/producto\/reactivo-clarificante-del-azucar-octapol\/#breadcrumb"},"inLanguage":"es","potentialAction":[{"@type":"ReadAction","target":["https:\/\/prodekinc.com\/es\/producto\/reactivo-clarificante-del-azucar-octapol\/"]}]},{"@type":"ImageObject","inLanguage":"es","@id":"https:\/\/prodekinc.com\/es\/producto\/reactivo-clarificante-del-azucar-octapol\/#primaryimage","url":"https:\/\/prodekinc.com\/wp-content\/uploads\/Picture1-1.png","contentUrl":"https:\/\/prodekinc.com\/wp-content\/uploads\/Picture1-1.png","width":720,"height":720},{"@type":"BreadcrumbList","@id":"https:\/\/prodekinc.com\/es\/producto\/reactivo-clarificante-del-azucar-octapol\/#breadcrumb","itemListElement":[{"@type":"ListItem","position":1,"name":"Portada","item":"https:\/\/prodekinc.com\/es\/"},{"@type":"ListItem","position":2,"name":"Tienda","item":"https:\/\/prodekinc.com\/tienda\/"},{"@type":"ListItem","position":3,"name":"OCTAPOL\u00ae Reactivo Clarificante de Az\u00facares"}]},{"@type":"WebSite","@id":"https:\/\/prodekinc.com\/es\/#website","url":"https:\/\/prodekinc.com\/es\/","name":"ProdekInc","description":"","publisher":{"@id":"https:\/\/prodekinc.com\/es\/#organization"},"potentialAction":[{"@type":"SearchAction","target":{"@type":"EntryPoint","urlTemplate":"https:\/\/prodekinc.com\/es\/?s={search_term_string}"},"query-input":{"@type":"PropertyValueSpecification","valueRequired":true,"valueName":"search_term_string"}}],"inLanguage":"es"},{"@type":"Organization","@id":"https:\/\/prodekinc.com\/es\/#organization","name":"ProdekInc","url":"https:\/\/prodekinc.com\/es\/","logo":{"@type":"ImageObject","inLanguage":"es","@id":"https:\/\/prodekinc.com\/es\/#\/schema\/logo\/image\/","url":"https:\/\/prodekinc.com\/wp-content\/uploads\/logo-footer.svg","contentUrl":"https:\/\/prodekinc.com\/wp-content\/uploads\/logo-footer.svg","width":235.5,"height":155.2,"caption":"ProdekInc"},"image":{"@id":"https:\/\/prodekinc.com\/es\/#\/schema\/logo\/image\/"}}]}},"_links":{"self":[{"href":"https:\/\/prodekinc.com\/es\/wp-json\/wp\/v2\/product\/6292","targetHints":{"allow":["GET"]}}],"collection":[{"href":"https:\/\/prodekinc.com\/es\/wp-json\/wp\/v2\/product"}],"about":[{"href":"https:\/\/prodekinc.com\/es\/wp-json\/wp\/v2\/types\/product"}],"replies":[{"embeddable":true,"href":"https:\/\/prodekinc.com\/es\/wp-json\/wp\/v2\/comments?post=6292"}],"version-history":[{"count":0,"href":"https:\/\/prodekinc.com\/es\/wp-json\/wp\/v2\/product\/6292\/revisions"}],"wp:featuredmedia":[{"embeddable":true,"href":"https:\/\/prodekinc.com\/es\/wp-json\/wp\/v2\/media\/6284"}],"wp:attachment":[{"href":"https:\/\/prodekinc.com\/es\/wp-json\/wp\/v2\/media?parent=6292"}],"wp:term":[{"taxonomy":"product_brand","embeddable":true,"href":"https:\/\/prodekinc.com\/es\/wp-json\/wp\/v2\/product_brand?post=6292"},{"taxonomy":"product_cat","embeddable":true,"href":"https:\/\/prodekinc.com\/es\/wp-json\/wp\/v2\/product_cat?post=6292"},{"taxonomy":"product_tag","embeddable":true,"href":"https:\/\/prodekinc.com\/es\/wp-json\/wp\/v2\/product_tag?post=6292"}],"curies":[{"name":"wp","href":"https:\/\/api.w.org\/{rel}","templated":true}]}}