{"id":2362,"date":"2022-03-07T20:42:01","date_gmt":"2022-03-08T02:42:01","guid":{"rendered":"https:\/\/prodekinc.com\/?post_type=product&#038;p=2362"},"modified":"2022-08-16T14:11:04","modified_gmt":"2022-08-16T20:11:04","slug":"transmisores-de-densidad","status":"publish","type":"product","link":"https:\/\/prodekinc.com\/es\/producto\/transmisores-de-densidad\/","title":{"rendered":"Transmisores de Densidad"},"content":{"rendered":"\t\t<div data-elementor-type=\"product-post\" data-elementor-id=\"2362\" class=\"elementor elementor-2362\" data-elementor-post-type=\"product\">\n\t\t\t\t\t\t<section class=\"elementor-section elementor-top-section elementor-element elementor-element-3eb60ed3 elementor-section-boxed elementor-section-height-default elementor-section-height-default\" data-id=\"3eb60ed3\" data-element_type=\"section\" data-e-type=\"section\">\n\t\t\t\t\t\t<div class=\"elementor-container elementor-column-gap-default\">\n\t\t\t\t\t<div class=\"elementor-column elementor-col-100 elementor-top-column elementor-element elementor-element-6ad21c7a\" data-id=\"6ad21c7a\" data-element_type=\"column\" data-e-type=\"column\">\n\t\t\t<div class=\"elementor-widget-wrap elementor-element-populated\">\n\t\t\t\t\t\t<div class=\"elementor-element elementor-element-369a80f8 elementor-widget elementor-widget-heading\" data-id=\"369a80f8\" data-element_type=\"widget\" data-e-type=\"widget\" data-widget_type=\"heading.default\">\n\t\t\t\t\t<h5 class=\"elementor-heading-title elementor-size-default\">Ver m\u00e1s informaci\u00f3n sobre este producto:<\/h5>\t\t\t\t<\/div>\n\t\t\t\t<div class=\"elementor-element elementor-element-6f9a4c92 elementor-icon-list--layout-traditional elementor-list-item-link-full_width elementor-widget elementor-widget-icon-list\" data-id=\"6f9a4c92\" data-element_type=\"widget\" data-e-type=\"widget\" data-widget_type=\"icon-list.default\">\n\t\t\t\t\t\t\t<ul class=\"elementor-icon-list-items\">\n\t\t\t\t\t\t\t<li class=\"elementor-icon-list-item\">\n\t\t\t\t\t\t\t\t\t\t\t<a href=\"https:\/\/prodekinc.com\/wp-content\/uploads\/Transmisores-de-Densidad.pdf\" target=\"_blank\">\n\n\t\t\t\t\t\t\t\t\t\t\t\t<span class=\"elementor-icon-list-icon\">\n\t\t\t\t\t\t\t<svg aria-hidden=\"true\" class=\"e-font-icon-svg e-fas-file-pdf\" viewBox=\"0 0 384 512\" xmlns=\"http:\/\/www.w3.org\/2000\/svg\"><path d=\"M181.9 256.1c-5-16-4.9-46.9-2-46.9 8.4 0 7.6 36.9 2 46.9zm-1.7 47.2c-7.7 20.2-17.3 43.3-28.4 62.7 18.3-7 39-17.2 62.9-21.9-12.7-9.6-24.9-23.4-34.5-40.8zM86.1 428.1c0 .8 13.2-5.4 34.9-40.2-6.7 6.3-29.1 24.5-34.9 40.2zM248 160h136v328c0 13.3-10.7 24-24 24H24c-13.3 0-24-10.7-24-24V24C0 10.7 10.7 0 24 0h200v136c0 13.2 10.8 24 24 24zm-8 171.8c-20-12.2-33.3-29-42.7-53.8 4.5-18.5 11.6-46.6 6.2-64.2-4.7-29.4-42.4-26.5-47.8-6.8-5 18.3-.4 44.1 8.1 77-11.6 27.6-28.7 64.6-40.8 85.8-.1 0-.1.1-.2.1-27.1 13.9-73.6 44.5-54.5 68 5.6 6.9 16 10 21.5 10 17.9 0 35.7-18 61.1-61.8 25.8-8.5 54.1-19.1 79-23.2 21.7 11.8 47.1 19.5 64 19.5 29.2 0 31.2-32 19.7-43.4-13.9-13.6-54.3-9.7-73.6-7.2zM377 105L279 7c-4.5-4.5-10.6-7-17-7h-6v128h128v-6.1c0-6.3-2.5-12.4-7-16.9zm-74.1 255.3c4.1-2.7-2.5-11.9-42.8-9 37.1 15.8 42.8 9 42.8 9z\"><\/path><\/svg>\t\t\t\t\t\t<\/span>\n\t\t\t\t\t\t\t\t\t\t<span class=\"elementor-icon-list-text\">Transmisores de Densidad<\/span>\n\t\t\t\t\t\t\t\t\t\t\t<\/a>\n\t\t\t\t\t\t\t\t\t<\/li>\n\t\t\t\t\t\t<\/ul>\n\t\t\t\t\t\t<\/div>\n\t\t\t\t\t<\/div>\n\t\t<\/div>\n\t\t\t\t\t<\/div>\n\t\t<\/section>\n\t\t\t\t<\/div>\n\t\t","protected":false},"excerpt":{"rendered":"<p>El DT400 es un transmisor de densidad con comunicaci\u00f3n digital WirelessHART\u2122, HART Versi\u00f3n 7, destinado a la medici\u00f3n continua de densidad y concentraci\u00f3n de l\u00edquidos, directamente en procesos industriales.<\/p>\n<p>Este transmisor posibilita el monitoreo en tiempo real de densidad, concentraci\u00f3n y nivel de interfaz de procesos industriales.<\/p>\n<p>El DT400 WH est\u00e1 disponible en dos modelos: industrial para procesos generales, y sanitario para aplicaciones en industrias de alimentos, bebidas y f\u00e1rmacos. Ambos modelos pueden instalarse en l\u00ednea o directamente en tanques, pues son adecuados para fluidos est\u00e1ticos y<br \/>\ndin\u00e1micos. Varias unidades de medici\u00f3n pueden configurarse por el usuario, tales como: g\/cm\u00b3, Kg\/m\u00b3, \u00baBrix, \u00b0Baum\u00e9, \u00baPlato, \u00baGL, \u00baINPM, \u00baAPI, % de S\u00f3lidos, % de Concentraci\u00f3n, etc. Debido a su versatilidad y gran precisi\u00f3n en la medici\u00f3n, pueden aplicarse en pr\u00e1cticamente todos los procesos industriales por su facilidad de instalaci\u00f3n, configuraci\u00f3n y mantenimiento.<\/p>\n<p>El ajuste local del equipo se hace a trav\u00e9s de la llave magn\u00e9tica y con herramientas de configuraci\u00f3n como el HPC401 y el CONF401, es<br \/>\nposible hacer calibraci\u00f3n, monitoreo y visualizaci\u00f3n de diagn\u00f3sticos a distancia. Utiliza bater\u00edas primarias de litio (Li-SOCI2) de 3,6 V, totalizando 7,2 V.<\/p>\n","protected":false},"featured_media":2369,"comment_status":"open","ping_status":"closed","template":"","meta":{"site-sidebar-layout":"no-sidebar","site-content-layout":"page-builder","ast-site-content-layout":"default","site-content-style":"default","site-sidebar-style":"default","ast-global-header-display":"","ast-banner-title-visibility":"","ast-main-header-display":"","ast-hfb-above-header-display":"","ast-hfb-below-header-display":"","ast-hfb-mobile-header-display":"","site-post-title":"disabled","ast-breadcrumbs-content":"","ast-featured-img":"disabled","footer-sml-layout":"","ast-disable-related-posts":"","theme-transparent-header-meta":"default","adv-header-id-meta":"","stick-header-meta":"default","header-above-stick-meta":"","header-main-stick-meta":"","header-below-stick-meta":"","astra-migrate-meta-layouts":"default","ast-page-background-enabled":"default","ast-page-background-meta":{"desktop":{"background-color":"var(--ast-global-color-4)","background-image":"","background-repeat":"repeat","background-position":"center center","background-size":"auto","background-attachment":"scroll","background-type":"","background-media":"","overlay-type":"","overlay-color":"","overlay-opacity":"","overlay-gradient":""},"tablet":{"background-color":"","background-image":"","background-repeat":"repeat","background-position":"center center","background-size":"auto","background-attachment":"scroll","background-type":"","background-media":"","overlay-type":"","overlay-color":"","overlay-opacity":"","overlay-gradient":""},"mobile":{"background-color":"","background-image":"","background-repeat":"repeat","background-position":"center center","background-size":"auto","background-attachment":"scroll","background-type":"","background-media":"","overlay-type":"","overlay-color":"","overlay-opacity":"","overlay-gradient":""}},"ast-content-background-meta":{"desktop":{"background-color":"var(--ast-global-color-5)","background-image":"","background-repeat":"repeat","background-position":"center center","background-size":"auto","background-attachment":"scroll","background-type":"","background-media":"","overlay-type":"","overlay-color":"","overlay-opacity":"","overlay-gradient":""},"tablet":{"background-color":"var(--ast-global-color-5)","background-image":"","background-repeat":"repeat","background-position":"center center","background-size":"auto","background-attachment":"scroll","background-type":"","background-media":"","overlay-type":"","overlay-color":"","overlay-opacity":"","overlay-gradient":""},"mobile":{"background-color":"var(--ast-global-color-5)","background-image":"","background-repeat":"repeat","background-position":"center center","background-size":"auto","background-attachment":"scroll","background-type":"","background-media":"","overlay-type":"","overlay-color":"","overlay-opacity":"","overlay-gradient":""}}},"product_brand":[],"product_cat":[37],"product_tag":[],"class_list":{"0":"post-2362","1":"product","2":"type-product","3":"status-publish","4":"has-post-thumbnail","6":"product_cat-automatizacion-y-control","7":"desktop-align-left","8":"tablet-align-left","9":"mobile-align-left","10":"ast-product-gallery-layout-horizontal","11":"ast-product-gallery-with-no-image","12":"ast-product-tabs-layout-horizontal","14":"first","15":"instock","16":"shipping-taxable","17":"product-type-simple"},"yoast_head":"<!-- This site is optimized with the Yoast SEO plugin v27.2 - https:\/\/yoast.com\/product\/yoast-seo-wordpress\/ -->\n<title>Transmisores de Densidad - ProdekInc<\/title>\n<meta name=\"robots\" content=\"index, follow, max-snippet:-1, max-image-preview:large, max-video-preview:-1\" \/>\n<link rel=\"canonical\" href=\"https:\/\/prodekinc.com\/es\/producto\/transmisores-de-densidad\/\" \/>\n<meta property=\"og:locale\" content=\"es_ES\" \/>\n<meta property=\"og:type\" content=\"article\" \/>\n<meta property=\"og:title\" content=\"Transmisores de Densidad - ProdekInc\" \/>\n<meta property=\"og:description\" content=\"El DT400 es un transmisor de densidad con comunicaci\u00f3n digital WirelessHART\u2122, HART Versi\u00f3n 7, destinado a la medici\u00f3n continua de densidad y concentraci\u00f3n de l\u00edquidos, directamente en procesos industriales.  Este transmisor posibilita el monitoreo en tiempo real de densidad, concentraci\u00f3n y nivel de interfaz de procesos industriales.  El DT400 WH est\u00e1 disponible en dos modelos: industrial para procesos generales, y sanitario para aplicaciones en industrias de alimentos, bebidas y f\u00e1rmacos. Ambos modelos pueden instalarse en l\u00ednea o directamente en tanques, pues son adecuados para fluidos est\u00e1ticos y din\u00e1micos. Varias unidades de medici\u00f3n pueden configurarse por el usuario, tales como: g\/cm\u00b3, Kg\/m\u00b3, \u00baBrix, \u00b0Baum\u00e9, \u00baPlato, \u00baGL, \u00baINPM, \u00baAPI, % de S\u00f3lidos, % de Concentraci\u00f3n, etc. Debido a su versatilidad y gran precisi\u00f3n en la medici\u00f3n, pueden aplicarse en pr\u00e1cticamente todos los procesos industriales por su facilidad de instalaci\u00f3n, configuraci\u00f3n y mantenimiento.  El ajuste local del equipo se hace a trav\u00e9s de la llave magn\u00e9tica y con herramientas de configuraci\u00f3n como el HPC401 y el CONF401, es posible hacer calibraci\u00f3n, monitoreo y visualizaci\u00f3n de diagn\u00f3sticos a distancia. Utiliza bater\u00edas primarias de litio (Li-SOCI2) de 3,6 V, totalizando 7,2 V.\" \/>\n<meta property=\"og:url\" content=\"https:\/\/prodekinc.com\/es\/producto\/transmisores-de-densidad\/\" \/>\n<meta property=\"og:site_name\" content=\"ProdekInc\" \/>\n<meta property=\"article:modified_time\" content=\"2022-08-16T20:11:04+00:00\" \/>\n<meta property=\"og:image\" content=\"https:\/\/prodekinc.com\/wp-content\/uploads\/transmisores-de-densidad-imagen.jpg\" \/>\n\t<meta property=\"og:image:width\" content=\"666\" \/>\n\t<meta property=\"og:image:height\" content=\"701\" \/>\n\t<meta property=\"og:image:type\" content=\"image\/jpeg\" \/>\n<meta name=\"twitter:card\" content=\"summary_large_image\" \/>\n<meta name=\"twitter:label1\" content=\"Tiempo de lectura\" \/>\n\t<meta name=\"twitter:data1\" content=\"1 minuto\" \/>\n<script type=\"application\/ld+json\" class=\"yoast-schema-graph\">{\"@context\":\"https:\/\/schema.org\",\"@graph\":[{\"@type\":\"WebPage\",\"@id\":\"https:\/\/prodekinc.com\/es\/producto\/transmisores-de-densidad\/\",\"url\":\"https:\/\/prodekinc.com\/es\/producto\/transmisores-de-densidad\/\",\"name\":\"Transmisores de Densidad - ProdekInc\",\"isPartOf\":{\"@id\":\"https:\/\/prodekinc.com\/es\/#website\"},\"primaryImageOfPage\":{\"@id\":\"https:\/\/prodekinc.com\/es\/producto\/transmisores-de-densidad\/#primaryimage\"},\"image\":{\"@id\":\"https:\/\/prodekinc.com\/es\/producto\/transmisores-de-densidad\/#primaryimage\"},\"thumbnailUrl\":\"https:\/\/prodekinc.com\/wp-content\/uploads\/transmisores-de-densidad-imagen.jpg\",\"datePublished\":\"2022-03-08T02:42:01+00:00\",\"dateModified\":\"2022-08-16T20:11:04+00:00\",\"breadcrumb\":{\"@id\":\"https:\/\/prodekinc.com\/es\/producto\/transmisores-de-densidad\/#breadcrumb\"},\"inLanguage\":\"es\",\"potentialAction\":[{\"@type\":\"ReadAction\",\"target\":[\"https:\/\/prodekinc.com\/es\/producto\/transmisores-de-densidad\/\"]}]},{\"@type\":\"ImageObject\",\"inLanguage\":\"es\",\"@id\":\"https:\/\/prodekinc.com\/es\/producto\/transmisores-de-densidad\/#primaryimage\",\"url\":\"https:\/\/prodekinc.com\/wp-content\/uploads\/transmisores-de-densidad-imagen.jpg\",\"contentUrl\":\"https:\/\/prodekinc.com\/wp-content\/uploads\/transmisores-de-densidad-imagen.jpg\",\"width\":666,\"height\":701},{\"@type\":\"BreadcrumbList\",\"@id\":\"https:\/\/prodekinc.com\/es\/producto\/transmisores-de-densidad\/#breadcrumb\",\"itemListElement\":[{\"@type\":\"ListItem\",\"position\":1,\"name\":\"Portada\",\"item\":\"https:\/\/prodekinc.com\/es\/\"},{\"@type\":\"ListItem\",\"position\":2,\"name\":\"Tienda\",\"item\":\"https:\/\/prodekinc.com\/tienda\/\"},{\"@type\":\"ListItem\",\"position\":3,\"name\":\"Transmisores de Densidad\"}]},{\"@type\":\"WebSite\",\"@id\":\"https:\/\/prodekinc.com\/es\/#website\",\"url\":\"https:\/\/prodekinc.com\/es\/\",\"name\":\"ProdekInc\",\"description\":\"\",\"publisher\":{\"@id\":\"https:\/\/prodekinc.com\/es\/#organization\"},\"potentialAction\":[{\"@type\":\"SearchAction\",\"target\":{\"@type\":\"EntryPoint\",\"urlTemplate\":\"https:\/\/prodekinc.com\/es\/?s={search_term_string}\"},\"query-input\":{\"@type\":\"PropertyValueSpecification\",\"valueRequired\":true,\"valueName\":\"search_term_string\"}}],\"inLanguage\":\"es\"},{\"@type\":\"Organization\",\"@id\":\"https:\/\/prodekinc.com\/es\/#organization\",\"name\":\"ProdekInc\",\"url\":\"https:\/\/prodekinc.com\/es\/\",\"logo\":{\"@type\":\"ImageObject\",\"inLanguage\":\"es\",\"@id\":\"https:\/\/prodekinc.com\/es\/#\/schema\/logo\/image\/\",\"url\":\"https:\/\/prodekinc.com\/wp-content\/uploads\/logo-footer.svg\",\"contentUrl\":\"https:\/\/prodekinc.com\/wp-content\/uploads\/logo-footer.svg\",\"width\":235.5,\"height\":155.2,\"caption\":\"ProdekInc\"},\"image\":{\"@id\":\"https:\/\/prodekinc.com\/es\/#\/schema\/logo\/image\/\"}}]}<\/script>\n<!-- \/ Yoast SEO plugin. -->","yoast_head_json":{"title":"Transmisores de Densidad - ProdekInc","robots":{"index":"index","follow":"follow","max-snippet":"max-snippet:-1","max-image-preview":"max-image-preview:large","max-video-preview":"max-video-preview:-1"},"canonical":"https:\/\/prodekinc.com\/es\/producto\/transmisores-de-densidad\/","og_locale":"es_ES","og_type":"article","og_title":"Transmisores de Densidad - ProdekInc","og_description":"El DT400 es un transmisor de densidad con comunicaci\u00f3n digital WirelessHART\u2122, HART Versi\u00f3n 7, destinado a la medici\u00f3n continua de densidad y concentraci\u00f3n de l\u00edquidos, directamente en procesos industriales.  Este transmisor posibilita el monitoreo en tiempo real de densidad, concentraci\u00f3n y nivel de interfaz de procesos industriales.  El DT400 WH est\u00e1 disponible en dos modelos: industrial para procesos generales, y sanitario para aplicaciones en industrias de alimentos, bebidas y f\u00e1rmacos. Ambos modelos pueden instalarse en l\u00ednea o directamente en tanques, pues son adecuados para fluidos est\u00e1ticos y din\u00e1micos. Varias unidades de medici\u00f3n pueden configurarse por el usuario, tales como: g\/cm\u00b3, Kg\/m\u00b3, \u00baBrix, \u00b0Baum\u00e9, \u00baPlato, \u00baGL, \u00baINPM, \u00baAPI, % de S\u00f3lidos, % de Concentraci\u00f3n, etc. Debido a su versatilidad y gran precisi\u00f3n en la medici\u00f3n, pueden aplicarse en pr\u00e1cticamente todos los procesos industriales por su facilidad de instalaci\u00f3n, configuraci\u00f3n y mantenimiento.  El ajuste local del equipo se hace a trav\u00e9s de la llave magn\u00e9tica y con herramientas de configuraci\u00f3n como el HPC401 y el CONF401, es posible hacer calibraci\u00f3n, monitoreo y visualizaci\u00f3n de diagn\u00f3sticos a distancia. Utiliza bater\u00edas primarias de litio (Li-SOCI2) de 3,6 V, totalizando 7,2 V.","og_url":"https:\/\/prodekinc.com\/es\/producto\/transmisores-de-densidad\/","og_site_name":"ProdekInc","article_modified_time":"2022-08-16T20:11:04+00:00","og_image":[{"width":666,"height":701,"url":"https:\/\/prodekinc.com\/wp-content\/uploads\/transmisores-de-densidad-imagen.jpg","type":"image\/jpeg"}],"twitter_card":"summary_large_image","twitter_misc":{"Tiempo de lectura":"1 minuto"},"schema":{"@context":"https:\/\/schema.org","@graph":[{"@type":"WebPage","@id":"https:\/\/prodekinc.com\/es\/producto\/transmisores-de-densidad\/","url":"https:\/\/prodekinc.com\/es\/producto\/transmisores-de-densidad\/","name":"Transmisores de Densidad - ProdekInc","isPartOf":{"@id":"https:\/\/prodekinc.com\/es\/#website"},"primaryImageOfPage":{"@id":"https:\/\/prodekinc.com\/es\/producto\/transmisores-de-densidad\/#primaryimage"},"image":{"@id":"https:\/\/prodekinc.com\/es\/producto\/transmisores-de-densidad\/#primaryimage"},"thumbnailUrl":"https:\/\/prodekinc.com\/wp-content\/uploads\/transmisores-de-densidad-imagen.jpg","datePublished":"2022-03-08T02:42:01+00:00","dateModified":"2022-08-16T20:11:04+00:00","breadcrumb":{"@id":"https:\/\/prodekinc.com\/es\/producto\/transmisores-de-densidad\/#breadcrumb"},"inLanguage":"es","potentialAction":[{"@type":"ReadAction","target":["https:\/\/prodekinc.com\/es\/producto\/transmisores-de-densidad\/"]}]},{"@type":"ImageObject","inLanguage":"es","@id":"https:\/\/prodekinc.com\/es\/producto\/transmisores-de-densidad\/#primaryimage","url":"https:\/\/prodekinc.com\/wp-content\/uploads\/transmisores-de-densidad-imagen.jpg","contentUrl":"https:\/\/prodekinc.com\/wp-content\/uploads\/transmisores-de-densidad-imagen.jpg","width":666,"height":701},{"@type":"BreadcrumbList","@id":"https:\/\/prodekinc.com\/es\/producto\/transmisores-de-densidad\/#breadcrumb","itemListElement":[{"@type":"ListItem","position":1,"name":"Portada","item":"https:\/\/prodekinc.com\/es\/"},{"@type":"ListItem","position":2,"name":"Tienda","item":"https:\/\/prodekinc.com\/tienda\/"},{"@type":"ListItem","position":3,"name":"Transmisores de Densidad"}]},{"@type":"WebSite","@id":"https:\/\/prodekinc.com\/es\/#website","url":"https:\/\/prodekinc.com\/es\/","name":"ProdekInc","description":"","publisher":{"@id":"https:\/\/prodekinc.com\/es\/#organization"},"potentialAction":[{"@type":"SearchAction","target":{"@type":"EntryPoint","urlTemplate":"https:\/\/prodekinc.com\/es\/?s={search_term_string}"},"query-input":{"@type":"PropertyValueSpecification","valueRequired":true,"valueName":"search_term_string"}}],"inLanguage":"es"},{"@type":"Organization","@id":"https:\/\/prodekinc.com\/es\/#organization","name":"ProdekInc","url":"https:\/\/prodekinc.com\/es\/","logo":{"@type":"ImageObject","inLanguage":"es","@id":"https:\/\/prodekinc.com\/es\/#\/schema\/logo\/image\/","url":"https:\/\/prodekinc.com\/wp-content\/uploads\/logo-footer.svg","contentUrl":"https:\/\/prodekinc.com\/wp-content\/uploads\/logo-footer.svg","width":235.5,"height":155.2,"caption":"ProdekInc"},"image":{"@id":"https:\/\/prodekinc.com\/es\/#\/schema\/logo\/image\/"}}]}},"_links":{"self":[{"href":"https:\/\/prodekinc.com\/es\/wp-json\/wp\/v2\/product\/2362","targetHints":{"allow":["GET"]}}],"collection":[{"href":"https:\/\/prodekinc.com\/es\/wp-json\/wp\/v2\/product"}],"about":[{"href":"https:\/\/prodekinc.com\/es\/wp-json\/wp\/v2\/types\/product"}],"replies":[{"embeddable":true,"href":"https:\/\/prodekinc.com\/es\/wp-json\/wp\/v2\/comments?post=2362"}],"version-history":[{"count":0,"href":"https:\/\/prodekinc.com\/es\/wp-json\/wp\/v2\/product\/2362\/revisions"}],"wp:featuredmedia":[{"embeddable":true,"href":"https:\/\/prodekinc.com\/es\/wp-json\/wp\/v2\/media\/2369"}],"wp:attachment":[{"href":"https:\/\/prodekinc.com\/es\/wp-json\/wp\/v2\/media?parent=2362"}],"wp:term":[{"taxonomy":"product_brand","embeddable":true,"href":"https:\/\/prodekinc.com\/es\/wp-json\/wp\/v2\/product_brand?post=2362"},{"taxonomy":"product_cat","embeddable":true,"href":"https:\/\/prodekinc.com\/es\/wp-json\/wp\/v2\/product_cat?post=2362"},{"taxonomy":"product_tag","embeddable":true,"href":"https:\/\/prodekinc.com\/es\/wp-json\/wp\/v2\/product_tag?post=2362"}],"curies":[{"name":"wp","href":"https:\/\/api.w.org\/{rel}","templated":true}]}}