{"id":2346,"date":"2022-03-07T20:33:16","date_gmt":"2022-03-08T02:33:16","guid":{"rendered":"https:\/\/prodekinc.com\/?post_type=product&#038;p=2346"},"modified":"2022-08-11T14:59:16","modified_gmt":"2022-08-11T20:59:16","slug":"scrubbers","status":"publish","type":"product","link":"https:\/\/prodekinc.com\/es\/producto\/scrubbers\/","title":{"rendered":"Scrubbers"},"content":{"rendered":"\t\t<div data-elementor-type=\"product-post\" data-elementor-id=\"2346\" class=\"elementor elementor-2346\" data-elementor-post-type=\"product\">\n\t\t\t\t\t\t<section class=\"elementor-section elementor-top-section elementor-element elementor-element-3a18de1c elementor-section-boxed elementor-section-height-default elementor-section-height-default\" data-id=\"3a18de1c\" data-element_type=\"section\" data-e-type=\"section\">\n\t\t\t\t\t\t<div class=\"elementor-container elementor-column-gap-default\">\n\t\t\t\t\t<div class=\"elementor-column elementor-col-100 elementor-top-column elementor-element elementor-element-647a1272\" data-id=\"647a1272\" data-element_type=\"column\" data-e-type=\"column\">\n\t\t\t<div class=\"elementor-widget-wrap elementor-element-populated\">\n\t\t\t\t\t\t<div class=\"elementor-element elementor-element-1e7aa765 elementor-widget elementor-widget-heading\" data-id=\"1e7aa765\" data-element_type=\"widget\" data-e-type=\"widget\" data-widget_type=\"heading.default\">\n\t\t\t\t\t<h5 class=\"elementor-heading-title elementor-size-default\">Ver m\u00e1s informaci\u00f3n sobre este producto:<\/h5>\t\t\t\t<\/div>\n\t\t\t\t<div class=\"elementor-element elementor-element-615ecc51 elementor-icon-list--layout-traditional elementor-list-item-link-full_width elementor-widget elementor-widget-icon-list\" data-id=\"615ecc51\" data-element_type=\"widget\" data-e-type=\"widget\" data-widget_type=\"icon-list.default\">\n\t\t\t\t\t\t\t<ul class=\"elementor-icon-list-items\">\n\t\t\t\t\t\t\t<li class=\"elementor-icon-list-item\">\n\t\t\t\t\t\t\t\t\t\t\t<a href=\"https:\/\/prodekinc.com\/wp-content\/uploads\/Scrubbers.pdf\" target=\"_blank\">\n\n\t\t\t\t\t\t\t\t\t\t\t\t<span class=\"elementor-icon-list-icon\">\n\t\t\t\t\t\t\t<svg aria-hidden=\"true\" class=\"e-font-icon-svg e-fas-file-pdf\" viewBox=\"0 0 384 512\" xmlns=\"http:\/\/www.w3.org\/2000\/svg\"><path d=\"M181.9 256.1c-5-16-4.9-46.9-2-46.9 8.4 0 7.6 36.9 2 46.9zm-1.7 47.2c-7.7 20.2-17.3 43.3-28.4 62.7 18.3-7 39-17.2 62.9-21.9-12.7-9.6-24.9-23.4-34.5-40.8zM86.1 428.1c0 .8 13.2-5.4 34.9-40.2-6.7 6.3-29.1 24.5-34.9 40.2zM248 160h136v328c0 13.3-10.7 24-24 24H24c-13.3 0-24-10.7-24-24V24C0 10.7 10.7 0 24 0h200v136c0 13.2 10.8 24 24 24zm-8 171.8c-20-12.2-33.3-29-42.7-53.8 4.5-18.5 11.6-46.6 6.2-64.2-4.7-29.4-42.4-26.5-47.8-6.8-5 18.3-.4 44.1 8.1 77-11.6 27.6-28.7 64.6-40.8 85.8-.1 0-.1.1-.2.1-27.1 13.9-73.6 44.5-54.5 68 5.6 6.9 16 10 21.5 10 17.9 0 35.7-18 61.1-61.8 25.8-8.5 54.1-19.1 79-23.2 21.7 11.8 47.1 19.5 64 19.5 29.2 0 31.2-32 19.7-43.4-13.9-13.6-54.3-9.7-73.6-7.2zM377 105L279 7c-4.5-4.5-10.6-7-17-7h-6v128h128v-6.1c0-6.3-2.5-12.4-7-16.9zm-74.1 255.3c4.1-2.7-2.5-11.9-42.8-9 37.1 15.8 42.8 9 42.8 9z\"><\/path><\/svg>\t\t\t\t\t\t<\/span>\n\t\t\t\t\t\t\t\t\t\t<span class=\"elementor-icon-list-text\">Scrubbers<\/span>\n\t\t\t\t\t\t\t\t\t\t\t<\/a>\n\t\t\t\t\t\t\t\t\t<\/li>\n\t\t\t\t\t\t<\/ul>\n\t\t\t\t\t\t<\/div>\n\t\t\t\t\t<\/div>\n\t\t<\/div>\n\t\t\t\t\t<\/div>\n\t\t<\/section>\n\t\t\t\t<\/div>\n\t\t","protected":false},"excerpt":{"rendered":"<p><strong>Depuradores de limpieza de gas<\/strong><\/p>\n<ul>\n<li>La creciente habilidad para eliminar contaminantes de las corrientes de gas en procesos industriales de los depuradores de gases h\u00famedos, requiere de eficientes eliminadores de arrastre para eliminar el l\u00edquido depurado arrastrado.<\/li>\n<li>Las demandas sobre la velocidad de este proceso, con frecuencia dan como resultado altas velocidades del gas y esto, a su vez, puede resultar en el arrastre de l\u00edquidos. Este l\u00edquido puede ser altamente agresivo. Al eliminar de manera eficiente estos l\u00edquidos y evitar que sus gotas sean arrastradas, los componentes aguas abajo quedar\u00e1n protegidos contra da\u00f1os, evitando as\u00ed posibles interrupcionesen el proceso.<\/li>\n<li>Esta t\u00e9cnica ha sido utilizada de forma extensiva por m\u00e1s de 30 a\u00f1os, pero la evaluaci\u00f3n de los par\u00e1metros de dise\u00f1o es un proceso complicado y un equipo inadecuado puede obstaculizar la eficiencia del proceso. Como expertos en humedad y eliminaci\u00f3n de gotas,<br \/>\nofrecemos un amplio rango de soluciones a la medida, tanto para instalaciones nuevas como para el reacondicionamiento de los ya existentes.<\/li>\n<li>Esta aplicaci\u00f3n es tremendamente importante en gasoductos (recuperaci\u00f3n de condensados) y tuber\u00edas largas de vapor, para prevenir entrada de l\u00edquidos en compresores y agua en turbinas de vapor.<\/li>\n<li>Disponibles en polipropileno, PVC, PVDF, acero inoxidable y otros materiales, estos eliminadores de arrastre pueden tambi\u00e9n ser instalados como sistemas de dos o tres etapas donde la carga de part\u00edculas sea alta.<\/li>\n<\/ul>\n<p><strong>Beneficios<\/strong><\/p>\n<ul>\n<li>Remoci\u00f3n eficiente de l\u00edquidos depurados arrastrados.<\/li>\n<li>Alta eficiencia, a\u00fan con altas velocidades de gases.<\/li>\n<li>F\u00e1cil instalaci\u00f3n y mantenimientos.<\/li>\n<li>Equipos nuevos y reacondicionados<\/li>\n<\/ul>\n","protected":false},"featured_media":2344,"comment_status":"open","ping_status":"closed","template":"","meta":{"site-sidebar-layout":"no-sidebar","site-content-layout":"page-builder","ast-site-content-layout":"default","site-content-style":"default","site-sidebar-style":"default","ast-global-header-display":"","ast-banner-title-visibility":"","ast-main-header-display":"","ast-hfb-above-header-display":"","ast-hfb-below-header-display":"","ast-hfb-mobile-header-display":"","site-post-title":"disabled","ast-breadcrumbs-content":"","ast-featured-img":"disabled","footer-sml-layout":"","ast-disable-related-posts":"","theme-transparent-header-meta":"default","adv-header-id-meta":"","stick-header-meta":"default","header-above-stick-meta":"","header-main-stick-meta":"","header-below-stick-meta":"","astra-migrate-meta-layouts":"default","ast-page-background-enabled":"default","ast-page-background-meta":{"desktop":{"background-color":"var(--ast-global-color-4)","background-image":"","background-repeat":"repeat","background-position":"center center","background-size":"auto","background-attachment":"scroll","background-type":"","background-media":"","overlay-type":"","overlay-color":"","overlay-opacity":"","overlay-gradient":""},"tablet":{"background-color":"","background-image":"","background-repeat":"repeat","background-position":"center center","background-size":"auto","background-attachment":"scroll","background-type":"","background-media":"","overlay-type":"","overlay-color":"","overlay-opacity":"","overlay-gradient":""},"mobile":{"background-color":"","background-image":"","background-repeat":"repeat","background-position":"center center","background-size":"auto","background-attachment":"scroll","background-type":"","background-media":"","overlay-type":"","overlay-color":"","overlay-opacity":"","overlay-gradient":""}},"ast-content-background-meta":{"desktop":{"background-color":"var(--ast-global-color-5)","background-image":"","background-repeat":"repeat","background-position":"center center","background-size":"auto","background-attachment":"scroll","background-type":"","background-media":"","overlay-type":"","overlay-color":"","overlay-opacity":"","overlay-gradient":""},"tablet":{"background-color":"var(--ast-global-color-5)","background-image":"","background-repeat":"repeat","background-position":"center center","background-size":"auto","background-attachment":"scroll","background-type":"","background-media":"","overlay-type":"","overlay-color":"","overlay-opacity":"","overlay-gradient":""},"mobile":{"background-color":"var(--ast-global-color-5)","background-image":"","background-repeat":"repeat","background-position":"center center","background-size":"auto","background-attachment":"scroll","background-type":"","background-media":"","overlay-type":"","overlay-color":"","overlay-opacity":"","overlay-gradient":""}}},"product_brand":[],"product_cat":[36],"product_tag":[],"class_list":{"0":"post-2346","1":"product","2":"type-product","3":"status-publish","4":"has-post-thumbnail","6":"product_cat-generacion-de-energia","7":"desktop-align-left","8":"tablet-align-left","9":"mobile-align-left","10":"ast-product-gallery-layout-horizontal","11":"ast-product-gallery-with-no-image","12":"ast-product-tabs-layout-horizontal","14":"first","15":"instock","16":"shipping-taxable","17":"product-type-simple"},"yoast_head":"<!-- This site is optimized with the Yoast SEO plugin v27.2 - https:\/\/yoast.com\/product\/yoast-seo-wordpress\/ -->\n<title>Scrubbers - ProdekInc<\/title>\n<meta name=\"robots\" content=\"index, follow, max-snippet:-1, max-image-preview:large, max-video-preview:-1\" \/>\n<link rel=\"canonical\" href=\"https:\/\/prodekinc.com\/es\/producto\/scrubbers\/\" \/>\n<meta property=\"og:locale\" content=\"es_ES\" \/>\n<meta property=\"og:type\" content=\"article\" \/>\n<meta property=\"og:title\" content=\"Scrubbers - ProdekInc\" \/>\n<meta property=\"og:description\" content=\"Depuradores de limpieza de gas   La creciente habilidad para eliminar contaminantes de las corrientes de gas en procesos industriales de los depuradores de gases h\u00famedos, requiere de eficientes eliminadores de arrastre para eliminar el l\u00edquido depurado arrastrado.  Las demandas sobre la velocidad de este proceso, con frecuencia dan como resultado altas velocidades del gas y esto, a su vez, puede resultar en el arrastre de l\u00edquidos. Este l\u00edquido puede ser altamente agresivo. Al eliminar de manera eficiente estos l\u00edquidos y evitar que sus gotas sean arrastradas, los componentes aguas abajo quedar\u00e1n protegidos contra da\u00f1os, evitando as\u00ed posibles interrupcionesen el proceso.  Esta t\u00e9cnica ha sido utilizada de forma extensiva por m\u00e1s de 30 a\u00f1os, pero la evaluaci\u00f3n de los par\u00e1metros de dise\u00f1o es un proceso complicado y un equipo inadecuado puede obstaculizar la eficiencia del proceso. Como expertos en humedad y eliminaci\u00f3n de gotas, ofrecemos un amplio rango de soluciones a la medida, tanto para instalaciones nuevas como para el reacondicionamiento de los ya existentes.  Esta aplicaci\u00f3n es tremendamente importante en gasoductos (recuperaci\u00f3n de condensados) y tuber\u00edas largas de vapor, para prevenir entrada de l\u00edquidos en compresores y agua en turbinas de vapor.  Disponibles en polipropileno, PVC, PVDF, acero inoxidable y otros materiales, estos eliminadores de arrastre pueden tambi\u00e9n ser instalados como sistemas de dos o tres etapas donde la carga de part\u00edculas sea alta.  Beneficios   Remoci\u00f3n eficiente de l\u00edquidos depurados arrastrados.  Alta eficiencia, a\u00fan con altas velocidades de gases.  F\u00e1cil instalaci\u00f3n y mantenimientos.  Equipos nuevos y reacondicionados\" \/>\n<meta property=\"og:url\" content=\"https:\/\/prodekinc.com\/es\/producto\/scrubbers\/\" \/>\n<meta property=\"og:site_name\" content=\"ProdekInc\" \/>\n<meta property=\"article:modified_time\" content=\"2022-08-11T20:59:16+00:00\" \/>\n<meta property=\"og:image\" content=\"https:\/\/prodekinc.com\/wp-content\/uploads\/scrubbers-imagen.jpg\" \/>\n\t<meta property=\"og:image:width\" content=\"828\" \/>\n\t<meta property=\"og:image:height\" content=\"449\" \/>\n\t<meta property=\"og:image:type\" content=\"image\/jpeg\" \/>\n<meta name=\"twitter:card\" content=\"summary_large_image\" \/>\n<meta name=\"twitter:label1\" content=\"Tiempo de lectura\" \/>\n\t<meta name=\"twitter:data1\" content=\"1 minuto\" \/>\n<script type=\"application\/ld+json\" class=\"yoast-schema-graph\">{\"@context\":\"https:\/\/schema.org\",\"@graph\":[{\"@type\":\"WebPage\",\"@id\":\"https:\/\/prodekinc.com\/es\/producto\/scrubbers\/\",\"url\":\"https:\/\/prodekinc.com\/es\/producto\/scrubbers\/\",\"name\":\"Scrubbers - ProdekInc\",\"isPartOf\":{\"@id\":\"https:\/\/prodekinc.com\/es\/#website\"},\"primaryImageOfPage\":{\"@id\":\"https:\/\/prodekinc.com\/es\/producto\/scrubbers\/#primaryimage\"},\"image\":{\"@id\":\"https:\/\/prodekinc.com\/es\/producto\/scrubbers\/#primaryimage\"},\"thumbnailUrl\":\"https:\/\/prodekinc.com\/wp-content\/uploads\/scrubbers-imagen.jpg\",\"datePublished\":\"2022-03-08T02:33:16+00:00\",\"dateModified\":\"2022-08-11T20:59:16+00:00\",\"breadcrumb\":{\"@id\":\"https:\/\/prodekinc.com\/es\/producto\/scrubbers\/#breadcrumb\"},\"inLanguage\":\"es\",\"potentialAction\":[{\"@type\":\"ReadAction\",\"target\":[\"https:\/\/prodekinc.com\/es\/producto\/scrubbers\/\"]}]},{\"@type\":\"ImageObject\",\"inLanguage\":\"es\",\"@id\":\"https:\/\/prodekinc.com\/es\/producto\/scrubbers\/#primaryimage\",\"url\":\"https:\/\/prodekinc.com\/wp-content\/uploads\/scrubbers-imagen.jpg\",\"contentUrl\":\"https:\/\/prodekinc.com\/wp-content\/uploads\/scrubbers-imagen.jpg\",\"width\":828,\"height\":449},{\"@type\":\"BreadcrumbList\",\"@id\":\"https:\/\/prodekinc.com\/es\/producto\/scrubbers\/#breadcrumb\",\"itemListElement\":[{\"@type\":\"ListItem\",\"position\":1,\"name\":\"Portada\",\"item\":\"https:\/\/prodekinc.com\/es\/\"},{\"@type\":\"ListItem\",\"position\":2,\"name\":\"Tienda\",\"item\":\"https:\/\/prodekinc.com\/tienda\/\"},{\"@type\":\"ListItem\",\"position\":3,\"name\":\"Scrubbers\"}]},{\"@type\":\"WebSite\",\"@id\":\"https:\/\/prodekinc.com\/es\/#website\",\"url\":\"https:\/\/prodekinc.com\/es\/\",\"name\":\"ProdekInc\",\"description\":\"\",\"publisher\":{\"@id\":\"https:\/\/prodekinc.com\/es\/#organization\"},\"potentialAction\":[{\"@type\":\"SearchAction\",\"target\":{\"@type\":\"EntryPoint\",\"urlTemplate\":\"https:\/\/prodekinc.com\/es\/?s={search_term_string}\"},\"query-input\":{\"@type\":\"PropertyValueSpecification\",\"valueRequired\":true,\"valueName\":\"search_term_string\"}}],\"inLanguage\":\"es\"},{\"@type\":\"Organization\",\"@id\":\"https:\/\/prodekinc.com\/es\/#organization\",\"name\":\"ProdekInc\",\"url\":\"https:\/\/prodekinc.com\/es\/\",\"logo\":{\"@type\":\"ImageObject\",\"inLanguage\":\"es\",\"@id\":\"https:\/\/prodekinc.com\/es\/#\/schema\/logo\/image\/\",\"url\":\"https:\/\/prodekinc.com\/wp-content\/uploads\/logo-footer.svg\",\"contentUrl\":\"https:\/\/prodekinc.com\/wp-content\/uploads\/logo-footer.svg\",\"width\":235.5,\"height\":155.2,\"caption\":\"ProdekInc\"},\"image\":{\"@id\":\"https:\/\/prodekinc.com\/es\/#\/schema\/logo\/image\/\"}}]}<\/script>\n<!-- \/ Yoast SEO plugin. -->","yoast_head_json":{"title":"Scrubbers - ProdekInc","robots":{"index":"index","follow":"follow","max-snippet":"max-snippet:-1","max-image-preview":"max-image-preview:large","max-video-preview":"max-video-preview:-1"},"canonical":"https:\/\/prodekinc.com\/es\/producto\/scrubbers\/","og_locale":"es_ES","og_type":"article","og_title":"Scrubbers - ProdekInc","og_description":"Depuradores de limpieza de gas   La creciente habilidad para eliminar contaminantes de las corrientes de gas en procesos industriales de los depuradores de gases h\u00famedos, requiere de eficientes eliminadores de arrastre para eliminar el l\u00edquido depurado arrastrado.  Las demandas sobre la velocidad de este proceso, con frecuencia dan como resultado altas velocidades del gas y esto, a su vez, puede resultar en el arrastre de l\u00edquidos. Este l\u00edquido puede ser altamente agresivo. Al eliminar de manera eficiente estos l\u00edquidos y evitar que sus gotas sean arrastradas, los componentes aguas abajo quedar\u00e1n protegidos contra da\u00f1os, evitando as\u00ed posibles interrupcionesen el proceso.  Esta t\u00e9cnica ha sido utilizada de forma extensiva por m\u00e1s de 30 a\u00f1os, pero la evaluaci\u00f3n de los par\u00e1metros de dise\u00f1o es un proceso complicado y un equipo inadecuado puede obstaculizar la eficiencia del proceso. Como expertos en humedad y eliminaci\u00f3n de gotas, ofrecemos un amplio rango de soluciones a la medida, tanto para instalaciones nuevas como para el reacondicionamiento de los ya existentes.  Esta aplicaci\u00f3n es tremendamente importante en gasoductos (recuperaci\u00f3n de condensados) y tuber\u00edas largas de vapor, para prevenir entrada de l\u00edquidos en compresores y agua en turbinas de vapor.  Disponibles en polipropileno, PVC, PVDF, acero inoxidable y otros materiales, estos eliminadores de arrastre pueden tambi\u00e9n ser instalados como sistemas de dos o tres etapas donde la carga de part\u00edculas sea alta.  Beneficios   Remoci\u00f3n eficiente de l\u00edquidos depurados arrastrados.  Alta eficiencia, a\u00fan con altas velocidades de gases.  F\u00e1cil instalaci\u00f3n y mantenimientos.  Equipos nuevos y reacondicionados","og_url":"https:\/\/prodekinc.com\/es\/producto\/scrubbers\/","og_site_name":"ProdekInc","article_modified_time":"2022-08-11T20:59:16+00:00","og_image":[{"width":828,"height":449,"url":"https:\/\/prodekinc.com\/wp-content\/uploads\/scrubbers-imagen.jpg","type":"image\/jpeg"}],"twitter_card":"summary_large_image","twitter_misc":{"Tiempo de lectura":"1 minuto"},"schema":{"@context":"https:\/\/schema.org","@graph":[{"@type":"WebPage","@id":"https:\/\/prodekinc.com\/es\/producto\/scrubbers\/","url":"https:\/\/prodekinc.com\/es\/producto\/scrubbers\/","name":"Scrubbers - ProdekInc","isPartOf":{"@id":"https:\/\/prodekinc.com\/es\/#website"},"primaryImageOfPage":{"@id":"https:\/\/prodekinc.com\/es\/producto\/scrubbers\/#primaryimage"},"image":{"@id":"https:\/\/prodekinc.com\/es\/producto\/scrubbers\/#primaryimage"},"thumbnailUrl":"https:\/\/prodekinc.com\/wp-content\/uploads\/scrubbers-imagen.jpg","datePublished":"2022-03-08T02:33:16+00:00","dateModified":"2022-08-11T20:59:16+00:00","breadcrumb":{"@id":"https:\/\/prodekinc.com\/es\/producto\/scrubbers\/#breadcrumb"},"inLanguage":"es","potentialAction":[{"@type":"ReadAction","target":["https:\/\/prodekinc.com\/es\/producto\/scrubbers\/"]}]},{"@type":"ImageObject","inLanguage":"es","@id":"https:\/\/prodekinc.com\/es\/producto\/scrubbers\/#primaryimage","url":"https:\/\/prodekinc.com\/wp-content\/uploads\/scrubbers-imagen.jpg","contentUrl":"https:\/\/prodekinc.com\/wp-content\/uploads\/scrubbers-imagen.jpg","width":828,"height":449},{"@type":"BreadcrumbList","@id":"https:\/\/prodekinc.com\/es\/producto\/scrubbers\/#breadcrumb","itemListElement":[{"@type":"ListItem","position":1,"name":"Portada","item":"https:\/\/prodekinc.com\/es\/"},{"@type":"ListItem","position":2,"name":"Tienda","item":"https:\/\/prodekinc.com\/tienda\/"},{"@type":"ListItem","position":3,"name":"Scrubbers"}]},{"@type":"WebSite","@id":"https:\/\/prodekinc.com\/es\/#website","url":"https:\/\/prodekinc.com\/es\/","name":"ProdekInc","description":"","publisher":{"@id":"https:\/\/prodekinc.com\/es\/#organization"},"potentialAction":[{"@type":"SearchAction","target":{"@type":"EntryPoint","urlTemplate":"https:\/\/prodekinc.com\/es\/?s={search_term_string}"},"query-input":{"@type":"PropertyValueSpecification","valueRequired":true,"valueName":"search_term_string"}}],"inLanguage":"es"},{"@type":"Organization","@id":"https:\/\/prodekinc.com\/es\/#organization","name":"ProdekInc","url":"https:\/\/prodekinc.com\/es\/","logo":{"@type":"ImageObject","inLanguage":"es","@id":"https:\/\/prodekinc.com\/es\/#\/schema\/logo\/image\/","url":"https:\/\/prodekinc.com\/wp-content\/uploads\/logo-footer.svg","contentUrl":"https:\/\/prodekinc.com\/wp-content\/uploads\/logo-footer.svg","width":235.5,"height":155.2,"caption":"ProdekInc"},"image":{"@id":"https:\/\/prodekinc.com\/es\/#\/schema\/logo\/image\/"}}]}},"_links":{"self":[{"href":"https:\/\/prodekinc.com\/es\/wp-json\/wp\/v2\/product\/2346","targetHints":{"allow":["GET"]}}],"collection":[{"href":"https:\/\/prodekinc.com\/es\/wp-json\/wp\/v2\/product"}],"about":[{"href":"https:\/\/prodekinc.com\/es\/wp-json\/wp\/v2\/types\/product"}],"replies":[{"embeddable":true,"href":"https:\/\/prodekinc.com\/es\/wp-json\/wp\/v2\/comments?post=2346"}],"version-history":[{"count":0,"href":"https:\/\/prodekinc.com\/es\/wp-json\/wp\/v2\/product\/2346\/revisions"}],"wp:featuredmedia":[{"embeddable":true,"href":"https:\/\/prodekinc.com\/es\/wp-json\/wp\/v2\/media\/2344"}],"wp:attachment":[{"href":"https:\/\/prodekinc.com\/es\/wp-json\/wp\/v2\/media?parent=2346"}],"wp:term":[{"taxonomy":"product_brand","embeddable":true,"href":"https:\/\/prodekinc.com\/es\/wp-json\/wp\/v2\/product_brand?post=2346"},{"taxonomy":"product_cat","embeddable":true,"href":"https:\/\/prodekinc.com\/es\/wp-json\/wp\/v2\/product_cat?post=2346"},{"taxonomy":"product_tag","embeddable":true,"href":"https:\/\/prodekinc.com\/es\/wp-json\/wp\/v2\/product_tag?post=2346"}],"curies":[{"name":"wp","href":"https:\/\/api.w.org\/{rel}","templated":true}]}}