{"id":2336,"date":"2022-03-07T20:29:56","date_gmt":"2022-03-08T02:29:56","guid":{"rendered":"https:\/\/prodekinc.com\/?post_type=product&#038;p=2336"},"modified":"2022-08-11T15:03:25","modified_gmt":"2022-08-11T21:03:25","slug":"ventiladores-industriales","status":"publish","type":"product","link":"https:\/\/prodekinc.com\/es\/producto\/ventiladores-industriales\/","title":{"rendered":"Ventiladores industriales"},"content":{"rendered":"\t\t<div data-elementor-type=\"product-post\" data-elementor-id=\"2336\" class=\"elementor elementor-2336\" data-elementor-post-type=\"product\">\n\t\t\t\t\t\t<section class=\"elementor-section elementor-top-section elementor-element elementor-element-3a18de1c elementor-section-boxed elementor-section-height-default elementor-section-height-default\" data-id=\"3a18de1c\" data-element_type=\"section\" data-e-type=\"section\">\n\t\t\t\t\t\t<div class=\"elementor-container elementor-column-gap-default\">\n\t\t\t\t\t<div class=\"elementor-column elementor-col-100 elementor-top-column elementor-element elementor-element-647a1272\" data-id=\"647a1272\" data-element_type=\"column\" data-e-type=\"column\">\n\t\t\t<div class=\"elementor-widget-wrap elementor-element-populated\">\n\t\t\t\t\t\t<div class=\"elementor-element elementor-element-1e7aa765 elementor-widget elementor-widget-heading\" data-id=\"1e7aa765\" data-element_type=\"widget\" data-e-type=\"widget\" data-widget_type=\"heading.default\">\n\t\t\t\t\t<h5 class=\"elementor-heading-title elementor-size-default\">Ver m\u00e1s informaci\u00f3n sobre este producto:<\/h5>\t\t\t\t<\/div>\n\t\t\t\t<div class=\"elementor-element elementor-element-615ecc51 elementor-icon-list--layout-traditional elementor-list-item-link-full_width elementor-widget elementor-widget-icon-list\" data-id=\"615ecc51\" data-element_type=\"widget\" data-e-type=\"widget\" data-widget_type=\"icon-list.default\">\n\t\t\t\t\t\t\t<ul class=\"elementor-icon-list-items\">\n\t\t\t\t\t\t\t<li class=\"elementor-icon-list-item\">\n\t\t\t\t\t\t\t\t\t\t\t<a href=\"https:\/\/prodekinc.com\/wp-content\/uploads\/Ventiladores-Industriales.pdf\" target=\"_blank\">\n\n\t\t\t\t\t\t\t\t\t\t\t\t<span class=\"elementor-icon-list-icon\">\n\t\t\t\t\t\t\t<svg aria-hidden=\"true\" class=\"e-font-icon-svg e-fas-file-pdf\" viewBox=\"0 0 384 512\" xmlns=\"http:\/\/www.w3.org\/2000\/svg\"><path d=\"M181.9 256.1c-5-16-4.9-46.9-2-46.9 8.4 0 7.6 36.9 2 46.9zm-1.7 47.2c-7.7 20.2-17.3 43.3-28.4 62.7 18.3-7 39-17.2 62.9-21.9-12.7-9.6-24.9-23.4-34.5-40.8zM86.1 428.1c0 .8 13.2-5.4 34.9-40.2-6.7 6.3-29.1 24.5-34.9 40.2zM248 160h136v328c0 13.3-10.7 24-24 24H24c-13.3 0-24-10.7-24-24V24C0 10.7 10.7 0 24 0h200v136c0 13.2 10.8 24 24 24zm-8 171.8c-20-12.2-33.3-29-42.7-53.8 4.5-18.5 11.6-46.6 6.2-64.2-4.7-29.4-42.4-26.5-47.8-6.8-5 18.3-.4 44.1 8.1 77-11.6 27.6-28.7 64.6-40.8 85.8-.1 0-.1.1-.2.1-27.1 13.9-73.6 44.5-54.5 68 5.6 6.9 16 10 21.5 10 17.9 0 35.7-18 61.1-61.8 25.8-8.5 54.1-19.1 79-23.2 21.7 11.8 47.1 19.5 64 19.5 29.2 0 31.2-32 19.7-43.4-13.9-13.6-54.3-9.7-73.6-7.2zM377 105L279 7c-4.5-4.5-10.6-7-17-7h-6v128h128v-6.1c0-6.3-2.5-12.4-7-16.9zm-74.1 255.3c4.1-2.7-2.5-11.9-42.8-9 37.1 15.8 42.8 9 42.8 9z\"><\/path><\/svg>\t\t\t\t\t\t<\/span>\n\t\t\t\t\t\t\t\t\t\t<span class=\"elementor-icon-list-text\">Ventiladores Industriales<\/span>\n\t\t\t\t\t\t\t\t\t\t\t<\/a>\n\t\t\t\t\t\t\t\t\t<\/li>\n\t\t\t\t\t\t<\/ul>\n\t\t\t\t\t\t<\/div>\n\t\t\t\t\t<\/div>\n\t\t<\/div>\n\t\t\t\t\t<\/div>\n\t\t<\/section>\n\t\t\t\t<\/div>\n\t\t","protected":false},"excerpt":{"rendered":"<p>Producidos con software de vanguardia que aplica una metodolog\u00eda especial para dise\u00f1ar una amplia variedad de ventiladores y extractores acordes a la necesidad de cada cliente.<\/p>\n<ul>\n<li>Equipos disponibles en m\u00faltiples tama\u00f1os y configuraciones. El equipo est\u00e1 disponible en versiones para Trabajo Pesado, Extra Pesado, Ventiladores Centr\u00edfugos y Axiales, con arreglos de tiro directo e indirecto, simple o doble.<\/li>\n<li>Dise\u00f1o de ventiladores de acuerdo con la industria y\/o aplicaci\u00f3n.<\/li>\n<li>M\u00e1xima eficiencia, econom\u00eda y durabilidad.<\/li>\n<\/ul>\n<p><strong>Tipo de Rotores Disponibles<\/strong><\/p>\n<ul>\n<li>Cerrado con cuchillas curvadas hacia atr\u00e1s &#8211; eficiencia 90%<\/li>\n<li>Cerrado con paletas rectas inclinadas hacia atr\u00e1s &#8211; eficiencia 80%<\/li>\n<li>Paletas cerradas \u00abAirfoil\u00bb &#8211; eficiencia 90%<\/li>\n<li>Cerradas con paletas radiales &#8211; eficiencia 75%<\/li>\n<li>Punta radial cerrada &#8211; eficiencia 75%<\/li>\n<li>Abierto con las hojas rectas inclinadas hacia atr\u00e1s &#8211; eficiencia 65%<\/li>\n<li>Con cuchillas curvadas hacia adelante &#8211; eficiencia 70%<\/li>\n<\/ul>\n<p><strong>Aplicaciones<\/strong><\/p>\n<ul>\n<li>Az\u00facar y energ\u00eda<\/li>\n<li>Miner\u00eda<\/li>\n<li>Pulpa y Papel<\/li>\n<li>Pl\u00e1stico<\/li>\n<li>Alimentos<\/li>\n<li>Textil<\/li>\n<\/ul>\n","protected":false},"featured_media":2338,"comment_status":"open","ping_status":"closed","template":"","meta":{"site-sidebar-layout":"no-sidebar","site-content-layout":"page-builder","ast-site-content-layout":"default","site-content-style":"default","site-sidebar-style":"default","ast-global-header-display":"","ast-banner-title-visibility":"","ast-main-header-display":"","ast-hfb-above-header-display":"","ast-hfb-below-header-display":"","ast-hfb-mobile-header-display":"","site-post-title":"disabled","ast-breadcrumbs-content":"","ast-featured-img":"disabled","footer-sml-layout":"","ast-disable-related-posts":"","theme-transparent-header-meta":"default","adv-header-id-meta":"","stick-header-meta":"default","header-above-stick-meta":"","header-main-stick-meta":"","header-below-stick-meta":"","astra-migrate-meta-layouts":"default","ast-page-background-enabled":"default","ast-page-background-meta":{"desktop":{"background-color":"var(--ast-global-color-4)","background-image":"","background-repeat":"repeat","background-position":"center center","background-size":"auto","background-attachment":"scroll","background-type":"","background-media":"","overlay-type":"","overlay-color":"","overlay-opacity":"","overlay-gradient":""},"tablet":{"background-color":"","background-image":"","background-repeat":"repeat","background-position":"center center","background-size":"auto","background-attachment":"scroll","background-type":"","background-media":"","overlay-type":"","overlay-color":"","overlay-opacity":"","overlay-gradient":""},"mobile":{"background-color":"","background-image":"","background-repeat":"repeat","background-position":"center center","background-size":"auto","background-attachment":"scroll","background-type":"","background-media":"","overlay-type":"","overlay-color":"","overlay-opacity":"","overlay-gradient":""}},"ast-content-background-meta":{"desktop":{"background-color":"var(--ast-global-color-5)","background-image":"","background-repeat":"repeat","background-position":"center center","background-size":"auto","background-attachment":"scroll","background-type":"","background-media":"","overlay-type":"","overlay-color":"","overlay-opacity":"","overlay-gradient":""},"tablet":{"background-color":"var(--ast-global-color-5)","background-image":"","background-repeat":"repeat","background-position":"center center","background-size":"auto","background-attachment":"scroll","background-type":"","background-media":"","overlay-type":"","overlay-color":"","overlay-opacity":"","overlay-gradient":""},"mobile":{"background-color":"var(--ast-global-color-5)","background-image":"","background-repeat":"repeat","background-position":"center center","background-size":"auto","background-attachment":"scroll","background-type":"","background-media":"","overlay-type":"","overlay-color":"","overlay-opacity":"","overlay-gradient":""}}},"product_brand":[],"product_cat":[36],"product_tag":[],"class_list":{"0":"post-2336","1":"product","2":"type-product","3":"status-publish","4":"has-post-thumbnail","6":"product_cat-generacion-de-energia","7":"desktop-align-left","8":"tablet-align-left","9":"mobile-align-left","10":"ast-product-gallery-layout-horizontal","11":"ast-product-gallery-with-no-image","12":"ast-product-tabs-layout-horizontal","14":"first","15":"instock","16":"shipping-taxable","17":"product-type-simple"},"yoast_head":"<!-- This site is optimized with the Yoast SEO plugin v27.2 - https:\/\/yoast.com\/product\/yoast-seo-wordpress\/ -->\n<title>Ventiladores industriales - ProdekInc<\/title>\n<meta name=\"robots\" content=\"index, follow, max-snippet:-1, max-image-preview:large, max-video-preview:-1\" \/>\n<link rel=\"canonical\" href=\"https:\/\/prodekinc.com\/es\/producto\/ventiladores-industriales\/\" \/>\n<meta property=\"og:locale\" content=\"es_ES\" \/>\n<meta property=\"og:type\" content=\"article\" \/>\n<meta property=\"og:title\" content=\"Ventiladores industriales - ProdekInc\" \/>\n<meta property=\"og:description\" content=\"Producidos con software de vanguardia que aplica una metodolog\u00eda especial para dise\u00f1ar una amplia variedad de ventiladores y extractores acordes a la necesidad de cada cliente.   Equipos disponibles en m\u00faltiples tama\u00f1os y configuraciones. El equipo est\u00e1 disponible en versiones para Trabajo Pesado, Extra Pesado, Ventiladores Centr\u00edfugos y Axiales, con arreglos de tiro directo e indirecto, simple o doble.  Dise\u00f1o de ventiladores de acuerdo con la industria y\/o aplicaci\u00f3n.  M\u00e1xima eficiencia, econom\u00eda y durabilidad.  Tipo de Rotores Disponibles   Cerrado con cuchillas curvadas hacia atr\u00e1s - eficiencia 90%  Cerrado con paletas rectas inclinadas hacia atr\u00e1s - eficiencia 80%  Paletas cerradas &quot;Airfoil&quot; - eficiencia 90%  Cerradas con paletas radiales - eficiencia 75%  Punta radial cerrada - eficiencia 75%  Abierto con las hojas rectas inclinadas hacia atr\u00e1s - eficiencia 65%  Con cuchillas curvadas hacia adelante - eficiencia 70%  Aplicaciones   Az\u00facar y energ\u00eda  Miner\u00eda  Pulpa y Papel  Pl\u00e1stico  Alimentos  Textil\" \/>\n<meta property=\"og:url\" content=\"https:\/\/prodekinc.com\/es\/producto\/ventiladores-industriales\/\" \/>\n<meta property=\"og:site_name\" content=\"ProdekInc\" \/>\n<meta property=\"article:modified_time\" content=\"2022-08-11T21:03:25+00:00\" \/>\n<meta property=\"og:image\" content=\"https:\/\/prodekinc.com\/wp-content\/uploads\/Imagen30.jpg\" \/>\n\t<meta property=\"og:image:width\" content=\"416\" \/>\n\t<meta property=\"og:image:height\" content=\"283\" \/>\n\t<meta property=\"og:image:type\" content=\"image\/jpeg\" \/>\n<meta name=\"twitter:card\" content=\"summary_large_image\" \/>\n<meta name=\"twitter:label1\" content=\"Tiempo de lectura\" \/>\n\t<meta name=\"twitter:data1\" content=\"1 minuto\" \/>\n<script type=\"application\/ld+json\" class=\"yoast-schema-graph\">{\"@context\":\"https:\/\/schema.org\",\"@graph\":[{\"@type\":\"WebPage\",\"@id\":\"https:\/\/prodekinc.com\/es\/producto\/ventiladores-industriales\/\",\"url\":\"https:\/\/prodekinc.com\/es\/producto\/ventiladores-industriales\/\",\"name\":\"Ventiladores industriales - ProdekInc\",\"isPartOf\":{\"@id\":\"https:\/\/prodekinc.com\/es\/#website\"},\"primaryImageOfPage\":{\"@id\":\"https:\/\/prodekinc.com\/es\/producto\/ventiladores-industriales\/#primaryimage\"},\"image\":{\"@id\":\"https:\/\/prodekinc.com\/es\/producto\/ventiladores-industriales\/#primaryimage\"},\"thumbnailUrl\":\"https:\/\/prodekinc.com\/wp-content\/uploads\/Imagen30.jpg\",\"datePublished\":\"2022-03-08T02:29:56+00:00\",\"dateModified\":\"2022-08-11T21:03:25+00:00\",\"breadcrumb\":{\"@id\":\"https:\/\/prodekinc.com\/es\/producto\/ventiladores-industriales\/#breadcrumb\"},\"inLanguage\":\"es\",\"potentialAction\":[{\"@type\":\"ReadAction\",\"target\":[\"https:\/\/prodekinc.com\/es\/producto\/ventiladores-industriales\/\"]}]},{\"@type\":\"ImageObject\",\"inLanguage\":\"es\",\"@id\":\"https:\/\/prodekinc.com\/es\/producto\/ventiladores-industriales\/#primaryimage\",\"url\":\"https:\/\/prodekinc.com\/wp-content\/uploads\/Imagen30.jpg\",\"contentUrl\":\"https:\/\/prodekinc.com\/wp-content\/uploads\/Imagen30.jpg\",\"width\":416,\"height\":283},{\"@type\":\"BreadcrumbList\",\"@id\":\"https:\/\/prodekinc.com\/es\/producto\/ventiladores-industriales\/#breadcrumb\",\"itemListElement\":[{\"@type\":\"ListItem\",\"position\":1,\"name\":\"Portada\",\"item\":\"https:\/\/prodekinc.com\/es\/\"},{\"@type\":\"ListItem\",\"position\":2,\"name\":\"Tienda\",\"item\":\"https:\/\/prodekinc.com\/tienda\/\"},{\"@type\":\"ListItem\",\"position\":3,\"name\":\"Ventiladores industriales\"}]},{\"@type\":\"WebSite\",\"@id\":\"https:\/\/prodekinc.com\/es\/#website\",\"url\":\"https:\/\/prodekinc.com\/es\/\",\"name\":\"ProdekInc\",\"description\":\"\",\"publisher\":{\"@id\":\"https:\/\/prodekinc.com\/es\/#organization\"},\"potentialAction\":[{\"@type\":\"SearchAction\",\"target\":{\"@type\":\"EntryPoint\",\"urlTemplate\":\"https:\/\/prodekinc.com\/es\/?s={search_term_string}\"},\"query-input\":{\"@type\":\"PropertyValueSpecification\",\"valueRequired\":true,\"valueName\":\"search_term_string\"}}],\"inLanguage\":\"es\"},{\"@type\":\"Organization\",\"@id\":\"https:\/\/prodekinc.com\/es\/#organization\",\"name\":\"ProdekInc\",\"url\":\"https:\/\/prodekinc.com\/es\/\",\"logo\":{\"@type\":\"ImageObject\",\"inLanguage\":\"es\",\"@id\":\"https:\/\/prodekinc.com\/es\/#\/schema\/logo\/image\/\",\"url\":\"https:\/\/prodekinc.com\/wp-content\/uploads\/logo-footer.svg\",\"contentUrl\":\"https:\/\/prodekinc.com\/wp-content\/uploads\/logo-footer.svg\",\"width\":235.5,\"height\":155.2,\"caption\":\"ProdekInc\"},\"image\":{\"@id\":\"https:\/\/prodekinc.com\/es\/#\/schema\/logo\/image\/\"}}]}<\/script>\n<!-- \/ Yoast SEO plugin. -->","yoast_head_json":{"title":"Ventiladores industriales - ProdekInc","robots":{"index":"index","follow":"follow","max-snippet":"max-snippet:-1","max-image-preview":"max-image-preview:large","max-video-preview":"max-video-preview:-1"},"canonical":"https:\/\/prodekinc.com\/es\/producto\/ventiladores-industriales\/","og_locale":"es_ES","og_type":"article","og_title":"Ventiladores industriales - ProdekInc","og_description":"Producidos con software de vanguardia que aplica una metodolog\u00eda especial para dise\u00f1ar una amplia variedad de ventiladores y extractores acordes a la necesidad de cada cliente.   Equipos disponibles en m\u00faltiples tama\u00f1os y configuraciones. El equipo est\u00e1 disponible en versiones para Trabajo Pesado, Extra Pesado, Ventiladores Centr\u00edfugos y Axiales, con arreglos de tiro directo e indirecto, simple o doble.  Dise\u00f1o de ventiladores de acuerdo con la industria y\/o aplicaci\u00f3n.  M\u00e1xima eficiencia, econom\u00eda y durabilidad.  Tipo de Rotores Disponibles   Cerrado con cuchillas curvadas hacia atr\u00e1s - eficiencia 90%  Cerrado con paletas rectas inclinadas hacia atr\u00e1s - eficiencia 80%  Paletas cerradas \"Airfoil\" - eficiencia 90%  Cerradas con paletas radiales - eficiencia 75%  Punta radial cerrada - eficiencia 75%  Abierto con las hojas rectas inclinadas hacia atr\u00e1s - eficiencia 65%  Con cuchillas curvadas hacia adelante - eficiencia 70%  Aplicaciones   Az\u00facar y energ\u00eda  Miner\u00eda  Pulpa y Papel  Pl\u00e1stico  Alimentos  Textil","og_url":"https:\/\/prodekinc.com\/es\/producto\/ventiladores-industriales\/","og_site_name":"ProdekInc","article_modified_time":"2022-08-11T21:03:25+00:00","og_image":[{"width":416,"height":283,"url":"https:\/\/prodekinc.com\/wp-content\/uploads\/Imagen30.jpg","type":"image\/jpeg"}],"twitter_card":"summary_large_image","twitter_misc":{"Tiempo de lectura":"1 minuto"},"schema":{"@context":"https:\/\/schema.org","@graph":[{"@type":"WebPage","@id":"https:\/\/prodekinc.com\/es\/producto\/ventiladores-industriales\/","url":"https:\/\/prodekinc.com\/es\/producto\/ventiladores-industriales\/","name":"Ventiladores industriales - ProdekInc","isPartOf":{"@id":"https:\/\/prodekinc.com\/es\/#website"},"primaryImageOfPage":{"@id":"https:\/\/prodekinc.com\/es\/producto\/ventiladores-industriales\/#primaryimage"},"image":{"@id":"https:\/\/prodekinc.com\/es\/producto\/ventiladores-industriales\/#primaryimage"},"thumbnailUrl":"https:\/\/prodekinc.com\/wp-content\/uploads\/Imagen30.jpg","datePublished":"2022-03-08T02:29:56+00:00","dateModified":"2022-08-11T21:03:25+00:00","breadcrumb":{"@id":"https:\/\/prodekinc.com\/es\/producto\/ventiladores-industriales\/#breadcrumb"},"inLanguage":"es","potentialAction":[{"@type":"ReadAction","target":["https:\/\/prodekinc.com\/es\/producto\/ventiladores-industriales\/"]}]},{"@type":"ImageObject","inLanguage":"es","@id":"https:\/\/prodekinc.com\/es\/producto\/ventiladores-industriales\/#primaryimage","url":"https:\/\/prodekinc.com\/wp-content\/uploads\/Imagen30.jpg","contentUrl":"https:\/\/prodekinc.com\/wp-content\/uploads\/Imagen30.jpg","width":416,"height":283},{"@type":"BreadcrumbList","@id":"https:\/\/prodekinc.com\/es\/producto\/ventiladores-industriales\/#breadcrumb","itemListElement":[{"@type":"ListItem","position":1,"name":"Portada","item":"https:\/\/prodekinc.com\/es\/"},{"@type":"ListItem","position":2,"name":"Tienda","item":"https:\/\/prodekinc.com\/tienda\/"},{"@type":"ListItem","position":3,"name":"Ventiladores industriales"}]},{"@type":"WebSite","@id":"https:\/\/prodekinc.com\/es\/#website","url":"https:\/\/prodekinc.com\/es\/","name":"ProdekInc","description":"","publisher":{"@id":"https:\/\/prodekinc.com\/es\/#organization"},"potentialAction":[{"@type":"SearchAction","target":{"@type":"EntryPoint","urlTemplate":"https:\/\/prodekinc.com\/es\/?s={search_term_string}"},"query-input":{"@type":"PropertyValueSpecification","valueRequired":true,"valueName":"search_term_string"}}],"inLanguage":"es"},{"@type":"Organization","@id":"https:\/\/prodekinc.com\/es\/#organization","name":"ProdekInc","url":"https:\/\/prodekinc.com\/es\/","logo":{"@type":"ImageObject","inLanguage":"es","@id":"https:\/\/prodekinc.com\/es\/#\/schema\/logo\/image\/","url":"https:\/\/prodekinc.com\/wp-content\/uploads\/logo-footer.svg","contentUrl":"https:\/\/prodekinc.com\/wp-content\/uploads\/logo-footer.svg","width":235.5,"height":155.2,"caption":"ProdekInc"},"image":{"@id":"https:\/\/prodekinc.com\/es\/#\/schema\/logo\/image\/"}}]}},"_links":{"self":[{"href":"https:\/\/prodekinc.com\/es\/wp-json\/wp\/v2\/product\/2336","targetHints":{"allow":["GET"]}}],"collection":[{"href":"https:\/\/prodekinc.com\/es\/wp-json\/wp\/v2\/product"}],"about":[{"href":"https:\/\/prodekinc.com\/es\/wp-json\/wp\/v2\/types\/product"}],"replies":[{"embeddable":true,"href":"https:\/\/prodekinc.com\/es\/wp-json\/wp\/v2\/comments?post=2336"}],"version-history":[{"count":0,"href":"https:\/\/prodekinc.com\/es\/wp-json\/wp\/v2\/product\/2336\/revisions"}],"wp:featuredmedia":[{"embeddable":true,"href":"https:\/\/prodekinc.com\/es\/wp-json\/wp\/v2\/media\/2338"}],"wp:attachment":[{"href":"https:\/\/prodekinc.com\/es\/wp-json\/wp\/v2\/media?parent=2336"}],"wp:term":[{"taxonomy":"product_brand","embeddable":true,"href":"https:\/\/prodekinc.com\/es\/wp-json\/wp\/v2\/product_brand?post=2336"},{"taxonomy":"product_cat","embeddable":true,"href":"https:\/\/prodekinc.com\/es\/wp-json\/wp\/v2\/product_cat?post=2336"},{"taxonomy":"product_tag","embeddable":true,"href":"https:\/\/prodekinc.com\/es\/wp-json\/wp\/v2\/product_tag?post=2336"}],"curies":[{"name":"wp","href":"https:\/\/api.w.org\/{rel}","templated":true}]}}