{"id":2288,"date":"2022-03-07T20:02:53","date_gmt":"2022-03-08T02:02:53","guid":{"rendered":"https:\/\/prodekinc.com\/?post_type=product&#038;p=2288"},"modified":"2022-05-11T17:31:02","modified_gmt":"2022-05-11T23:31:02","slug":"cajas-reductoras","status":"publish","type":"product","link":"https:\/\/prodekinc.com\/es\/producto\/cajas-reductoras\/","title":{"rendered":"Cajas Reductoras"},"content":{"rendered":"\t\t<div data-elementor-type=\"product-post\" data-elementor-id=\"2288\" class=\"elementor elementor-2288\" data-elementor-post-type=\"product\">\n\t\t\t\t\t\t<section class=\"elementor-section elementor-top-section elementor-element elementor-element-19ceba0c elementor-section-boxed elementor-section-height-default elementor-section-height-default\" data-id=\"19ceba0c\" data-element_type=\"section\" data-e-type=\"section\">\n\t\t\t\t\t\t<div class=\"elementor-container elementor-column-gap-default\">\n\t\t\t\t\t<div class=\"elementor-column elementor-col-100 elementor-top-column elementor-element elementor-element-10d28805\" data-id=\"10d28805\" data-element_type=\"column\" data-e-type=\"column\">\n\t\t\t<div class=\"elementor-widget-wrap elementor-element-populated\">\n\t\t\t\t\t\t<div class=\"elementor-element elementor-element-36ae04d4 elementor-widget elementor-widget-heading\" data-id=\"36ae04d4\" data-element_type=\"widget\" data-e-type=\"widget\" data-widget_type=\"heading.default\">\n\t\t\t\t\t<h5 class=\"elementor-heading-title elementor-size-default\">Ver m\u00e1s informaci\u00f3n sobre este producto:<\/h5>\t\t\t\t<\/div>\n\t\t\t\t<div class=\"elementor-element elementor-element-61500aea elementor-icon-list--layout-traditional elementor-list-item-link-full_width elementor-widget elementor-widget-icon-list\" data-id=\"61500aea\" data-element_type=\"widget\" data-e-type=\"widget\" data-widget_type=\"icon-list.default\">\n\t\t\t\t\t\t\t<ul class=\"elementor-icon-list-items\">\n\t\t\t\t\t\t\t<li class=\"elementor-icon-list-item\">\n\t\t\t\t\t\t\t\t\t\t\t<a href=\"https:\/\/prodekinc.com\/wp-content\/uploads\/Reductores-PRINCIPAL.pdf\" target=\"_blank\">\n\n\t\t\t\t\t\t\t\t\t\t\t\t<span class=\"elementor-icon-list-icon\">\n\t\t\t\t\t\t\t<svg aria-hidden=\"true\" class=\"e-font-icon-svg e-fas-file-pdf\" viewBox=\"0 0 384 512\" xmlns=\"http:\/\/www.w3.org\/2000\/svg\"><path d=\"M181.9 256.1c-5-16-4.9-46.9-2-46.9 8.4 0 7.6 36.9 2 46.9zm-1.7 47.2c-7.7 20.2-17.3 43.3-28.4 62.7 18.3-7 39-17.2 62.9-21.9-12.7-9.6-24.9-23.4-34.5-40.8zM86.1 428.1c0 .8 13.2-5.4 34.9-40.2-6.7 6.3-29.1 24.5-34.9 40.2zM248 160h136v328c0 13.3-10.7 24-24 24H24c-13.3 0-24-10.7-24-24V24C0 10.7 10.7 0 24 0h200v136c0 13.2 10.8 24 24 24zm-8 171.8c-20-12.2-33.3-29-42.7-53.8 4.5-18.5 11.6-46.6 6.2-64.2-4.7-29.4-42.4-26.5-47.8-6.8-5 18.3-.4 44.1 8.1 77-11.6 27.6-28.7 64.6-40.8 85.8-.1 0-.1.1-.2.1-27.1 13.9-73.6 44.5-54.5 68 5.6 6.9 16 10 21.5 10 17.9 0 35.7-18 61.1-61.8 25.8-8.5 54.1-19.1 79-23.2 21.7 11.8 47.1 19.5 64 19.5 29.2 0 31.2-32 19.7-43.4-13.9-13.6-54.3-9.7-73.6-7.2zM377 105L279 7c-4.5-4.5-10.6-7-17-7h-6v128h128v-6.1c0-6.3-2.5-12.4-7-16.9zm-74.1 255.3c4.1-2.7-2.5-11.9-42.8-9 37.1 15.8 42.8 9 42.8 9z\"><\/path><\/svg>\t\t\t\t\t\t<\/span>\n\t\t\t\t\t\t\t\t\t\t<span class=\"elementor-icon-list-text\">Reductores<\/span>\n\t\t\t\t\t\t\t\t\t\t\t<\/a>\n\t\t\t\t\t\t\t\t\t<\/li>\n\t\t\t\t\t\t\t\t<li class=\"elementor-icon-list-item\">\n\t\t\t\t\t\t\t\t\t\t\t<a href=\"https:\/\/prodekinc.com\/wp-content\/uploads\/Reductores-Planetarios.pdf\" target=\"_blank\">\n\n\t\t\t\t\t\t\t\t\t\t\t\t<span class=\"elementor-icon-list-icon\">\n\t\t\t\t\t\t\t<svg aria-hidden=\"true\" class=\"e-font-icon-svg e-fas-file-pdf\" viewBox=\"0 0 384 512\" xmlns=\"http:\/\/www.w3.org\/2000\/svg\"><path d=\"M181.9 256.1c-5-16-4.9-46.9-2-46.9 8.4 0 7.6 36.9 2 46.9zm-1.7 47.2c-7.7 20.2-17.3 43.3-28.4 62.7 18.3-7 39-17.2 62.9-21.9-12.7-9.6-24.9-23.4-34.5-40.8zM86.1 428.1c0 .8 13.2-5.4 34.9-40.2-6.7 6.3-29.1 24.5-34.9 40.2zM248 160h136v328c0 13.3-10.7 24-24 24H24c-13.3 0-24-10.7-24-24V24C0 10.7 10.7 0 24 0h200v136c0 13.2 10.8 24 24 24zm-8 171.8c-20-12.2-33.3-29-42.7-53.8 4.5-18.5 11.6-46.6 6.2-64.2-4.7-29.4-42.4-26.5-47.8-6.8-5 18.3-.4 44.1 8.1 77-11.6 27.6-28.7 64.6-40.8 85.8-.1 0-.1.1-.2.1-27.1 13.9-73.6 44.5-54.5 68 5.6 6.9 16 10 21.5 10 17.9 0 35.7-18 61.1-61.8 25.8-8.5 54.1-19.1 79-23.2 21.7 11.8 47.1 19.5 64 19.5 29.2 0 31.2-32 19.7-43.4-13.9-13.6-54.3-9.7-73.6-7.2zM377 105L279 7c-4.5-4.5-10.6-7-17-7h-6v128h128v-6.1c0-6.3-2.5-12.4-7-16.9zm-74.1 255.3c4.1-2.7-2.5-11.9-42.8-9 37.1 15.8 42.8 9 42.8 9z\"><\/path><\/svg>\t\t\t\t\t\t<\/span>\n\t\t\t\t\t\t\t\t\t\t<span class=\"elementor-icon-list-text\">Reductores Planetarios<\/span>\n\t\t\t\t\t\t\t\t\t\t\t<\/a>\n\t\t\t\t\t\t\t\t\t<\/li>\n\t\t\t\t\t\t<\/ul>\n\t\t\t\t\t\t<\/div>\n\t\t\t\t\t<\/div>\n\t\t<\/div>\n\t\t\t\t\t<\/div>\n\t\t<\/section>\n\t\t\t\t<\/div>\n\t\t","protected":false},"excerpt":{"rendered":"<h4>Soluciones en Transmisi\u00f3n de Potencia:<br \/>\nReductores de Velocidad<\/h4>\n<p>En Prodek ofrecemos engranajes y reductores de velocidad dise\u00f1ados a la medida seg\u00fan las necesidades de cada cliente y dependiendo de su aplicaci\u00f3n.<\/p>\n<ul>\n<li>Reingenier\u00eda y mejoras de rendimiento para maximizar la rentabilidad.<\/li>\n<li>Uso de ingenier\u00eda inversa para satisfacer o superar las especificaciones originales.<\/li>\n<li>Dise\u00f1os personalizados construidos seg\u00fan las especificaciones<\/li>\n<li>Tama\u00f1os est\u00e1ndar de hasta 25,000 HP<\/li>\n<li>Di\u00e1metros de eje de salida de m\u00e1s de 40 pulg<\/li>\n<li>Eje paralelo, conc\u00e9ntrico, \u00e1ngulo recto y planetario<\/li>\n<li>Mejoras y re-proporciones<\/li>\n<li>Sistemas lubricaci\u00f3n a presi\u00f3n o por salpicadura<\/li>\n<\/ul>\n<p><strong>Reductores de velocidad est\u00e1ndar:<\/strong> productos de ingenier\u00eda que responden a aplicaciones espec\u00edficas de relaci\u00f3n de engranajes, tama\u00f1o de acoplamientos, sistemas hidr\u00e1ulicos, etc.<\/p>\n<p><strong>Reductores de velocidad a la medida:<\/strong><\/p>\n<ul>\n<li>Baja velocidad, alto torque &#8211; eje paralelo, c\u00f3nico y planetario<br \/>\n\u2022 Cajas de engranes hasta 130.000 hp.<\/li>\n<li>Velocidad media, alta potencia &#8211; eje paralelo, c\u00f3nicos y planetarios<br \/>\n\u2022 Equipos con caja de engranes hasta 15.000 hp con cargas de alto impacto.<\/li>\n<li>Alta velocidad, alta potencia \u2013 eje paralelo y planetario<br \/>\n\u2022 Cajas de engranes de turbina de vapor o gas, de entrada desde 3,600 rpm hasta 15,000 rpm.<\/li>\n<li>Duplicados exactos de cajas de engranes a medida<\/li>\n<\/ul>\n","protected":false},"featured_media":2296,"comment_status":"open","ping_status":"closed","template":"","meta":{"site-sidebar-layout":"no-sidebar","site-content-layout":"page-builder","ast-site-content-layout":"default","site-content-style":"default","site-sidebar-style":"default","ast-global-header-display":"","ast-banner-title-visibility":"","ast-main-header-display":"","ast-hfb-above-header-display":"","ast-hfb-below-header-display":"","ast-hfb-mobile-header-display":"","site-post-title":"disabled","ast-breadcrumbs-content":"","ast-featured-img":"disabled","footer-sml-layout":"","ast-disable-related-posts":"","theme-transparent-header-meta":"default","adv-header-id-meta":"","stick-header-meta":"default","header-above-stick-meta":"","header-main-stick-meta":"","header-below-stick-meta":"","astra-migrate-meta-layouts":"default","ast-page-background-enabled":"default","ast-page-background-meta":{"desktop":{"background-color":"var(--ast-global-color-4)","background-image":"","background-repeat":"repeat","background-position":"center center","background-size":"auto","background-attachment":"scroll","background-type":"","background-media":"","overlay-type":"","overlay-color":"","overlay-opacity":"","overlay-gradient":""},"tablet":{"background-color":"","background-image":"","background-repeat":"repeat","background-position":"center center","background-size":"auto","background-attachment":"scroll","background-type":"","background-media":"","overlay-type":"","overlay-color":"","overlay-opacity":"","overlay-gradient":""},"mobile":{"background-color":"","background-image":"","background-repeat":"repeat","background-position":"center center","background-size":"auto","background-attachment":"scroll","background-type":"","background-media":"","overlay-type":"","overlay-color":"","overlay-opacity":"","overlay-gradient":""}},"ast-content-background-meta":{"desktop":{"background-color":"var(--ast-global-color-5)","background-image":"","background-repeat":"repeat","background-position":"center center","background-size":"auto","background-attachment":"scroll","background-type":"","background-media":"","overlay-type":"","overlay-color":"","overlay-opacity":"","overlay-gradient":""},"tablet":{"background-color":"var(--ast-global-color-5)","background-image":"","background-repeat":"repeat","background-position":"center center","background-size":"auto","background-attachment":"scroll","background-type":"","background-media":"","overlay-type":"","overlay-color":"","overlay-opacity":"","overlay-gradient":""},"mobile":{"background-color":"var(--ast-global-color-5)","background-image":"","background-repeat":"repeat","background-position":"center center","background-size":"auto","background-attachment":"scroll","background-type":"","background-media":"","overlay-type":"","overlay-color":"","overlay-opacity":"","overlay-gradient":""}}},"product_brand":[],"product_cat":[35],"product_tag":[],"class_list":{"0":"post-2288","1":"product","2":"type-product","3":"status-publish","4":"has-post-thumbnail","6":"product_cat-transmision-de-potencia","7":"desktop-align-left","8":"tablet-align-left","9":"mobile-align-left","10":"ast-product-gallery-layout-horizontal","11":"ast-product-tabs-layout-horizontal","13":"first","14":"instock","15":"shipping-taxable","16":"product-type-simple"},"yoast_head":"<!-- This site is optimized with the Yoast SEO plugin v27.2 - https:\/\/yoast.com\/product\/yoast-seo-wordpress\/ -->\n<title>Cajas Reductoras - ProdekInc<\/title>\n<meta name=\"robots\" content=\"index, follow, max-snippet:-1, max-image-preview:large, max-video-preview:-1\" \/>\n<link rel=\"canonical\" href=\"https:\/\/prodekinc.com\/es\/producto\/cajas-reductoras\/\" \/>\n<meta property=\"og:locale\" content=\"es_ES\" \/>\n<meta property=\"og:type\" content=\"article\" \/>\n<meta property=\"og:title\" content=\"Cajas Reductoras - ProdekInc\" \/>\n<meta property=\"og:description\" content=\"Soluciones en Transmisi\u00f3n de Potencia: Reductores de Velocidad En Prodek ofrecemos engranajes y reductores de velocidad dise\u00f1ados a la medida seg\u00fan las necesidades de cada cliente y dependiendo de su aplicaci\u00f3n.   Reingenier\u00eda y mejoras de rendimiento para maximizar la rentabilidad.  Uso de ingenier\u00eda inversa para satisfacer o superar las especificaciones originales.  Dise\u00f1os personalizados construidos seg\u00fan las especificaciones  Tama\u00f1os est\u00e1ndar de hasta 25,000 HP  Di\u00e1metros de eje de salida de m\u00e1s de 40 pulg  Eje paralelo, conc\u00e9ntrico, \u00e1ngulo recto y planetario  Mejoras y re-proporciones  Sistemas lubricaci\u00f3n a presi\u00f3n o por salpicadura  Reductores de velocidad est\u00e1ndar: productos de ingenier\u00eda que responden a aplicaciones espec\u00edficas de relaci\u00f3n de engranajes, tama\u00f1o de acoplamientos, sistemas hidr\u00e1ulicos, etc.  Reductores de velocidad a la medida:   Baja velocidad, alto torque - eje paralelo, c\u00f3nico y planetario \u2022 Cajas de engranes hasta 130.000 hp.  Velocidad media, alta potencia - eje paralelo, c\u00f3nicos y planetarios \u2022 Equipos con caja de engranes hasta 15.000 hp con cargas de alto impacto.  Alta velocidad, alta potencia \u2013 eje paralelo y planetario \u2022 Cajas de engranes de turbina de vapor o gas, de entrada desde 3,600 rpm hasta 15,000 rpm.  Duplicados exactos de cajas de engranes a medida\" \/>\n<meta property=\"og:url\" content=\"https:\/\/prodekinc.com\/es\/producto\/cajas-reductoras\/\" \/>\n<meta property=\"og:site_name\" content=\"ProdekInc\" \/>\n<meta property=\"article:modified_time\" content=\"2022-05-11T23:31:02+00:00\" \/>\n<meta property=\"og:image\" content=\"https:\/\/prodekinc.com\/wp-content\/uploads\/Horsburgh-and-Scott-14.jpg\" \/>\n\t<meta property=\"og:image:width\" content=\"900\" \/>\n\t<meta property=\"og:image:height\" content=\"675\" \/>\n\t<meta property=\"og:image:type\" content=\"image\/jpeg\" \/>\n<meta name=\"twitter:card\" content=\"summary_large_image\" \/>\n<script type=\"application\/ld+json\" class=\"yoast-schema-graph\">{\"@context\":\"https:\/\/schema.org\",\"@graph\":[{\"@type\":\"WebPage\",\"@id\":\"https:\/\/prodekinc.com\/es\/producto\/cajas-reductoras\/\",\"url\":\"https:\/\/prodekinc.com\/es\/producto\/cajas-reductoras\/\",\"name\":\"Cajas Reductoras - ProdekInc\",\"isPartOf\":{\"@id\":\"https:\/\/prodekinc.com\/es\/#website\"},\"primaryImageOfPage\":{\"@id\":\"https:\/\/prodekinc.com\/es\/producto\/cajas-reductoras\/#primaryimage\"},\"image\":{\"@id\":\"https:\/\/prodekinc.com\/es\/producto\/cajas-reductoras\/#primaryimage\"},\"thumbnailUrl\":\"https:\/\/prodekinc.com\/wp-content\/uploads\/Horsburgh-and-Scott-14.jpg\",\"datePublished\":\"2022-03-08T02:02:53+00:00\",\"dateModified\":\"2022-05-11T23:31:02+00:00\",\"breadcrumb\":{\"@id\":\"https:\/\/prodekinc.com\/es\/producto\/cajas-reductoras\/#breadcrumb\"},\"inLanguage\":\"es\",\"potentialAction\":[{\"@type\":\"ReadAction\",\"target\":[\"https:\/\/prodekinc.com\/es\/producto\/cajas-reductoras\/\"]}]},{\"@type\":\"ImageObject\",\"inLanguage\":\"es\",\"@id\":\"https:\/\/prodekinc.com\/es\/producto\/cajas-reductoras\/#primaryimage\",\"url\":\"https:\/\/prodekinc.com\/wp-content\/uploads\/Horsburgh-and-Scott-14.jpg\",\"contentUrl\":\"https:\/\/prodekinc.com\/wp-content\/uploads\/Horsburgh-and-Scott-14.jpg\",\"width\":900,\"height\":675},{\"@type\":\"BreadcrumbList\",\"@id\":\"https:\/\/prodekinc.com\/es\/producto\/cajas-reductoras\/#breadcrumb\",\"itemListElement\":[{\"@type\":\"ListItem\",\"position\":1,\"name\":\"Portada\",\"item\":\"https:\/\/prodekinc.com\/es\/\"},{\"@type\":\"ListItem\",\"position\":2,\"name\":\"Tienda\",\"item\":\"https:\/\/prodekinc.com\/tienda\/\"},{\"@type\":\"ListItem\",\"position\":3,\"name\":\"Cajas Reductoras\"}]},{\"@type\":\"WebSite\",\"@id\":\"https:\/\/prodekinc.com\/es\/#website\",\"url\":\"https:\/\/prodekinc.com\/es\/\",\"name\":\"ProdekInc\",\"description\":\"\",\"publisher\":{\"@id\":\"https:\/\/prodekinc.com\/es\/#organization\"},\"potentialAction\":[{\"@type\":\"SearchAction\",\"target\":{\"@type\":\"EntryPoint\",\"urlTemplate\":\"https:\/\/prodekinc.com\/es\/?s={search_term_string}\"},\"query-input\":{\"@type\":\"PropertyValueSpecification\",\"valueRequired\":true,\"valueName\":\"search_term_string\"}}],\"inLanguage\":\"es\"},{\"@type\":\"Organization\",\"@id\":\"https:\/\/prodekinc.com\/es\/#organization\",\"name\":\"ProdekInc\",\"url\":\"https:\/\/prodekinc.com\/es\/\",\"logo\":{\"@type\":\"ImageObject\",\"inLanguage\":\"es\",\"@id\":\"https:\/\/prodekinc.com\/es\/#\/schema\/logo\/image\/\",\"url\":\"https:\/\/prodekinc.com\/wp-content\/uploads\/logo-footer.svg\",\"contentUrl\":\"https:\/\/prodekinc.com\/wp-content\/uploads\/logo-footer.svg\",\"width\":235.5,\"height\":155.2,\"caption\":\"ProdekInc\"},\"image\":{\"@id\":\"https:\/\/prodekinc.com\/es\/#\/schema\/logo\/image\/\"}}]}<\/script>\n<!-- \/ Yoast SEO plugin. -->","yoast_head_json":{"title":"Cajas Reductoras - ProdekInc","robots":{"index":"index","follow":"follow","max-snippet":"max-snippet:-1","max-image-preview":"max-image-preview:large","max-video-preview":"max-video-preview:-1"},"canonical":"https:\/\/prodekinc.com\/es\/producto\/cajas-reductoras\/","og_locale":"es_ES","og_type":"article","og_title":"Cajas Reductoras - ProdekInc","og_description":"Soluciones en Transmisi\u00f3n de Potencia: Reductores de Velocidad En Prodek ofrecemos engranajes y reductores de velocidad dise\u00f1ados a la medida seg\u00fan las necesidades de cada cliente y dependiendo de su aplicaci\u00f3n.   Reingenier\u00eda y mejoras de rendimiento para maximizar la rentabilidad.  Uso de ingenier\u00eda inversa para satisfacer o superar las especificaciones originales.  Dise\u00f1os personalizados construidos seg\u00fan las especificaciones  Tama\u00f1os est\u00e1ndar de hasta 25,000 HP  Di\u00e1metros de eje de salida de m\u00e1s de 40 pulg  Eje paralelo, conc\u00e9ntrico, \u00e1ngulo recto y planetario  Mejoras y re-proporciones  Sistemas lubricaci\u00f3n a presi\u00f3n o por salpicadura  Reductores de velocidad est\u00e1ndar: productos de ingenier\u00eda que responden a aplicaciones espec\u00edficas de relaci\u00f3n de engranajes, tama\u00f1o de acoplamientos, sistemas hidr\u00e1ulicos, etc.  Reductores de velocidad a la medida:   Baja velocidad, alto torque - eje paralelo, c\u00f3nico y planetario \u2022 Cajas de engranes hasta 130.000 hp.  Velocidad media, alta potencia - eje paralelo, c\u00f3nicos y planetarios \u2022 Equipos con caja de engranes hasta 15.000 hp con cargas de alto impacto.  Alta velocidad, alta potencia \u2013 eje paralelo y planetario \u2022 Cajas de engranes de turbina de vapor o gas, de entrada desde 3,600 rpm hasta 15,000 rpm.  Duplicados exactos de cajas de engranes a medida","og_url":"https:\/\/prodekinc.com\/es\/producto\/cajas-reductoras\/","og_site_name":"ProdekInc","article_modified_time":"2022-05-11T23:31:02+00:00","og_image":[{"width":900,"height":675,"url":"https:\/\/prodekinc.com\/wp-content\/uploads\/Horsburgh-and-Scott-14.jpg","type":"image\/jpeg"}],"twitter_card":"summary_large_image","schema":{"@context":"https:\/\/schema.org","@graph":[{"@type":"WebPage","@id":"https:\/\/prodekinc.com\/es\/producto\/cajas-reductoras\/","url":"https:\/\/prodekinc.com\/es\/producto\/cajas-reductoras\/","name":"Cajas Reductoras - ProdekInc","isPartOf":{"@id":"https:\/\/prodekinc.com\/es\/#website"},"primaryImageOfPage":{"@id":"https:\/\/prodekinc.com\/es\/producto\/cajas-reductoras\/#primaryimage"},"image":{"@id":"https:\/\/prodekinc.com\/es\/producto\/cajas-reductoras\/#primaryimage"},"thumbnailUrl":"https:\/\/prodekinc.com\/wp-content\/uploads\/Horsburgh-and-Scott-14.jpg","datePublished":"2022-03-08T02:02:53+00:00","dateModified":"2022-05-11T23:31:02+00:00","breadcrumb":{"@id":"https:\/\/prodekinc.com\/es\/producto\/cajas-reductoras\/#breadcrumb"},"inLanguage":"es","potentialAction":[{"@type":"ReadAction","target":["https:\/\/prodekinc.com\/es\/producto\/cajas-reductoras\/"]}]},{"@type":"ImageObject","inLanguage":"es","@id":"https:\/\/prodekinc.com\/es\/producto\/cajas-reductoras\/#primaryimage","url":"https:\/\/prodekinc.com\/wp-content\/uploads\/Horsburgh-and-Scott-14.jpg","contentUrl":"https:\/\/prodekinc.com\/wp-content\/uploads\/Horsburgh-and-Scott-14.jpg","width":900,"height":675},{"@type":"BreadcrumbList","@id":"https:\/\/prodekinc.com\/es\/producto\/cajas-reductoras\/#breadcrumb","itemListElement":[{"@type":"ListItem","position":1,"name":"Portada","item":"https:\/\/prodekinc.com\/es\/"},{"@type":"ListItem","position":2,"name":"Tienda","item":"https:\/\/prodekinc.com\/tienda\/"},{"@type":"ListItem","position":3,"name":"Cajas Reductoras"}]},{"@type":"WebSite","@id":"https:\/\/prodekinc.com\/es\/#website","url":"https:\/\/prodekinc.com\/es\/","name":"ProdekInc","description":"","publisher":{"@id":"https:\/\/prodekinc.com\/es\/#organization"},"potentialAction":[{"@type":"SearchAction","target":{"@type":"EntryPoint","urlTemplate":"https:\/\/prodekinc.com\/es\/?s={search_term_string}"},"query-input":{"@type":"PropertyValueSpecification","valueRequired":true,"valueName":"search_term_string"}}],"inLanguage":"es"},{"@type":"Organization","@id":"https:\/\/prodekinc.com\/es\/#organization","name":"ProdekInc","url":"https:\/\/prodekinc.com\/es\/","logo":{"@type":"ImageObject","inLanguage":"es","@id":"https:\/\/prodekinc.com\/es\/#\/schema\/logo\/image\/","url":"https:\/\/prodekinc.com\/wp-content\/uploads\/logo-footer.svg","contentUrl":"https:\/\/prodekinc.com\/wp-content\/uploads\/logo-footer.svg","width":235.5,"height":155.2,"caption":"ProdekInc"},"image":{"@id":"https:\/\/prodekinc.com\/es\/#\/schema\/logo\/image\/"}}]}},"_links":{"self":[{"href":"https:\/\/prodekinc.com\/es\/wp-json\/wp\/v2\/product\/2288","targetHints":{"allow":["GET"]}}],"collection":[{"href":"https:\/\/prodekinc.com\/es\/wp-json\/wp\/v2\/product"}],"about":[{"href":"https:\/\/prodekinc.com\/es\/wp-json\/wp\/v2\/types\/product"}],"replies":[{"embeddable":true,"href":"https:\/\/prodekinc.com\/es\/wp-json\/wp\/v2\/comments?post=2288"}],"version-history":[{"count":0,"href":"https:\/\/prodekinc.com\/es\/wp-json\/wp\/v2\/product\/2288\/revisions"}],"wp:featuredmedia":[{"embeddable":true,"href":"https:\/\/prodekinc.com\/es\/wp-json\/wp\/v2\/media\/2296"}],"wp:attachment":[{"href":"https:\/\/prodekinc.com\/es\/wp-json\/wp\/v2\/media?parent=2288"}],"wp:term":[{"taxonomy":"product_brand","embeddable":true,"href":"https:\/\/prodekinc.com\/es\/wp-json\/wp\/v2\/product_brand?post=2288"},{"taxonomy":"product_cat","embeddable":true,"href":"https:\/\/prodekinc.com\/es\/wp-json\/wp\/v2\/product_cat?post=2288"},{"taxonomy":"product_tag","embeddable":true,"href":"https:\/\/prodekinc.com\/es\/wp-json\/wp\/v2\/product_tag?post=2288"}],"curies":[{"name":"wp","href":"https:\/\/api.w.org\/{rel}","templated":true}]}}