{"id":2217,"date":"2022-03-07T19:15:59","date_gmt":"2022-03-08T01:15:59","guid":{"rendered":"https:\/\/prodekinc.com\/?post_type=product&#038;p=2217"},"modified":"2024-03-20T16:33:08","modified_gmt":"2024-03-20T22:33:08","slug":"mesa-agitadora-pendular","status":"publish","type":"product","link":"https:\/\/prodekinc.com\/es\/producto\/mesa-agitadora-pendular\/","title":{"rendered":"Mesa Agitadora Pendular"},"content":{"rendered":"","protected":false},"excerpt":{"rendered":"<p>Utilizado para la agitaci\u00f3n pendular de embudos de separaci\u00f3n y otros recipientes similares que contienen muestras que necesitan agitarse durante largos per\u00edodos para una completa homogeneizaci\u00f3n.<\/p>\n<ul class=\"m-0\">\n<li>Control de rotaci\u00f3n (BPM) v\u00eda display digital de f\u00e1cil visualizaci\u00f3n<\/li>\n<li>Temporizador digital de f\u00e1cil programaci\u00f3n<\/li>\n<li>Bandeja est\u00e1ndar: construida de tal manera que se puedan utilizar varios vol\u00famenes de frascos al tener solapas regulables horizontalmente y racionables<\/li>\n<li>Asa para facilitar el transporte<\/li>\n<li>Enchufe IEC est\u00e1ndar internacional<\/li>\n<li>Sistema de sujeci\u00f3n inferior para instalar la m\u00e1quina sobre una base s\u00f3lida para altas velocidades garantizando seguridad<\/li>\n<li>Puede utilizarse durante largos periodos de trabajo<\/li>\n<li>Control r\u00edgido de calidad con el que las verificaciones y pruebas garantizan el perfecto funcionamiento del equipo, lo que proporciona seguridad y satisfacci\u00f3n al cliente<\/li>\n<li>Posibilidad de adaptaciones de acuerdo con las necesidades del cliente<\/li>\n<\/ul>\n<p>Aplicaciones: industrias Az\u00facar y Etanol, Alimentos y Bebidas, Agua y Efluentes, Plantas y Suelos, Farmac\u00e9utica, Microbiolog\u00eda y Biotecnolog\u00eda, Qu\u00edmica y Petroqu\u00edmica.<\/p>\n","protected":false},"featured_media":2218,"comment_status":"open","ping_status":"closed","template":"","meta":{"site-sidebar-layout":"default","site-content-layout":"default","ast-site-content-layout":"default","site-content-style":"default","site-sidebar-style":"default","ast-global-header-display":"","ast-banner-title-visibility":"","ast-main-header-display":"","ast-hfb-above-header-display":"","ast-hfb-below-header-display":"","ast-hfb-mobile-header-display":"","site-post-title":"","ast-breadcrumbs-content":"","ast-featured-img":"","footer-sml-layout":"","ast-disable-related-posts":"","theme-transparent-header-meta":"default","adv-header-id-meta":"","stick-header-meta":"default","header-above-stick-meta":"","header-main-stick-meta":"","header-below-stick-meta":"","astra-migrate-meta-layouts":"default","ast-page-background-enabled":"default","ast-page-background-meta":{"desktop":{"background-color":"var(--ast-global-color-4)","background-image":"","background-repeat":"repeat","background-position":"center center","background-size":"auto","background-attachment":"scroll","background-type":"","background-media":"","overlay-type":"","overlay-color":"","overlay-opacity":"","overlay-gradient":""},"tablet":{"background-color":"","background-image":"","background-repeat":"repeat","background-position":"center center","background-size":"auto","background-attachment":"scroll","background-type":"","background-media":"","overlay-type":"","overlay-color":"","overlay-opacity":"","overlay-gradient":""},"mobile":{"background-color":"","background-image":"","background-repeat":"repeat","background-position":"center center","background-size":"auto","background-attachment":"scroll","background-type":"","background-media":"","overlay-type":"","overlay-color":"","overlay-opacity":"","overlay-gradient":""}},"ast-content-background-meta":{"desktop":{"background-color":"var(--ast-global-color-5)","background-image":"","background-repeat":"repeat","background-position":"center center","background-size":"auto","background-attachment":"scroll","background-type":"","background-media":"","overlay-type":"","overlay-color":"","overlay-opacity":"","overlay-gradient":""},"tablet":{"background-color":"var(--ast-global-color-5)","background-image":"","background-repeat":"repeat","background-position":"center center","background-size":"auto","background-attachment":"scroll","background-type":"","background-media":"","overlay-type":"","overlay-color":"","overlay-opacity":"","overlay-gradient":""},"mobile":{"background-color":"var(--ast-global-color-5)","background-image":"","background-repeat":"repeat","background-position":"center center","background-size":"auto","background-attachment":"scroll","background-type":"","background-media":"","overlay-type":"","overlay-color":"","overlay-opacity":"","overlay-gradient":""}}},"product_brand":[],"product_cat":[33],"product_tag":[],"class_list":{"0":"post-2217","1":"product","2":"type-product","3":"status-publish","4":"has-post-thumbnail","6":"product_cat-equipos-de-laboratorio","7":"desktop-align-left","8":"tablet-align-left","9":"mobile-align-left","10":"ast-product-gallery-layout-horizontal","11":"ast-product-gallery-with-no-image","12":"ast-product-tabs-layout-horizontal","14":"first","15":"instock","16":"shipping-taxable","17":"product-type-simple"},"yoast_head":"<!-- This site is optimized with the Yoast SEO plugin v27.2 - https:\/\/yoast.com\/product\/yoast-seo-wordpress\/ -->\n<title>Mesa Agitadora Pendular - ProdekInc<\/title>\n<meta name=\"robots\" content=\"index, follow, max-snippet:-1, max-image-preview:large, max-video-preview:-1\" \/>\n<link rel=\"canonical\" href=\"https:\/\/prodekinc.com\/es\/producto\/mesa-agitadora-pendular\/\" \/>\n<meta property=\"og:locale\" content=\"es_ES\" \/>\n<meta property=\"og:type\" content=\"article\" \/>\n<meta property=\"og:title\" content=\"Mesa Agitadora Pendular - ProdekInc\" \/>\n<meta property=\"og:description\" content=\"Utilizado para la agitaci\u00f3n pendular de embudos de separaci\u00f3n y otros recipientes similares que contienen muestras que necesitan agitarse durante largos per\u00edodos para una completa homogeneizaci\u00f3n.   Control de rotaci\u00f3n (BPM) v\u00eda display digital de f\u00e1cil visualizaci\u00f3n  Temporizador digital de f\u00e1cil programaci\u00f3n  Bandeja est\u00e1ndar: construida de tal manera que se puedan utilizar varios vol\u00famenes de frascos al tener solapas regulables horizontalmente y racionables  Asa para facilitar el transporte  Enchufe IEC est\u00e1ndar internacional  Sistema de sujeci\u00f3n inferior para instalar la m\u00e1quina sobre una base s\u00f3lida para altas velocidades garantizando seguridad  Puede utilizarse durante largos periodos de trabajo  Control r\u00edgido de calidad con el que las verificaciones y pruebas garantizan el perfecto funcionamiento del equipo, lo que proporciona seguridad y satisfacci\u00f3n al cliente  Posibilidad de adaptaciones de acuerdo con las necesidades del cliente  Aplicaciones: industrias Az\u00facar y Etanol, Alimentos y Bebidas, Agua y Efluentes, Plantas y Suelos, Farmac\u00e9utica, Microbiolog\u00eda y Biotecnolog\u00eda, Qu\u00edmica y Petroqu\u00edmica.\" \/>\n<meta property=\"og:url\" content=\"https:\/\/prodekinc.com\/es\/producto\/mesa-agitadora-pendular\/\" \/>\n<meta property=\"og:site_name\" content=\"ProdekInc\" \/>\n<meta property=\"article:modified_time\" content=\"2024-03-20T22:33:08+00:00\" \/>\n<meta property=\"og:image\" content=\"https:\/\/prodekinc.com\/wp-content\/uploads\/Masa-agitadora-pendular.jpg\" \/>\n\t<meta property=\"og:image:width\" content=\"1000\" \/>\n\t<meta property=\"og:image:height\" content=\"1000\" \/>\n\t<meta property=\"og:image:type\" content=\"image\/jpeg\" \/>\n<meta name=\"twitter:card\" content=\"summary_large_image\" \/>\n<script type=\"application\/ld+json\" class=\"yoast-schema-graph\">{\"@context\":\"https:\/\/schema.org\",\"@graph\":[{\"@type\":\"WebPage\",\"@id\":\"https:\/\/prodekinc.com\/es\/producto\/mesa-agitadora-pendular\/\",\"url\":\"https:\/\/prodekinc.com\/es\/producto\/mesa-agitadora-pendular\/\",\"name\":\"Mesa Agitadora Pendular - ProdekInc\",\"isPartOf\":{\"@id\":\"https:\/\/prodekinc.com\/es\/#website\"},\"primaryImageOfPage\":{\"@id\":\"https:\/\/prodekinc.com\/es\/producto\/mesa-agitadora-pendular\/#primaryimage\"},\"image\":{\"@id\":\"https:\/\/prodekinc.com\/es\/producto\/mesa-agitadora-pendular\/#primaryimage\"},\"thumbnailUrl\":\"https:\/\/prodekinc.com\/wp-content\/uploads\/Masa-agitadora-pendular.jpg\",\"datePublished\":\"2022-03-08T01:15:59+00:00\",\"dateModified\":\"2024-03-20T22:33:08+00:00\",\"breadcrumb\":{\"@id\":\"https:\/\/prodekinc.com\/es\/producto\/mesa-agitadora-pendular\/#breadcrumb\"},\"inLanguage\":\"es\",\"potentialAction\":[{\"@type\":\"ReadAction\",\"target\":[\"https:\/\/prodekinc.com\/es\/producto\/mesa-agitadora-pendular\/\"]}]},{\"@type\":\"ImageObject\",\"inLanguage\":\"es\",\"@id\":\"https:\/\/prodekinc.com\/es\/producto\/mesa-agitadora-pendular\/#primaryimage\",\"url\":\"https:\/\/prodekinc.com\/wp-content\/uploads\/Masa-agitadora-pendular.jpg\",\"contentUrl\":\"https:\/\/prodekinc.com\/wp-content\/uploads\/Masa-agitadora-pendular.jpg\",\"width\":1000,\"height\":1000},{\"@type\":\"BreadcrumbList\",\"@id\":\"https:\/\/prodekinc.com\/es\/producto\/mesa-agitadora-pendular\/#breadcrumb\",\"itemListElement\":[{\"@type\":\"ListItem\",\"position\":1,\"name\":\"Portada\",\"item\":\"https:\/\/prodekinc.com\/es\/\"},{\"@type\":\"ListItem\",\"position\":2,\"name\":\"Tienda\",\"item\":\"https:\/\/prodekinc.com\/tienda\/\"},{\"@type\":\"ListItem\",\"position\":3,\"name\":\"Mesa Agitadora Pendular\"}]},{\"@type\":\"WebSite\",\"@id\":\"https:\/\/prodekinc.com\/es\/#website\",\"url\":\"https:\/\/prodekinc.com\/es\/\",\"name\":\"ProdekInc\",\"description\":\"\",\"publisher\":{\"@id\":\"https:\/\/prodekinc.com\/es\/#organization\"},\"potentialAction\":[{\"@type\":\"SearchAction\",\"target\":{\"@type\":\"EntryPoint\",\"urlTemplate\":\"https:\/\/prodekinc.com\/es\/?s={search_term_string}\"},\"query-input\":{\"@type\":\"PropertyValueSpecification\",\"valueRequired\":true,\"valueName\":\"search_term_string\"}}],\"inLanguage\":\"es\"},{\"@type\":\"Organization\",\"@id\":\"https:\/\/prodekinc.com\/es\/#organization\",\"name\":\"ProdekInc\",\"url\":\"https:\/\/prodekinc.com\/es\/\",\"logo\":{\"@type\":\"ImageObject\",\"inLanguage\":\"es\",\"@id\":\"https:\/\/prodekinc.com\/es\/#\/schema\/logo\/image\/\",\"url\":\"https:\/\/prodekinc.com\/wp-content\/uploads\/logo-footer.svg\",\"contentUrl\":\"https:\/\/prodekinc.com\/wp-content\/uploads\/logo-footer.svg\",\"width\":235.5,\"height\":155.2,\"caption\":\"ProdekInc\"},\"image\":{\"@id\":\"https:\/\/prodekinc.com\/es\/#\/schema\/logo\/image\/\"}}]}<\/script>\n<!-- \/ Yoast SEO plugin. -->","yoast_head_json":{"title":"Mesa Agitadora Pendular - ProdekInc","robots":{"index":"index","follow":"follow","max-snippet":"max-snippet:-1","max-image-preview":"max-image-preview:large","max-video-preview":"max-video-preview:-1"},"canonical":"https:\/\/prodekinc.com\/es\/producto\/mesa-agitadora-pendular\/","og_locale":"es_ES","og_type":"article","og_title":"Mesa Agitadora Pendular - ProdekInc","og_description":"Utilizado para la agitaci\u00f3n pendular de embudos de separaci\u00f3n y otros recipientes similares que contienen muestras que necesitan agitarse durante largos per\u00edodos para una completa homogeneizaci\u00f3n.   Control de rotaci\u00f3n (BPM) v\u00eda display digital de f\u00e1cil visualizaci\u00f3n  Temporizador digital de f\u00e1cil programaci\u00f3n  Bandeja est\u00e1ndar: construida de tal manera que se puedan utilizar varios vol\u00famenes de frascos al tener solapas regulables horizontalmente y racionables  Asa para facilitar el transporte  Enchufe IEC est\u00e1ndar internacional  Sistema de sujeci\u00f3n inferior para instalar la m\u00e1quina sobre una base s\u00f3lida para altas velocidades garantizando seguridad  Puede utilizarse durante largos periodos de trabajo  Control r\u00edgido de calidad con el que las verificaciones y pruebas garantizan el perfecto funcionamiento del equipo, lo que proporciona seguridad y satisfacci\u00f3n al cliente  Posibilidad de adaptaciones de acuerdo con las necesidades del cliente  Aplicaciones: industrias Az\u00facar y Etanol, Alimentos y Bebidas, Agua y Efluentes, Plantas y Suelos, Farmac\u00e9utica, Microbiolog\u00eda y Biotecnolog\u00eda, Qu\u00edmica y Petroqu\u00edmica.","og_url":"https:\/\/prodekinc.com\/es\/producto\/mesa-agitadora-pendular\/","og_site_name":"ProdekInc","article_modified_time":"2024-03-20T22:33:08+00:00","og_image":[{"width":1000,"height":1000,"url":"https:\/\/prodekinc.com\/wp-content\/uploads\/Masa-agitadora-pendular.jpg","type":"image\/jpeg"}],"twitter_card":"summary_large_image","schema":{"@context":"https:\/\/schema.org","@graph":[{"@type":"WebPage","@id":"https:\/\/prodekinc.com\/es\/producto\/mesa-agitadora-pendular\/","url":"https:\/\/prodekinc.com\/es\/producto\/mesa-agitadora-pendular\/","name":"Mesa Agitadora Pendular - ProdekInc","isPartOf":{"@id":"https:\/\/prodekinc.com\/es\/#website"},"primaryImageOfPage":{"@id":"https:\/\/prodekinc.com\/es\/producto\/mesa-agitadora-pendular\/#primaryimage"},"image":{"@id":"https:\/\/prodekinc.com\/es\/producto\/mesa-agitadora-pendular\/#primaryimage"},"thumbnailUrl":"https:\/\/prodekinc.com\/wp-content\/uploads\/Masa-agitadora-pendular.jpg","datePublished":"2022-03-08T01:15:59+00:00","dateModified":"2024-03-20T22:33:08+00:00","breadcrumb":{"@id":"https:\/\/prodekinc.com\/es\/producto\/mesa-agitadora-pendular\/#breadcrumb"},"inLanguage":"es","potentialAction":[{"@type":"ReadAction","target":["https:\/\/prodekinc.com\/es\/producto\/mesa-agitadora-pendular\/"]}]},{"@type":"ImageObject","inLanguage":"es","@id":"https:\/\/prodekinc.com\/es\/producto\/mesa-agitadora-pendular\/#primaryimage","url":"https:\/\/prodekinc.com\/wp-content\/uploads\/Masa-agitadora-pendular.jpg","contentUrl":"https:\/\/prodekinc.com\/wp-content\/uploads\/Masa-agitadora-pendular.jpg","width":1000,"height":1000},{"@type":"BreadcrumbList","@id":"https:\/\/prodekinc.com\/es\/producto\/mesa-agitadora-pendular\/#breadcrumb","itemListElement":[{"@type":"ListItem","position":1,"name":"Portada","item":"https:\/\/prodekinc.com\/es\/"},{"@type":"ListItem","position":2,"name":"Tienda","item":"https:\/\/prodekinc.com\/tienda\/"},{"@type":"ListItem","position":3,"name":"Mesa Agitadora Pendular"}]},{"@type":"WebSite","@id":"https:\/\/prodekinc.com\/es\/#website","url":"https:\/\/prodekinc.com\/es\/","name":"ProdekInc","description":"","publisher":{"@id":"https:\/\/prodekinc.com\/es\/#organization"},"potentialAction":[{"@type":"SearchAction","target":{"@type":"EntryPoint","urlTemplate":"https:\/\/prodekinc.com\/es\/?s={search_term_string}"},"query-input":{"@type":"PropertyValueSpecification","valueRequired":true,"valueName":"search_term_string"}}],"inLanguage":"es"},{"@type":"Organization","@id":"https:\/\/prodekinc.com\/es\/#organization","name":"ProdekInc","url":"https:\/\/prodekinc.com\/es\/","logo":{"@type":"ImageObject","inLanguage":"es","@id":"https:\/\/prodekinc.com\/es\/#\/schema\/logo\/image\/","url":"https:\/\/prodekinc.com\/wp-content\/uploads\/logo-footer.svg","contentUrl":"https:\/\/prodekinc.com\/wp-content\/uploads\/logo-footer.svg","width":235.5,"height":155.2,"caption":"ProdekInc"},"image":{"@id":"https:\/\/prodekinc.com\/es\/#\/schema\/logo\/image\/"}}]}},"_links":{"self":[{"href":"https:\/\/prodekinc.com\/es\/wp-json\/wp\/v2\/product\/2217","targetHints":{"allow":["GET"]}}],"collection":[{"href":"https:\/\/prodekinc.com\/es\/wp-json\/wp\/v2\/product"}],"about":[{"href":"https:\/\/prodekinc.com\/es\/wp-json\/wp\/v2\/types\/product"}],"replies":[{"embeddable":true,"href":"https:\/\/prodekinc.com\/es\/wp-json\/wp\/v2\/comments?post=2217"}],"version-history":[{"count":0,"href":"https:\/\/prodekinc.com\/es\/wp-json\/wp\/v2\/product\/2217\/revisions"}],"wp:featuredmedia":[{"embeddable":true,"href":"https:\/\/prodekinc.com\/es\/wp-json\/wp\/v2\/media\/2218"}],"wp:attachment":[{"href":"https:\/\/prodekinc.com\/es\/wp-json\/wp\/v2\/media?parent=2217"}],"wp:term":[{"taxonomy":"product_brand","embeddable":true,"href":"https:\/\/prodekinc.com\/es\/wp-json\/wp\/v2\/product_brand?post=2217"},{"taxonomy":"product_cat","embeddable":true,"href":"https:\/\/prodekinc.com\/es\/wp-json\/wp\/v2\/product_cat?post=2217"},{"taxonomy":"product_tag","embeddable":true,"href":"https:\/\/prodekinc.com\/es\/wp-json\/wp\/v2\/product_tag?post=2217"}],"curies":[{"name":"wp","href":"https:\/\/api.w.org\/{rel}","templated":true}]}}