{"id":2126,"date":"2022-03-07T18:34:30","date_gmt":"2022-03-08T00:34:30","guid":{"rendered":"https:\/\/prodekinc.com\/?post_type=product&#038;p=2126"},"modified":"2024-03-20T16:01:15","modified_gmt":"2024-03-20T22:01:15","slug":"bano-termostatico-con-recirculacion-de-agua","status":"publish","type":"product","link":"https:\/\/prodekinc.com\/es\/producto\/bano-termostatico-con-recirculacion-de-agua\/","title":{"rendered":"Ba\u00f1o Termost\u00e1tico con Recirculaci\u00f3n de Agua"},"content":{"rendered":"","protected":false},"excerpt":{"rendered":"<p>Equipos utilizados para diversos tipos de an\u00e1lisis de laboratorio y para optimizar la condensaci\u00f3n en algunos equipos, condensadores Friedrichs y Soxhlet de refrigeraci\u00f3n, evaporadores rotativos, reactores, digestores de bagazo y otros.<\/p>\n<ul class=\"m-0\">\n<li>Hist\u00e9resis que permite que el compresor se apague o se ligue cuando sea necesario lo que proporciona ahorro de energ\u00eda<\/li>\n<li>Presencia de 2 bombas que trabajan de forma independiente<\/li>\n<li>Cuba con volumen de 50 litros practicidad de utilizaci\u00f3n<\/li>\n<li>Cuba en acero inoxidable 304 lo que proporciona mayor durabilidad<\/li>\n<li>Sistema de ruedas para facilitar el desplazamiento del equipo<\/li>\n<li>Posibilidad de trabajar con la galer\u00eda de acuerdo con la necesidad del cliente<\/li>\n<li>Serpentinas espaciadas que rellenan todo el espacio interno perif\u00e9rico de la cuba lo que proporciona mejor intercambio de calor<\/li>\n<li>R\u00edgido control de calidad con el que las verificaciones y pruebas garantizan el perfecto funcionamiento del equipo lo que proporciona seguridad y satisfacci\u00f3n al cliente<\/li>\n<li>Posibilidad de adaptaciones de acuerdo con las necesidades del cliente<\/li>\n<\/ul>\n<p>Aplicaciones: industrias Az\u00facar y Etanol, \u00a0Alimentos y Bebidas, Agua y Efluentes, Microbiolog\u00eda y Biotecnolog\u00eda.<\/p>\n","protected":false},"featured_media":6394,"comment_status":"open","ping_status":"closed","template":"","meta":{"site-sidebar-layout":"default","site-content-layout":"default","ast-site-content-layout":"default","site-content-style":"default","site-sidebar-style":"default","ast-global-header-display":"","ast-banner-title-visibility":"","ast-main-header-display":"","ast-hfb-above-header-display":"","ast-hfb-below-header-display":"","ast-hfb-mobile-header-display":"","site-post-title":"","ast-breadcrumbs-content":"","ast-featured-img":"","footer-sml-layout":"","ast-disable-related-posts":"","theme-transparent-header-meta":"default","adv-header-id-meta":"","stick-header-meta":"default","header-above-stick-meta":"","header-main-stick-meta":"","header-below-stick-meta":"","astra-migrate-meta-layouts":"default","ast-page-background-enabled":"default","ast-page-background-meta":{"desktop":{"background-color":"var(--ast-global-color-4)","background-image":"","background-repeat":"repeat","background-position":"center center","background-size":"auto","background-attachment":"scroll","background-type":"","background-media":"","overlay-type":"","overlay-color":"","overlay-opacity":"","overlay-gradient":""},"tablet":{"background-color":"","background-image":"","background-repeat":"repeat","background-position":"center center","background-size":"auto","background-attachment":"scroll","background-type":"","background-media":"","overlay-type":"","overlay-color":"","overlay-opacity":"","overlay-gradient":""},"mobile":{"background-color":"","background-image":"","background-repeat":"repeat","background-position":"center center","background-size":"auto","background-attachment":"scroll","background-type":"","background-media":"","overlay-type":"","overlay-color":"","overlay-opacity":"","overlay-gradient":""}},"ast-content-background-meta":{"desktop":{"background-color":"var(--ast-global-color-5)","background-image":"","background-repeat":"repeat","background-position":"center center","background-size":"auto","background-attachment":"scroll","background-type":"","background-media":"","overlay-type":"","overlay-color":"","overlay-opacity":"","overlay-gradient":""},"tablet":{"background-color":"var(--ast-global-color-5)","background-image":"","background-repeat":"repeat","background-position":"center center","background-size":"auto","background-attachment":"scroll","background-type":"","background-media":"","overlay-type":"","overlay-color":"","overlay-opacity":"","overlay-gradient":""},"mobile":{"background-color":"var(--ast-global-color-5)","background-image":"","background-repeat":"repeat","background-position":"center center","background-size":"auto","background-attachment":"scroll","background-type":"","background-media":"","overlay-type":"","overlay-color":"","overlay-opacity":"","overlay-gradient":""}}},"product_brand":[],"product_cat":[33],"product_tag":[],"class_list":{"0":"post-2126","1":"product","2":"type-product","3":"status-publish","4":"has-post-thumbnail","6":"product_cat-equipos-de-laboratorio","7":"desktop-align-left","8":"tablet-align-left","9":"mobile-align-left","10":"ast-product-gallery-layout-horizontal","11":"ast-product-tabs-layout-horizontal","13":"first","14":"instock","15":"shipping-taxable","16":"product-type-simple"},"yoast_head":"<!-- This site is optimized with the Yoast SEO plugin v27.2 - https:\/\/yoast.com\/product\/yoast-seo-wordpress\/ -->\n<title>Ba\u00f1o Termost\u00e1tico con Recirculaci\u00f3n de Agua - ProdekInc<\/title>\n<meta name=\"robots\" content=\"index, follow, max-snippet:-1, max-image-preview:large, max-video-preview:-1\" \/>\n<link rel=\"canonical\" href=\"https:\/\/prodekinc.com\/es\/producto\/bano-termostatico-con-recirculacion-de-agua\/\" \/>\n<meta property=\"og:locale\" content=\"es_ES\" \/>\n<meta property=\"og:type\" content=\"article\" \/>\n<meta property=\"og:title\" content=\"Ba\u00f1o Termost\u00e1tico con Recirculaci\u00f3n de Agua - ProdekInc\" \/>\n<meta property=\"og:description\" content=\"Equipos utilizados para diversos tipos de an\u00e1lisis de laboratorio y para optimizar la condensaci\u00f3n en algunos equipos, condensadores Friedrichs y Soxhlet de refrigeraci\u00f3n, evaporadores rotativos, reactores, digestores de bagazo y otros.   Hist\u00e9resis que permite que el compresor se apague o se ligue cuando sea necesario lo que proporciona ahorro de energ\u00eda  Presencia de 2 bombas que trabajan de forma independiente  Cuba con volumen de 50 litros practicidad de utilizaci\u00f3n  Cuba en acero inoxidable 304 lo que proporciona mayor durabilidad  Sistema de ruedas para facilitar el desplazamiento del equipo  Posibilidad de trabajar con la galer\u00eda de acuerdo con la necesidad del cliente  Serpentinas espaciadas que rellenan todo el espacio interno perif\u00e9rico de la cuba lo que proporciona mejor intercambio de calor  R\u00edgido control de calidad con el que las verificaciones y pruebas garantizan el perfecto funcionamiento del equipo lo que proporciona seguridad y satisfacci\u00f3n al cliente  Posibilidad de adaptaciones de acuerdo con las necesidades del cliente  Aplicaciones: industrias Az\u00facar y Etanol, \u00a0Alimentos y Bebidas, Agua y Efluentes, Microbiolog\u00eda y Biotecnolog\u00eda.\" \/>\n<meta property=\"og:url\" content=\"https:\/\/prodekinc.com\/es\/producto\/bano-termostatico-con-recirculacion-de-agua\/\" \/>\n<meta property=\"og:site_name\" content=\"ProdekInc\" \/>\n<meta property=\"article:modified_time\" content=\"2024-03-20T22:01:15+00:00\" \/>\n<meta property=\"og:image\" content=\"https:\/\/prodekinc.com\/wp-content\/uploads\/13983-a.jpg\" \/>\n\t<meta property=\"og:image:width\" content=\"1000\" \/>\n\t<meta property=\"og:image:height\" content=\"1000\" \/>\n\t<meta property=\"og:image:type\" content=\"image\/jpeg\" \/>\n<meta name=\"twitter:card\" content=\"summary_large_image\" \/>\n<script type=\"application\/ld+json\" class=\"yoast-schema-graph\">{\"@context\":\"https:\/\/schema.org\",\"@graph\":[{\"@type\":\"WebPage\",\"@id\":\"https:\/\/prodekinc.com\/es\/producto\/bano-termostatico-con-recirculacion-de-agua\/\",\"url\":\"https:\/\/prodekinc.com\/es\/producto\/bano-termostatico-con-recirculacion-de-agua\/\",\"name\":\"Ba\u00f1o Termost\u00e1tico con Recirculaci\u00f3n de Agua - ProdekInc\",\"isPartOf\":{\"@id\":\"https:\/\/prodekinc.com\/es\/#website\"},\"primaryImageOfPage\":{\"@id\":\"https:\/\/prodekinc.com\/es\/producto\/bano-termostatico-con-recirculacion-de-agua\/#primaryimage\"},\"image\":{\"@id\":\"https:\/\/prodekinc.com\/es\/producto\/bano-termostatico-con-recirculacion-de-agua\/#primaryimage\"},\"thumbnailUrl\":\"https:\/\/prodekinc.com\/wp-content\/uploads\/13983-a.jpg\",\"datePublished\":\"2022-03-08T00:34:30+00:00\",\"dateModified\":\"2024-03-20T22:01:15+00:00\",\"breadcrumb\":{\"@id\":\"https:\/\/prodekinc.com\/es\/producto\/bano-termostatico-con-recirculacion-de-agua\/#breadcrumb\"},\"inLanguage\":\"es\",\"potentialAction\":[{\"@type\":\"ReadAction\",\"target\":[\"https:\/\/prodekinc.com\/es\/producto\/bano-termostatico-con-recirculacion-de-agua\/\"]}]},{\"@type\":\"ImageObject\",\"inLanguage\":\"es\",\"@id\":\"https:\/\/prodekinc.com\/es\/producto\/bano-termostatico-con-recirculacion-de-agua\/#primaryimage\",\"url\":\"https:\/\/prodekinc.com\/wp-content\/uploads\/13983-a.jpg\",\"contentUrl\":\"https:\/\/prodekinc.com\/wp-content\/uploads\/13983-a.jpg\",\"width\":1000,\"height\":1000},{\"@type\":\"BreadcrumbList\",\"@id\":\"https:\/\/prodekinc.com\/es\/producto\/bano-termostatico-con-recirculacion-de-agua\/#breadcrumb\",\"itemListElement\":[{\"@type\":\"ListItem\",\"position\":1,\"name\":\"Portada\",\"item\":\"https:\/\/prodekinc.com\/es\/\"},{\"@type\":\"ListItem\",\"position\":2,\"name\":\"Tienda\",\"item\":\"https:\/\/prodekinc.com\/tienda\/\"},{\"@type\":\"ListItem\",\"position\":3,\"name\":\"Ba\u00f1o Termost\u00e1tico con Recirculaci\u00f3n de Agua\"}]},{\"@type\":\"WebSite\",\"@id\":\"https:\/\/prodekinc.com\/es\/#website\",\"url\":\"https:\/\/prodekinc.com\/es\/\",\"name\":\"ProdekInc\",\"description\":\"\",\"publisher\":{\"@id\":\"https:\/\/prodekinc.com\/es\/#organization\"},\"potentialAction\":[{\"@type\":\"SearchAction\",\"target\":{\"@type\":\"EntryPoint\",\"urlTemplate\":\"https:\/\/prodekinc.com\/es\/?s={search_term_string}\"},\"query-input\":{\"@type\":\"PropertyValueSpecification\",\"valueRequired\":true,\"valueName\":\"search_term_string\"}}],\"inLanguage\":\"es\"},{\"@type\":\"Organization\",\"@id\":\"https:\/\/prodekinc.com\/es\/#organization\",\"name\":\"ProdekInc\",\"url\":\"https:\/\/prodekinc.com\/es\/\",\"logo\":{\"@type\":\"ImageObject\",\"inLanguage\":\"es\",\"@id\":\"https:\/\/prodekinc.com\/es\/#\/schema\/logo\/image\/\",\"url\":\"https:\/\/prodekinc.com\/wp-content\/uploads\/logo-footer.svg\",\"contentUrl\":\"https:\/\/prodekinc.com\/wp-content\/uploads\/logo-footer.svg\",\"width\":235.5,\"height\":155.2,\"caption\":\"ProdekInc\"},\"image\":{\"@id\":\"https:\/\/prodekinc.com\/es\/#\/schema\/logo\/image\/\"}}]}<\/script>\n<!-- \/ Yoast SEO plugin. -->","yoast_head_json":{"title":"Ba\u00f1o Termost\u00e1tico con Recirculaci\u00f3n de Agua - ProdekInc","robots":{"index":"index","follow":"follow","max-snippet":"max-snippet:-1","max-image-preview":"max-image-preview:large","max-video-preview":"max-video-preview:-1"},"canonical":"https:\/\/prodekinc.com\/es\/producto\/bano-termostatico-con-recirculacion-de-agua\/","og_locale":"es_ES","og_type":"article","og_title":"Ba\u00f1o Termost\u00e1tico con Recirculaci\u00f3n de Agua - ProdekInc","og_description":"Equipos utilizados para diversos tipos de an\u00e1lisis de laboratorio y para optimizar la condensaci\u00f3n en algunos equipos, condensadores Friedrichs y Soxhlet de refrigeraci\u00f3n, evaporadores rotativos, reactores, digestores de bagazo y otros.   Hist\u00e9resis que permite que el compresor se apague o se ligue cuando sea necesario lo que proporciona ahorro de energ\u00eda  Presencia de 2 bombas que trabajan de forma independiente  Cuba con volumen de 50 litros practicidad de utilizaci\u00f3n  Cuba en acero inoxidable 304 lo que proporciona mayor durabilidad  Sistema de ruedas para facilitar el desplazamiento del equipo  Posibilidad de trabajar con la galer\u00eda de acuerdo con la necesidad del cliente  Serpentinas espaciadas que rellenan todo el espacio interno perif\u00e9rico de la cuba lo que proporciona mejor intercambio de calor  R\u00edgido control de calidad con el que las verificaciones y pruebas garantizan el perfecto funcionamiento del equipo lo que proporciona seguridad y satisfacci\u00f3n al cliente  Posibilidad de adaptaciones de acuerdo con las necesidades del cliente  Aplicaciones: industrias Az\u00facar y Etanol, \u00a0Alimentos y Bebidas, Agua y Efluentes, Microbiolog\u00eda y Biotecnolog\u00eda.","og_url":"https:\/\/prodekinc.com\/es\/producto\/bano-termostatico-con-recirculacion-de-agua\/","og_site_name":"ProdekInc","article_modified_time":"2024-03-20T22:01:15+00:00","og_image":[{"width":1000,"height":1000,"url":"https:\/\/prodekinc.com\/wp-content\/uploads\/13983-a.jpg","type":"image\/jpeg"}],"twitter_card":"summary_large_image","schema":{"@context":"https:\/\/schema.org","@graph":[{"@type":"WebPage","@id":"https:\/\/prodekinc.com\/es\/producto\/bano-termostatico-con-recirculacion-de-agua\/","url":"https:\/\/prodekinc.com\/es\/producto\/bano-termostatico-con-recirculacion-de-agua\/","name":"Ba\u00f1o Termost\u00e1tico con Recirculaci\u00f3n de Agua - ProdekInc","isPartOf":{"@id":"https:\/\/prodekinc.com\/es\/#website"},"primaryImageOfPage":{"@id":"https:\/\/prodekinc.com\/es\/producto\/bano-termostatico-con-recirculacion-de-agua\/#primaryimage"},"image":{"@id":"https:\/\/prodekinc.com\/es\/producto\/bano-termostatico-con-recirculacion-de-agua\/#primaryimage"},"thumbnailUrl":"https:\/\/prodekinc.com\/wp-content\/uploads\/13983-a.jpg","datePublished":"2022-03-08T00:34:30+00:00","dateModified":"2024-03-20T22:01:15+00:00","breadcrumb":{"@id":"https:\/\/prodekinc.com\/es\/producto\/bano-termostatico-con-recirculacion-de-agua\/#breadcrumb"},"inLanguage":"es","potentialAction":[{"@type":"ReadAction","target":["https:\/\/prodekinc.com\/es\/producto\/bano-termostatico-con-recirculacion-de-agua\/"]}]},{"@type":"ImageObject","inLanguage":"es","@id":"https:\/\/prodekinc.com\/es\/producto\/bano-termostatico-con-recirculacion-de-agua\/#primaryimage","url":"https:\/\/prodekinc.com\/wp-content\/uploads\/13983-a.jpg","contentUrl":"https:\/\/prodekinc.com\/wp-content\/uploads\/13983-a.jpg","width":1000,"height":1000},{"@type":"BreadcrumbList","@id":"https:\/\/prodekinc.com\/es\/producto\/bano-termostatico-con-recirculacion-de-agua\/#breadcrumb","itemListElement":[{"@type":"ListItem","position":1,"name":"Portada","item":"https:\/\/prodekinc.com\/es\/"},{"@type":"ListItem","position":2,"name":"Tienda","item":"https:\/\/prodekinc.com\/tienda\/"},{"@type":"ListItem","position":3,"name":"Ba\u00f1o Termost\u00e1tico con Recirculaci\u00f3n de Agua"}]},{"@type":"WebSite","@id":"https:\/\/prodekinc.com\/es\/#website","url":"https:\/\/prodekinc.com\/es\/","name":"ProdekInc","description":"","publisher":{"@id":"https:\/\/prodekinc.com\/es\/#organization"},"potentialAction":[{"@type":"SearchAction","target":{"@type":"EntryPoint","urlTemplate":"https:\/\/prodekinc.com\/es\/?s={search_term_string}"},"query-input":{"@type":"PropertyValueSpecification","valueRequired":true,"valueName":"search_term_string"}}],"inLanguage":"es"},{"@type":"Organization","@id":"https:\/\/prodekinc.com\/es\/#organization","name":"ProdekInc","url":"https:\/\/prodekinc.com\/es\/","logo":{"@type":"ImageObject","inLanguage":"es","@id":"https:\/\/prodekinc.com\/es\/#\/schema\/logo\/image\/","url":"https:\/\/prodekinc.com\/wp-content\/uploads\/logo-footer.svg","contentUrl":"https:\/\/prodekinc.com\/wp-content\/uploads\/logo-footer.svg","width":235.5,"height":155.2,"caption":"ProdekInc"},"image":{"@id":"https:\/\/prodekinc.com\/es\/#\/schema\/logo\/image\/"}}]}},"_links":{"self":[{"href":"https:\/\/prodekinc.com\/es\/wp-json\/wp\/v2\/product\/2126","targetHints":{"allow":["GET"]}}],"collection":[{"href":"https:\/\/prodekinc.com\/es\/wp-json\/wp\/v2\/product"}],"about":[{"href":"https:\/\/prodekinc.com\/es\/wp-json\/wp\/v2\/types\/product"}],"replies":[{"embeddable":true,"href":"https:\/\/prodekinc.com\/es\/wp-json\/wp\/v2\/comments?post=2126"}],"version-history":[{"count":0,"href":"https:\/\/prodekinc.com\/es\/wp-json\/wp\/v2\/product\/2126\/revisions"}],"wp:featuredmedia":[{"embeddable":true,"href":"https:\/\/prodekinc.com\/es\/wp-json\/wp\/v2\/media\/6394"}],"wp:attachment":[{"href":"https:\/\/prodekinc.com\/es\/wp-json\/wp\/v2\/media?parent=2126"}],"wp:term":[{"taxonomy":"product_brand","embeddable":true,"href":"https:\/\/prodekinc.com\/es\/wp-json\/wp\/v2\/product_brand?post=2126"},{"taxonomy":"product_cat","embeddable":true,"href":"https:\/\/prodekinc.com\/es\/wp-json\/wp\/v2\/product_cat?post=2126"},{"taxonomy":"product_tag","embeddable":true,"href":"https:\/\/prodekinc.com\/es\/wp-json\/wp\/v2\/product_tag?post=2126"}],"curies":[{"name":"wp","href":"https:\/\/api.w.org\/{rel}","templated":true}]}}