{"id":2108,"date":"2022-03-07T18:27:27","date_gmt":"2022-03-08T00:27:27","guid":{"rendered":"https:\/\/prodekinc.com\/?post_type=product&#038;p=2108"},"modified":"2024-03-15T15:34:55","modified_gmt":"2024-03-15T21:34:55","slug":"estufa-bacteriologica","status":"publish","type":"product","link":"https:\/\/prodekinc.com\/es\/producto\/estufa-bacteriologica\/","title":{"rendered":"Estufa Bacteriol\u00f3gica"},"content":{"rendered":"","protected":false},"excerpt":{"rendered":"<p>Utilizado para incubaci\u00f3n de medios de cultivo inoculados y monitoreo de crecimiento microbiano.<\/p>\n<ul>\n<li>Equipo compacto.<\/li>\n<li>En acero inoxidable pulido para una mayor vida \u00fatil del equipo.<\/li>\n<li>Puerta interna en vidrio templado que posibilita la visualizaci\u00f3n de la muestra sin p\u00e9rdida de la temperatura.<\/li>\n<li>Cuenta con circulaci\u00f3n de aire interna, lo que promueve una mejor distribuci\u00f3n t\u00e9rmica entre las muestras.<\/li>\n<li>Bandeja de acero inoxidable y perforada para una buena circulaci\u00f3n de aire.<\/li>\n<li>Sistema de control PID con controlador de f\u00e1cil interacci\u00f3n con certificado RBC.<\/li>\n<li>Entrada para sensor externo para facilitar la verificaci\u00f3n de la temperatura.<\/li>\n<li>F\u00e1cil mantenimiento.<\/li>\n<li>Entrada de fuerza tipo IEC, que garantiza la estandarizaci\u00f3n internacional.<\/li>\n<li>Cierre magn\u00e9tico para agilidad y practicidad.<\/li>\n<li>Sensor de temperatura PT 100, que es el m\u00e1s sensible, asegurando una respuesta r\u00e1pida al sistema de control de temperatura.<\/li>\n<li>Resistencia blindada de acero inoxidable compatible con los sistemas DR, lo que proporciona seguridad.<\/li>\n<li>R\u00edgido control de calidad, con el que las verificaciones y pruebas garantizan el perfecto funcionamiento del equipo, lo que proporciona seguridad y satisfacci\u00f3n al cliente.<\/li>\n<li>Atenci\u00f3n al cliente para despejar dudas y proporcionar explicaciones sobre el equipo y las metodolog\u00edas.<\/li>\n<\/ul>\n<p>Aplicaciones: industria Alimentos y Bebidas, Agua y Efluentes, Plantas y Suelos, Farmac\u00e9utica, Microbiolog\u00eda y Biotecnolog\u00eda, Qu\u00edmica y Petroqu\u00edmica.<\/p>\n","protected":false},"featured_media":6349,"comment_status":"open","ping_status":"closed","template":"","meta":{"site-sidebar-layout":"default","site-content-layout":"default","ast-site-content-layout":"default","site-content-style":"default","site-sidebar-style":"default","ast-global-header-display":"","ast-banner-title-visibility":"","ast-main-header-display":"","ast-hfb-above-header-display":"","ast-hfb-below-header-display":"","ast-hfb-mobile-header-display":"","site-post-title":"","ast-breadcrumbs-content":"","ast-featured-img":"","footer-sml-layout":"","ast-disable-related-posts":"","theme-transparent-header-meta":"default","adv-header-id-meta":"","stick-header-meta":"default","header-above-stick-meta":"","header-main-stick-meta":"","header-below-stick-meta":"","astra-migrate-meta-layouts":"default","ast-page-background-enabled":"default","ast-page-background-meta":{"desktop":{"background-color":"var(--ast-global-color-4)","background-image":"","background-repeat":"repeat","background-position":"center center","background-size":"auto","background-attachment":"scroll","background-type":"","background-media":"","overlay-type":"","overlay-color":"","overlay-opacity":"","overlay-gradient":""},"tablet":{"background-color":"","background-image":"","background-repeat":"repeat","background-position":"center center","background-size":"auto","background-attachment":"scroll","background-type":"","background-media":"","overlay-type":"","overlay-color":"","overlay-opacity":"","overlay-gradient":""},"mobile":{"background-color":"","background-image":"","background-repeat":"repeat","background-position":"center center","background-size":"auto","background-attachment":"scroll","background-type":"","background-media":"","overlay-type":"","overlay-color":"","overlay-opacity":"","overlay-gradient":""}},"ast-content-background-meta":{"desktop":{"background-color":"var(--ast-global-color-5)","background-image":"","background-repeat":"repeat","background-position":"center center","background-size":"auto","background-attachment":"scroll","background-type":"","background-media":"","overlay-type":"","overlay-color":"","overlay-opacity":"","overlay-gradient":""},"tablet":{"background-color":"var(--ast-global-color-5)","background-image":"","background-repeat":"repeat","background-position":"center center","background-size":"auto","background-attachment":"scroll","background-type":"","background-media":"","overlay-type":"","overlay-color":"","overlay-opacity":"","overlay-gradient":""},"mobile":{"background-color":"var(--ast-global-color-5)","background-image":"","background-repeat":"repeat","background-position":"center center","background-size":"auto","background-attachment":"scroll","background-type":"","background-media":"","overlay-type":"","overlay-color":"","overlay-opacity":"","overlay-gradient":""}}},"product_brand":[],"product_cat":[33],"product_tag":[],"class_list":{"0":"post-2108","1":"product","2":"type-product","3":"status-publish","4":"has-post-thumbnail","6":"product_cat-equipos-de-laboratorio","7":"desktop-align-left","8":"tablet-align-left","9":"mobile-align-left","10":"ast-product-gallery-layout-horizontal","11":"ast-product-gallery-with-no-image","12":"ast-product-tabs-layout-horizontal","14":"first","15":"instock","16":"shipping-taxable","17":"product-type-simple"},"yoast_head":"<!-- This site is optimized with the Yoast SEO plugin v27.2 - https:\/\/yoast.com\/product\/yoast-seo-wordpress\/ -->\n<title>Estufa Bacteriol\u00f3gica - ProdekInc<\/title>\n<meta name=\"robots\" content=\"index, follow, max-snippet:-1, max-image-preview:large, max-video-preview:-1\" \/>\n<link rel=\"canonical\" href=\"https:\/\/prodekinc.com\/es\/producto\/estufa-bacteriologica\/\" \/>\n<meta property=\"og:locale\" content=\"es_ES\" \/>\n<meta property=\"og:type\" content=\"article\" \/>\n<meta property=\"og:title\" content=\"Estufa Bacteriol\u00f3gica - ProdekInc\" \/>\n<meta property=\"og:description\" content=\"Utilizado para incubaci\u00f3n de medios de cultivo inoculados y monitoreo de crecimiento microbiano.   Equipo compacto.  En acero inoxidable pulido para una mayor vida \u00fatil del equipo.  Puerta interna en vidrio templado que posibilita la visualizaci\u00f3n de la muestra sin p\u00e9rdida de la temperatura.  Cuenta con circulaci\u00f3n de aire interna, lo que promueve una mejor distribuci\u00f3n t\u00e9rmica entre las muestras.  Bandeja de acero inoxidable y perforada para una buena circulaci\u00f3n de aire.  Sistema de control PID con controlador de f\u00e1cil interacci\u00f3n con certificado RBC.  Entrada para sensor externo para facilitar la verificaci\u00f3n de la temperatura.  F\u00e1cil mantenimiento.  Entrada de fuerza tipo IEC, que garantiza la estandarizaci\u00f3n internacional.  Cierre magn\u00e9tico para agilidad y practicidad.  Sensor de temperatura PT 100, que es el m\u00e1s sensible, asegurando una respuesta r\u00e1pida al sistema de control de temperatura.  Resistencia blindada de acero inoxidable compatible con los sistemas DR, lo que proporciona seguridad.  R\u00edgido control de calidad, con el que las verificaciones y pruebas garantizan el perfecto funcionamiento del equipo, lo que proporciona seguridad y satisfacci\u00f3n al cliente.  Atenci\u00f3n al cliente para despejar dudas y proporcionar explicaciones sobre el equipo y las metodolog\u00edas.  Aplicaciones: industria Alimentos y Bebidas, Agua y Efluentes, Plantas y Suelos, Farmac\u00e9utica, Microbiolog\u00eda y Biotecnolog\u00eda, Qu\u00edmica y Petroqu\u00edmica.\" \/>\n<meta property=\"og:url\" content=\"https:\/\/prodekinc.com\/es\/producto\/estufa-bacteriologica\/\" \/>\n<meta property=\"og:site_name\" content=\"ProdekInc\" \/>\n<meta property=\"article:modified_time\" content=\"2024-03-15T21:34:55+00:00\" \/>\n<meta property=\"og:image\" content=\"https:\/\/prodekinc.com\/wp-content\/uploads\/estufa-bact.jpg\" \/>\n\t<meta property=\"og:image:width\" content=\"468\" \/>\n\t<meta property=\"og:image:height\" content=\"468\" \/>\n\t<meta property=\"og:image:type\" content=\"image\/jpeg\" \/>\n<meta name=\"twitter:card\" content=\"summary_large_image\" \/>\n<script type=\"application\/ld+json\" class=\"yoast-schema-graph\">{\"@context\":\"https:\/\/schema.org\",\"@graph\":[{\"@type\":\"WebPage\",\"@id\":\"https:\/\/prodekinc.com\/es\/producto\/estufa-bacteriologica\/\",\"url\":\"https:\/\/prodekinc.com\/es\/producto\/estufa-bacteriologica\/\",\"name\":\"Estufa Bacteriol\u00f3gica - ProdekInc\",\"isPartOf\":{\"@id\":\"https:\/\/prodekinc.com\/es\/#website\"},\"primaryImageOfPage\":{\"@id\":\"https:\/\/prodekinc.com\/es\/producto\/estufa-bacteriologica\/#primaryimage\"},\"image\":{\"@id\":\"https:\/\/prodekinc.com\/es\/producto\/estufa-bacteriologica\/#primaryimage\"},\"thumbnailUrl\":\"https:\/\/prodekinc.com\/wp-content\/uploads\/estufa-bact.jpg\",\"datePublished\":\"2022-03-08T00:27:27+00:00\",\"dateModified\":\"2024-03-15T21:34:55+00:00\",\"breadcrumb\":{\"@id\":\"https:\/\/prodekinc.com\/es\/producto\/estufa-bacteriologica\/#breadcrumb\"},\"inLanguage\":\"es\",\"potentialAction\":[{\"@type\":\"ReadAction\",\"target\":[\"https:\/\/prodekinc.com\/es\/producto\/estufa-bacteriologica\/\"]}]},{\"@type\":\"ImageObject\",\"inLanguage\":\"es\",\"@id\":\"https:\/\/prodekinc.com\/es\/producto\/estufa-bacteriologica\/#primaryimage\",\"url\":\"https:\/\/prodekinc.com\/wp-content\/uploads\/estufa-bact.jpg\",\"contentUrl\":\"https:\/\/prodekinc.com\/wp-content\/uploads\/estufa-bact.jpg\",\"width\":468,\"height\":468},{\"@type\":\"BreadcrumbList\",\"@id\":\"https:\/\/prodekinc.com\/es\/producto\/estufa-bacteriologica\/#breadcrumb\",\"itemListElement\":[{\"@type\":\"ListItem\",\"position\":1,\"name\":\"Portada\",\"item\":\"https:\/\/prodekinc.com\/es\/\"},{\"@type\":\"ListItem\",\"position\":2,\"name\":\"Tienda\",\"item\":\"https:\/\/prodekinc.com\/tienda\/\"},{\"@type\":\"ListItem\",\"position\":3,\"name\":\"Estufa Bacteriol\u00f3gica\"}]},{\"@type\":\"WebSite\",\"@id\":\"https:\/\/prodekinc.com\/es\/#website\",\"url\":\"https:\/\/prodekinc.com\/es\/\",\"name\":\"ProdekInc\",\"description\":\"\",\"publisher\":{\"@id\":\"https:\/\/prodekinc.com\/es\/#organization\"},\"potentialAction\":[{\"@type\":\"SearchAction\",\"target\":{\"@type\":\"EntryPoint\",\"urlTemplate\":\"https:\/\/prodekinc.com\/es\/?s={search_term_string}\"},\"query-input\":{\"@type\":\"PropertyValueSpecification\",\"valueRequired\":true,\"valueName\":\"search_term_string\"}}],\"inLanguage\":\"es\"},{\"@type\":\"Organization\",\"@id\":\"https:\/\/prodekinc.com\/es\/#organization\",\"name\":\"ProdekInc\",\"url\":\"https:\/\/prodekinc.com\/es\/\",\"logo\":{\"@type\":\"ImageObject\",\"inLanguage\":\"es\",\"@id\":\"https:\/\/prodekinc.com\/es\/#\/schema\/logo\/image\/\",\"url\":\"https:\/\/prodekinc.com\/wp-content\/uploads\/logo-footer.svg\",\"contentUrl\":\"https:\/\/prodekinc.com\/wp-content\/uploads\/logo-footer.svg\",\"width\":235.5,\"height\":155.2,\"caption\":\"ProdekInc\"},\"image\":{\"@id\":\"https:\/\/prodekinc.com\/es\/#\/schema\/logo\/image\/\"}}]}<\/script>\n<!-- \/ Yoast SEO plugin. -->","yoast_head_json":{"title":"Estufa Bacteriol\u00f3gica - ProdekInc","robots":{"index":"index","follow":"follow","max-snippet":"max-snippet:-1","max-image-preview":"max-image-preview:large","max-video-preview":"max-video-preview:-1"},"canonical":"https:\/\/prodekinc.com\/es\/producto\/estufa-bacteriologica\/","og_locale":"es_ES","og_type":"article","og_title":"Estufa Bacteriol\u00f3gica - ProdekInc","og_description":"Utilizado para incubaci\u00f3n de medios de cultivo inoculados y monitoreo de crecimiento microbiano.   Equipo compacto.  En acero inoxidable pulido para una mayor vida \u00fatil del equipo.  Puerta interna en vidrio templado que posibilita la visualizaci\u00f3n de la muestra sin p\u00e9rdida de la temperatura.  Cuenta con circulaci\u00f3n de aire interna, lo que promueve una mejor distribuci\u00f3n t\u00e9rmica entre las muestras.  Bandeja de acero inoxidable y perforada para una buena circulaci\u00f3n de aire.  Sistema de control PID con controlador de f\u00e1cil interacci\u00f3n con certificado RBC.  Entrada para sensor externo para facilitar la verificaci\u00f3n de la temperatura.  F\u00e1cil mantenimiento.  Entrada de fuerza tipo IEC, que garantiza la estandarizaci\u00f3n internacional.  Cierre magn\u00e9tico para agilidad y practicidad.  Sensor de temperatura PT 100, que es el m\u00e1s sensible, asegurando una respuesta r\u00e1pida al sistema de control de temperatura.  Resistencia blindada de acero inoxidable compatible con los sistemas DR, lo que proporciona seguridad.  R\u00edgido control de calidad, con el que las verificaciones y pruebas garantizan el perfecto funcionamiento del equipo, lo que proporciona seguridad y satisfacci\u00f3n al cliente.  Atenci\u00f3n al cliente para despejar dudas y proporcionar explicaciones sobre el equipo y las metodolog\u00edas.  Aplicaciones: industria Alimentos y Bebidas, Agua y Efluentes, Plantas y Suelos, Farmac\u00e9utica, Microbiolog\u00eda y Biotecnolog\u00eda, Qu\u00edmica y Petroqu\u00edmica.","og_url":"https:\/\/prodekinc.com\/es\/producto\/estufa-bacteriologica\/","og_site_name":"ProdekInc","article_modified_time":"2024-03-15T21:34:55+00:00","og_image":[{"width":468,"height":468,"url":"https:\/\/prodekinc.com\/wp-content\/uploads\/estufa-bact.jpg","type":"image\/jpeg"}],"twitter_card":"summary_large_image","schema":{"@context":"https:\/\/schema.org","@graph":[{"@type":"WebPage","@id":"https:\/\/prodekinc.com\/es\/producto\/estufa-bacteriologica\/","url":"https:\/\/prodekinc.com\/es\/producto\/estufa-bacteriologica\/","name":"Estufa Bacteriol\u00f3gica - ProdekInc","isPartOf":{"@id":"https:\/\/prodekinc.com\/es\/#website"},"primaryImageOfPage":{"@id":"https:\/\/prodekinc.com\/es\/producto\/estufa-bacteriologica\/#primaryimage"},"image":{"@id":"https:\/\/prodekinc.com\/es\/producto\/estufa-bacteriologica\/#primaryimage"},"thumbnailUrl":"https:\/\/prodekinc.com\/wp-content\/uploads\/estufa-bact.jpg","datePublished":"2022-03-08T00:27:27+00:00","dateModified":"2024-03-15T21:34:55+00:00","breadcrumb":{"@id":"https:\/\/prodekinc.com\/es\/producto\/estufa-bacteriologica\/#breadcrumb"},"inLanguage":"es","potentialAction":[{"@type":"ReadAction","target":["https:\/\/prodekinc.com\/es\/producto\/estufa-bacteriologica\/"]}]},{"@type":"ImageObject","inLanguage":"es","@id":"https:\/\/prodekinc.com\/es\/producto\/estufa-bacteriologica\/#primaryimage","url":"https:\/\/prodekinc.com\/wp-content\/uploads\/estufa-bact.jpg","contentUrl":"https:\/\/prodekinc.com\/wp-content\/uploads\/estufa-bact.jpg","width":468,"height":468},{"@type":"BreadcrumbList","@id":"https:\/\/prodekinc.com\/es\/producto\/estufa-bacteriologica\/#breadcrumb","itemListElement":[{"@type":"ListItem","position":1,"name":"Portada","item":"https:\/\/prodekinc.com\/es\/"},{"@type":"ListItem","position":2,"name":"Tienda","item":"https:\/\/prodekinc.com\/tienda\/"},{"@type":"ListItem","position":3,"name":"Estufa Bacteriol\u00f3gica"}]},{"@type":"WebSite","@id":"https:\/\/prodekinc.com\/es\/#website","url":"https:\/\/prodekinc.com\/es\/","name":"ProdekInc","description":"","publisher":{"@id":"https:\/\/prodekinc.com\/es\/#organization"},"potentialAction":[{"@type":"SearchAction","target":{"@type":"EntryPoint","urlTemplate":"https:\/\/prodekinc.com\/es\/?s={search_term_string}"},"query-input":{"@type":"PropertyValueSpecification","valueRequired":true,"valueName":"search_term_string"}}],"inLanguage":"es"},{"@type":"Organization","@id":"https:\/\/prodekinc.com\/es\/#organization","name":"ProdekInc","url":"https:\/\/prodekinc.com\/es\/","logo":{"@type":"ImageObject","inLanguage":"es","@id":"https:\/\/prodekinc.com\/es\/#\/schema\/logo\/image\/","url":"https:\/\/prodekinc.com\/wp-content\/uploads\/logo-footer.svg","contentUrl":"https:\/\/prodekinc.com\/wp-content\/uploads\/logo-footer.svg","width":235.5,"height":155.2,"caption":"ProdekInc"},"image":{"@id":"https:\/\/prodekinc.com\/es\/#\/schema\/logo\/image\/"}}]}},"_links":{"self":[{"href":"https:\/\/prodekinc.com\/es\/wp-json\/wp\/v2\/product\/2108","targetHints":{"allow":["GET"]}}],"collection":[{"href":"https:\/\/prodekinc.com\/es\/wp-json\/wp\/v2\/product"}],"about":[{"href":"https:\/\/prodekinc.com\/es\/wp-json\/wp\/v2\/types\/product"}],"replies":[{"embeddable":true,"href":"https:\/\/prodekinc.com\/es\/wp-json\/wp\/v2\/comments?post=2108"}],"version-history":[{"count":0,"href":"https:\/\/prodekinc.com\/es\/wp-json\/wp\/v2\/product\/2108\/revisions"}],"wp:featuredmedia":[{"embeddable":true,"href":"https:\/\/prodekinc.com\/es\/wp-json\/wp\/v2\/media\/6349"}],"wp:attachment":[{"href":"https:\/\/prodekinc.com\/es\/wp-json\/wp\/v2\/media?parent=2108"}],"wp:term":[{"taxonomy":"product_brand","embeddable":true,"href":"https:\/\/prodekinc.com\/es\/wp-json\/wp\/v2\/product_brand?post=2108"},{"taxonomy":"product_cat","embeddable":true,"href":"https:\/\/prodekinc.com\/es\/wp-json\/wp\/v2\/product_cat?post=2108"},{"taxonomy":"product_tag","embeddable":true,"href":"https:\/\/prodekinc.com\/es\/wp-json\/wp\/v2\/product_tag?post=2108"}],"curies":[{"name":"wp","href":"https:\/\/api.w.org\/{rel}","templated":true}]}}