{"id":2100,"date":"2022-03-07T18:25:27","date_gmt":"2022-03-08T00:25:27","guid":{"rendered":"https:\/\/prodekinc.com\/?post_type=product&#038;p=2100"},"modified":"2024-03-15T15:19:26","modified_gmt":"2024-03-15T21:19:26","slug":"dispensador-automatico","status":"publish","type":"product","link":"https:\/\/prodekinc.com\/es\/producto\/dispensador-automatico\/","title":{"rendered":"Dispensador Autom\u00e1tico"},"content":{"rendered":"","protected":false},"excerpt":{"rendered":"<p>Utilizado en la preparaci\u00f3n de muestra est\u00e1ndar, como bomba de nutrientes para agentes biol\u00f3gicos, en an\u00e1lisis de suelos, agilizando la dispensaci\u00f3n de al\u00edcuotas de volumen configurable.<\/p>\n<ul>\n<li>Dispensador de motor sin escobillas, sin mantenimiento.<\/li>\n<li>Sistema de alimentaci\u00f3n autom\u00e1tico bivolt.<\/li>\n<li>F\u00e1cil control de los par\u00e1metros, lo que permite al analista ajustar de forma r\u00e1pida y precisa a trav\u00e9s del sistema de calibraci\u00f3n anterior de la bomba.<\/li>\n<li>Tiene un indicador del volumen total dispensado al final de los procesos.<\/li>\n<li style=\"text-align: right;\">F\u00e1cil calibraci\u00f3n del volumen a dosificar.<\/li>\n<\/ul>\n<p>Aplicaciones: industria Az\u00facar y Etanol, Alimentos y Bebidas, Agua y Efluentes, Plantas y Suelos, Farmac\u00e9utica, Microbiolog\u00eda y Biotecnolog\u00eda, Qu\u00edmica y Petroqu\u00edmica.<\/p>\n","protected":false},"featured_media":6339,"comment_status":"open","ping_status":"closed","template":"","meta":{"site-sidebar-layout":"default","site-content-layout":"default","ast-site-content-layout":"default","site-content-style":"default","site-sidebar-style":"default","ast-global-header-display":"","ast-banner-title-visibility":"","ast-main-header-display":"","ast-hfb-above-header-display":"","ast-hfb-below-header-display":"","ast-hfb-mobile-header-display":"","site-post-title":"","ast-breadcrumbs-content":"","ast-featured-img":"","footer-sml-layout":"","ast-disable-related-posts":"","theme-transparent-header-meta":"default","adv-header-id-meta":"","stick-header-meta":"default","header-above-stick-meta":"","header-main-stick-meta":"","header-below-stick-meta":"","astra-migrate-meta-layouts":"default","ast-page-background-enabled":"default","ast-page-background-meta":{"desktop":{"background-color":"var(--ast-global-color-4)","background-image":"","background-repeat":"repeat","background-position":"center center","background-size":"auto","background-attachment":"scroll","background-type":"","background-media":"","overlay-type":"","overlay-color":"","overlay-opacity":"","overlay-gradient":""},"tablet":{"background-color":"","background-image":"","background-repeat":"repeat","background-position":"center center","background-size":"auto","background-attachment":"scroll","background-type":"","background-media":"","overlay-type":"","overlay-color":"","overlay-opacity":"","overlay-gradient":""},"mobile":{"background-color":"","background-image":"","background-repeat":"repeat","background-position":"center center","background-size":"auto","background-attachment":"scroll","background-type":"","background-media":"","overlay-type":"","overlay-color":"","overlay-opacity":"","overlay-gradient":""}},"ast-content-background-meta":{"desktop":{"background-color":"var(--ast-global-color-5)","background-image":"","background-repeat":"repeat","background-position":"center center","background-size":"auto","background-attachment":"scroll","background-type":"","background-media":"","overlay-type":"","overlay-color":"","overlay-opacity":"","overlay-gradient":""},"tablet":{"background-color":"var(--ast-global-color-5)","background-image":"","background-repeat":"repeat","background-position":"center center","background-size":"auto","background-attachment":"scroll","background-type":"","background-media":"","overlay-type":"","overlay-color":"","overlay-opacity":"","overlay-gradient":""},"mobile":{"background-color":"var(--ast-global-color-5)","background-image":"","background-repeat":"repeat","background-position":"center center","background-size":"auto","background-attachment":"scroll","background-type":"","background-media":"","overlay-type":"","overlay-color":"","overlay-opacity":"","overlay-gradient":""}}},"product_brand":[],"product_cat":[33],"product_tag":[],"class_list":{"0":"post-2100","1":"product","2":"type-product","3":"status-publish","4":"has-post-thumbnail","6":"product_cat-equipos-de-laboratorio","7":"desktop-align-left","8":"tablet-align-left","9":"mobile-align-left","10":"ast-product-gallery-layout-horizontal","11":"ast-product-gallery-with-no-image","12":"ast-product-tabs-layout-horizontal","14":"first","15":"instock","16":"shipping-taxable","17":"product-type-simple"},"yoast_head":"<!-- This site is optimized with the Yoast SEO plugin v27.2 - https:\/\/yoast.com\/product\/yoast-seo-wordpress\/ -->\n<title>Dispensador Autom\u00e1tico - ProdekInc<\/title>\n<meta name=\"robots\" content=\"index, follow, max-snippet:-1, max-image-preview:large, max-video-preview:-1\" \/>\n<link rel=\"canonical\" href=\"https:\/\/prodekinc.com\/es\/producto\/dispensador-automatico\/\" \/>\n<meta property=\"og:locale\" content=\"es_ES\" \/>\n<meta property=\"og:type\" content=\"article\" \/>\n<meta property=\"og:title\" content=\"Dispensador Autom\u00e1tico - ProdekInc\" \/>\n<meta property=\"og:description\" content=\"Utilizado en la preparaci\u00f3n de muestra est\u00e1ndar, como bomba de nutrientes para agentes biol\u00f3gicos, en an\u00e1lisis de suelos, agilizando la dispensaci\u00f3n de al\u00edcuotas de volumen configurable.   Dispensador de motor sin escobillas, sin mantenimiento.  Sistema de alimentaci\u00f3n autom\u00e1tico bivolt.  F\u00e1cil control de los par\u00e1metros, lo que permite al analista ajustar de forma r\u00e1pida y precisa a trav\u00e9s del sistema de calibraci\u00f3n anterior de la bomba.  Tiene un indicador del volumen total dispensado al final de los procesos.  F\u00e1cil calibraci\u00f3n del volumen a dosificar.  Aplicaciones: industria Az\u00facar y Etanol, Alimentos y Bebidas, Agua y Efluentes, Plantas y Suelos, Farmac\u00e9utica, Microbiolog\u00eda y Biotecnolog\u00eda, Qu\u00edmica y Petroqu\u00edmica.\" \/>\n<meta property=\"og:url\" content=\"https:\/\/prodekinc.com\/es\/producto\/dispensador-automatico\/\" \/>\n<meta property=\"og:site_name\" content=\"ProdekInc\" \/>\n<meta property=\"article:modified_time\" content=\"2024-03-15T21:19:26+00:00\" \/>\n<meta property=\"og:image\" content=\"https:\/\/prodekinc.com\/wp-content\/uploads\/dispensador-automatico.jpg\" \/>\n\t<meta property=\"og:image:width\" content=\"624\" \/>\n\t<meta property=\"og:image:height\" content=\"624\" \/>\n\t<meta property=\"og:image:type\" content=\"image\/jpeg\" \/>\n<meta name=\"twitter:card\" content=\"summary_large_image\" \/>\n<script type=\"application\/ld+json\" class=\"yoast-schema-graph\">{\"@context\":\"https:\/\/schema.org\",\"@graph\":[{\"@type\":\"WebPage\",\"@id\":\"https:\/\/prodekinc.com\/es\/producto\/dispensador-automatico\/\",\"url\":\"https:\/\/prodekinc.com\/es\/producto\/dispensador-automatico\/\",\"name\":\"Dispensador Autom\u00e1tico - ProdekInc\",\"isPartOf\":{\"@id\":\"https:\/\/prodekinc.com\/es\/#website\"},\"primaryImageOfPage\":{\"@id\":\"https:\/\/prodekinc.com\/es\/producto\/dispensador-automatico\/#primaryimage\"},\"image\":{\"@id\":\"https:\/\/prodekinc.com\/es\/producto\/dispensador-automatico\/#primaryimage\"},\"thumbnailUrl\":\"https:\/\/prodekinc.com\/wp-content\/uploads\/dispensador-automatico.jpg\",\"datePublished\":\"2022-03-08T00:25:27+00:00\",\"dateModified\":\"2024-03-15T21:19:26+00:00\",\"breadcrumb\":{\"@id\":\"https:\/\/prodekinc.com\/es\/producto\/dispensador-automatico\/#breadcrumb\"},\"inLanguage\":\"es\",\"potentialAction\":[{\"@type\":\"ReadAction\",\"target\":[\"https:\/\/prodekinc.com\/es\/producto\/dispensador-automatico\/\"]}]},{\"@type\":\"ImageObject\",\"inLanguage\":\"es\",\"@id\":\"https:\/\/prodekinc.com\/es\/producto\/dispensador-automatico\/#primaryimage\",\"url\":\"https:\/\/prodekinc.com\/wp-content\/uploads\/dispensador-automatico.jpg\",\"contentUrl\":\"https:\/\/prodekinc.com\/wp-content\/uploads\/dispensador-automatico.jpg\",\"width\":624,\"height\":624},{\"@type\":\"BreadcrumbList\",\"@id\":\"https:\/\/prodekinc.com\/es\/producto\/dispensador-automatico\/#breadcrumb\",\"itemListElement\":[{\"@type\":\"ListItem\",\"position\":1,\"name\":\"Portada\",\"item\":\"https:\/\/prodekinc.com\/es\/\"},{\"@type\":\"ListItem\",\"position\":2,\"name\":\"Tienda\",\"item\":\"https:\/\/prodekinc.com\/tienda\/\"},{\"@type\":\"ListItem\",\"position\":3,\"name\":\"Dispensador Autom\u00e1tico\"}]},{\"@type\":\"WebSite\",\"@id\":\"https:\/\/prodekinc.com\/es\/#website\",\"url\":\"https:\/\/prodekinc.com\/es\/\",\"name\":\"ProdekInc\",\"description\":\"\",\"publisher\":{\"@id\":\"https:\/\/prodekinc.com\/es\/#organization\"},\"potentialAction\":[{\"@type\":\"SearchAction\",\"target\":{\"@type\":\"EntryPoint\",\"urlTemplate\":\"https:\/\/prodekinc.com\/es\/?s={search_term_string}\"},\"query-input\":{\"@type\":\"PropertyValueSpecification\",\"valueRequired\":true,\"valueName\":\"search_term_string\"}}],\"inLanguage\":\"es\"},{\"@type\":\"Organization\",\"@id\":\"https:\/\/prodekinc.com\/es\/#organization\",\"name\":\"ProdekInc\",\"url\":\"https:\/\/prodekinc.com\/es\/\",\"logo\":{\"@type\":\"ImageObject\",\"inLanguage\":\"es\",\"@id\":\"https:\/\/prodekinc.com\/es\/#\/schema\/logo\/image\/\",\"url\":\"https:\/\/prodekinc.com\/wp-content\/uploads\/logo-footer.svg\",\"contentUrl\":\"https:\/\/prodekinc.com\/wp-content\/uploads\/logo-footer.svg\",\"width\":235.5,\"height\":155.2,\"caption\":\"ProdekInc\"},\"image\":{\"@id\":\"https:\/\/prodekinc.com\/es\/#\/schema\/logo\/image\/\"}}]}<\/script>\n<!-- \/ Yoast SEO plugin. -->","yoast_head_json":{"title":"Dispensador Autom\u00e1tico - ProdekInc","robots":{"index":"index","follow":"follow","max-snippet":"max-snippet:-1","max-image-preview":"max-image-preview:large","max-video-preview":"max-video-preview:-1"},"canonical":"https:\/\/prodekinc.com\/es\/producto\/dispensador-automatico\/","og_locale":"es_ES","og_type":"article","og_title":"Dispensador Autom\u00e1tico - ProdekInc","og_description":"Utilizado en la preparaci\u00f3n de muestra est\u00e1ndar, como bomba de nutrientes para agentes biol\u00f3gicos, en an\u00e1lisis de suelos, agilizando la dispensaci\u00f3n de al\u00edcuotas de volumen configurable.   Dispensador de motor sin escobillas, sin mantenimiento.  Sistema de alimentaci\u00f3n autom\u00e1tico bivolt.  F\u00e1cil control de los par\u00e1metros, lo que permite al analista ajustar de forma r\u00e1pida y precisa a trav\u00e9s del sistema de calibraci\u00f3n anterior de la bomba.  Tiene un indicador del volumen total dispensado al final de los procesos.  F\u00e1cil calibraci\u00f3n del volumen a dosificar.  Aplicaciones: industria Az\u00facar y Etanol, Alimentos y Bebidas, Agua y Efluentes, Plantas y Suelos, Farmac\u00e9utica, Microbiolog\u00eda y Biotecnolog\u00eda, Qu\u00edmica y Petroqu\u00edmica.","og_url":"https:\/\/prodekinc.com\/es\/producto\/dispensador-automatico\/","og_site_name":"ProdekInc","article_modified_time":"2024-03-15T21:19:26+00:00","og_image":[{"width":624,"height":624,"url":"https:\/\/prodekinc.com\/wp-content\/uploads\/dispensador-automatico.jpg","type":"image\/jpeg"}],"twitter_card":"summary_large_image","schema":{"@context":"https:\/\/schema.org","@graph":[{"@type":"WebPage","@id":"https:\/\/prodekinc.com\/es\/producto\/dispensador-automatico\/","url":"https:\/\/prodekinc.com\/es\/producto\/dispensador-automatico\/","name":"Dispensador Autom\u00e1tico - ProdekInc","isPartOf":{"@id":"https:\/\/prodekinc.com\/es\/#website"},"primaryImageOfPage":{"@id":"https:\/\/prodekinc.com\/es\/producto\/dispensador-automatico\/#primaryimage"},"image":{"@id":"https:\/\/prodekinc.com\/es\/producto\/dispensador-automatico\/#primaryimage"},"thumbnailUrl":"https:\/\/prodekinc.com\/wp-content\/uploads\/dispensador-automatico.jpg","datePublished":"2022-03-08T00:25:27+00:00","dateModified":"2024-03-15T21:19:26+00:00","breadcrumb":{"@id":"https:\/\/prodekinc.com\/es\/producto\/dispensador-automatico\/#breadcrumb"},"inLanguage":"es","potentialAction":[{"@type":"ReadAction","target":["https:\/\/prodekinc.com\/es\/producto\/dispensador-automatico\/"]}]},{"@type":"ImageObject","inLanguage":"es","@id":"https:\/\/prodekinc.com\/es\/producto\/dispensador-automatico\/#primaryimage","url":"https:\/\/prodekinc.com\/wp-content\/uploads\/dispensador-automatico.jpg","contentUrl":"https:\/\/prodekinc.com\/wp-content\/uploads\/dispensador-automatico.jpg","width":624,"height":624},{"@type":"BreadcrumbList","@id":"https:\/\/prodekinc.com\/es\/producto\/dispensador-automatico\/#breadcrumb","itemListElement":[{"@type":"ListItem","position":1,"name":"Portada","item":"https:\/\/prodekinc.com\/es\/"},{"@type":"ListItem","position":2,"name":"Tienda","item":"https:\/\/prodekinc.com\/tienda\/"},{"@type":"ListItem","position":3,"name":"Dispensador Autom\u00e1tico"}]},{"@type":"WebSite","@id":"https:\/\/prodekinc.com\/es\/#website","url":"https:\/\/prodekinc.com\/es\/","name":"ProdekInc","description":"","publisher":{"@id":"https:\/\/prodekinc.com\/es\/#organization"},"potentialAction":[{"@type":"SearchAction","target":{"@type":"EntryPoint","urlTemplate":"https:\/\/prodekinc.com\/es\/?s={search_term_string}"},"query-input":{"@type":"PropertyValueSpecification","valueRequired":true,"valueName":"search_term_string"}}],"inLanguage":"es"},{"@type":"Organization","@id":"https:\/\/prodekinc.com\/es\/#organization","name":"ProdekInc","url":"https:\/\/prodekinc.com\/es\/","logo":{"@type":"ImageObject","inLanguage":"es","@id":"https:\/\/prodekinc.com\/es\/#\/schema\/logo\/image\/","url":"https:\/\/prodekinc.com\/wp-content\/uploads\/logo-footer.svg","contentUrl":"https:\/\/prodekinc.com\/wp-content\/uploads\/logo-footer.svg","width":235.5,"height":155.2,"caption":"ProdekInc"},"image":{"@id":"https:\/\/prodekinc.com\/es\/#\/schema\/logo\/image\/"}}]}},"_links":{"self":[{"href":"https:\/\/prodekinc.com\/es\/wp-json\/wp\/v2\/product\/2100","targetHints":{"allow":["GET"]}}],"collection":[{"href":"https:\/\/prodekinc.com\/es\/wp-json\/wp\/v2\/product"}],"about":[{"href":"https:\/\/prodekinc.com\/es\/wp-json\/wp\/v2\/types\/product"}],"replies":[{"embeddable":true,"href":"https:\/\/prodekinc.com\/es\/wp-json\/wp\/v2\/comments?post=2100"}],"version-history":[{"count":0,"href":"https:\/\/prodekinc.com\/es\/wp-json\/wp\/v2\/product\/2100\/revisions"}],"wp:featuredmedia":[{"embeddable":true,"href":"https:\/\/prodekinc.com\/es\/wp-json\/wp\/v2\/media\/6339"}],"wp:attachment":[{"href":"https:\/\/prodekinc.com\/es\/wp-json\/wp\/v2\/media?parent=2100"}],"wp:term":[{"taxonomy":"product_brand","embeddable":true,"href":"https:\/\/prodekinc.com\/es\/wp-json\/wp\/v2\/product_brand?post=2100"},{"taxonomy":"product_cat","embeddable":true,"href":"https:\/\/prodekinc.com\/es\/wp-json\/wp\/v2\/product_cat?post=2100"},{"taxonomy":"product_tag","embeddable":true,"href":"https:\/\/prodekinc.com\/es\/wp-json\/wp\/v2\/product_tag?post=2100"}],"curies":[{"name":"wp","href":"https:\/\/api.w.org\/{rel}","templated":true}]}}