{"id":2095,"date":"2022-03-07T18:20:35","date_gmt":"2022-03-08T00:20:35","guid":{"rendered":"https:\/\/prodekinc.com\/?post_type=product&#038;p=2095"},"modified":"2024-03-15T15:05:54","modified_gmt":"2024-03-15T21:05:54","slug":"scrubber-seco","status":"publish","type":"product","link":"https:\/\/prodekinc.com\/es\/producto\/scrubber-seco\/","title":{"rendered":"Scrubber Seco"},"content":{"rendered":"","protected":false},"excerpt":{"rendered":"<p>Se utiliza para neutralizar y diluir gases y vapores \u00e1cidos producidos durante digestiones oxidativas (excepto n\u00edtrico-percl\u00f3rico) o procesos similares.<\/p>\n<ul>\n<li>Garantiza una mayor seguridad para el analista y el medio ambiente al neutralizar los gases y vapores generados antes de su eliminaci\u00f3n \/ expulsi\u00f3n.<\/li>\n<li>F\u00e1cil manejo y operaci\u00f3n.<\/li>\n<li>Equipo vers\u00e1til adecuado para su uso con un micro o macro bloque digestor.<\/li>\n<li>Botella neutralizante extra\u00edble que facilita la reposici\u00f3n del agente neutralizante y la recogida de condensado.<\/li>\n<li>Equipo silencioso en comparaci\u00f3n con modelos similares.<\/li>\n<li>Genera ahorros de agua si se usa junto con un ba\u00f1o termostatizado.<\/li>\n<li>Equipo compacto que ocupa poco espacio en la mesa.<\/li>\n<li>Equipo en acero al carbono con pintura electrost\u00e1tica y tratamiento anticorrosivo que aporta alta resistencia y f\u00e1cil asepsia.<\/li>\n<\/ul>\n<p>Aplicaciones: industria Alimentos y Bebidas, Agua y Efluentes, Plantas y Suelos, Microbiolog\u00eda y Biotecnolog\u00eda, Qu\u00edmica y Petroqu\u00edmica.<\/p>\n","protected":false},"featured_media":6326,"comment_status":"open","ping_status":"closed","template":"","meta":{"site-sidebar-layout":"default","site-content-layout":"default","ast-site-content-layout":"default","site-content-style":"default","site-sidebar-style":"default","ast-global-header-display":"","ast-banner-title-visibility":"","ast-main-header-display":"","ast-hfb-above-header-display":"","ast-hfb-below-header-display":"","ast-hfb-mobile-header-display":"","site-post-title":"","ast-breadcrumbs-content":"","ast-featured-img":"","footer-sml-layout":"","ast-disable-related-posts":"","theme-transparent-header-meta":"default","adv-header-id-meta":"","stick-header-meta":"default","header-above-stick-meta":"","header-main-stick-meta":"","header-below-stick-meta":"","astra-migrate-meta-layouts":"default","ast-page-background-enabled":"default","ast-page-background-meta":{"desktop":{"background-color":"var(--ast-global-color-4)","background-image":"","background-repeat":"repeat","background-position":"center center","background-size":"auto","background-attachment":"scroll","background-type":"","background-media":"","overlay-type":"","overlay-color":"","overlay-opacity":"","overlay-gradient":""},"tablet":{"background-color":"","background-image":"","background-repeat":"repeat","background-position":"center center","background-size":"auto","background-attachment":"scroll","background-type":"","background-media":"","overlay-type":"","overlay-color":"","overlay-opacity":"","overlay-gradient":""},"mobile":{"background-color":"","background-image":"","background-repeat":"repeat","background-position":"center center","background-size":"auto","background-attachment":"scroll","background-type":"","background-media":"","overlay-type":"","overlay-color":"","overlay-opacity":"","overlay-gradient":""}},"ast-content-background-meta":{"desktop":{"background-color":"var(--ast-global-color-5)","background-image":"","background-repeat":"repeat","background-position":"center center","background-size":"auto","background-attachment":"scroll","background-type":"","background-media":"","overlay-type":"","overlay-color":"","overlay-opacity":"","overlay-gradient":""},"tablet":{"background-color":"var(--ast-global-color-5)","background-image":"","background-repeat":"repeat","background-position":"center center","background-size":"auto","background-attachment":"scroll","background-type":"","background-media":"","overlay-type":"","overlay-color":"","overlay-opacity":"","overlay-gradient":""},"mobile":{"background-color":"var(--ast-global-color-5)","background-image":"","background-repeat":"repeat","background-position":"center center","background-size":"auto","background-attachment":"scroll","background-type":"","background-media":"","overlay-type":"","overlay-color":"","overlay-opacity":"","overlay-gradient":""}}},"product_brand":[],"product_cat":[33],"product_tag":[],"class_list":{"0":"post-2095","1":"product","2":"type-product","3":"status-publish","4":"has-post-thumbnail","6":"product_cat-equipos-de-laboratorio","7":"desktop-align-left","8":"tablet-align-left","9":"mobile-align-left","10":"ast-product-gallery-layout-horizontal","11":"ast-product-gallery-with-no-image","12":"ast-product-tabs-layout-horizontal","14":"first","15":"instock","16":"shipping-taxable","17":"product-type-simple"},"yoast_head":"<!-- This site is optimized with the Yoast SEO plugin v27.2 - https:\/\/yoast.com\/product\/yoast-seo-wordpress\/ -->\n<title>Scrubber Seco - ProdekInc<\/title>\n<meta name=\"robots\" content=\"index, follow, max-snippet:-1, max-image-preview:large, max-video-preview:-1\" \/>\n<link rel=\"canonical\" href=\"https:\/\/prodekinc.com\/es\/producto\/scrubber-seco\/\" \/>\n<meta property=\"og:locale\" content=\"es_ES\" \/>\n<meta property=\"og:type\" content=\"article\" \/>\n<meta property=\"og:title\" content=\"Scrubber Seco - ProdekInc\" \/>\n<meta property=\"og:description\" content=\"Se utiliza para neutralizar y diluir gases y vapores \u00e1cidos producidos durante digestiones oxidativas (excepto n\u00edtrico-percl\u00f3rico) o procesos similares.   Garantiza una mayor seguridad para el analista y el medio ambiente al neutralizar los gases y vapores generados antes de su eliminaci\u00f3n \/ expulsi\u00f3n.  F\u00e1cil manejo y operaci\u00f3n.  Equipo vers\u00e1til adecuado para su uso con un micro o macro bloque digestor.  Botella neutralizante extra\u00edble que facilita la reposici\u00f3n del agente neutralizante y la recogida de condensado.  Equipo silencioso en comparaci\u00f3n con modelos similares.  Genera ahorros de agua si se usa junto con un ba\u00f1o termostatizado.  Equipo compacto que ocupa poco espacio en la mesa.  Equipo en acero al carbono con pintura electrost\u00e1tica y tratamiento anticorrosivo que aporta alta resistencia y f\u00e1cil asepsia.  Aplicaciones: industria Alimentos y Bebidas, Agua y Efluentes, Plantas y Suelos, Microbiolog\u00eda y Biotecnolog\u00eda, Qu\u00edmica y Petroqu\u00edmica.\" \/>\n<meta property=\"og:url\" content=\"https:\/\/prodekinc.com\/es\/producto\/scrubber-seco\/\" \/>\n<meta property=\"og:site_name\" content=\"ProdekInc\" \/>\n<meta property=\"article:modified_time\" content=\"2024-03-15T21:05:54+00:00\" \/>\n<meta property=\"og:image\" content=\"https:\/\/prodekinc.com\/wp-content\/uploads\/scrubber-seco.jpg\" \/>\n\t<meta property=\"og:image:width\" content=\"468\" \/>\n\t<meta property=\"og:image:height\" content=\"468\" \/>\n\t<meta property=\"og:image:type\" content=\"image\/jpeg\" \/>\n<meta name=\"twitter:card\" content=\"summary_large_image\" \/>\n<script type=\"application\/ld+json\" class=\"yoast-schema-graph\">{\"@context\":\"https:\/\/schema.org\",\"@graph\":[{\"@type\":\"WebPage\",\"@id\":\"https:\/\/prodekinc.com\/es\/producto\/scrubber-seco\/\",\"url\":\"https:\/\/prodekinc.com\/es\/producto\/scrubber-seco\/\",\"name\":\"Scrubber Seco - ProdekInc\",\"isPartOf\":{\"@id\":\"https:\/\/prodekinc.com\/es\/#website\"},\"primaryImageOfPage\":{\"@id\":\"https:\/\/prodekinc.com\/es\/producto\/scrubber-seco\/#primaryimage\"},\"image\":{\"@id\":\"https:\/\/prodekinc.com\/es\/producto\/scrubber-seco\/#primaryimage\"},\"thumbnailUrl\":\"https:\/\/prodekinc.com\/wp-content\/uploads\/scrubber-seco.jpg\",\"datePublished\":\"2022-03-08T00:20:35+00:00\",\"dateModified\":\"2024-03-15T21:05:54+00:00\",\"breadcrumb\":{\"@id\":\"https:\/\/prodekinc.com\/es\/producto\/scrubber-seco\/#breadcrumb\"},\"inLanguage\":\"es\",\"potentialAction\":[{\"@type\":\"ReadAction\",\"target\":[\"https:\/\/prodekinc.com\/es\/producto\/scrubber-seco\/\"]}]},{\"@type\":\"ImageObject\",\"inLanguage\":\"es\",\"@id\":\"https:\/\/prodekinc.com\/es\/producto\/scrubber-seco\/#primaryimage\",\"url\":\"https:\/\/prodekinc.com\/wp-content\/uploads\/scrubber-seco.jpg\",\"contentUrl\":\"https:\/\/prodekinc.com\/wp-content\/uploads\/scrubber-seco.jpg\",\"width\":468,\"height\":468},{\"@type\":\"BreadcrumbList\",\"@id\":\"https:\/\/prodekinc.com\/es\/producto\/scrubber-seco\/#breadcrumb\",\"itemListElement\":[{\"@type\":\"ListItem\",\"position\":1,\"name\":\"Portada\",\"item\":\"https:\/\/prodekinc.com\/es\/\"},{\"@type\":\"ListItem\",\"position\":2,\"name\":\"Tienda\",\"item\":\"https:\/\/prodekinc.com\/tienda\/\"},{\"@type\":\"ListItem\",\"position\":3,\"name\":\"Scrubber Seco\"}]},{\"@type\":\"WebSite\",\"@id\":\"https:\/\/prodekinc.com\/es\/#website\",\"url\":\"https:\/\/prodekinc.com\/es\/\",\"name\":\"ProdekInc\",\"description\":\"\",\"publisher\":{\"@id\":\"https:\/\/prodekinc.com\/es\/#organization\"},\"potentialAction\":[{\"@type\":\"SearchAction\",\"target\":{\"@type\":\"EntryPoint\",\"urlTemplate\":\"https:\/\/prodekinc.com\/es\/?s={search_term_string}\"},\"query-input\":{\"@type\":\"PropertyValueSpecification\",\"valueRequired\":true,\"valueName\":\"search_term_string\"}}],\"inLanguage\":\"es\"},{\"@type\":\"Organization\",\"@id\":\"https:\/\/prodekinc.com\/es\/#organization\",\"name\":\"ProdekInc\",\"url\":\"https:\/\/prodekinc.com\/es\/\",\"logo\":{\"@type\":\"ImageObject\",\"inLanguage\":\"es\",\"@id\":\"https:\/\/prodekinc.com\/es\/#\/schema\/logo\/image\/\",\"url\":\"https:\/\/prodekinc.com\/wp-content\/uploads\/logo-footer.svg\",\"contentUrl\":\"https:\/\/prodekinc.com\/wp-content\/uploads\/logo-footer.svg\",\"width\":235.5,\"height\":155.2,\"caption\":\"ProdekInc\"},\"image\":{\"@id\":\"https:\/\/prodekinc.com\/es\/#\/schema\/logo\/image\/\"}}]}<\/script>\n<!-- \/ Yoast SEO plugin. -->","yoast_head_json":{"title":"Scrubber Seco - ProdekInc","robots":{"index":"index","follow":"follow","max-snippet":"max-snippet:-1","max-image-preview":"max-image-preview:large","max-video-preview":"max-video-preview:-1"},"canonical":"https:\/\/prodekinc.com\/es\/producto\/scrubber-seco\/","og_locale":"es_ES","og_type":"article","og_title":"Scrubber Seco - ProdekInc","og_description":"Se utiliza para neutralizar y diluir gases y vapores \u00e1cidos producidos durante digestiones oxidativas (excepto n\u00edtrico-percl\u00f3rico) o procesos similares.   Garantiza una mayor seguridad para el analista y el medio ambiente al neutralizar los gases y vapores generados antes de su eliminaci\u00f3n \/ expulsi\u00f3n.  F\u00e1cil manejo y operaci\u00f3n.  Equipo vers\u00e1til adecuado para su uso con un micro o macro bloque digestor.  Botella neutralizante extra\u00edble que facilita la reposici\u00f3n del agente neutralizante y la recogida de condensado.  Equipo silencioso en comparaci\u00f3n con modelos similares.  Genera ahorros de agua si se usa junto con un ba\u00f1o termostatizado.  Equipo compacto que ocupa poco espacio en la mesa.  Equipo en acero al carbono con pintura electrost\u00e1tica y tratamiento anticorrosivo que aporta alta resistencia y f\u00e1cil asepsia.  Aplicaciones: industria Alimentos y Bebidas, Agua y Efluentes, Plantas y Suelos, Microbiolog\u00eda y Biotecnolog\u00eda, Qu\u00edmica y Petroqu\u00edmica.","og_url":"https:\/\/prodekinc.com\/es\/producto\/scrubber-seco\/","og_site_name":"ProdekInc","article_modified_time":"2024-03-15T21:05:54+00:00","og_image":[{"width":468,"height":468,"url":"https:\/\/prodekinc.com\/wp-content\/uploads\/scrubber-seco.jpg","type":"image\/jpeg"}],"twitter_card":"summary_large_image","schema":{"@context":"https:\/\/schema.org","@graph":[{"@type":"WebPage","@id":"https:\/\/prodekinc.com\/es\/producto\/scrubber-seco\/","url":"https:\/\/prodekinc.com\/es\/producto\/scrubber-seco\/","name":"Scrubber Seco - ProdekInc","isPartOf":{"@id":"https:\/\/prodekinc.com\/es\/#website"},"primaryImageOfPage":{"@id":"https:\/\/prodekinc.com\/es\/producto\/scrubber-seco\/#primaryimage"},"image":{"@id":"https:\/\/prodekinc.com\/es\/producto\/scrubber-seco\/#primaryimage"},"thumbnailUrl":"https:\/\/prodekinc.com\/wp-content\/uploads\/scrubber-seco.jpg","datePublished":"2022-03-08T00:20:35+00:00","dateModified":"2024-03-15T21:05:54+00:00","breadcrumb":{"@id":"https:\/\/prodekinc.com\/es\/producto\/scrubber-seco\/#breadcrumb"},"inLanguage":"es","potentialAction":[{"@type":"ReadAction","target":["https:\/\/prodekinc.com\/es\/producto\/scrubber-seco\/"]}]},{"@type":"ImageObject","inLanguage":"es","@id":"https:\/\/prodekinc.com\/es\/producto\/scrubber-seco\/#primaryimage","url":"https:\/\/prodekinc.com\/wp-content\/uploads\/scrubber-seco.jpg","contentUrl":"https:\/\/prodekinc.com\/wp-content\/uploads\/scrubber-seco.jpg","width":468,"height":468},{"@type":"BreadcrumbList","@id":"https:\/\/prodekinc.com\/es\/producto\/scrubber-seco\/#breadcrumb","itemListElement":[{"@type":"ListItem","position":1,"name":"Portada","item":"https:\/\/prodekinc.com\/es\/"},{"@type":"ListItem","position":2,"name":"Tienda","item":"https:\/\/prodekinc.com\/tienda\/"},{"@type":"ListItem","position":3,"name":"Scrubber Seco"}]},{"@type":"WebSite","@id":"https:\/\/prodekinc.com\/es\/#website","url":"https:\/\/prodekinc.com\/es\/","name":"ProdekInc","description":"","publisher":{"@id":"https:\/\/prodekinc.com\/es\/#organization"},"potentialAction":[{"@type":"SearchAction","target":{"@type":"EntryPoint","urlTemplate":"https:\/\/prodekinc.com\/es\/?s={search_term_string}"},"query-input":{"@type":"PropertyValueSpecification","valueRequired":true,"valueName":"search_term_string"}}],"inLanguage":"es"},{"@type":"Organization","@id":"https:\/\/prodekinc.com\/es\/#organization","name":"ProdekInc","url":"https:\/\/prodekinc.com\/es\/","logo":{"@type":"ImageObject","inLanguage":"es","@id":"https:\/\/prodekinc.com\/es\/#\/schema\/logo\/image\/","url":"https:\/\/prodekinc.com\/wp-content\/uploads\/logo-footer.svg","contentUrl":"https:\/\/prodekinc.com\/wp-content\/uploads\/logo-footer.svg","width":235.5,"height":155.2,"caption":"ProdekInc"},"image":{"@id":"https:\/\/prodekinc.com\/es\/#\/schema\/logo\/image\/"}}]}},"_links":{"self":[{"href":"https:\/\/prodekinc.com\/es\/wp-json\/wp\/v2\/product\/2095","targetHints":{"allow":["GET"]}}],"collection":[{"href":"https:\/\/prodekinc.com\/es\/wp-json\/wp\/v2\/product"}],"about":[{"href":"https:\/\/prodekinc.com\/es\/wp-json\/wp\/v2\/types\/product"}],"replies":[{"embeddable":true,"href":"https:\/\/prodekinc.com\/es\/wp-json\/wp\/v2\/comments?post=2095"}],"version-history":[{"count":0,"href":"https:\/\/prodekinc.com\/es\/wp-json\/wp\/v2\/product\/2095\/revisions"}],"wp:featuredmedia":[{"embeddable":true,"href":"https:\/\/prodekinc.com\/es\/wp-json\/wp\/v2\/media\/6326"}],"wp:attachment":[{"href":"https:\/\/prodekinc.com\/es\/wp-json\/wp\/v2\/media?parent=2095"}],"wp:term":[{"taxonomy":"product_brand","embeddable":true,"href":"https:\/\/prodekinc.com\/es\/wp-json\/wp\/v2\/product_brand?post=2095"},{"taxonomy":"product_cat","embeddable":true,"href":"https:\/\/prodekinc.com\/es\/wp-json\/wp\/v2\/product_cat?post=2095"},{"taxonomy":"product_tag","embeddable":true,"href":"https:\/\/prodekinc.com\/es\/wp-json\/wp\/v2\/product_tag?post=2095"}],"curies":[{"name":"wp","href":"https:\/\/api.w.org\/{rel}","templated":true}]}}