{"id":1899,"date":"2022-03-07T10:27:21","date_gmt":"2022-03-07T16:27:21","guid":{"rendered":"https:\/\/prodekinc.com\/?post_type=product&#038;p=1899"},"modified":"2022-03-07T10:28:39","modified_gmt":"2022-03-07T16:28:39","slug":"deshidratador-de-almidon-y-secador-flash","status":"publish","type":"product","link":"https:\/\/prodekinc.com\/es\/producto\/deshidratador-de-almidon-y-secador-flash\/","title":{"rendered":"Deshidratador de almid\u00f3n y secador flash"},"content":{"rendered":"","protected":false},"excerpt":{"rendered":"<ul>\n<li>Despu\u00e9s que la torta de almid\u00f3n es procesada por la unidad del sistema de deshidrataci\u00f3n, la misma se seca con un secador instant\u00e1neo tipo \u201cflash\u201d.\n<ul>\n<li>La torta de almid\u00f3n h\u00fameda deshidratada (con o sin circulaci\u00f3n) se alimenta al molino \u201ckicker\u201d.<\/li>\n<li>El aire se calienta en la caja calefactora mediante vapor.<\/li>\n<li>El almid\u00f3n seco y el aire se separan en ciclones.<\/li>\n<li>El aire se elimina a trav\u00e9s del ventilador principal.<\/li>\n<li>Despu\u00e9s de pasar un tamiz de control, el almid\u00f3n seco (como producto final) est\u00e1 listo para almacenar y empacar.<\/li>\n<\/ul>\n<\/li>\n<\/ul>\n","protected":false},"featured_media":1873,"comment_status":"open","ping_status":"closed","template":"","meta":{"site-sidebar-layout":"no-sidebar","site-content-layout":"page-builder","ast-site-content-layout":"default","site-content-style":"default","site-sidebar-style":"default","ast-global-header-display":"","ast-banner-title-visibility":"","ast-main-header-display":"","ast-hfb-above-header-display":"","ast-hfb-below-header-display":"","ast-hfb-mobile-header-display":"","site-post-title":"disabled","ast-breadcrumbs-content":"","ast-featured-img":"disabled","footer-sml-layout":"","ast-disable-related-posts":"","theme-transparent-header-meta":"","adv-header-id-meta":"","stick-header-meta":"","header-above-stick-meta":"","header-main-stick-meta":"","header-below-stick-meta":"","astra-migrate-meta-layouts":"default","ast-page-background-enabled":"default","ast-page-background-meta":{"desktop":{"background-color":"var(--ast-global-color-4)","background-image":"","background-repeat":"repeat","background-position":"center center","background-size":"auto","background-attachment":"scroll","background-type":"","background-media":"","overlay-type":"","overlay-color":"","overlay-opacity":"","overlay-gradient":""},"tablet":{"background-color":"","background-image":"","background-repeat":"repeat","background-position":"center center","background-size":"auto","background-attachment":"scroll","background-type":"","background-media":"","overlay-type":"","overlay-color":"","overlay-opacity":"","overlay-gradient":""},"mobile":{"background-color":"","background-image":"","background-repeat":"repeat","background-position":"center center","background-size":"auto","background-attachment":"scroll","background-type":"","background-media":"","overlay-type":"","overlay-color":"","overlay-opacity":"","overlay-gradient":""}},"ast-content-background-meta":{"desktop":{"background-color":"var(--ast-global-color-5)","background-image":"","background-repeat":"repeat","background-position":"center center","background-size":"auto","background-attachment":"scroll","background-type":"","background-media":"","overlay-type":"","overlay-color":"","overlay-opacity":"","overlay-gradient":""},"tablet":{"background-color":"var(--ast-global-color-5)","background-image":"","background-repeat":"repeat","background-position":"center center","background-size":"auto","background-attachment":"scroll","background-type":"","background-media":"","overlay-type":"","overlay-color":"","overlay-opacity":"","overlay-gradient":""},"mobile":{"background-color":"var(--ast-global-color-5)","background-image":"","background-repeat":"repeat","background-position":"center center","background-size":"auto","background-attachment":"scroll","background-type":"","background-media":"","overlay-type":"","overlay-color":"","overlay-opacity":"","overlay-gradient":""}}},"product_brand":[],"product_cat":[29],"product_tag":[],"class_list":{"0":"post-1899","1":"product","2":"type-product","3":"status-publish","4":"has-post-thumbnail","6":"product_cat-almidon-y-edulcorantes","7":"desktop-align-left","8":"tablet-align-left","9":"mobile-align-left","10":"ast-product-gallery-layout-horizontal","11":"ast-product-gallery-with-no-image","12":"ast-product-tabs-layout-horizontal","14":"first","15":"instock","16":"shipping-taxable","17":"product-type-simple"},"yoast_head":"<!-- This site is optimized with the Yoast SEO plugin v27.2 - https:\/\/yoast.com\/product\/yoast-seo-wordpress\/ -->\n<title>Deshidratador de almid\u00f3n y secador flash - ProdekInc<\/title>\n<meta name=\"robots\" content=\"index, follow, max-snippet:-1, max-image-preview:large, max-video-preview:-1\" \/>\n<link rel=\"canonical\" href=\"https:\/\/prodekinc.com\/es\/producto\/deshidratador-de-almidon-y-secador-flash\/\" \/>\n<meta property=\"og:locale\" content=\"es_ES\" \/>\n<meta property=\"og:type\" content=\"article\" \/>\n<meta property=\"og:title\" content=\"Deshidratador de almid\u00f3n y secador flash - ProdekInc\" \/>\n<meta property=\"og:description\" content=\"Despu\u00e9s que la torta de almid\u00f3n es procesada por la unidad del sistema de deshidrataci\u00f3n, la misma se seca con un secador instant\u00e1neo tipo \u201cflash\u201d.   La torta de almid\u00f3n h\u00fameda deshidratada (con o sin circulaci\u00f3n) se alimenta al molino \u201ckicker\u201d.  El aire se calienta en la caja calefactora mediante vapor.  El almid\u00f3n seco y el aire se separan en ciclones.  El aire se elimina a trav\u00e9s del ventilador principal.  Despu\u00e9s de pasar un tamiz de control, el almid\u00f3n seco (como producto final) est\u00e1 listo para almacenar y empacar.\" \/>\n<meta property=\"og:url\" content=\"https:\/\/prodekinc.com\/es\/producto\/deshidratador-de-almidon-y-secador-flash\/\" \/>\n<meta property=\"og:site_name\" content=\"ProdekInc\" \/>\n<meta property=\"article:modified_time\" content=\"2022-03-07T16:28:39+00:00\" \/>\n<meta property=\"og:image\" content=\"https:\/\/prodekinc.com\/wp-content\/uploads\/Deshidratador-de-almidon-y-secador-flash.jpg\" \/>\n\t<meta property=\"og:image:width\" content=\"988\" \/>\n\t<meta property=\"og:image:height\" content=\"662\" \/>\n\t<meta property=\"og:image:type\" content=\"image\/jpeg\" \/>\n<meta name=\"twitter:card\" content=\"summary_large_image\" \/>\n<script type=\"application\/ld+json\" class=\"yoast-schema-graph\">{\"@context\":\"https:\/\/schema.org\",\"@graph\":[{\"@type\":\"WebPage\",\"@id\":\"https:\/\/prodekinc.com\/es\/producto\/deshidratador-de-almidon-y-secador-flash\/\",\"url\":\"https:\/\/prodekinc.com\/es\/producto\/deshidratador-de-almidon-y-secador-flash\/\",\"name\":\"Deshidratador de almid\u00f3n y secador flash - ProdekInc\",\"isPartOf\":{\"@id\":\"https:\/\/prodekinc.com\/es\/#website\"},\"primaryImageOfPage\":{\"@id\":\"https:\/\/prodekinc.com\/es\/producto\/deshidratador-de-almidon-y-secador-flash\/#primaryimage\"},\"image\":{\"@id\":\"https:\/\/prodekinc.com\/es\/producto\/deshidratador-de-almidon-y-secador-flash\/#primaryimage\"},\"thumbnailUrl\":\"https:\/\/prodekinc.com\/wp-content\/uploads\/Deshidratador-de-almidon-y-secador-flash.jpg\",\"datePublished\":\"2022-03-07T16:27:21+00:00\",\"dateModified\":\"2022-03-07T16:28:39+00:00\",\"breadcrumb\":{\"@id\":\"https:\/\/prodekinc.com\/es\/producto\/deshidratador-de-almidon-y-secador-flash\/#breadcrumb\"},\"inLanguage\":\"es\",\"potentialAction\":[{\"@type\":\"ReadAction\",\"target\":[\"https:\/\/prodekinc.com\/es\/producto\/deshidratador-de-almidon-y-secador-flash\/\"]}]},{\"@type\":\"ImageObject\",\"inLanguage\":\"es\",\"@id\":\"https:\/\/prodekinc.com\/es\/producto\/deshidratador-de-almidon-y-secador-flash\/#primaryimage\",\"url\":\"https:\/\/prodekinc.com\/wp-content\/uploads\/Deshidratador-de-almidon-y-secador-flash.jpg\",\"contentUrl\":\"https:\/\/prodekinc.com\/wp-content\/uploads\/Deshidratador-de-almidon-y-secador-flash.jpg\",\"width\":988,\"height\":662},{\"@type\":\"BreadcrumbList\",\"@id\":\"https:\/\/prodekinc.com\/es\/producto\/deshidratador-de-almidon-y-secador-flash\/#breadcrumb\",\"itemListElement\":[{\"@type\":\"ListItem\",\"position\":1,\"name\":\"Portada\",\"item\":\"https:\/\/prodekinc.com\/es\/\"},{\"@type\":\"ListItem\",\"position\":2,\"name\":\"Tienda\",\"item\":\"https:\/\/prodekinc.com\/tienda\/\"},{\"@type\":\"ListItem\",\"position\":3,\"name\":\"Deshidratador de almid\u00f3n y secador flash\"}]},{\"@type\":\"WebSite\",\"@id\":\"https:\/\/prodekinc.com\/es\/#website\",\"url\":\"https:\/\/prodekinc.com\/es\/\",\"name\":\"ProdekInc\",\"description\":\"\",\"publisher\":{\"@id\":\"https:\/\/prodekinc.com\/es\/#organization\"},\"potentialAction\":[{\"@type\":\"SearchAction\",\"target\":{\"@type\":\"EntryPoint\",\"urlTemplate\":\"https:\/\/prodekinc.com\/es\/?s={search_term_string}\"},\"query-input\":{\"@type\":\"PropertyValueSpecification\",\"valueRequired\":true,\"valueName\":\"search_term_string\"}}],\"inLanguage\":\"es\"},{\"@type\":\"Organization\",\"@id\":\"https:\/\/prodekinc.com\/es\/#organization\",\"name\":\"ProdekInc\",\"url\":\"https:\/\/prodekinc.com\/es\/\",\"logo\":{\"@type\":\"ImageObject\",\"inLanguage\":\"es\",\"@id\":\"https:\/\/prodekinc.com\/es\/#\/schema\/logo\/image\/\",\"url\":\"https:\/\/prodekinc.com\/wp-content\/uploads\/logo-footer.svg\",\"contentUrl\":\"https:\/\/prodekinc.com\/wp-content\/uploads\/logo-footer.svg\",\"width\":235.5,\"height\":155.2,\"caption\":\"ProdekInc\"},\"image\":{\"@id\":\"https:\/\/prodekinc.com\/es\/#\/schema\/logo\/image\/\"}}]}<\/script>\n<!-- \/ Yoast SEO plugin. -->","yoast_head_json":{"title":"Deshidratador de almid\u00f3n y secador flash - ProdekInc","robots":{"index":"index","follow":"follow","max-snippet":"max-snippet:-1","max-image-preview":"max-image-preview:large","max-video-preview":"max-video-preview:-1"},"canonical":"https:\/\/prodekinc.com\/es\/producto\/deshidratador-de-almidon-y-secador-flash\/","og_locale":"es_ES","og_type":"article","og_title":"Deshidratador de almid\u00f3n y secador flash - ProdekInc","og_description":"Despu\u00e9s que la torta de almid\u00f3n es procesada por la unidad del sistema de deshidrataci\u00f3n, la misma se seca con un secador instant\u00e1neo tipo \u201cflash\u201d.   La torta de almid\u00f3n h\u00fameda deshidratada (con o sin circulaci\u00f3n) se alimenta al molino \u201ckicker\u201d.  El aire se calienta en la caja calefactora mediante vapor.  El almid\u00f3n seco y el aire se separan en ciclones.  El aire se elimina a trav\u00e9s del ventilador principal.  Despu\u00e9s de pasar un tamiz de control, el almid\u00f3n seco (como producto final) est\u00e1 listo para almacenar y empacar.","og_url":"https:\/\/prodekinc.com\/es\/producto\/deshidratador-de-almidon-y-secador-flash\/","og_site_name":"ProdekInc","article_modified_time":"2022-03-07T16:28:39+00:00","og_image":[{"width":988,"height":662,"url":"https:\/\/prodekinc.com\/wp-content\/uploads\/Deshidratador-de-almidon-y-secador-flash.jpg","type":"image\/jpeg"}],"twitter_card":"summary_large_image","schema":{"@context":"https:\/\/schema.org","@graph":[{"@type":"WebPage","@id":"https:\/\/prodekinc.com\/es\/producto\/deshidratador-de-almidon-y-secador-flash\/","url":"https:\/\/prodekinc.com\/es\/producto\/deshidratador-de-almidon-y-secador-flash\/","name":"Deshidratador de almid\u00f3n y secador flash - ProdekInc","isPartOf":{"@id":"https:\/\/prodekinc.com\/es\/#website"},"primaryImageOfPage":{"@id":"https:\/\/prodekinc.com\/es\/producto\/deshidratador-de-almidon-y-secador-flash\/#primaryimage"},"image":{"@id":"https:\/\/prodekinc.com\/es\/producto\/deshidratador-de-almidon-y-secador-flash\/#primaryimage"},"thumbnailUrl":"https:\/\/prodekinc.com\/wp-content\/uploads\/Deshidratador-de-almidon-y-secador-flash.jpg","datePublished":"2022-03-07T16:27:21+00:00","dateModified":"2022-03-07T16:28:39+00:00","breadcrumb":{"@id":"https:\/\/prodekinc.com\/es\/producto\/deshidratador-de-almidon-y-secador-flash\/#breadcrumb"},"inLanguage":"es","potentialAction":[{"@type":"ReadAction","target":["https:\/\/prodekinc.com\/es\/producto\/deshidratador-de-almidon-y-secador-flash\/"]}]},{"@type":"ImageObject","inLanguage":"es","@id":"https:\/\/prodekinc.com\/es\/producto\/deshidratador-de-almidon-y-secador-flash\/#primaryimage","url":"https:\/\/prodekinc.com\/wp-content\/uploads\/Deshidratador-de-almidon-y-secador-flash.jpg","contentUrl":"https:\/\/prodekinc.com\/wp-content\/uploads\/Deshidratador-de-almidon-y-secador-flash.jpg","width":988,"height":662},{"@type":"BreadcrumbList","@id":"https:\/\/prodekinc.com\/es\/producto\/deshidratador-de-almidon-y-secador-flash\/#breadcrumb","itemListElement":[{"@type":"ListItem","position":1,"name":"Portada","item":"https:\/\/prodekinc.com\/es\/"},{"@type":"ListItem","position":2,"name":"Tienda","item":"https:\/\/prodekinc.com\/tienda\/"},{"@type":"ListItem","position":3,"name":"Deshidratador de almid\u00f3n y secador flash"}]},{"@type":"WebSite","@id":"https:\/\/prodekinc.com\/es\/#website","url":"https:\/\/prodekinc.com\/es\/","name":"ProdekInc","description":"","publisher":{"@id":"https:\/\/prodekinc.com\/es\/#organization"},"potentialAction":[{"@type":"SearchAction","target":{"@type":"EntryPoint","urlTemplate":"https:\/\/prodekinc.com\/es\/?s={search_term_string}"},"query-input":{"@type":"PropertyValueSpecification","valueRequired":true,"valueName":"search_term_string"}}],"inLanguage":"es"},{"@type":"Organization","@id":"https:\/\/prodekinc.com\/es\/#organization","name":"ProdekInc","url":"https:\/\/prodekinc.com\/es\/","logo":{"@type":"ImageObject","inLanguage":"es","@id":"https:\/\/prodekinc.com\/es\/#\/schema\/logo\/image\/","url":"https:\/\/prodekinc.com\/wp-content\/uploads\/logo-footer.svg","contentUrl":"https:\/\/prodekinc.com\/wp-content\/uploads\/logo-footer.svg","width":235.5,"height":155.2,"caption":"ProdekInc"},"image":{"@id":"https:\/\/prodekinc.com\/es\/#\/schema\/logo\/image\/"}}]}},"_links":{"self":[{"href":"https:\/\/prodekinc.com\/es\/wp-json\/wp\/v2\/product\/1899","targetHints":{"allow":["GET"]}}],"collection":[{"href":"https:\/\/prodekinc.com\/es\/wp-json\/wp\/v2\/product"}],"about":[{"href":"https:\/\/prodekinc.com\/es\/wp-json\/wp\/v2\/types\/product"}],"replies":[{"embeddable":true,"href":"https:\/\/prodekinc.com\/es\/wp-json\/wp\/v2\/comments?post=1899"}],"version-history":[{"count":0,"href":"https:\/\/prodekinc.com\/es\/wp-json\/wp\/v2\/product\/1899\/revisions"}],"wp:featuredmedia":[{"embeddable":true,"href":"https:\/\/prodekinc.com\/es\/wp-json\/wp\/v2\/media\/1873"}],"wp:attachment":[{"href":"https:\/\/prodekinc.com\/es\/wp-json\/wp\/v2\/media?parent=1899"}],"wp:term":[{"taxonomy":"product_brand","embeddable":true,"href":"https:\/\/prodekinc.com\/es\/wp-json\/wp\/v2\/product_brand?post=1899"},{"taxonomy":"product_cat","embeddable":true,"href":"https:\/\/prodekinc.com\/es\/wp-json\/wp\/v2\/product_cat?post=1899"},{"taxonomy":"product_tag","embeddable":true,"href":"https:\/\/prodekinc.com\/es\/wp-json\/wp\/v2\/product_tag?post=1899"}],"curies":[{"name":"wp","href":"https:\/\/api.w.org\/{rel}","templated":true}]}}