{"id":1667,"date":"2022-02-23T11:25:05","date_gmt":"2022-02-23T17:25:05","guid":{"rendered":"https:\/\/prodekinc.com\/?post_type=product&#038;p=1667"},"modified":"2022-08-11T14:29:03","modified_gmt":"2022-08-11T20:29:03","slug":"desintegrador-homogeneizador","status":"publish","type":"product","link":"https:\/\/prodekinc.com\/es\/producto\/desintegrador-homogeneizador\/","title":{"rendered":"Desintegrador Homogeneizador"},"content":{"rendered":"\t\t<div data-elementor-type=\"product-post\" data-elementor-id=\"1667\" class=\"elementor elementor-1667\" data-elementor-post-type=\"product\">\n\t\t\t\t\t\t<section class=\"elementor-section elementor-top-section elementor-element elementor-element-7931b018 elementor-section-boxed elementor-section-height-default elementor-section-height-default\" data-id=\"7931b018\" data-element_type=\"section\" data-e-type=\"section\">\n\t\t\t\t\t\t<div class=\"elementor-container elementor-column-gap-default\">\n\t\t\t\t\t<div class=\"elementor-column elementor-col-100 elementor-top-column elementor-element elementor-element-3a488c3\" data-id=\"3a488c3\" data-element_type=\"column\" data-e-type=\"column\">\n\t\t\t<div class=\"elementor-widget-wrap elementor-element-populated\">\n\t\t\t\t\t\t<div class=\"elementor-element elementor-element-46c61c8 elementor-widget elementor-widget-heading\" data-id=\"46c61c8\" data-element_type=\"widget\" data-e-type=\"widget\" data-widget_type=\"heading.default\">\n\t\t\t\t\t<h5 class=\"elementor-heading-title elementor-size-default\">Ver m\u00e1s informaci\u00f3n sobre este producto:<\/h5>\t\t\t\t<\/div>\n\t\t\t\t<div class=\"elementor-element elementor-element-59f78d5b elementor-icon-list--layout-traditional elementor-list-item-link-full_width elementor-widget elementor-widget-icon-list\" data-id=\"59f78d5b\" data-element_type=\"widget\" data-e-type=\"widget\" data-widget_type=\"icon-list.default\">\n\t\t\t\t\t\t\t<ul class=\"elementor-icon-list-items\">\n\t\t\t\t\t\t\t<li class=\"elementor-icon-list-item\">\n\t\t\t\t\t\t\t\t\t\t\t<a href=\"https:\/\/prodekinc.com\/wp-content\/uploads\/Desintegrador-Homogeneizador.pdf\" target=\"_blank\">\n\n\t\t\t\t\t\t\t\t\t\t\t\t<span class=\"elementor-icon-list-icon\">\n\t\t\t\t\t\t\t<svg aria-hidden=\"true\" class=\"e-font-icon-svg e-fas-file-pdf\" viewBox=\"0 0 384 512\" xmlns=\"http:\/\/www.w3.org\/2000\/svg\"><path d=\"M181.9 256.1c-5-16-4.9-46.9-2-46.9 8.4 0 7.6 36.9 2 46.9zm-1.7 47.2c-7.7 20.2-17.3 43.3-28.4 62.7 18.3-7 39-17.2 62.9-21.9-12.7-9.6-24.9-23.4-34.5-40.8zM86.1 428.1c0 .8 13.2-5.4 34.9-40.2-6.7 6.3-29.1 24.5-34.9 40.2zM248 160h136v328c0 13.3-10.7 24-24 24H24c-13.3 0-24-10.7-24-24V24C0 10.7 10.7 0 24 0h200v136c0 13.2 10.8 24 24 24zm-8 171.8c-20-12.2-33.3-29-42.7-53.8 4.5-18.5 11.6-46.6 6.2-64.2-4.7-29.4-42.4-26.5-47.8-6.8-5 18.3-.4 44.1 8.1 77-11.6 27.6-28.7 64.6-40.8 85.8-.1 0-.1.1-.2.1-27.1 13.9-73.6 44.5-54.5 68 5.6 6.9 16 10 21.5 10 17.9 0 35.7-18 61.1-61.8 25.8-8.5 54.1-19.1 79-23.2 21.7 11.8 47.1 19.5 64 19.5 29.2 0 31.2-32 19.7-43.4-13.9-13.6-54.3-9.7-73.6-7.2zM377 105L279 7c-4.5-4.5-10.6-7-17-7h-6v128h128v-6.1c0-6.3-2.5-12.4-7-16.9zm-74.1 255.3c4.1-2.7-2.5-11.9-42.8-9 37.1 15.8 42.8 9 42.8 9z\"><\/path><\/svg>\t\t\t\t\t\t<\/span>\n\t\t\t\t\t\t\t\t\t\t<span class=\"elementor-icon-list-text\">Desintegrador Homogeneizador<\/span>\n\t\t\t\t\t\t\t\t\t\t\t<\/a>\n\t\t\t\t\t\t\t\t\t<\/li>\n\t\t\t\t\t\t<\/ul>\n\t\t\t\t\t\t<\/div>\n\t\t\t\t\t<\/div>\n\t\t<\/div>\n\t\t\t\t\t<\/div>\n\t\t<\/section>\n\t\t\t\t<\/div>\n\t\t","protected":false},"excerpt":{"rendered":"<ul>\n<li>Este set de equipos est\u00e1 compuesto por un Desintegrador DM-540 y un Homogeneizador HM-250, y son usados en el laboratorio de<br \/>\nan\u00e1lisis de calidad de ca\u00f1a de az\u00facar.<\/li>\n<li>Son unidades compactas, f\u00e1ciles de operar y mantener.<\/li>\n<li>El desintegrador ha sido dise\u00f1ado para recibir las muestras de ca\u00f1a de az\u00facar removida de los camiones de carga mediante una sonda oblicua de muestreo de ca\u00f1a (hasta 30 Kg).<\/li>\n<li>El homogeneizador recibe la muestra ya desintegrada y la homogeneiza para su an\u00e1lisis.<\/li>\n<li>Pueden adquirirse juntos o por separado (desintegrador u homogeneizador).<\/li>\n<\/ul>\n","protected":false},"featured_media":1669,"comment_status":"open","ping_status":"closed","template":"","meta":{"site-sidebar-layout":"no-sidebar","site-content-layout":"page-builder","ast-site-content-layout":"default","site-content-style":"default","site-sidebar-style":"default","ast-global-header-display":"","ast-banner-title-visibility":"","ast-main-header-display":"","ast-hfb-above-header-display":"","ast-hfb-below-header-display":"","ast-hfb-mobile-header-display":"","site-post-title":"disabled","ast-breadcrumbs-content":"","ast-featured-img":"disabled","footer-sml-layout":"","ast-disable-related-posts":"","theme-transparent-header-meta":"default","adv-header-id-meta":"","stick-header-meta":"default","header-above-stick-meta":"","header-main-stick-meta":"","header-below-stick-meta":"","astra-migrate-meta-layouts":"default","ast-page-background-enabled":"default","ast-page-background-meta":{"desktop":{"background-color":"var(--ast-global-color-4)","background-image":"","background-repeat":"repeat","background-position":"center center","background-size":"auto","background-attachment":"scroll","background-type":"","background-media":"","overlay-type":"","overlay-color":"","overlay-opacity":"","overlay-gradient":""},"tablet":{"background-color":"","background-image":"","background-repeat":"repeat","background-position":"center center","background-size":"auto","background-attachment":"scroll","background-type":"","background-media":"","overlay-type":"","overlay-color":"","overlay-opacity":"","overlay-gradient":""},"mobile":{"background-color":"","background-image":"","background-repeat":"repeat","background-position":"center center","background-size":"auto","background-attachment":"scroll","background-type":"","background-media":"","overlay-type":"","overlay-color":"","overlay-opacity":"","overlay-gradient":""}},"ast-content-background-meta":{"desktop":{"background-color":"var(--ast-global-color-5)","background-image":"","background-repeat":"repeat","background-position":"center center","background-size":"auto","background-attachment":"scroll","background-type":"","background-media":"","overlay-type":"","overlay-color":"","overlay-opacity":"","overlay-gradient":""},"tablet":{"background-color":"var(--ast-global-color-5)","background-image":"","background-repeat":"repeat","background-position":"center center","background-size":"auto","background-attachment":"scroll","background-type":"","background-media":"","overlay-type":"","overlay-color":"","overlay-opacity":"","overlay-gradient":""},"mobile":{"background-color":"var(--ast-global-color-5)","background-image":"","background-repeat":"repeat","background-position":"center center","background-size":"auto","background-attachment":"scroll","background-type":"","background-media":"","overlay-type":"","overlay-color":"","overlay-opacity":"","overlay-gradient":""}}},"product_brand":[],"product_cat":[27],"product_tag":[],"class_list":{"0":"post-1667","1":"product","2":"type-product","3":"status-publish","4":"has-post-thumbnail","6":"product_cat-azucar","7":"desktop-align-left","8":"tablet-align-left","9":"mobile-align-left","10":"ast-product-gallery-layout-horizontal","11":"ast-product-tabs-layout-horizontal","13":"first","14":"instock","15":"shipping-taxable","16":"product-type-simple"},"yoast_head":"<!-- This site is optimized with the Yoast SEO plugin v27.2 - https:\/\/yoast.com\/product\/yoast-seo-wordpress\/ -->\n<title>Desintegrador Homogeneizador - ProdekInc<\/title>\n<meta name=\"robots\" content=\"index, follow, max-snippet:-1, max-image-preview:large, max-video-preview:-1\" \/>\n<link rel=\"canonical\" href=\"https:\/\/prodekinc.com\/es\/producto\/desintegrador-homogeneizador\/\" \/>\n<meta property=\"og:locale\" content=\"es_ES\" \/>\n<meta property=\"og:type\" content=\"article\" \/>\n<meta property=\"og:title\" content=\"Desintegrador Homogeneizador - ProdekInc\" \/>\n<meta property=\"og:description\" content=\"Este set de equipos est\u00e1 compuesto por un Desintegrador DM-540 y un Homogeneizador HM-250, y son usados en el laboratorio de an\u00e1lisis de calidad de ca\u00f1a de az\u00facar.  Son unidades compactas, f\u00e1ciles de operar y mantener.  El desintegrador ha sido dise\u00f1ado para recibir las muestras de ca\u00f1a de az\u00facar removida de los camiones de carga mediante una sonda oblicua de muestreo de ca\u00f1a (hasta 30 Kg).  El homogeneizador recibe la muestra ya desintegrada y la homogeneiza para su an\u00e1lisis.  Pueden adquirirse juntos o por separado (desintegrador u homogeneizador).\" \/>\n<meta property=\"og:url\" content=\"https:\/\/prodekinc.com\/es\/producto\/desintegrador-homogeneizador\/\" \/>\n<meta property=\"og:site_name\" content=\"ProdekInc\" \/>\n<meta property=\"article:modified_time\" content=\"2022-08-11T20:29:03+00:00\" \/>\n<meta property=\"og:image\" content=\"https:\/\/prodekinc.com\/wp-content\/uploads\/desintegrador-homogenizador-principal.jpg\" \/>\n\t<meta property=\"og:image:width\" content=\"746\" \/>\n\t<meta property=\"og:image:height\" content=\"612\" \/>\n\t<meta property=\"og:image:type\" content=\"image\/jpeg\" \/>\n<meta name=\"twitter:card\" content=\"summary_large_image\" \/>\n<meta name=\"twitter:label1\" content=\"Tiempo de lectura\" \/>\n\t<meta name=\"twitter:data1\" content=\"1 minuto\" \/>\n<script type=\"application\/ld+json\" class=\"yoast-schema-graph\">{\"@context\":\"https:\/\/schema.org\",\"@graph\":[{\"@type\":\"WebPage\",\"@id\":\"https:\/\/prodekinc.com\/es\/producto\/desintegrador-homogeneizador\/\",\"url\":\"https:\/\/prodekinc.com\/es\/producto\/desintegrador-homogeneizador\/\",\"name\":\"Desintegrador Homogeneizador - ProdekInc\",\"isPartOf\":{\"@id\":\"https:\/\/prodekinc.com\/es\/#website\"},\"primaryImageOfPage\":{\"@id\":\"https:\/\/prodekinc.com\/es\/producto\/desintegrador-homogeneizador\/#primaryimage\"},\"image\":{\"@id\":\"https:\/\/prodekinc.com\/es\/producto\/desintegrador-homogeneizador\/#primaryimage\"},\"thumbnailUrl\":\"https:\/\/prodekinc.com\/wp-content\/uploads\/desintegrador-homogenizador-principal.jpg\",\"datePublished\":\"2022-02-23T17:25:05+00:00\",\"dateModified\":\"2022-08-11T20:29:03+00:00\",\"breadcrumb\":{\"@id\":\"https:\/\/prodekinc.com\/es\/producto\/desintegrador-homogeneizador\/#breadcrumb\"},\"inLanguage\":\"es\",\"potentialAction\":[{\"@type\":\"ReadAction\",\"target\":[\"https:\/\/prodekinc.com\/es\/producto\/desintegrador-homogeneizador\/\"]}]},{\"@type\":\"ImageObject\",\"inLanguage\":\"es\",\"@id\":\"https:\/\/prodekinc.com\/es\/producto\/desintegrador-homogeneizador\/#primaryimage\",\"url\":\"https:\/\/prodekinc.com\/wp-content\/uploads\/desintegrador-homogenizador-principal.jpg\",\"contentUrl\":\"https:\/\/prodekinc.com\/wp-content\/uploads\/desintegrador-homogenizador-principal.jpg\",\"width\":746,\"height\":612},{\"@type\":\"BreadcrumbList\",\"@id\":\"https:\/\/prodekinc.com\/es\/producto\/desintegrador-homogeneizador\/#breadcrumb\",\"itemListElement\":[{\"@type\":\"ListItem\",\"position\":1,\"name\":\"Portada\",\"item\":\"https:\/\/prodekinc.com\/es\/\"},{\"@type\":\"ListItem\",\"position\":2,\"name\":\"Tienda\",\"item\":\"https:\/\/prodekinc.com\/tienda\/\"},{\"@type\":\"ListItem\",\"position\":3,\"name\":\"Desintegrador Homogeneizador\"}]},{\"@type\":\"WebSite\",\"@id\":\"https:\/\/prodekinc.com\/es\/#website\",\"url\":\"https:\/\/prodekinc.com\/es\/\",\"name\":\"ProdekInc\",\"description\":\"\",\"publisher\":{\"@id\":\"https:\/\/prodekinc.com\/es\/#organization\"},\"potentialAction\":[{\"@type\":\"SearchAction\",\"target\":{\"@type\":\"EntryPoint\",\"urlTemplate\":\"https:\/\/prodekinc.com\/es\/?s={search_term_string}\"},\"query-input\":{\"@type\":\"PropertyValueSpecification\",\"valueRequired\":true,\"valueName\":\"search_term_string\"}}],\"inLanguage\":\"es\"},{\"@type\":\"Organization\",\"@id\":\"https:\/\/prodekinc.com\/es\/#organization\",\"name\":\"ProdekInc\",\"url\":\"https:\/\/prodekinc.com\/es\/\",\"logo\":{\"@type\":\"ImageObject\",\"inLanguage\":\"es\",\"@id\":\"https:\/\/prodekinc.com\/es\/#\/schema\/logo\/image\/\",\"url\":\"https:\/\/prodekinc.com\/wp-content\/uploads\/logo-footer.svg\",\"contentUrl\":\"https:\/\/prodekinc.com\/wp-content\/uploads\/logo-footer.svg\",\"width\":235.5,\"height\":155.2,\"caption\":\"ProdekInc\"},\"image\":{\"@id\":\"https:\/\/prodekinc.com\/es\/#\/schema\/logo\/image\/\"}}]}<\/script>\n<!-- \/ Yoast SEO plugin. -->","yoast_head_json":{"title":"Desintegrador Homogeneizador - ProdekInc","robots":{"index":"index","follow":"follow","max-snippet":"max-snippet:-1","max-image-preview":"max-image-preview:large","max-video-preview":"max-video-preview:-1"},"canonical":"https:\/\/prodekinc.com\/es\/producto\/desintegrador-homogeneizador\/","og_locale":"es_ES","og_type":"article","og_title":"Desintegrador Homogeneizador - ProdekInc","og_description":"Este set de equipos est\u00e1 compuesto por un Desintegrador DM-540 y un Homogeneizador HM-250, y son usados en el laboratorio de an\u00e1lisis de calidad de ca\u00f1a de az\u00facar.  Son unidades compactas, f\u00e1ciles de operar y mantener.  El desintegrador ha sido dise\u00f1ado para recibir las muestras de ca\u00f1a de az\u00facar removida de los camiones de carga mediante una sonda oblicua de muestreo de ca\u00f1a (hasta 30 Kg).  El homogeneizador recibe la muestra ya desintegrada y la homogeneiza para su an\u00e1lisis.  Pueden adquirirse juntos o por separado (desintegrador u homogeneizador).","og_url":"https:\/\/prodekinc.com\/es\/producto\/desintegrador-homogeneizador\/","og_site_name":"ProdekInc","article_modified_time":"2022-08-11T20:29:03+00:00","og_image":[{"width":746,"height":612,"url":"https:\/\/prodekinc.com\/wp-content\/uploads\/desintegrador-homogenizador-principal.jpg","type":"image\/jpeg"}],"twitter_card":"summary_large_image","twitter_misc":{"Tiempo de lectura":"1 minuto"},"schema":{"@context":"https:\/\/schema.org","@graph":[{"@type":"WebPage","@id":"https:\/\/prodekinc.com\/es\/producto\/desintegrador-homogeneizador\/","url":"https:\/\/prodekinc.com\/es\/producto\/desintegrador-homogeneizador\/","name":"Desintegrador Homogeneizador - ProdekInc","isPartOf":{"@id":"https:\/\/prodekinc.com\/es\/#website"},"primaryImageOfPage":{"@id":"https:\/\/prodekinc.com\/es\/producto\/desintegrador-homogeneizador\/#primaryimage"},"image":{"@id":"https:\/\/prodekinc.com\/es\/producto\/desintegrador-homogeneizador\/#primaryimage"},"thumbnailUrl":"https:\/\/prodekinc.com\/wp-content\/uploads\/desintegrador-homogenizador-principal.jpg","datePublished":"2022-02-23T17:25:05+00:00","dateModified":"2022-08-11T20:29:03+00:00","breadcrumb":{"@id":"https:\/\/prodekinc.com\/es\/producto\/desintegrador-homogeneizador\/#breadcrumb"},"inLanguage":"es","potentialAction":[{"@type":"ReadAction","target":["https:\/\/prodekinc.com\/es\/producto\/desintegrador-homogeneizador\/"]}]},{"@type":"ImageObject","inLanguage":"es","@id":"https:\/\/prodekinc.com\/es\/producto\/desintegrador-homogeneizador\/#primaryimage","url":"https:\/\/prodekinc.com\/wp-content\/uploads\/desintegrador-homogenizador-principal.jpg","contentUrl":"https:\/\/prodekinc.com\/wp-content\/uploads\/desintegrador-homogenizador-principal.jpg","width":746,"height":612},{"@type":"BreadcrumbList","@id":"https:\/\/prodekinc.com\/es\/producto\/desintegrador-homogeneizador\/#breadcrumb","itemListElement":[{"@type":"ListItem","position":1,"name":"Portada","item":"https:\/\/prodekinc.com\/es\/"},{"@type":"ListItem","position":2,"name":"Tienda","item":"https:\/\/prodekinc.com\/tienda\/"},{"@type":"ListItem","position":3,"name":"Desintegrador Homogeneizador"}]},{"@type":"WebSite","@id":"https:\/\/prodekinc.com\/es\/#website","url":"https:\/\/prodekinc.com\/es\/","name":"ProdekInc","description":"","publisher":{"@id":"https:\/\/prodekinc.com\/es\/#organization"},"potentialAction":[{"@type":"SearchAction","target":{"@type":"EntryPoint","urlTemplate":"https:\/\/prodekinc.com\/es\/?s={search_term_string}"},"query-input":{"@type":"PropertyValueSpecification","valueRequired":true,"valueName":"search_term_string"}}],"inLanguage":"es"},{"@type":"Organization","@id":"https:\/\/prodekinc.com\/es\/#organization","name":"ProdekInc","url":"https:\/\/prodekinc.com\/es\/","logo":{"@type":"ImageObject","inLanguage":"es","@id":"https:\/\/prodekinc.com\/es\/#\/schema\/logo\/image\/","url":"https:\/\/prodekinc.com\/wp-content\/uploads\/logo-footer.svg","contentUrl":"https:\/\/prodekinc.com\/wp-content\/uploads\/logo-footer.svg","width":235.5,"height":155.2,"caption":"ProdekInc"},"image":{"@id":"https:\/\/prodekinc.com\/es\/#\/schema\/logo\/image\/"}}]}},"_links":{"self":[{"href":"https:\/\/prodekinc.com\/es\/wp-json\/wp\/v2\/product\/1667","targetHints":{"allow":["GET"]}}],"collection":[{"href":"https:\/\/prodekinc.com\/es\/wp-json\/wp\/v2\/product"}],"about":[{"href":"https:\/\/prodekinc.com\/es\/wp-json\/wp\/v2\/types\/product"}],"replies":[{"embeddable":true,"href":"https:\/\/prodekinc.com\/es\/wp-json\/wp\/v2\/comments?post=1667"}],"version-history":[{"count":0,"href":"https:\/\/prodekinc.com\/es\/wp-json\/wp\/v2\/product\/1667\/revisions"}],"wp:featuredmedia":[{"embeddable":true,"href":"https:\/\/prodekinc.com\/es\/wp-json\/wp\/v2\/media\/1669"}],"wp:attachment":[{"href":"https:\/\/prodekinc.com\/es\/wp-json\/wp\/v2\/media?parent=1667"}],"wp:term":[{"taxonomy":"product_brand","embeddable":true,"href":"https:\/\/prodekinc.com\/es\/wp-json\/wp\/v2\/product_brand?post=1667"},{"taxonomy":"product_cat","embeddable":true,"href":"https:\/\/prodekinc.com\/es\/wp-json\/wp\/v2\/product_cat?post=1667"},{"taxonomy":"product_tag","embeddable":true,"href":"https:\/\/prodekinc.com\/es\/wp-json\/wp\/v2\/product_tag?post=1667"}],"curies":[{"name":"wp","href":"https:\/\/api.w.org\/{rel}","templated":true}]}}