{"id":1560,"date":"2022-02-11T13:07:39","date_gmt":"2022-02-11T19:07:39","guid":{"rendered":"https:\/\/prodekinc.com\/?post_type=product&#038;p=1560"},"modified":"2022-08-01T16:11:06","modified_gmt":"2022-08-01T22:11:06","slug":"intercambiador-de-calor-de-tubo-y-carcaza","status":"publish","type":"product","link":"https:\/\/prodekinc.com\/es\/producto\/intercambiador-de-calor-de-tubo-y-carcaza\/","title":{"rendered":"Intercambiador de calor de tubo y carcaza"},"content":{"rendered":"\t\t<div data-elementor-type=\"product-post\" data-elementor-id=\"1560\" class=\"elementor elementor-1560\" data-elementor-post-type=\"product\">\n\t\t\t\t\t\t<section class=\"elementor-section elementor-top-section elementor-element elementor-element-4fd8ee83 elementor-section-boxed elementor-section-height-default elementor-section-height-default\" data-id=\"4fd8ee83\" data-element_type=\"section\" data-e-type=\"section\">\n\t\t\t\t\t\t<div class=\"elementor-container elementor-column-gap-default\">\n\t\t\t\t\t<div class=\"elementor-column elementor-col-100 elementor-top-column elementor-element elementor-element-26ddcc61\" data-id=\"26ddcc61\" data-element_type=\"column\" data-e-type=\"column\">\n\t\t\t<div class=\"elementor-widget-wrap elementor-element-populated\">\n\t\t\t\t\t\t<div class=\"elementor-element elementor-element-3e14c9c6 elementor-widget elementor-widget-heading\" data-id=\"3e14c9c6\" data-element_type=\"widget\" data-e-type=\"widget\" data-widget_type=\"heading.default\">\n\t\t\t\t\t<h5 class=\"elementor-heading-title elementor-size-default\">Ver m\u00e1s informaci\u00f3n sobre este producto:<\/h5>\t\t\t\t<\/div>\n\t\t\t\t<div class=\"elementor-element elementor-element-898dc8c elementor-icon-list--layout-traditional elementor-list-item-link-full_width elementor-widget elementor-widget-icon-list\" data-id=\"898dc8c\" data-element_type=\"widget\" data-e-type=\"widget\" data-widget_type=\"icon-list.default\">\n\t\t\t\t\t\t\t<ul class=\"elementor-icon-list-items\">\n\t\t\t\t\t\t\t<li class=\"elementor-icon-list-item\">\n\t\t\t\t\t\t\t\t\t\t\t<a href=\"https:\/\/prodekinc.com\/wp-content\/uploads\/intercambiador-de-calor-de-tubo-y-carcaza.pdf\" target=\"_blank\">\n\n\t\t\t\t\t\t\t\t\t\t\t\t<span class=\"elementor-icon-list-icon\">\n\t\t\t\t\t\t\t<svg aria-hidden=\"true\" class=\"e-font-icon-svg e-fas-file-pdf\" viewBox=\"0 0 384 512\" xmlns=\"http:\/\/www.w3.org\/2000\/svg\"><path d=\"M181.9 256.1c-5-16-4.9-46.9-2-46.9 8.4 0 7.6 36.9 2 46.9zm-1.7 47.2c-7.7 20.2-17.3 43.3-28.4 62.7 18.3-7 39-17.2 62.9-21.9-12.7-9.6-24.9-23.4-34.5-40.8zM86.1 428.1c0 .8 13.2-5.4 34.9-40.2-6.7 6.3-29.1 24.5-34.9 40.2zM248 160h136v328c0 13.3-10.7 24-24 24H24c-13.3 0-24-10.7-24-24V24C0 10.7 10.7 0 24 0h200v136c0 13.2 10.8 24 24 24zm-8 171.8c-20-12.2-33.3-29-42.7-53.8 4.5-18.5 11.6-46.6 6.2-64.2-4.7-29.4-42.4-26.5-47.8-6.8-5 18.3-.4 44.1 8.1 77-11.6 27.6-28.7 64.6-40.8 85.8-.1 0-.1.1-.2.1-27.1 13.9-73.6 44.5-54.5 68 5.6 6.9 16 10 21.5 10 17.9 0 35.7-18 61.1-61.8 25.8-8.5 54.1-19.1 79-23.2 21.7 11.8 47.1 19.5 64 19.5 29.2 0 31.2-32 19.7-43.4-13.9-13.6-54.3-9.7-73.6-7.2zM377 105L279 7c-4.5-4.5-10.6-7-17-7h-6v128h128v-6.1c0-6.3-2.5-12.4-7-16.9zm-74.1 255.3c4.1-2.7-2.5-11.9-42.8-9 37.1 15.8 42.8 9 42.8 9z\"><\/path><\/svg>\t\t\t\t\t\t<\/span>\n\t\t\t\t\t\t\t\t\t\t<span class=\"elementor-icon-list-text\">Intercambiador de calor de tubo y carcaza<\/span>\n\t\t\t\t\t\t\t\t\t\t\t<\/a>\n\t\t\t\t\t\t\t\t\t<\/li>\n\t\t\t\t\t\t<\/ul>\n\t\t\t\t\t\t<\/div>\n\t\t\t\t\t<\/div>\n\t\t<\/div>\n\t\t\t\t\t<\/div>\n\t\t<\/section>\n\t\t\t\t<\/div>\n\t\t","protected":false},"excerpt":{"rendered":"<p>Ofrecemos una diversa variedad de intercambiadores de calor de casco y tubo fabricados con tantalio. Las corazas pueden ser de acero o acero inoxidable, y los cabezales se pueden fabricar en vidrio, vidrio tratado con acero o acero fundido con tantalio.<\/p>\n<p>Su dise\u00f1o puede ser est\u00e1ndar o bajo los lineamientos de las normas GMP, y pueden ser instalados en posici\u00f3n vertical u horizontal para aplicaciones en la industria qu\u00edmica o farmac\u00e9utica.<\/p>\n<p>Los distintos modelos en esta categor\u00eda incluyen:<\/p>\n<p><strong>Industria qu\u00edmica:<\/strong><\/p>\n<ul>\n<li>Intercambiador de calor de casco y tubo fabricado en tantalio para instalaci\u00f3n vertical.<\/li>\n<li>Intercambiador de calor de casco y tubo para instalaci\u00f3n vertical.<\/li>\n<\/ul>\n<p><strong>Industria farmac\u00e9utica:<\/strong><\/p>\n<ul>\n<li>Intercambiador de calor de casco y tubo para instalaci\u00f3n horizontal.<\/li>\n<li>Intercambiador de calor de casco y tubo para instalaci\u00f3n vertical.<\/li>\n<\/ul>\n<p><strong>Caracter\u00edsticas T\u00e9cnicas<\/strong><\/p>\n<ul>\n<li>Instalaci\u00f3n: horizontal o vertical.<\/li>\n<li>Construcci\u00f3n: con cabezal de acero, tubos de tantalio 2,5% en peso, cabezales en vidrio o con revestimiento de tantalio.<\/li>\n<\/ul>\n<p><strong>Ventajas<\/strong><\/p>\n<ul>\n<li>Protecci\u00f3n a la corrosi\u00f3n por un solo material.<\/li>\n<li>Altos coeficientes de transmisi\u00f3n de calor.<\/li>\n<li>Sin riesgo de permeabilidad.<\/li>\n<li>Sin riesgo de shocks t\u00e9rmicos.<\/li>\n<li>Sin riesgo de p\u00e9rdida de carga.<\/li>\n<li>Sin riesgo de roturas.<\/li>\n<li>Completamente soldados, sin juntas.<\/li>\n<li>La maleabilidad del tantalio permite geometr\u00edas de cualquier tipo.<\/li>\n<\/ul>\n","protected":false},"featured_media":1561,"comment_status":"open","ping_status":"closed","template":"","meta":{"site-sidebar-layout":"no-sidebar","site-content-layout":"page-builder","ast-site-content-layout":"default","site-content-style":"default","site-sidebar-style":"default","ast-global-header-display":"","ast-banner-title-visibility":"","ast-main-header-display":"","ast-hfb-above-header-display":"","ast-hfb-below-header-display":"","ast-hfb-mobile-header-display":"","site-post-title":"disabled","ast-breadcrumbs-content":"","ast-featured-img":"disabled","footer-sml-layout":"","ast-disable-related-posts":"","theme-transparent-header-meta":"default","adv-header-id-meta":"","stick-header-meta":"default","header-above-stick-meta":"","header-main-stick-meta":"","header-below-stick-meta":"","astra-migrate-meta-layouts":"default","ast-page-background-enabled":"default","ast-page-background-meta":{"desktop":{"background-color":"var(--ast-global-color-4)","background-image":"","background-repeat":"repeat","background-position":"center center","background-size":"auto","background-attachment":"scroll","background-type":"","background-media":"","overlay-type":"","overlay-color":"","overlay-opacity":"","overlay-gradient":""},"tablet":{"background-color":"","background-image":"","background-repeat":"repeat","background-position":"center center","background-size":"auto","background-attachment":"scroll","background-type":"","background-media":"","overlay-type":"","overlay-color":"","overlay-opacity":"","overlay-gradient":""},"mobile":{"background-color":"","background-image":"","background-repeat":"repeat","background-position":"center center","background-size":"auto","background-attachment":"scroll","background-type":"","background-media":"","overlay-type":"","overlay-color":"","overlay-opacity":"","overlay-gradient":""}},"ast-content-background-meta":{"desktop":{"background-color":"var(--ast-global-color-5)","background-image":"","background-repeat":"repeat","background-position":"center center","background-size":"auto","background-attachment":"scroll","background-type":"","background-media":"","overlay-type":"","overlay-color":"","overlay-opacity":"","overlay-gradient":""},"tablet":{"background-color":"var(--ast-global-color-5)","background-image":"","background-repeat":"repeat","background-position":"center center","background-size":"auto","background-attachment":"scroll","background-type":"","background-media":"","overlay-type":"","overlay-color":"","overlay-opacity":"","overlay-gradient":""},"mobile":{"background-color":"var(--ast-global-color-5)","background-image":"","background-repeat":"repeat","background-position":"center center","background-size":"auto","background-attachment":"scroll","background-type":"","background-media":"","overlay-type":"","overlay-color":"","overlay-opacity":"","overlay-gradient":""}}},"product_brand":[],"product_cat":[26],"product_tag":[],"class_list":{"0":"post-1560","1":"product","2":"type-product","3":"status-publish","4":"has-post-thumbnail","6":"product_cat-generales","7":"desktop-align-left","8":"tablet-align-left","9":"mobile-align-left","10":"ast-product-gallery-layout-horizontal","11":"ast-product-tabs-layout-horizontal","13":"first","14":"instock","15":"shipping-taxable","16":"product-type-simple"},"yoast_head":"<!-- This site is optimized with the Yoast SEO plugin v27.2 - https:\/\/yoast.com\/product\/yoast-seo-wordpress\/ -->\n<title>Intercambiador de calor de tubo y carcaza - ProdekInc<\/title>\n<meta name=\"robots\" content=\"index, follow, max-snippet:-1, max-image-preview:large, max-video-preview:-1\" \/>\n<link rel=\"canonical\" href=\"https:\/\/prodekinc.com\/es\/producto\/intercambiador-de-calor-de-tubo-y-carcaza\/\" \/>\n<meta property=\"og:locale\" content=\"es_ES\" \/>\n<meta property=\"og:type\" content=\"article\" \/>\n<meta property=\"og:title\" content=\"Intercambiador de calor de tubo y carcaza - ProdekInc\" \/>\n<meta property=\"og:description\" content=\"Ofrecemos una diversa variedad de intercambiadores de calor de casco y tubo fabricados con tantalio. Las corazas pueden ser de acero o acero inoxidable, y los cabezales se pueden fabricar en vidrio, vidrio tratado con acero o acero fundido con tantalio.  Su dise\u00f1o puede ser est\u00e1ndar o bajo los lineamientos de las normas GMP, y pueden ser instalados en posici\u00f3n vertical u horizontal para aplicaciones en la industria qu\u00edmica o farmac\u00e9utica.  Los distintos modelos en esta categor\u00eda incluyen:  Industria qu\u00edmica:   Intercambiador de calor de casco y tubo fabricado en tantalio para instalaci\u00f3n vertical.  Intercambiador de calor de casco y tubo para instalaci\u00f3n vertical.  Industria farmac\u00e9utica:   Intercambiador de calor de casco y tubo para instalaci\u00f3n horizontal.  Intercambiador de calor de casco y tubo para instalaci\u00f3n vertical.  Caracter\u00edsticas T\u00e9cnicas   Instalaci\u00f3n: horizontal o vertical.  Construcci\u00f3n: con cabezal de acero, tubos de tantalio 2,5% en peso, cabezales en vidrio o con revestimiento de tantalio.  Ventajas   Protecci\u00f3n a la corrosi\u00f3n por un solo material.  Altos coeficientes de transmisi\u00f3n de calor.  Sin riesgo de permeabilidad.  Sin riesgo de shocks t\u00e9rmicos.  Sin riesgo de p\u00e9rdida de carga.  Sin riesgo de roturas.  Completamente soldados, sin juntas.  La maleabilidad del tantalio permite geometr\u00edas de cualquier tipo.\" \/>\n<meta property=\"og:url\" content=\"https:\/\/prodekinc.com\/es\/producto\/intercambiador-de-calor-de-tubo-y-carcaza\/\" \/>\n<meta property=\"og:site_name\" content=\"ProdekInc\" \/>\n<meta property=\"article:modified_time\" content=\"2022-08-01T22:11:06+00:00\" \/>\n<meta property=\"og:image\" content=\"https:\/\/prodekinc.com\/wp-content\/uploads\/intercambiador-de-calor-de-tubo-y-carcaza-PRINCIPAL.jpg\" \/>\n\t<meta property=\"og:image:width\" content=\"868\" \/>\n\t<meta property=\"og:image:height\" content=\"414\" \/>\n\t<meta property=\"og:image:type\" content=\"image\/jpeg\" \/>\n<meta name=\"twitter:card\" content=\"summary_large_image\" \/>\n<meta name=\"twitter:label1\" content=\"Tiempo de lectura\" \/>\n\t<meta name=\"twitter:data1\" content=\"1 minuto\" \/>\n<script type=\"application\/ld+json\" class=\"yoast-schema-graph\">{\"@context\":\"https:\/\/schema.org\",\"@graph\":[{\"@type\":\"WebPage\",\"@id\":\"https:\/\/prodekinc.com\/es\/producto\/intercambiador-de-calor-de-tubo-y-carcaza\/\",\"url\":\"https:\/\/prodekinc.com\/es\/producto\/intercambiador-de-calor-de-tubo-y-carcaza\/\",\"name\":\"Intercambiador de calor de tubo y carcaza - ProdekInc\",\"isPartOf\":{\"@id\":\"https:\/\/prodekinc.com\/es\/#website\"},\"primaryImageOfPage\":{\"@id\":\"https:\/\/prodekinc.com\/es\/producto\/intercambiador-de-calor-de-tubo-y-carcaza\/#primaryimage\"},\"image\":{\"@id\":\"https:\/\/prodekinc.com\/es\/producto\/intercambiador-de-calor-de-tubo-y-carcaza\/#primaryimage\"},\"thumbnailUrl\":\"https:\/\/prodekinc.com\/wp-content\/uploads\/intercambiador-de-calor-de-tubo-y-carcaza-PRINCIPAL.jpg\",\"datePublished\":\"2022-02-11T19:07:39+00:00\",\"dateModified\":\"2022-08-01T22:11:06+00:00\",\"breadcrumb\":{\"@id\":\"https:\/\/prodekinc.com\/es\/producto\/intercambiador-de-calor-de-tubo-y-carcaza\/#breadcrumb\"},\"inLanguage\":\"es\",\"potentialAction\":[{\"@type\":\"ReadAction\",\"target\":[\"https:\/\/prodekinc.com\/es\/producto\/intercambiador-de-calor-de-tubo-y-carcaza\/\"]}]},{\"@type\":\"ImageObject\",\"inLanguage\":\"es\",\"@id\":\"https:\/\/prodekinc.com\/es\/producto\/intercambiador-de-calor-de-tubo-y-carcaza\/#primaryimage\",\"url\":\"https:\/\/prodekinc.com\/wp-content\/uploads\/intercambiador-de-calor-de-tubo-y-carcaza-PRINCIPAL.jpg\",\"contentUrl\":\"https:\/\/prodekinc.com\/wp-content\/uploads\/intercambiador-de-calor-de-tubo-y-carcaza-PRINCIPAL.jpg\",\"width\":868,\"height\":414},{\"@type\":\"BreadcrumbList\",\"@id\":\"https:\/\/prodekinc.com\/es\/producto\/intercambiador-de-calor-de-tubo-y-carcaza\/#breadcrumb\",\"itemListElement\":[{\"@type\":\"ListItem\",\"position\":1,\"name\":\"Portada\",\"item\":\"https:\/\/prodekinc.com\/es\/\"},{\"@type\":\"ListItem\",\"position\":2,\"name\":\"Tienda\",\"item\":\"https:\/\/prodekinc.com\/tienda\/\"},{\"@type\":\"ListItem\",\"position\":3,\"name\":\"Intercambiador de calor de tubo y carcaza\"}]},{\"@type\":\"WebSite\",\"@id\":\"https:\/\/prodekinc.com\/es\/#website\",\"url\":\"https:\/\/prodekinc.com\/es\/\",\"name\":\"ProdekInc\",\"description\":\"\",\"publisher\":{\"@id\":\"https:\/\/prodekinc.com\/es\/#organization\"},\"potentialAction\":[{\"@type\":\"SearchAction\",\"target\":{\"@type\":\"EntryPoint\",\"urlTemplate\":\"https:\/\/prodekinc.com\/es\/?s={search_term_string}\"},\"query-input\":{\"@type\":\"PropertyValueSpecification\",\"valueRequired\":true,\"valueName\":\"search_term_string\"}}],\"inLanguage\":\"es\"},{\"@type\":\"Organization\",\"@id\":\"https:\/\/prodekinc.com\/es\/#organization\",\"name\":\"ProdekInc\",\"url\":\"https:\/\/prodekinc.com\/es\/\",\"logo\":{\"@type\":\"ImageObject\",\"inLanguage\":\"es\",\"@id\":\"https:\/\/prodekinc.com\/es\/#\/schema\/logo\/image\/\",\"url\":\"https:\/\/prodekinc.com\/wp-content\/uploads\/logo-footer.svg\",\"contentUrl\":\"https:\/\/prodekinc.com\/wp-content\/uploads\/logo-footer.svg\",\"width\":235.5,\"height\":155.2,\"caption\":\"ProdekInc\"},\"image\":{\"@id\":\"https:\/\/prodekinc.com\/es\/#\/schema\/logo\/image\/\"}}]}<\/script>\n<!-- \/ Yoast SEO plugin. -->","yoast_head_json":{"title":"Intercambiador de calor de tubo y carcaza - ProdekInc","robots":{"index":"index","follow":"follow","max-snippet":"max-snippet:-1","max-image-preview":"max-image-preview:large","max-video-preview":"max-video-preview:-1"},"canonical":"https:\/\/prodekinc.com\/es\/producto\/intercambiador-de-calor-de-tubo-y-carcaza\/","og_locale":"es_ES","og_type":"article","og_title":"Intercambiador de calor de tubo y carcaza - ProdekInc","og_description":"Ofrecemos una diversa variedad de intercambiadores de calor de casco y tubo fabricados con tantalio. Las corazas pueden ser de acero o acero inoxidable, y los cabezales se pueden fabricar en vidrio, vidrio tratado con acero o acero fundido con tantalio.  Su dise\u00f1o puede ser est\u00e1ndar o bajo los lineamientos de las normas GMP, y pueden ser instalados en posici\u00f3n vertical u horizontal para aplicaciones en la industria qu\u00edmica o farmac\u00e9utica.  Los distintos modelos en esta categor\u00eda incluyen:  Industria qu\u00edmica:   Intercambiador de calor de casco y tubo fabricado en tantalio para instalaci\u00f3n vertical.  Intercambiador de calor de casco y tubo para instalaci\u00f3n vertical.  Industria farmac\u00e9utica:   Intercambiador de calor de casco y tubo para instalaci\u00f3n horizontal.  Intercambiador de calor de casco y tubo para instalaci\u00f3n vertical.  Caracter\u00edsticas T\u00e9cnicas   Instalaci\u00f3n: horizontal o vertical.  Construcci\u00f3n: con cabezal de acero, tubos de tantalio 2,5% en peso, cabezales en vidrio o con revestimiento de tantalio.  Ventajas   Protecci\u00f3n a la corrosi\u00f3n por un solo material.  Altos coeficientes de transmisi\u00f3n de calor.  Sin riesgo de permeabilidad.  Sin riesgo de shocks t\u00e9rmicos.  Sin riesgo de p\u00e9rdida de carga.  Sin riesgo de roturas.  Completamente soldados, sin juntas.  La maleabilidad del tantalio permite geometr\u00edas de cualquier tipo.","og_url":"https:\/\/prodekinc.com\/es\/producto\/intercambiador-de-calor-de-tubo-y-carcaza\/","og_site_name":"ProdekInc","article_modified_time":"2022-08-01T22:11:06+00:00","og_image":[{"width":868,"height":414,"url":"https:\/\/prodekinc.com\/wp-content\/uploads\/intercambiador-de-calor-de-tubo-y-carcaza-PRINCIPAL.jpg","type":"image\/jpeg"}],"twitter_card":"summary_large_image","twitter_misc":{"Tiempo de lectura":"1 minuto"},"schema":{"@context":"https:\/\/schema.org","@graph":[{"@type":"WebPage","@id":"https:\/\/prodekinc.com\/es\/producto\/intercambiador-de-calor-de-tubo-y-carcaza\/","url":"https:\/\/prodekinc.com\/es\/producto\/intercambiador-de-calor-de-tubo-y-carcaza\/","name":"Intercambiador de calor de tubo y carcaza - ProdekInc","isPartOf":{"@id":"https:\/\/prodekinc.com\/es\/#website"},"primaryImageOfPage":{"@id":"https:\/\/prodekinc.com\/es\/producto\/intercambiador-de-calor-de-tubo-y-carcaza\/#primaryimage"},"image":{"@id":"https:\/\/prodekinc.com\/es\/producto\/intercambiador-de-calor-de-tubo-y-carcaza\/#primaryimage"},"thumbnailUrl":"https:\/\/prodekinc.com\/wp-content\/uploads\/intercambiador-de-calor-de-tubo-y-carcaza-PRINCIPAL.jpg","datePublished":"2022-02-11T19:07:39+00:00","dateModified":"2022-08-01T22:11:06+00:00","breadcrumb":{"@id":"https:\/\/prodekinc.com\/es\/producto\/intercambiador-de-calor-de-tubo-y-carcaza\/#breadcrumb"},"inLanguage":"es","potentialAction":[{"@type":"ReadAction","target":["https:\/\/prodekinc.com\/es\/producto\/intercambiador-de-calor-de-tubo-y-carcaza\/"]}]},{"@type":"ImageObject","inLanguage":"es","@id":"https:\/\/prodekinc.com\/es\/producto\/intercambiador-de-calor-de-tubo-y-carcaza\/#primaryimage","url":"https:\/\/prodekinc.com\/wp-content\/uploads\/intercambiador-de-calor-de-tubo-y-carcaza-PRINCIPAL.jpg","contentUrl":"https:\/\/prodekinc.com\/wp-content\/uploads\/intercambiador-de-calor-de-tubo-y-carcaza-PRINCIPAL.jpg","width":868,"height":414},{"@type":"BreadcrumbList","@id":"https:\/\/prodekinc.com\/es\/producto\/intercambiador-de-calor-de-tubo-y-carcaza\/#breadcrumb","itemListElement":[{"@type":"ListItem","position":1,"name":"Portada","item":"https:\/\/prodekinc.com\/es\/"},{"@type":"ListItem","position":2,"name":"Tienda","item":"https:\/\/prodekinc.com\/tienda\/"},{"@type":"ListItem","position":3,"name":"Intercambiador de calor de tubo y carcaza"}]},{"@type":"WebSite","@id":"https:\/\/prodekinc.com\/es\/#website","url":"https:\/\/prodekinc.com\/es\/","name":"ProdekInc","description":"","publisher":{"@id":"https:\/\/prodekinc.com\/es\/#organization"},"potentialAction":[{"@type":"SearchAction","target":{"@type":"EntryPoint","urlTemplate":"https:\/\/prodekinc.com\/es\/?s={search_term_string}"},"query-input":{"@type":"PropertyValueSpecification","valueRequired":true,"valueName":"search_term_string"}}],"inLanguage":"es"},{"@type":"Organization","@id":"https:\/\/prodekinc.com\/es\/#organization","name":"ProdekInc","url":"https:\/\/prodekinc.com\/es\/","logo":{"@type":"ImageObject","inLanguage":"es","@id":"https:\/\/prodekinc.com\/es\/#\/schema\/logo\/image\/","url":"https:\/\/prodekinc.com\/wp-content\/uploads\/logo-footer.svg","contentUrl":"https:\/\/prodekinc.com\/wp-content\/uploads\/logo-footer.svg","width":235.5,"height":155.2,"caption":"ProdekInc"},"image":{"@id":"https:\/\/prodekinc.com\/es\/#\/schema\/logo\/image\/"}}]}},"_links":{"self":[{"href":"https:\/\/prodekinc.com\/es\/wp-json\/wp\/v2\/product\/1560","targetHints":{"allow":["GET"]}}],"collection":[{"href":"https:\/\/prodekinc.com\/es\/wp-json\/wp\/v2\/product"}],"about":[{"href":"https:\/\/prodekinc.com\/es\/wp-json\/wp\/v2\/types\/product"}],"replies":[{"embeddable":true,"href":"https:\/\/prodekinc.com\/es\/wp-json\/wp\/v2\/comments?post=1560"}],"version-history":[{"count":0,"href":"https:\/\/prodekinc.com\/es\/wp-json\/wp\/v2\/product\/1560\/revisions"}],"wp:featuredmedia":[{"embeddable":true,"href":"https:\/\/prodekinc.com\/es\/wp-json\/wp\/v2\/media\/1561"}],"wp:attachment":[{"href":"https:\/\/prodekinc.com\/es\/wp-json\/wp\/v2\/media?parent=1560"}],"wp:term":[{"taxonomy":"product_brand","embeddable":true,"href":"https:\/\/prodekinc.com\/es\/wp-json\/wp\/v2\/product_brand?post=1560"},{"taxonomy":"product_cat","embeddable":true,"href":"https:\/\/prodekinc.com\/es\/wp-json\/wp\/v2\/product_cat?post=1560"},{"taxonomy":"product_tag","embeddable":true,"href":"https:\/\/prodekinc.com\/es\/wp-json\/wp\/v2\/product_tag?post=1560"}],"curies":[{"name":"wp","href":"https:\/\/api.w.org\/{rel}","templated":true}]}}