{"id":1541,"date":"2022-02-11T12:40:03","date_gmt":"2022-02-11T18:40:03","guid":{"rendered":"https:\/\/prodekinc.com\/?post_type=product&#038;p=1541"},"modified":"2022-08-01T16:04:21","modified_gmt":"2022-08-01T22:04:21","slug":"intercambiador-de-calor-de-placas-y-juntas","status":"publish","type":"product","link":"https:\/\/prodekinc.com\/es\/producto\/intercambiador-de-calor-de-placas-y-juntas\/","title":{"rendered":"Intercambiador de calor de placas y juntas"},"content":{"rendered":"\t\t<div data-elementor-type=\"product-post\" data-elementor-id=\"1541\" class=\"elementor elementor-1541\" data-elementor-post-type=\"product\">\n\t\t\t\t\t\t<section class=\"elementor-section elementor-top-section elementor-element elementor-element-4be13d6a elementor-section-boxed elementor-section-height-default elementor-section-height-default\" data-id=\"4be13d6a\" data-element_type=\"section\" data-e-type=\"section\">\n\t\t\t\t\t\t<div class=\"elementor-container elementor-column-gap-default\">\n\t\t\t\t\t<div class=\"elementor-column elementor-col-100 elementor-top-column elementor-element elementor-element-4a6bd421\" data-id=\"4a6bd421\" data-element_type=\"column\" data-e-type=\"column\">\n\t\t\t<div class=\"elementor-widget-wrap elementor-element-populated\">\n\t\t\t\t\t\t<div class=\"elementor-element elementor-element-7e753ffe elementor-widget elementor-widget-heading\" data-id=\"7e753ffe\" data-element_type=\"widget\" data-e-type=\"widget\" data-widget_type=\"heading.default\">\n\t\t\t\t\t<h5 class=\"elementor-heading-title elementor-size-default\">Ver m\u00e1s informaci\u00f3n sobre este producto:<\/h5>\t\t\t\t<\/div>\n\t\t\t\t<div class=\"elementor-element elementor-element-fc79930 elementor-icon-list--layout-traditional elementor-list-item-link-full_width elementor-widget elementor-widget-icon-list\" data-id=\"fc79930\" data-element_type=\"widget\" data-e-type=\"widget\" data-widget_type=\"icon-list.default\">\n\t\t\t\t\t\t\t<ul class=\"elementor-icon-list-items\">\n\t\t\t\t\t\t\t<li class=\"elementor-icon-list-item\">\n\t\t\t\t\t\t\t\t\t\t\t<a href=\"https:\/\/prodekinc.com\/wp-content\/uploads\/intercambiador-de-calor-de-placas-y-juntas.pdf\" target=\"_blank\">\n\n\t\t\t\t\t\t\t\t\t\t\t\t<span class=\"elementor-icon-list-icon\">\n\t\t\t\t\t\t\t<svg aria-hidden=\"true\" class=\"e-font-icon-svg e-fas-file-pdf\" viewBox=\"0 0 384 512\" xmlns=\"http:\/\/www.w3.org\/2000\/svg\"><path d=\"M181.9 256.1c-5-16-4.9-46.9-2-46.9 8.4 0 7.6 36.9 2 46.9zm-1.7 47.2c-7.7 20.2-17.3 43.3-28.4 62.7 18.3-7 39-17.2 62.9-21.9-12.7-9.6-24.9-23.4-34.5-40.8zM86.1 428.1c0 .8 13.2-5.4 34.9-40.2-6.7 6.3-29.1 24.5-34.9 40.2zM248 160h136v328c0 13.3-10.7 24-24 24H24c-13.3 0-24-10.7-24-24V24C0 10.7 10.7 0 24 0h200v136c0 13.2 10.8 24 24 24zm-8 171.8c-20-12.2-33.3-29-42.7-53.8 4.5-18.5 11.6-46.6 6.2-64.2-4.7-29.4-42.4-26.5-47.8-6.8-5 18.3-.4 44.1 8.1 77-11.6 27.6-28.7 64.6-40.8 85.8-.1 0-.1.1-.2.1-27.1 13.9-73.6 44.5-54.5 68 5.6 6.9 16 10 21.5 10 17.9 0 35.7-18 61.1-61.8 25.8-8.5 54.1-19.1 79-23.2 21.7 11.8 47.1 19.5 64 19.5 29.2 0 31.2-32 19.7-43.4-13.9-13.6-54.3-9.7-73.6-7.2zM377 105L279 7c-4.5-4.5-10.6-7-17-7h-6v128h128v-6.1c0-6.3-2.5-12.4-7-16.9zm-74.1 255.3c4.1-2.7-2.5-11.9-42.8-9 37.1 15.8 42.8 9 42.8 9z\"><\/path><\/svg>\t\t\t\t\t\t<\/span>\n\t\t\t\t\t\t\t\t\t\t<span class=\"elementor-icon-list-text\">Intercambiador de calor de placas y juntas<\/span>\n\t\t\t\t\t\t\t\t\t\t\t<\/a>\n\t\t\t\t\t\t\t\t\t<\/li>\n\t\t\t\t\t\t<\/ul>\n\t\t\t\t\t\t<\/div>\n\t\t\t\t<div class=\"elementor-element elementor-element-4f4ccdf0 elementor-widget elementor-widget-heading\" data-id=\"4f4ccdf0\" data-element_type=\"widget\" data-e-type=\"widget\" data-widget_type=\"heading.default\">\n\t\t\t\t\t<h5 class=\"elementor-heading-title elementor-size-default\">Ver videos de este producto:<\/h5>\t\t\t\t<\/div>\n\t\t\t\t<div class=\"elementor-element elementor-element-4b460149 uael-video-gallery__column-4 uael-video-gallery-tablet__column-2 uael-video-gallery-mobile__column-1 elementor-widget elementor-widget-uael-video-gallery\" data-id=\"4b460149\" data-element_type=\"widget\" data-e-type=\"widget\" data-settings=\"{&quot;gallery_columns&quot;:&quot;4&quot;,&quot;play_icon_size&quot;:{&quot;unit&quot;:&quot;px&quot;,&quot;size&quot;:20,&quot;sizes&quot;:[]},&quot;gallery_columns_tablet&quot;:&quot;2&quot;,&quot;gallery_columns_mobile&quot;:&quot;1&quot;,&quot;column_gap&quot;:{&quot;unit&quot;:&quot;px&quot;,&quot;size&quot;:10,&quot;sizes&quot;:[]},&quot;column_gap_laptop&quot;:{&quot;unit&quot;:&quot;px&quot;,&quot;size&quot;:&quot;&quot;,&quot;sizes&quot;:[]},&quot;column_gap_tablet&quot;:{&quot;unit&quot;:&quot;px&quot;,&quot;size&quot;:&quot;&quot;,&quot;sizes&quot;:[]},&quot;column_gap_mobile&quot;:{&quot;unit&quot;:&quot;px&quot;,&quot;size&quot;:&quot;&quot;,&quot;sizes&quot;:[]},&quot;row_gap&quot;:{&quot;unit&quot;:&quot;px&quot;,&quot;size&quot;:10,&quot;sizes&quot;:[]},&quot;row_gap_laptop&quot;:{&quot;unit&quot;:&quot;px&quot;,&quot;size&quot;:&quot;&quot;,&quot;sizes&quot;:[]},&quot;row_gap_tablet&quot;:{&quot;unit&quot;:&quot;px&quot;,&quot;size&quot;:&quot;&quot;,&quot;sizes&quot;:[]},&quot;row_gap_mobile&quot;:{&quot;unit&quot;:&quot;px&quot;,&quot;size&quot;:&quot;&quot;,&quot;sizes&quot;:[]},&quot;play_icon_size_laptop&quot;:{&quot;unit&quot;:&quot;px&quot;,&quot;size&quot;:&quot;&quot;,&quot;sizes&quot;:[]},&quot;play_icon_size_tablet&quot;:{&quot;unit&quot;:&quot;px&quot;,&quot;size&quot;:45,&quot;sizes&quot;:[]},&quot;play_icon_size_mobile&quot;:{&quot;unit&quot;:&quot;px&quot;,&quot;size&quot;:35,&quot;sizes&quot;:[]}}\" data-widget_type=\"uael-video-gallery.default\">\n\t\t\t\t<div class=\"elementor-widget-container\">\n\t\t\t\t\t<div class=\"uael-video-gallery-wrap uael-vg__layout-grid uael-vg__action-lightbox uael-aspect-ratio-16_9\" data-action=\"lightbox\" data-layout=\"grid\" data-all-filters=\"filter-\" >\t\t\t\t<div class=\"uael-video__gallery-item\" id=\"uael-video__gallery-item1\">\n\n\t\t\t\t\t\t\t\t\t\t<div class=\"uael-video__gallery-iframe\" style=\"background-image:url('https:\/\/i.ytimg.com\/vi\/qnLZ6A2uQqY\/hqdefault.jpg');\">\n\t\t\t\t\t\t<a class=\"elementor-clickable uael-vg__play_full\" href=\"https:\/\/www.youtube.com\/embed\/qnLZ6A2uQqY?autoplay=1&amp;version=3&amp;enablejsapi=1\" data-fancybox=\"uael-video-gallery-4b460149\">\n\t\t\t\t\t\t\t<div class=\"uael-video__content-wrap\">\n\t\t\t\t\t\t\t\t<div class=\"uael-video__content\">\n\t\t\t\t\t\t\t\t\t\t\t\t\t\t\t\t\t\t<div class=\"uael-vg__play\">\n\t\t\t\t\t\t\t\t\t\t\t\t\t\t\t\t\t\t<span class=\"elementor-animation-float uael-vg__play-icon\">\n\t\t\t\t\t\t<svg aria-hidden=\"true\" class=\"e-font-icon-svg e-fa-play\" viewBox=\"0 0 448 512\" xmlns=\"http:\/\/www.w3.org\/2000\/svg\"><path d=\"M424.4 214.7L72.4 6.6C43.8-10.3 0 6.1 0 47.9V464c0 37.5 40.7 60.1 72.4 41.3l352-208c31.4-18.5 31.5-64.1 0-82.6z\"><\/path><\/svg>\t\t\t\t\t<\/span>\n\t\t\t\t\t\t\t\t\t\t\t\t\t\t\t\t\t\t<\/div>\n\n\t\t\t\t\t\t\t\t\t\n\t\t\t\t\t\t\t\t<\/div>\n\t\t\t\t\t\t\t<\/div>\n\t\t\t\t\t\t<\/a>\n\t\t\t\t\t<\/div>\n\t\t\t\t\t\t\t\t\t\t<div class=\"uael-vg__overlay\"><\/div>\n\t\t\t\t\t\t\t\t\t<\/div>\n\t\t\t\t<\/div>\t\t<script type=\"text\/javascript\">\n\t\t\tjQuery( document ).ready( function( $ ) {\n\n\t\t\t\t$( '.uael-video-gallery-wrap' ).each( function() {\n\n\t\t\t\t\tvar $node_id \t= '4b460149';\n\t\t\t\t\tvar\tscope \t\t= $( '[data-id=\"' + $node_id + '\"]' );\n\t\t\t\t\tvar selector \t= $(this);\n\n\t\t\t\t\tif ( selector.closest( scope ).length < 1 ) {\n\t\t\t\t\t\treturn;\n\t\t\t\t\t}\n\n\t\t\t\t\tif ( ! selector.hasClass( 'uael-video-gallery-filter' ) ) {\n\t\t\t\t\t\treturn;\n\t\t\t\t\t}\n\n\t\t\t\t\tvar filters = scope.find( '.uael-video__gallery-filters' );\n\t\t\t\t\tvar def_cat = '*';\n\n\t\t\t\t\tif ( filters.length > 0 ) {\n\n\t\t\t\t\t\tvar def_filter = filters.data( 'default' );\n\n\t\t\t\t\t\tif ( '' !== def_filter ) {\n\n\t\t\t\t\t\t\tdef_cat \t= def_filter;\n\t\t\t\t\t\t\tdef_cat_sel = filters.find( '[data-filter=\"' + def_filter + '\"]' );\n\n\t\t\t\t\t\t\tif ( def_cat_sel.length > 0 ) {\n\t\t\t\t\t\t\t\tdef_cat_sel.siblings().removeClass( 'uael-filter__current' );\n\t\t\t\t\t\t\t\tdef_cat_sel.addClass( 'uael-filter__current' );\n\t\t\t\t\t\t\t}\n\t\t\t\t\t\t}\n\t\t\t\t\t}\n\n\t\t\t\t\tvar $obj = {};\n\n\t\t\t\t\tselector.imagesLoaded( function( e ) {\n\n\t\t\t\t\t\t$obj = selector.isotope({\n\t\t\t\t\t\t\tfilter: def_cat,\n\t\t\t\t\t\t\tlayoutMode: 'masonry',\n\t\t\t\t\t\t\titemSelector: '.uael-video__gallery-item',\n\t\t\t\t\t\t});\n\n\t\t\t\t\t\tselector.find( '.uael-video__gallery-item' ).resize( function() {\n\t\t\t\t\t\t\t$obj.isotope( 'layout' );\n\t\t\t\t\t\t});\n\t\t\t\t\t});\n\n\t\t\t\t});\n\t\t\t});\n\t\t<\/script>\n\t\t\t\t\t\t<\/div>\n\t\t\t\t<\/div>\n\t\t\t\t\t<\/div>\n\t\t<\/div>\n\t\t\t\t\t<\/div>\n\t\t<\/section>\n\t\t\t\t<\/div>\n\t\t","protected":false},"excerpt":{"rendered":"<p>El intercambiador de placas ARAX serie Free Flow es el equipo perfecto para fluidos que contienen s\u00f3lidos, fibra,<br \/>\npulpa y tambi\u00e9n para productos de alta viscosidad. Se distinguen por:<\/p>\n<ul>\n<li>Ancho del canal entre las placas de 5 o 10 mm<\/li>\n<li>Canales de flujo sin puntos de contacto<\/li>\n<li>Estructura de corrugaci\u00f3n de placas resistente a obstrucciones<\/li>\n<\/ul>\n<p>Estas propiedades son las que confirman por qu\u00e9 estas placas son la opci\u00f3n m\u00e1s adecuada para industrias del az\u00facar, papel y jugos de fruta. Tambi\u00e9n son usados habitualmente en el sector de energ\u00edas renovables y tratamiento de efluentes.<\/p>\n<p><strong>Caracter\u00edsticas T\u00e9cnicas<\/strong><\/p>\n<ul>\n<li>Di\u00e1metros de conexiones: desde 4\u201c hasta 14\u201d<\/li>\n<li>Caudales: hasta 1900 m\u00b3\/h<\/li>\n<li>Presi\u00f3n: hasta 16 bar<\/li>\n<li>Tama\u00f1os de placa: desde 1406 mm x 432 mm hasta 2835 mm x 980 mm<\/li>\n<\/ul>\n<p><strong>Ventajas<\/strong><\/p>\n<ul>\n<li>Operaci\u00f3n libre de obstrucciones gracias al ancho de paso constante.<\/li>\n<li>Excelente alternativa a intercambiadores de casco y tubo.<\/li>\n<li>Aptos para productos con contenido de fibras y s\u00f3lidos y viscosos.<\/li>\n<\/ul>\n<p>Nuestras soluciones t\u00e9cnicas est\u00e1n dise\u00f1adas para apoyar en la<br \/>\nproducci\u00f3n de az\u00facar de ca\u00f1a y remolacha. Dado que las soluciones de<br \/>\naz\u00facar tienen un alto contenido de fibra, su proceso requiere de equipos<br \/>\nde alto rendimiento que tambi\u00e9n reducir\u00edan la posibilidad de<br \/>\nobstrucciones. Nuestros dise\u00f1os asegurar\u00e1n un flujo constante de<br \/>\nproducci\u00f3n y permitir\u00e1n la programaci\u00f3n de tiempos de inactividad para<br \/>\nel mantenimiento.<\/p>\n","protected":false},"featured_media":1542,"comment_status":"open","ping_status":"closed","template":"","meta":{"site-sidebar-layout":"no-sidebar","site-content-layout":"page-builder","ast-site-content-layout":"default","site-content-style":"default","site-sidebar-style":"default","ast-global-header-display":"","ast-banner-title-visibility":"","ast-main-header-display":"","ast-hfb-above-header-display":"","ast-hfb-below-header-display":"","ast-hfb-mobile-header-display":"","site-post-title":"disabled","ast-breadcrumbs-content":"","ast-featured-img":"disabled","footer-sml-layout":"","ast-disable-related-posts":"","theme-transparent-header-meta":"default","adv-header-id-meta":"","stick-header-meta":"default","header-above-stick-meta":"","header-main-stick-meta":"","header-below-stick-meta":"","astra-migrate-meta-layouts":"default","ast-page-background-enabled":"default","ast-page-background-meta":{"desktop":{"background-color":"var(--ast-global-color-4)","background-image":"","background-repeat":"repeat","background-position":"center center","background-size":"auto","background-attachment":"scroll","background-type":"","background-media":"","overlay-type":"","overlay-color":"","overlay-opacity":"","overlay-gradient":""},"tablet":{"background-color":"","background-image":"","background-repeat":"repeat","background-position":"center center","background-size":"auto","background-attachment":"scroll","background-type":"","background-media":"","overlay-type":"","overlay-color":"","overlay-opacity":"","overlay-gradient":""},"mobile":{"background-color":"","background-image":"","background-repeat":"repeat","background-position":"center center","background-size":"auto","background-attachment":"scroll","background-type":"","background-media":"","overlay-type":"","overlay-color":"","overlay-opacity":"","overlay-gradient":""}},"ast-content-background-meta":{"desktop":{"background-color":"var(--ast-global-color-5)","background-image":"","background-repeat":"repeat","background-position":"center center","background-size":"auto","background-attachment":"scroll","background-type":"","background-media":"","overlay-type":"","overlay-color":"","overlay-opacity":"","overlay-gradient":""},"tablet":{"background-color":"var(--ast-global-color-5)","background-image":"","background-repeat":"repeat","background-position":"center center","background-size":"auto","background-attachment":"scroll","background-type":"","background-media":"","overlay-type":"","overlay-color":"","overlay-opacity":"","overlay-gradient":""},"mobile":{"background-color":"var(--ast-global-color-5)","background-image":"","background-repeat":"repeat","background-position":"center center","background-size":"auto","background-attachment":"scroll","background-type":"","background-media":"","overlay-type":"","overlay-color":"","overlay-opacity":"","overlay-gradient":""}}},"product_brand":[],"product_cat":[26],"product_tag":[],"class_list":{"0":"post-1541","1":"product","2":"type-product","3":"status-publish","4":"has-post-thumbnail","6":"product_cat-generales","7":"desktop-align-left","8":"tablet-align-left","9":"mobile-align-left","10":"ast-product-gallery-layout-horizontal","11":"ast-product-tabs-layout-horizontal","13":"first","14":"instock","15":"shipping-taxable","16":"product-type-simple"},"yoast_head":"<!-- This site is optimized with the Yoast SEO plugin v27.2 - https:\/\/yoast.com\/product\/yoast-seo-wordpress\/ -->\n<title>Intercambiador de calor de placas y juntas - ProdekInc<\/title>\n<meta name=\"robots\" content=\"index, follow, max-snippet:-1, max-image-preview:large, max-video-preview:-1\" \/>\n<link rel=\"canonical\" href=\"https:\/\/prodekinc.com\/es\/producto\/intercambiador-de-calor-de-placas-y-juntas\/\" \/>\n<meta property=\"og:locale\" content=\"es_ES\" \/>\n<meta property=\"og:type\" content=\"article\" \/>\n<meta property=\"og:title\" content=\"Intercambiador de calor de placas y juntas - ProdekInc\" \/>\n<meta property=\"og:description\" content=\"El intercambiador de placas ARAX serie Free Flow es el equipo perfecto para fluidos que contienen s\u00f3lidos, fibra, pulpa y tambi\u00e9n para productos de alta viscosidad. Se distinguen por:   Ancho del canal entre las placas de 5 o 10 mm  Canales de flujo sin puntos de contacto  Estructura de corrugaci\u00f3n de placas resistente a obstrucciones  Estas propiedades son las que confirman por qu\u00e9 estas placas son la opci\u00f3n m\u00e1s adecuada para industrias del az\u00facar, papel y jugos de fruta. Tambi\u00e9n son usados habitualmente en el sector de energ\u00edas renovables y tratamiento de efluentes.  Caracter\u00edsticas T\u00e9cnicas   Di\u00e1metros de conexiones: desde 4\u201c hasta 14\u201d  Caudales: hasta 1900 m\u00b3\/h  Presi\u00f3n: hasta 16 bar  Tama\u00f1os de placa: desde 1406 mm x 432 mm hasta 2835 mm x 980 mm  Ventajas   Operaci\u00f3n libre de obstrucciones gracias al ancho de paso constante.  Excelente alternativa a intercambiadores de casco y tubo.  Aptos para productos con contenido de fibras y s\u00f3lidos y viscosos.  Nuestras soluciones t\u00e9cnicas est\u00e1n dise\u00f1adas para apoyar en la producci\u00f3n de az\u00facar de ca\u00f1a y remolacha. Dado que las soluciones de az\u00facar tienen un alto contenido de fibra, su proceso requiere de equipos de alto rendimiento que tambi\u00e9n reducir\u00edan la posibilidad de obstrucciones. Nuestros dise\u00f1os asegurar\u00e1n un flujo constante de producci\u00f3n y permitir\u00e1n la programaci\u00f3n de tiempos de inactividad para el mantenimiento.\" \/>\n<meta property=\"og:url\" content=\"https:\/\/prodekinc.com\/es\/producto\/intercambiador-de-calor-de-placas-y-juntas\/\" \/>\n<meta property=\"og:site_name\" content=\"ProdekInc\" \/>\n<meta property=\"article:modified_time\" content=\"2022-08-01T22:04:21+00:00\" \/>\n<meta property=\"og:image\" content=\"https:\/\/prodekinc.com\/wp-content\/uploads\/intercambiador-de-calor-de-placas-y-juntas-PRINCIPAL.jpg\" \/>\n\t<meta property=\"og:image:width\" content=\"457\" \/>\n\t<meta property=\"og:image:height\" content=\"600\" \/>\n\t<meta property=\"og:image:type\" content=\"image\/jpeg\" \/>\n<meta name=\"twitter:card\" content=\"summary_large_image\" \/>\n<meta name=\"twitter:label1\" content=\"Tiempo de lectura\" \/>\n\t<meta name=\"twitter:data1\" content=\"1 minuto\" \/>\n<script type=\"application\/ld+json\" class=\"yoast-schema-graph\">{\"@context\":\"https:\/\/schema.org\",\"@graph\":[{\"@type\":\"WebPage\",\"@id\":\"https:\/\/prodekinc.com\/es\/producto\/intercambiador-de-calor-de-placas-y-juntas\/\",\"url\":\"https:\/\/prodekinc.com\/es\/producto\/intercambiador-de-calor-de-placas-y-juntas\/\",\"name\":\"Intercambiador de calor de placas y juntas - ProdekInc\",\"isPartOf\":{\"@id\":\"https:\/\/prodekinc.com\/es\/#website\"},\"primaryImageOfPage\":{\"@id\":\"https:\/\/prodekinc.com\/es\/producto\/intercambiador-de-calor-de-placas-y-juntas\/#primaryimage\"},\"image\":{\"@id\":\"https:\/\/prodekinc.com\/es\/producto\/intercambiador-de-calor-de-placas-y-juntas\/#primaryimage\"},\"thumbnailUrl\":\"https:\/\/prodekinc.com\/wp-content\/uploads\/intercambiador-de-calor-de-placas-y-juntas-PRINCIPAL.jpg\",\"datePublished\":\"2022-02-11T18:40:03+00:00\",\"dateModified\":\"2022-08-01T22:04:21+00:00\",\"breadcrumb\":{\"@id\":\"https:\/\/prodekinc.com\/es\/producto\/intercambiador-de-calor-de-placas-y-juntas\/#breadcrumb\"},\"inLanguage\":\"es\",\"potentialAction\":[{\"@type\":\"ReadAction\",\"target\":[\"https:\/\/prodekinc.com\/es\/producto\/intercambiador-de-calor-de-placas-y-juntas\/\"]}]},{\"@type\":\"ImageObject\",\"inLanguage\":\"es\",\"@id\":\"https:\/\/prodekinc.com\/es\/producto\/intercambiador-de-calor-de-placas-y-juntas\/#primaryimage\",\"url\":\"https:\/\/prodekinc.com\/wp-content\/uploads\/intercambiador-de-calor-de-placas-y-juntas-PRINCIPAL.jpg\",\"contentUrl\":\"https:\/\/prodekinc.com\/wp-content\/uploads\/intercambiador-de-calor-de-placas-y-juntas-PRINCIPAL.jpg\",\"width\":457,\"height\":600},{\"@type\":\"BreadcrumbList\",\"@id\":\"https:\/\/prodekinc.com\/es\/producto\/intercambiador-de-calor-de-placas-y-juntas\/#breadcrumb\",\"itemListElement\":[{\"@type\":\"ListItem\",\"position\":1,\"name\":\"Portada\",\"item\":\"https:\/\/prodekinc.com\/es\/\"},{\"@type\":\"ListItem\",\"position\":2,\"name\":\"Tienda\",\"item\":\"https:\/\/prodekinc.com\/tienda\/\"},{\"@type\":\"ListItem\",\"position\":3,\"name\":\"Intercambiador de calor de placas y juntas\"}]},{\"@type\":\"WebSite\",\"@id\":\"https:\/\/prodekinc.com\/es\/#website\",\"url\":\"https:\/\/prodekinc.com\/es\/\",\"name\":\"ProdekInc\",\"description\":\"\",\"publisher\":{\"@id\":\"https:\/\/prodekinc.com\/es\/#organization\"},\"potentialAction\":[{\"@type\":\"SearchAction\",\"target\":{\"@type\":\"EntryPoint\",\"urlTemplate\":\"https:\/\/prodekinc.com\/es\/?s={search_term_string}\"},\"query-input\":{\"@type\":\"PropertyValueSpecification\",\"valueRequired\":true,\"valueName\":\"search_term_string\"}}],\"inLanguage\":\"es\"},{\"@type\":\"Organization\",\"@id\":\"https:\/\/prodekinc.com\/es\/#organization\",\"name\":\"ProdekInc\",\"url\":\"https:\/\/prodekinc.com\/es\/\",\"logo\":{\"@type\":\"ImageObject\",\"inLanguage\":\"es\",\"@id\":\"https:\/\/prodekinc.com\/es\/#\/schema\/logo\/image\/\",\"url\":\"https:\/\/prodekinc.com\/wp-content\/uploads\/logo-footer.svg\",\"contentUrl\":\"https:\/\/prodekinc.com\/wp-content\/uploads\/logo-footer.svg\",\"width\":235.5,\"height\":155.2,\"caption\":\"ProdekInc\"},\"image\":{\"@id\":\"https:\/\/prodekinc.com\/es\/#\/schema\/logo\/image\/\"}}]}<\/script>\n<!-- \/ Yoast SEO plugin. -->","yoast_head_json":{"title":"Intercambiador de calor de placas y juntas - ProdekInc","robots":{"index":"index","follow":"follow","max-snippet":"max-snippet:-1","max-image-preview":"max-image-preview:large","max-video-preview":"max-video-preview:-1"},"canonical":"https:\/\/prodekinc.com\/es\/producto\/intercambiador-de-calor-de-placas-y-juntas\/","og_locale":"es_ES","og_type":"article","og_title":"Intercambiador de calor de placas y juntas - ProdekInc","og_description":"El intercambiador de placas ARAX serie Free Flow es el equipo perfecto para fluidos que contienen s\u00f3lidos, fibra, pulpa y tambi\u00e9n para productos de alta viscosidad. Se distinguen por:   Ancho del canal entre las placas de 5 o 10 mm  Canales de flujo sin puntos de contacto  Estructura de corrugaci\u00f3n de placas resistente a obstrucciones  Estas propiedades son las que confirman por qu\u00e9 estas placas son la opci\u00f3n m\u00e1s adecuada para industrias del az\u00facar, papel y jugos de fruta. Tambi\u00e9n son usados habitualmente en el sector de energ\u00edas renovables y tratamiento de efluentes.  Caracter\u00edsticas T\u00e9cnicas   Di\u00e1metros de conexiones: desde 4\u201c hasta 14\u201d  Caudales: hasta 1900 m\u00b3\/h  Presi\u00f3n: hasta 16 bar  Tama\u00f1os de placa: desde 1406 mm x 432 mm hasta 2835 mm x 980 mm  Ventajas   Operaci\u00f3n libre de obstrucciones gracias al ancho de paso constante.  Excelente alternativa a intercambiadores de casco y tubo.  Aptos para productos con contenido de fibras y s\u00f3lidos y viscosos.  Nuestras soluciones t\u00e9cnicas est\u00e1n dise\u00f1adas para apoyar en la producci\u00f3n de az\u00facar de ca\u00f1a y remolacha. Dado que las soluciones de az\u00facar tienen un alto contenido de fibra, su proceso requiere de equipos de alto rendimiento que tambi\u00e9n reducir\u00edan la posibilidad de obstrucciones. Nuestros dise\u00f1os asegurar\u00e1n un flujo constante de producci\u00f3n y permitir\u00e1n la programaci\u00f3n de tiempos de inactividad para el mantenimiento.","og_url":"https:\/\/prodekinc.com\/es\/producto\/intercambiador-de-calor-de-placas-y-juntas\/","og_site_name":"ProdekInc","article_modified_time":"2022-08-01T22:04:21+00:00","og_image":[{"width":457,"height":600,"url":"https:\/\/prodekinc.com\/wp-content\/uploads\/intercambiador-de-calor-de-placas-y-juntas-PRINCIPAL.jpg","type":"image\/jpeg"}],"twitter_card":"summary_large_image","twitter_misc":{"Tiempo de lectura":"1 minuto"},"schema":{"@context":"https:\/\/schema.org","@graph":[{"@type":"WebPage","@id":"https:\/\/prodekinc.com\/es\/producto\/intercambiador-de-calor-de-placas-y-juntas\/","url":"https:\/\/prodekinc.com\/es\/producto\/intercambiador-de-calor-de-placas-y-juntas\/","name":"Intercambiador de calor de placas y juntas - ProdekInc","isPartOf":{"@id":"https:\/\/prodekinc.com\/es\/#website"},"primaryImageOfPage":{"@id":"https:\/\/prodekinc.com\/es\/producto\/intercambiador-de-calor-de-placas-y-juntas\/#primaryimage"},"image":{"@id":"https:\/\/prodekinc.com\/es\/producto\/intercambiador-de-calor-de-placas-y-juntas\/#primaryimage"},"thumbnailUrl":"https:\/\/prodekinc.com\/wp-content\/uploads\/intercambiador-de-calor-de-placas-y-juntas-PRINCIPAL.jpg","datePublished":"2022-02-11T18:40:03+00:00","dateModified":"2022-08-01T22:04:21+00:00","breadcrumb":{"@id":"https:\/\/prodekinc.com\/es\/producto\/intercambiador-de-calor-de-placas-y-juntas\/#breadcrumb"},"inLanguage":"es","potentialAction":[{"@type":"ReadAction","target":["https:\/\/prodekinc.com\/es\/producto\/intercambiador-de-calor-de-placas-y-juntas\/"]}]},{"@type":"ImageObject","inLanguage":"es","@id":"https:\/\/prodekinc.com\/es\/producto\/intercambiador-de-calor-de-placas-y-juntas\/#primaryimage","url":"https:\/\/prodekinc.com\/wp-content\/uploads\/intercambiador-de-calor-de-placas-y-juntas-PRINCIPAL.jpg","contentUrl":"https:\/\/prodekinc.com\/wp-content\/uploads\/intercambiador-de-calor-de-placas-y-juntas-PRINCIPAL.jpg","width":457,"height":600},{"@type":"BreadcrumbList","@id":"https:\/\/prodekinc.com\/es\/producto\/intercambiador-de-calor-de-placas-y-juntas\/#breadcrumb","itemListElement":[{"@type":"ListItem","position":1,"name":"Portada","item":"https:\/\/prodekinc.com\/es\/"},{"@type":"ListItem","position":2,"name":"Tienda","item":"https:\/\/prodekinc.com\/tienda\/"},{"@type":"ListItem","position":3,"name":"Intercambiador de calor de placas y juntas"}]},{"@type":"WebSite","@id":"https:\/\/prodekinc.com\/es\/#website","url":"https:\/\/prodekinc.com\/es\/","name":"ProdekInc","description":"","publisher":{"@id":"https:\/\/prodekinc.com\/es\/#organization"},"potentialAction":[{"@type":"SearchAction","target":{"@type":"EntryPoint","urlTemplate":"https:\/\/prodekinc.com\/es\/?s={search_term_string}"},"query-input":{"@type":"PropertyValueSpecification","valueRequired":true,"valueName":"search_term_string"}}],"inLanguage":"es"},{"@type":"Organization","@id":"https:\/\/prodekinc.com\/es\/#organization","name":"ProdekInc","url":"https:\/\/prodekinc.com\/es\/","logo":{"@type":"ImageObject","inLanguage":"es","@id":"https:\/\/prodekinc.com\/es\/#\/schema\/logo\/image\/","url":"https:\/\/prodekinc.com\/wp-content\/uploads\/logo-footer.svg","contentUrl":"https:\/\/prodekinc.com\/wp-content\/uploads\/logo-footer.svg","width":235.5,"height":155.2,"caption":"ProdekInc"},"image":{"@id":"https:\/\/prodekinc.com\/es\/#\/schema\/logo\/image\/"}}]}},"_links":{"self":[{"href":"https:\/\/prodekinc.com\/es\/wp-json\/wp\/v2\/product\/1541","targetHints":{"allow":["GET"]}}],"collection":[{"href":"https:\/\/prodekinc.com\/es\/wp-json\/wp\/v2\/product"}],"about":[{"href":"https:\/\/prodekinc.com\/es\/wp-json\/wp\/v2\/types\/product"}],"replies":[{"embeddable":true,"href":"https:\/\/prodekinc.com\/es\/wp-json\/wp\/v2\/comments?post=1541"}],"version-history":[{"count":0,"href":"https:\/\/prodekinc.com\/es\/wp-json\/wp\/v2\/product\/1541\/revisions"}],"wp:featuredmedia":[{"embeddable":true,"href":"https:\/\/prodekinc.com\/es\/wp-json\/wp\/v2\/media\/1542"}],"wp:attachment":[{"href":"https:\/\/prodekinc.com\/es\/wp-json\/wp\/v2\/media?parent=1541"}],"wp:term":[{"taxonomy":"product_brand","embeddable":true,"href":"https:\/\/prodekinc.com\/es\/wp-json\/wp\/v2\/product_brand?post=1541"},{"taxonomy":"product_cat","embeddable":true,"href":"https:\/\/prodekinc.com\/es\/wp-json\/wp\/v2\/product_cat?post=1541"},{"taxonomy":"product_tag","embeddable":true,"href":"https:\/\/prodekinc.com\/es\/wp-json\/wp\/v2\/product_tag?post=1541"}],"curies":[{"name":"wp","href":"https:\/\/api.w.org\/{rel}","templated":true}]}}