{"id":1153,"date":"2022-01-30T13:46:22","date_gmt":"2022-01-30T19:46:22","guid":{"rendered":"https:\/\/prodekinc.com\/?page_id=1153"},"modified":"2025-05-29T09:55:43","modified_gmt":"2025-05-29T15:55:43","slug":"alimentos","status":"publish","type":"page","link":"https:\/\/prodekinc.com\/es\/alimentos\/","title":{"rendered":"Alimentos"},"content":{"rendered":"\t\t<div data-elementor-type=\"wp-page\" data-elementor-id=\"1153\" class=\"elementor elementor-1153\" data-elementor-post-type=\"page\">\n\t\t\t\t\t\t<section class=\"elementor-section elementor-top-section elementor-element elementor-element-294a63a9 elementor-section-height-min-height elementor-section-boxed elementor-section-height-default elementor-section-items-middle\" data-id=\"294a63a9\" data-element_type=\"section\" data-e-type=\"section\" data-settings=\"{&quot;background_background&quot;:&quot;classic&quot;}\">\n\t\t\t\t\t\t\t<div class=\"elementor-background-overlay\"><\/div>\n\t\t\t\t\t\t\t<div class=\"elementor-container elementor-column-gap-default\">\n\t\t\t\t\t<div class=\"elementor-column elementor-col-100 elementor-top-column elementor-element elementor-element-603228e\" data-id=\"603228e\" data-element_type=\"column\" data-e-type=\"column\">\n\t\t\t<div class=\"elementor-widget-wrap elementor-element-populated\">\n\t\t\t\t\t\t<div class=\"elementor-element elementor-element-1e581a83 elementor-widget elementor-widget-spacer\" data-id=\"1e581a83\" data-element_type=\"widget\" data-e-type=\"widget\" data-widget_type=\"spacer.default\">\n\t\t\t\t\t\t\t<div class=\"elementor-spacer\">\n\t\t\t<div class=\"elementor-spacer-inner\"><\/div>\n\t\t<\/div>\n\t\t\t\t\t\t<\/div>\n\t\t\t\t<div class=\"elementor-element elementor-element-79a32e76 animated-slow elementor-invisible elementor-widget elementor-widget-heading\" data-id=\"79a32e76\" data-element_type=\"widget\" data-e-type=\"widget\" data-settings=\"{&quot;_animation&quot;:&quot;fadeInUp&quot;,&quot;_animation_delay&quot;:200}\" data-widget_type=\"heading.default\">\n\t\t\t\t\t<h1 class=\"elementor-heading-title elementor-size-default\">Alimentos<\/h1>\t\t\t\t<\/div>\n\t\t\t\t\t<\/div>\n\t\t<\/div>\n\t\t\t\t\t<\/div>\n\t\t<\/section>\n\t\t\t\t<section class=\"elementor-section elementor-top-section elementor-element elementor-element-44a00d4a elementor-section-boxed elementor-section-height-default elementor-section-height-default\" data-id=\"44a00d4a\" data-element_type=\"section\" data-e-type=\"section\" data-settings=\"{&quot;background_background&quot;:&quot;classic&quot;}\">\n\t\t\t\t\t\t<div class=\"elementor-container elementor-column-gap-default\">\n\t\t\t\t\t<div class=\"elementor-column elementor-col-100 elementor-top-column elementor-element elementor-element-605e8221\" data-id=\"605e8221\" data-element_type=\"column\" data-e-type=\"column\">\n\t\t\t<div class=\"elementor-widget-wrap elementor-element-populated\">\n\t\t\t\t\t\t<div class=\"elementor-element elementor-element-1ba21168 elementor-widget__width-auto elementor-invisible elementor-widget elementor-widget-heading\" data-id=\"1ba21168\" data-element_type=\"widget\" data-e-type=\"widget\" data-settings=\"{&quot;_animation&quot;:&quot;fadeInUp&quot;}\" data-widget_type=\"heading.default\">\n\t\t\t\t\t<h2 class=\"elementor-heading-title elementor-size-default\">Industria de Alimentos<\/h2>\t\t\t\t<\/div>\n\t\t\t\t<div class=\"elementor-element elementor-element-30d98a9c elementor-widget elementor-widget-spacer\" data-id=\"30d98a9c\" data-element_type=\"widget\" data-e-type=\"widget\" data-widget_type=\"spacer.default\">\n\t\t\t\t\t\t\t<div class=\"elementor-spacer\">\n\t\t\t<div class=\"elementor-spacer-inner\"><\/div>\n\t\t<\/div>\n\t\t\t\t\t\t<\/div>\n\t\t\t\t<section class=\"elementor-section elementor-inner-section elementor-element elementor-element-1a771570 elementor-section-full_width elementor-section-height-default elementor-section-height-default\" data-id=\"1a771570\" data-element_type=\"section\" data-e-type=\"section\">\n\t\t\t\t\t\t<div class=\"elementor-container elementor-column-gap-default\">\n\t\t\t\t\t<div class=\"elementor-column elementor-col-50 elementor-inner-column elementor-element elementor-element-2fe91619\" data-id=\"2fe91619\" data-element_type=\"column\" data-e-type=\"column\">\n\t\t\t<div class=\"elementor-widget-wrap elementor-element-populated\">\n\t\t\t\t\t\t<div class=\"elementor-element elementor-element-2a6cf61b elementor-invisible elementor-widget elementor-widget-text-editor\" data-id=\"2a6cf61b\" data-element_type=\"widget\" data-e-type=\"widget\" data-settings=\"{&quot;_animation&quot;:&quot;fadeInUp&quot;}\" data-widget_type=\"text-editor.default\">\n\t\t\t\t\t\t\t\t\t<p>Ofrecemos soluciones integrales para proyectos de producci\u00f3n y fabricaci\u00f3n de alimentos procesados, aceite vegetal, harinas, caf\u00e9, l\u00e1cteos, almidones y sus derivados.<\/p>\n<p>Contamos principalmente con tecnolog\u00eda de punta para la producci\u00f3n de almidones a partir de ma\u00edz y trigo, bajo proceso de molienda h\u00fameda. Nuestras soluciones van desde proyectos llave en mano hasta el suministro de equipos especializados para las diversas unidades de proceso en la producci\u00f3n de almid\u00f3n, dextrina, glucosa y fructuosa, as\u00ed como de sus sub-productos, tales como germen, fibra y gluten.<\/p>\t\t\t\t\t\t\t\t<\/div>\n\t\t\t\t\t<\/div>\n\t\t<\/div>\n\t\t\t\t<div class=\"elementor-column elementor-col-50 elementor-inner-column elementor-element elementor-element-7d510beb\" data-id=\"7d510beb\" data-element_type=\"column\" data-e-type=\"column\">\n\t\t\t<div class=\"elementor-widget-wrap elementor-element-populated\">\n\t\t\t\t\t\t<div class=\"elementor-element elementor-element-ce14ba1 elementor-invisible elementor-widget elementor-widget-image\" data-id=\"ce14ba1\" data-element_type=\"widget\" data-e-type=\"widget\" data-settings=\"{&quot;_animation&quot;:&quot;fadeInRight&quot;}\" data-widget_type=\"image.default\">\n\t\t\t\t\t\t\t\t\t\t\t\t<figure class=\"wp-caption\">\n\t\t\t\t\t\t\t\t\t\t<img fetchpriority=\"high\" decoding=\"async\" width=\"2014\" height=\"2560\" src=\"https:\/\/prodekinc.com\/wp-content\/uploads\/Cricket-filter-FH-2100331_029wit-scaled.png\" class=\"attachment-large size-large wp-image-7963\" alt=\"\" srcset=\"https:\/\/prodekinc.com\/wp-content\/uploads\/Cricket-filter-FH-2100331_029wit-scaled.png 2014w, https:\/\/prodekinc.com\/wp-content\/uploads\/Cricket-filter-FH-2100331_029wit-768x976.png 768w, https:\/\/prodekinc.com\/wp-content\/uploads\/Cricket-filter-FH-2100331_029wit-1208x1536.png 1208w, https:\/\/prodekinc.com\/wp-content\/uploads\/Cricket-filter-FH-2100331_029wit-1611x2048.png 1611w, https:\/\/prodekinc.com\/wp-content\/uploads\/Cricket-filter-FH-2100331_029wit-600x763.png 600w\" sizes=\"(max-width: 2014px) 100vw, 2014px\" \/>\t\t\t\t\t\t\t\t\t\t\t<figcaption class=\"widget-image-caption wp-caption-text\">Filtro Cricket - Filtro Precapa<\/figcaption>\n\t\t\t\t\t\t\t\t\t\t<\/figure>\n\t\t\t\t\t\t\t\t\t<\/div>\n\t\t\t\t\t<\/div>\n\t\t<\/div>\n\t\t\t\t\t<\/div>\n\t\t<\/section>\n\t\t\t\t\t<\/div>\n\t\t<\/div>\n\t\t\t\t\t<\/div>\n\t\t<\/section>\n\t\t\t\t<section class=\"elementor-section elementor-top-section elementor-element elementor-element-42b92d97 elementor-section-boxed elementor-section-height-default elementor-section-height-default\" data-id=\"42b92d97\" data-element_type=\"section\" data-e-type=\"section\" data-settings=\"{&quot;background_background&quot;:&quot;classic&quot;}\">\n\t\t\t\t\t\t<div class=\"elementor-container elementor-column-gap-default\">\n\t\t\t\t\t<div class=\"elementor-column elementor-col-100 elementor-top-column elementor-element elementor-element-2592a236\" data-id=\"2592a236\" data-element_type=\"column\" data-e-type=\"column\">\n\t\t\t<div class=\"elementor-widget-wrap elementor-element-populated\">\n\t\t\t\t\t\t<div class=\"elementor-element elementor-element-1d763e8a elementor-widget__width-auto elementor-invisible elementor-widget elementor-widget-heading\" data-id=\"1d763e8a\" data-element_type=\"widget\" data-e-type=\"widget\" data-settings=\"{&quot;_animation&quot;:&quot;fadeInUp&quot;}\" data-widget_type=\"heading.default\">\n\t\t\t\t\t<h2 class=\"elementor-heading-title elementor-size-default\">Nuestras Soluciones<\/h2>\t\t\t\t<\/div>\n\t\t\t\t<div class=\"elementor-element elementor-element-54da4997 elementor-widget__width-auto animated-slow elementor-invisible elementor-widget elementor-widget-heading\" data-id=\"54da4997\" data-element_type=\"widget\" data-e-type=\"widget\" data-settings=\"{&quot;_animation&quot;:&quot;fadeInUp&quot;}\" data-widget_type=\"heading.default\">\n\t\t\t\t\t<h3 class=\"elementor-heading-title elementor-size-default\">para la industria de alimentos<\/h3>\t\t\t\t<\/div>\n\t\t\t\t<div class=\"elementor-element elementor-element-1593286 elementor-widget elementor-widget-spacer\" data-id=\"1593286\" data-element_type=\"widget\" data-e-type=\"widget\" data-widget_type=\"spacer.default\">\n\t\t\t\t\t\t\t<div class=\"elementor-spacer\">\n\t\t\t<div class=\"elementor-spacer-inner\"><\/div>\n\t\t<\/div>\n\t\t\t\t\t\t<\/div>\n\t\t\t\t<div class=\"elementor-element elementor-element-17fc601a elementor-icon-list--layout-traditional elementor-list-item-link-full_width elementor-invisible elementor-widget elementor-widget-icon-list\" data-id=\"17fc601a\" data-element_type=\"widget\" data-e-type=\"widget\" data-settings=\"{&quot;_animation&quot;:&quot;fadeInUp&quot;}\" data-widget_type=\"icon-list.default\">\n\t\t\t\t\t\t\t<ul class=\"elementor-icon-list-items\">\n\t\t\t\t\t\t\t<li class=\"elementor-icon-list-item\">\n\t\t\t\t\t\t\t\t\t\t\t<a href=\"https:\/\/prodekinc.com\/es\/equipos-de-procesos\/\">\n\n\t\t\t\t\t\t\t\t\t\t\t\t<span class=\"elementor-icon-list-icon\">\n\t\t\t\t\t\t\t<svg aria-hidden=\"true\" class=\"e-font-icon-svg e-fas-external-link-alt\" viewBox=\"0 0 512 512\" xmlns=\"http:\/\/www.w3.org\/2000\/svg\"><path d=\"M432,320H400a16,16,0,0,0-16,16V448H64V128H208a16,16,0,0,0,16-16V80a16,16,0,0,0-16-16H48A48,48,0,0,0,0,112V464a48,48,0,0,0,48,48H400a48,48,0,0,0,48-48V336A16,16,0,0,0,432,320ZM488,0h-128c-21.37,0-32.05,25.91-17,41l35.73,35.73L135,320.37a24,24,0,0,0,0,34L157.67,377a24,24,0,0,0,34,0L435.28,133.32,471,169c15,15,41,4.5,41-17V24A24,24,0,0,0,488,0Z\"><\/path><\/svg>\t\t\t\t\t\t<\/span>\n\t\t\t\t\t\t\t\t\t\t<span class=\"elementor-icon-list-text\">Equipos de Procesos<\/span>\n\t\t\t\t\t\t\t\t\t\t\t<\/a>\n\t\t\t\t\t\t\t\t\t<\/li>\n\t\t\t\t\t\t\t\t<li class=\"elementor-icon-list-item\">\n\t\t\t\t\t\t\t\t\t\t\t<a href=\"https:\/\/prodekinc.com\/es\/filtracion-y-separacion\/\">\n\n\t\t\t\t\t\t\t\t\t\t\t\t<span class=\"elementor-icon-list-icon\">\n\t\t\t\t\t\t\t<svg aria-hidden=\"true\" class=\"e-font-icon-svg e-fas-external-link-alt\" viewBox=\"0 0 512 512\" xmlns=\"http:\/\/www.w3.org\/2000\/svg\"><path d=\"M432,320H400a16,16,0,0,0-16,16V448H64V128H208a16,16,0,0,0,16-16V80a16,16,0,0,0-16-16H48A48,48,0,0,0,0,112V464a48,48,0,0,0,48,48H400a48,48,0,0,0,48-48V336A16,16,0,0,0,432,320ZM488,0h-128c-21.37,0-32.05,25.91-17,41l35.73,35.73L135,320.37a24,24,0,0,0,0,34L157.67,377a24,24,0,0,0,34,0L435.28,133.32,471,169c15,15,41,4.5,41-17V24A24,24,0,0,0,488,0Z\"><\/path><\/svg>\t\t\t\t\t\t<\/span>\n\t\t\t\t\t\t\t\t\t\t<span class=\"elementor-icon-list-text\">Filtraci\u00f3n y Separaci\u00f3n<\/span>\n\t\t\t\t\t\t\t\t\t\t\t<\/a>\n\t\t\t\t\t\t\t\t\t<\/li>\n\t\t\t\t\t\t\t\t<li class=\"elementor-icon-list-item\">\n\t\t\t\t\t\t\t\t\t\t\t<a href=\"https:\/\/prodekinc.com\/es\/manejo-de-fluidos\/\">\n\n\t\t\t\t\t\t\t\t\t\t\t\t<span class=\"elementor-icon-list-icon\">\n\t\t\t\t\t\t\t<svg aria-hidden=\"true\" class=\"e-font-icon-svg e-fas-external-link-alt\" viewBox=\"0 0 512 512\" xmlns=\"http:\/\/www.w3.org\/2000\/svg\"><path d=\"M432,320H400a16,16,0,0,0-16,16V448H64V128H208a16,16,0,0,0,16-16V80a16,16,0,0,0-16-16H48A48,48,0,0,0,0,112V464a48,48,0,0,0,48,48H400a48,48,0,0,0,48-48V336A16,16,0,0,0,432,320ZM488,0h-128c-21.37,0-32.05,25.91-17,41l35.73,35.73L135,320.37a24,24,0,0,0,0,34L157.67,377a24,24,0,0,0,34,0L435.28,133.32,471,169c15,15,41,4.5,41-17V24A24,24,0,0,0,488,0Z\"><\/path><\/svg>\t\t\t\t\t\t<\/span>\n\t\t\t\t\t\t\t\t\t\t<span class=\"elementor-icon-list-text\">Manejo de Fluidos<\/span>\n\t\t\t\t\t\t\t\t\t\t\t<\/a>\n\t\t\t\t\t\t\t\t\t<\/li>\n\t\t\t\t\t\t\t\t<li class=\"elementor-icon-list-item\">\n\t\t\t\t\t\t\t\t\t\t\t<a href=\"https:\/\/prodekinc.com\/es\/equipos-de-laboratorio\/\">\n\n\t\t\t\t\t\t\t\t\t\t\t\t<span class=\"elementor-icon-list-icon\">\n\t\t\t\t\t\t\t<svg aria-hidden=\"true\" class=\"e-font-icon-svg e-fas-external-link-alt\" viewBox=\"0 0 512 512\" xmlns=\"http:\/\/www.w3.org\/2000\/svg\"><path d=\"M432,320H400a16,16,0,0,0-16,16V448H64V128H208a16,16,0,0,0,16-16V80a16,16,0,0,0-16-16H48A48,48,0,0,0,0,112V464a48,48,0,0,0,48,48H400a48,48,0,0,0,48-48V336A16,16,0,0,0,432,320ZM488,0h-128c-21.37,0-32.05,25.91-17,41l35.73,35.73L135,320.37a24,24,0,0,0,0,34L157.67,377a24,24,0,0,0,34,0L435.28,133.32,471,169c15,15,41,4.5,41-17V24A24,24,0,0,0,488,0Z\"><\/path><\/svg>\t\t\t\t\t\t<\/span>\n\t\t\t\t\t\t\t\t\t\t<span class=\"elementor-icon-list-text\">Equipos de Laboratorio<\/span>\n\t\t\t\t\t\t\t\t\t\t\t<\/a>\n\t\t\t\t\t\t\t\t\t<\/li>\n\t\t\t\t\t\t\t\t<li class=\"elementor-icon-list-item\">\n\t\t\t\t\t\t\t\t\t\t\t<a href=\"https:\/\/prodekinc.com\/quality-control-equipment\/\">\n\n\t\t\t\t\t\t\t\t\t\t\t\t<span class=\"elementor-icon-list-icon\">\n\t\t\t\t\t\t\t<svg aria-hidden=\"true\" class=\"e-font-icon-svg e-fas-external-link-alt\" viewBox=\"0 0 512 512\" xmlns=\"http:\/\/www.w3.org\/2000\/svg\"><path d=\"M432,320H400a16,16,0,0,0-16,16V448H64V128H208a16,16,0,0,0,16-16V80a16,16,0,0,0-16-16H48A48,48,0,0,0,0,112V464a48,48,0,0,0,48,48H400a48,48,0,0,0,48-48V336A16,16,0,0,0,432,320ZM488,0h-128c-21.37,0-32.05,25.91-17,41l35.73,35.73L135,320.37a24,24,0,0,0,0,34L157.67,377a24,24,0,0,0,34,0L435.28,133.32,471,169c15,15,41,4.5,41-17V24A24,24,0,0,0,488,0Z\"><\/path><\/svg>\t\t\t\t\t\t<\/span>\n\t\t\t\t\t\t\t\t\t\t<span class=\"elementor-icon-list-text\">Control de Calidad de Empaques<\/span>\n\t\t\t\t\t\t\t\t\t\t\t<\/a>\n\t\t\t\t\t\t\t\t\t<\/li>\n\t\t\t\t\t\t\t\t<li class=\"elementor-icon-list-item\">\n\t\t\t\t\t\t\t\t\t\t\t<a href=\"https:\/\/prodekinc.com\/es\/generacion-de-energia-producto\/\">\n\n\t\t\t\t\t\t\t\t\t\t\t\t<span class=\"elementor-icon-list-icon\">\n\t\t\t\t\t\t\t<svg aria-hidden=\"true\" class=\"e-font-icon-svg e-fas-external-link-alt\" viewBox=\"0 0 512 512\" xmlns=\"http:\/\/www.w3.org\/2000\/svg\"><path d=\"M432,320H400a16,16,0,0,0-16,16V448H64V128H208a16,16,0,0,0,16-16V80a16,16,0,0,0-16-16H48A48,48,0,0,0,0,112V464a48,48,0,0,0,48,48H400a48,48,0,0,0,48-48V336A16,16,0,0,0,432,320ZM488,0h-128c-21.37,0-32.05,25.91-17,41l35.73,35.73L135,320.37a24,24,0,0,0,0,34L157.67,377a24,24,0,0,0,34,0L435.28,133.32,471,169c15,15,41,4.5,41-17V24A24,24,0,0,0,488,0Z\"><\/path><\/svg>\t\t\t\t\t\t<\/span>\n\t\t\t\t\t\t\t\t\t\t<span class=\"elementor-icon-list-text\">Generaci\u00f3n de Energ\u00eda<\/span>\n\t\t\t\t\t\t\t\t\t\t\t<\/a>\n\t\t\t\t\t\t\t\t\t<\/li>\n\t\t\t\t\t\t<\/ul>\n\t\t\t\t\t\t<\/div>\n\t\t\t\t\t<\/div>\n\t\t<\/div>\n\t\t\t\t\t<\/div>\n\t\t<\/section>\n\t\t\t\t<\/div>\n\t\t","protected":false},"excerpt":{"rendered":"<p>Alimentos Industria de Alimentos Ofrecemos soluciones integrales para proyectos de producci\u00f3n y fabricaci\u00f3n de alimentos procesados, aceite vegetal, harinas, caf\u00e9, l\u00e1cteos, almidones y sus derivados. Contamos principalmente con tecnolog\u00eda de punta para la producci\u00f3n de almidones a partir de ma\u00edz y trigo, bajo proceso de molienda h\u00fameda. Nuestras soluciones van desde proyectos llave en mano [&hellip;]<\/p>\n","protected":false},"author":1,"featured_media":0,"parent":0,"menu_order":0,"comment_status":"closed","ping_status":"closed","template":"","meta":{"site-sidebar-layout":"no-sidebar","site-content-layout":"page-builder","ast-site-content-layout":"default","site-content-style":"default","site-sidebar-style":"default","ast-global-header-display":"","ast-banner-title-visibility":"","ast-main-header-display":"","ast-hfb-above-header-display":"","ast-hfb-below-header-display":"","ast-hfb-mobile-header-display":"","site-post-title":"disabled","ast-breadcrumbs-content":"","ast-featured-img":"disabled","footer-sml-layout":"","ast-disable-related-posts":"","theme-transparent-header-meta":"","adv-header-id-meta":"","stick-header-meta":"","header-above-stick-meta":"","header-main-stick-meta":"","header-below-stick-meta":"","astra-migrate-meta-layouts":"default","ast-page-background-enabled":"default","ast-page-background-meta":{"desktop":{"background-color":"var(--ast-global-color-4)","background-image":"","background-repeat":"repeat","background-position":"center center","background-size":"auto","background-attachment":"scroll","background-type":"","background-media":"","overlay-type":"","overlay-color":"","overlay-opacity":"","overlay-gradient":""},"tablet":{"background-color":"","background-image":"","background-repeat":"repeat","background-position":"center center","background-size":"auto","background-attachment":"scroll","background-type":"","background-media":"","overlay-type":"","overlay-color":"","overlay-opacity":"","overlay-gradient":""},"mobile":{"background-color":"","background-image":"","background-repeat":"repeat","background-position":"center center","background-size":"auto","background-attachment":"scroll","background-type":"","background-media":"","overlay-type":"","overlay-color":"","overlay-opacity":"","overlay-gradient":""}},"ast-content-background-meta":{"desktop":{"background-color":"var(--ast-global-color-5)","background-image":"","background-repeat":"repeat","background-position":"center center","background-size":"auto","background-attachment":"scroll","background-type":"","background-media":"","overlay-type":"","overlay-color":"","overlay-opacity":"","overlay-gradient":""},"tablet":{"background-color":"var(--ast-global-color-5)","background-image":"","background-repeat":"repeat","background-position":"center center","background-size":"auto","background-attachment":"scroll","background-type":"","background-media":"","overlay-type":"","overlay-color":"","overlay-opacity":"","overlay-gradient":""},"mobile":{"background-color":"var(--ast-global-color-5)","background-image":"","background-repeat":"repeat","background-position":"center center","background-size":"auto","background-attachment":"scroll","background-type":"","background-media":"","overlay-type":"","overlay-color":"","overlay-opacity":"","overlay-gradient":""}},"footnotes":""},"class_list":["post-1153","page","type-page","status-publish","hentry"],"yoast_head":"<!-- This site is optimized with the Yoast SEO plugin v27.2 - https:\/\/yoast.com\/product\/yoast-seo-wordpress\/ -->\n<title>Alimentos - ProdekInc<\/title>\n<meta name=\"robots\" content=\"index, follow, max-snippet:-1, max-image-preview:large, max-video-preview:-1\" \/>\n<link rel=\"canonical\" href=\"https:\/\/prodekinc.com\/es\/alimentos\/\" \/>\n<meta property=\"og:locale\" content=\"es_ES\" \/>\n<meta property=\"og:type\" content=\"article\" \/>\n<meta property=\"og:title\" content=\"Alimentos - ProdekInc\" \/>\n<meta property=\"og:description\" content=\"Alimentos Industria de Alimentos Ofrecemos soluciones integrales para proyectos de producci\u00f3n y fabricaci\u00f3n de alimentos procesados, aceite vegetal, harinas, caf\u00e9, l\u00e1cteos, almidones y sus derivados. Contamos principalmente con tecnolog\u00eda de punta para la producci\u00f3n de almidones a partir de ma\u00edz y trigo, bajo proceso de molienda h\u00fameda. Nuestras soluciones van desde proyectos llave en mano [&hellip;]\" \/>\n<meta property=\"og:url\" content=\"https:\/\/prodekinc.com\/es\/alimentos\/\" \/>\n<meta property=\"og:site_name\" content=\"ProdekInc\" \/>\n<meta property=\"article:modified_time\" content=\"2025-05-29T15:55:43+00:00\" \/>\n<meta property=\"og:image\" content=\"https:\/\/prodekinc.com\/wp-content\/uploads\/Cricket-filter-FH-2100331_029wit-scaled.png\" \/>\n<meta name=\"twitter:card\" content=\"summary_large_image\" \/>\n<meta name=\"twitter:label1\" content=\"Tiempo de lectura\" \/>\n\t<meta name=\"twitter:data1\" content=\"1 minuto\" \/>\n<script type=\"application\/ld+json\" class=\"yoast-schema-graph\">{\"@context\":\"https:\/\/schema.org\",\"@graph\":[{\"@type\":\"WebPage\",\"@id\":\"https:\/\/prodekinc.com\/es\/alimentos\/\",\"url\":\"https:\/\/prodekinc.com\/es\/alimentos\/\",\"name\":\"Alimentos - ProdekInc\",\"isPartOf\":{\"@id\":\"https:\/\/prodekinc.com\/es\/#website\"},\"primaryImageOfPage\":{\"@id\":\"https:\/\/prodekinc.com\/es\/alimentos\/#primaryimage\"},\"image\":{\"@id\":\"https:\/\/prodekinc.com\/es\/alimentos\/#primaryimage\"},\"thumbnailUrl\":\"https:\/\/prodekinc.com\/wp-content\/uploads\/Cricket-filter-FH-2100331_029wit-scaled.png\",\"datePublished\":\"2022-01-30T19:46:22+00:00\",\"dateModified\":\"2025-05-29T15:55:43+00:00\",\"breadcrumb\":{\"@id\":\"https:\/\/prodekinc.com\/es\/alimentos\/#breadcrumb\"},\"inLanguage\":\"es\",\"potentialAction\":[{\"@type\":\"ReadAction\",\"target\":[\"https:\/\/prodekinc.com\/es\/alimentos\/\"]}]},{\"@type\":\"ImageObject\",\"inLanguage\":\"es\",\"@id\":\"https:\/\/prodekinc.com\/es\/alimentos\/#primaryimage\",\"url\":\"https:\/\/prodekinc.com\/wp-content\/uploads\/Cricket-filter-FH-2100331_029wit-scaled.png\",\"contentUrl\":\"https:\/\/prodekinc.com\/wp-content\/uploads\/Cricket-filter-FH-2100331_029wit-scaled.png\"},{\"@type\":\"BreadcrumbList\",\"@id\":\"https:\/\/prodekinc.com\/es\/alimentos\/#breadcrumb\",\"itemListElement\":[{\"@type\":\"ListItem\",\"position\":1,\"name\":\"Portada\",\"item\":\"https:\/\/prodekinc.com\/es\/\"},{\"@type\":\"ListItem\",\"position\":2,\"name\":\"Alimentos\"}]},{\"@type\":\"WebSite\",\"@id\":\"https:\/\/prodekinc.com\/es\/#website\",\"url\":\"https:\/\/prodekinc.com\/es\/\",\"name\":\"ProdekInc\",\"description\":\"\",\"publisher\":{\"@id\":\"https:\/\/prodekinc.com\/es\/#organization\"},\"potentialAction\":[{\"@type\":\"SearchAction\",\"target\":{\"@type\":\"EntryPoint\",\"urlTemplate\":\"https:\/\/prodekinc.com\/es\/?s={search_term_string}\"},\"query-input\":{\"@type\":\"PropertyValueSpecification\",\"valueRequired\":true,\"valueName\":\"search_term_string\"}}],\"inLanguage\":\"es\"},{\"@type\":\"Organization\",\"@id\":\"https:\/\/prodekinc.com\/es\/#organization\",\"name\":\"ProdekInc\",\"url\":\"https:\/\/prodekinc.com\/es\/\",\"logo\":{\"@type\":\"ImageObject\",\"inLanguage\":\"es\",\"@id\":\"https:\/\/prodekinc.com\/es\/#\/schema\/logo\/image\/\",\"url\":\"https:\/\/prodekinc.com\/wp-content\/uploads\/logo-footer.svg\",\"contentUrl\":\"https:\/\/prodekinc.com\/wp-content\/uploads\/logo-footer.svg\",\"width\":235.5,\"height\":155.2,\"caption\":\"ProdekInc\"},\"image\":{\"@id\":\"https:\/\/prodekinc.com\/es\/#\/schema\/logo\/image\/\"}}]}<\/script>\n<!-- \/ Yoast SEO plugin. -->","yoast_head_json":{"title":"Alimentos - ProdekInc","robots":{"index":"index","follow":"follow","max-snippet":"max-snippet:-1","max-image-preview":"max-image-preview:large","max-video-preview":"max-video-preview:-1"},"canonical":"https:\/\/prodekinc.com\/es\/alimentos\/","og_locale":"es_ES","og_type":"article","og_title":"Alimentos - ProdekInc","og_description":"Alimentos Industria de Alimentos Ofrecemos soluciones integrales para proyectos de producci\u00f3n y fabricaci\u00f3n de alimentos procesados, aceite vegetal, harinas, caf\u00e9, l\u00e1cteos, almidones y sus derivados. Contamos principalmente con tecnolog\u00eda de punta para la producci\u00f3n de almidones a partir de ma\u00edz y trigo, bajo proceso de molienda h\u00fameda. Nuestras soluciones van desde proyectos llave en mano [&hellip;]","og_url":"https:\/\/prodekinc.com\/es\/alimentos\/","og_site_name":"ProdekInc","article_modified_time":"2025-05-29T15:55:43+00:00","og_image":[{"url":"https:\/\/prodekinc.com\/wp-content\/uploads\/Cricket-filter-FH-2100331_029wit-scaled.png","type":"","width":"","height":""}],"twitter_card":"summary_large_image","twitter_misc":{"Tiempo de lectura":"1 minuto"},"schema":{"@context":"https:\/\/schema.org","@graph":[{"@type":"WebPage","@id":"https:\/\/prodekinc.com\/es\/alimentos\/","url":"https:\/\/prodekinc.com\/es\/alimentos\/","name":"Alimentos - ProdekInc","isPartOf":{"@id":"https:\/\/prodekinc.com\/es\/#website"},"primaryImageOfPage":{"@id":"https:\/\/prodekinc.com\/es\/alimentos\/#primaryimage"},"image":{"@id":"https:\/\/prodekinc.com\/es\/alimentos\/#primaryimage"},"thumbnailUrl":"https:\/\/prodekinc.com\/wp-content\/uploads\/Cricket-filter-FH-2100331_029wit-scaled.png","datePublished":"2022-01-30T19:46:22+00:00","dateModified":"2025-05-29T15:55:43+00:00","breadcrumb":{"@id":"https:\/\/prodekinc.com\/es\/alimentos\/#breadcrumb"},"inLanguage":"es","potentialAction":[{"@type":"ReadAction","target":["https:\/\/prodekinc.com\/es\/alimentos\/"]}]},{"@type":"ImageObject","inLanguage":"es","@id":"https:\/\/prodekinc.com\/es\/alimentos\/#primaryimage","url":"https:\/\/prodekinc.com\/wp-content\/uploads\/Cricket-filter-FH-2100331_029wit-scaled.png","contentUrl":"https:\/\/prodekinc.com\/wp-content\/uploads\/Cricket-filter-FH-2100331_029wit-scaled.png"},{"@type":"BreadcrumbList","@id":"https:\/\/prodekinc.com\/es\/alimentos\/#breadcrumb","itemListElement":[{"@type":"ListItem","position":1,"name":"Portada","item":"https:\/\/prodekinc.com\/es\/"},{"@type":"ListItem","position":2,"name":"Alimentos"}]},{"@type":"WebSite","@id":"https:\/\/prodekinc.com\/es\/#website","url":"https:\/\/prodekinc.com\/es\/","name":"ProdekInc","description":"","publisher":{"@id":"https:\/\/prodekinc.com\/es\/#organization"},"potentialAction":[{"@type":"SearchAction","target":{"@type":"EntryPoint","urlTemplate":"https:\/\/prodekinc.com\/es\/?s={search_term_string}"},"query-input":{"@type":"PropertyValueSpecification","valueRequired":true,"valueName":"search_term_string"}}],"inLanguage":"es"},{"@type":"Organization","@id":"https:\/\/prodekinc.com\/es\/#organization","name":"ProdekInc","url":"https:\/\/prodekinc.com\/es\/","logo":{"@type":"ImageObject","inLanguage":"es","@id":"https:\/\/prodekinc.com\/es\/#\/schema\/logo\/image\/","url":"https:\/\/prodekinc.com\/wp-content\/uploads\/logo-footer.svg","contentUrl":"https:\/\/prodekinc.com\/wp-content\/uploads\/logo-footer.svg","width":235.5,"height":155.2,"caption":"ProdekInc"},"image":{"@id":"https:\/\/prodekinc.com\/es\/#\/schema\/logo\/image\/"}}]}},"_links":{"self":[{"href":"https:\/\/prodekinc.com\/es\/wp-json\/wp\/v2\/pages\/1153","targetHints":{"allow":["GET"]}}],"collection":[{"href":"https:\/\/prodekinc.com\/es\/wp-json\/wp\/v2\/pages"}],"about":[{"href":"https:\/\/prodekinc.com\/es\/wp-json\/wp\/v2\/types\/page"}],"author":[{"embeddable":true,"href":"https:\/\/prodekinc.com\/es\/wp-json\/wp\/v2\/users\/1"}],"replies":[{"embeddable":true,"href":"https:\/\/prodekinc.com\/es\/wp-json\/wp\/v2\/comments?post=1153"}],"version-history":[{"count":3,"href":"https:\/\/prodekinc.com\/es\/wp-json\/wp\/v2\/pages\/1153\/revisions"}],"predecessor-version":[{"id":7967,"href":"https:\/\/prodekinc.com\/es\/wp-json\/wp\/v2\/pages\/1153\/revisions\/7967"}],"wp:attachment":[{"href":"https:\/\/prodekinc.com\/es\/wp-json\/wp\/v2\/media?parent=1153"}],"curies":[{"name":"wp","href":"https:\/\/api.w.org\/{rel}","templated":true}]}}